{"id":975,"date":"2022-03-12T17:24:15","date_gmt":"2022-03-12T17:24:15","guid":{"rendered":"https:\/\/divespot.es\/?post_type=product&#038;p=975"},"modified":"2024-07-18T14:55:33","modified_gmt":"2024-07-18T14:55:33","slug":"dpv-diver-propulsion-vehicle","status":"publish","type":"product","link":"https:\/\/divespot.es\/pl\/produkt\/dpv-diver-propulsion-vehicle\/","title":{"rendered":"DPV - pojazd nap\u0119dowy dla nurk\u00f3w"},"content":{"rendered":"<h4>Jak wygl\u0105da nurkowanie z DPV?<\/h4>\n<p>Pojazdy z nap\u0119dem nurkowym (DPV) to ekscytuj\u0105cy spos\u00f3b na odkrywanie podwodnego \u015bwiata. Dzi\u0119ki DPV mo\u017cesz porusza\u0107 si\u0119 po wodzie bez wysi\u0142ku, pokrywaj\u0105c wi\u0119cej terenu i do\u015bwiadczaj\u0105c wi\u0119cej \u017cycia morskiego ni\u017c kiedykolwiek wcze\u015bniej. Wyobra\u017a sobie szybowanie nad rafami koralowymi, odkrywanie wrak\u00f3w statk\u00f3w lub zbli\u017canie si\u0119 do wi\u0119kszych stworze\u0144 morskich - wszystko to z moc\u0105 DPV na wyci\u0105gni\u0119cie r\u0119ki.<\/p>\n<h4>Powinienem zrobi\u0107 kurs wprowadzaj\u0105cy czy pe\u0142ny?<\/h4>\n<p>Nurkowanie wprowadzaj\u0105ce DPV to ekscytuj\u0105cy spos\u00f3b na do\u015bwiadczenie emocji zwi\u0105zanych z nurkowaniem z pojazdem Diver Propulsion Vehicle bez konieczno\u015bci anga\u017cowania si\u0119 w pe\u0142ny kurs specjalistyczny DPV.<\/p>\n<p>Przed nurkowaniem certyfikowany specjalista przeprowadzi kr\u00f3tkie wprowadzenie do DPV i jego podstawowej obs\u0142ugi. Dowiesz si\u0119, jak go w\u0142\u0105cza\u0107 i wy\u0142\u0105cza\u0107, jak kontrolowa\u0107 pr\u0119dko\u015b\u0107 i jak manewrowa\u0107 urz\u0105dzeniem pod wod\u0105. Specjalista ds. nurkowania om\u00f3wi r\u00f3wnie\u017c procedury bezpiecze\u0144stwa i sygna\u0142y komunikacyjne, zapewniaj\u0105c, \u017ce poczujesz si\u0119 komfortowo i pewnie przed wej\u015bciem do wody.<\/p>\n<p>Pod koniec nurkowania powr\u00f3cisz na powierzchni\u0119 z nowym uznaniem dla wyj\u0105tkowego do\u015bwiadczenia, jakie mo\u017ce zaoferowa\u0107 DPV. Nurkowanie wprowadzaj\u0105ce DPV to \u015bwietny spos\u00f3b na przetestowanie w\u00f3d i sprawdzenie, czy pe\u0142ny kurs specjalistyczny DPV jest w\u0142a\u015bnie dla Ciebie.<\/p>\n<h4>Jak wygl\u0105da kurs DPV?<\/h4>\n<p>W trakcie kursu dowiesz si\u0119, jak bezpiecznie i wydajnie manewrowa\u0107 DPV, jak wykonywa\u0107 podstawow\u0105 konserwacj\u0119 i rozwi\u0105zywa\u0107 problemy oraz jak planowa\u0107 i wykonywa\u0107 nurkowania przy u\u017cyciu DPV. Wykonasz nast\u0119puj\u0105ce czynno\u015bci <strong>dwa nurkowania<\/strong> korzystanie z DPV. Pod koniec kursu zdob\u0119dziesz umiej\u0119tno\u015bci i wiedz\u0119, aby bezpiecznie i pewnie korzysta\u0107 z DPV podczas nurkowania.<\/p>\n<h4>Kto mo\u017ce zapisa\u0107 si\u0119 na kurs DPV?<\/h4>\n<p>Aby zapisa\u0107 si\u0119 na specjalistyczny kurs DPV, musisz posiada\u0107 certyfikat <strong>Open Water Diver<\/strong> lub r\u00f3wnowa\u017cny.<\/p>\n<h4>Organizacje nurkowe SSI.<\/h4>\n<p>W naszym centrum nurkowym Dive Spot na Teneryfie oferujemy szkolenia najwi\u0119kszej organizacji nurkowej na \u015bwiecie SSI - Scuba Schools International. Certyfikaty wydane przez t\u0119 organizacj\u0119 s\u0105 akceptowane na ca\u0142ym \u015bwiecie.<br \/>\n<img decoding=\"async\" loading=\"lazy\" class=\"alignnone size-medium wp-image-1478\" src=\"https:\/\/divespot.es\/wp-content\/uploads\/2022\/03\/ssi-300x71.png\" alt=\"logo ssi\" width=\"300\" height=\"71\" srcset=\"https:\/\/divespot.es\/wp-content\/uploads\/2022\/03\/ssi-300x71.png 300w, https:\/\/divespot.es\/wp-content\/uploads\/2022\/03\/ssi-1024x244.png 1024w, https:\/\/divespot.es\/wp-content\/uploads\/2022\/03\/ssi-768x183.png 768w, https:\/\/divespot.es\/wp-content\/uploads\/2022\/03\/ssi-1536x365.png 1536w, https:\/\/divespot.es\/wp-content\/uploads\/2022\/03\/ssi-2048x487.png 2048w, https:\/\/divespot.es\/wp-content\/uploads\/2022\/03\/ssi-600x143.png 600w\" sizes=\"(max-width: 300px) 100vw, 300px\" \/><\/p>\n<h4>E-learning - szkolenia online<\/h4>\n<p>Nie tra\u0107 czasu! W naszym centrum nurkowym mo\u017cesz uko\u0144czy\u0107 szkolenie nurkowe online dla wszystkich poziom\u00f3w. Mo\u017cesz to zrobi\u0107 w dowolnym dogodnym czasie, nawet wieczorem, we w\u0142asnym domu. Po dokonaniu rezerwacji otrzymasz od nas dost\u0119p do e-learningu. B\u0119dziesz musia\u0142 wykona\u0107 podwodne umiej\u0119tno\u015bci i nurkowanie tylko wtedy, gdy do nas przyjedziesz.<\/p>\n<h4>Wci\u0105\u017c masz w\u0105tpliwo\u015bci? Dlaczego warto zarezerwowa\u0107 kurs nurkowania z Dive Spot?<\/h4>\n<ul>\n<li>W ka\u017cdym programie lekcji nurkowania na Teneryfie, kt\u00f3ry wybierzesz, otrzymasz spersonalizowan\u0105 uwag\u0119 od naszego profesjonalnego zespo\u0142u.<\/li>\n<li>Mo\u017cesz by\u0107 pewien, \u017ce z nami otrzymasz <a href=\"https:\/\/divespot.es\/en\/best-price-policy\/\">Najlepsze ceny nurkowania na Teneryfie<\/a>.<\/li>\n<li>Aby zaoszcz\u0119dzi\u0107 czas, zaj\u0119cia teoretyczne prowadzone s\u0105 w formie e-learningu.<\/li>\n<li>Do wyboru s\u0105 dwie najwi\u0119ksze federacje nurkowe na \u015bwiecie.<\/li>\n<li>Zanurzysz si\u0119 w <a href=\"https:\/\/divespot.es\/en\/article-2\/\">Ray Bay<\/a>jedno z najbardziej spektakularnych miejsc nurkowych na Teneryfie.<\/li>\n<li>Staniesz si\u0119 cz\u0119\u015bci\u0105 ogromnej spo\u0142eczno\u015bci nurk\u00f3w, kt\u00f3ra zaoferuje ci wielu przyjaci\u00f3\u0142 na ca\u0142ym \u015bwiecie.<\/li>\n<li>Zabierzemy Ci\u0119 w podwodn\u0105 przygod\u0119 pe\u0142n\u0105 adrenaliny i zabawy.<\/li>\n<\/ul>\n<h4>Jak dokona\u0107 rezerwacji?<\/h4>\n<p>Zanim zaczniesz, zapoznaj si\u0119 z nasz\u0105 <a href=\"https:\/\/divespot.es\/pl\/terms-and-conditions\/\" target=\"_blank\" rel=\"noopener\">Regulamin<\/a>, <a href=\"https:\/\/divespot.es\/pl\/privacy-policy\/\" target=\"_blank\" rel=\"noopener\">Polityka Prywatno\u015bci<\/a> oraz <a href=\"https:\/\/divespot.es\/pl\/cancelling-and-refunding-policy\/\" target=\"_blank\" rel=\"noopener\">Zasady anulowania i zwrotu koszt\u00f3w<\/a>. Aby dokona\u0107 rezerwacji, nale\u017cy posiada\u0107 kart\u0119 bankow\u0105 i wp\u0142aci\u0107 niewielki depozyt. Je\u015bli nie masz karty lub masz problemy z p\u0142atno\u015bci\u0105 online, prosimy o <a href=\"https:\/\/divespot.es\/pl\/contact\/\">skontaktuj si\u0119 z nami<\/a>a my ustalimy inn\u0105 metod\u0119 p\u0142atno\u015bci. Pami\u0119taj, \u017ce ceny promocyjne obowi\u0105zuj\u0105 tylko w przypadku rezerwacji online dokonanych co najmniej jeden dzie\u0144 przed nurkowaniem.<\/p>\n<p>Najcz\u0119stsze pytania i odpowiedzi mo\u017cna znale\u017a\u0107 na stronie <a href=\"https:\/\/divespot.es\/pl\/questions-answers\/\">nasza strona z pytaniami i odpowiedziami<\/a>lub poprosi\u0107 o wi\u0119cej informacji pod adresem <a href=\"https:\/\/divespot.es\/pl\/contact\/\">nasza strona kontaktowa<\/a>.<\/p>\n<h6>Przeczytaj poni\u017csze wskaz\u00f3wki i wyja\u015bnienia:<\/h6>\n<p>Okno rezerwacji znajduje si\u0119 w prawym g\u00f3rnym rogu tej strony.<\/p>\n<p>Wprowad\u017a liczb\u0119 uczestnik\u00f3w w <strong>Kurs DPV<\/strong> z licencj\u0105.<\/p>\n<p><img decoding=\"async\" loading=\"lazy\" class=\"alignnone wp-image-1801\" src=\"https:\/\/divespot.es\/wp-content\/uploads\/2022\/03\/dpv-license.jpg\" alt=\"DPV course\" width=\"605\" height=\"50\" srcset=\"https:\/\/divespot.es\/wp-content\/uploads\/2022\/03\/dpv-license.jpg 774w, https:\/\/divespot.es\/wp-content\/uploads\/2022\/03\/dpv-license-300x25.jpg 300w, https:\/\/divespot.es\/wp-content\/uploads\/2022\/03\/dpv-license-768x64.jpg 768w, https:\/\/divespot.es\/wp-content\/uploads\/2022\/03\/dpv-license-600x50.jpg 600w\" sizes=\"(max-width: 605px) 100vw, 605px\" \/><\/p>\n<p>Lub wybra\u0107 opcj\u0119 <strong>spr\u00f3buj nurkowania z DPV<\/strong> bez licencji.<\/p>\n<p><img decoding=\"async\" loading=\"lazy\" class=\"alignnone wp-image-1800\" src=\"https:\/\/divespot.es\/wp-content\/uploads\/2022\/03\/dpv-intro.jpg\" alt=\"Try DPV\" width=\"605\" height=\"50\" srcset=\"https:\/\/divespot.es\/wp-content\/uploads\/2022\/03\/dpv-intro.jpg 774w, https:\/\/divespot.es\/wp-content\/uploads\/2022\/03\/dpv-intro-300x25.jpg 300w, https:\/\/divespot.es\/wp-content\/uploads\/2022\/03\/dpv-intro-768x64.jpg 768w, https:\/\/divespot.es\/wp-content\/uploads\/2022\/03\/dpv-intro-600x50.jpg 600w\" sizes=\"(max-width: 605px) 100vw, 605px\" \/><\/p>\n<p><b>Dodatkowe opcje<\/b>. Zaznacz dodatkowe opcje, kt\u00f3re chcesz doda\u0107 do zam\u00f3wienia.<\/p>\n<p><strong>Podwodny \u015bwiat noc\u0105<\/strong> jest zupe\u0142nie inna. Zach\u0119camy do zarezerwowania nurkowania nocnego jako dodatkowego nurkowania w dowolnym dniu pakietu.<\/p>\n<p><img decoding=\"async\" loading=\"lazy\" class=\"alignnone wp-image-1521\" src=\"https:\/\/divespot.es\/wp-content\/uploads\/2022\/03\/ad-night-dive.jpg\" alt=\"Night dive\" width=\"605\" height=\"51\" srcset=\"https:\/\/divespot.es\/wp-content\/uploads\/2022\/03\/ad-night-dive.jpg 774w, https:\/\/divespot.es\/wp-content\/uploads\/2022\/03\/ad-night-dive-300x25.jpg 300w, https:\/\/divespot.es\/wp-content\/uploads\/2022\/03\/ad-night-dive-768x64.jpg 768w, https:\/\/divespot.es\/wp-content\/uploads\/2022\/03\/ad-night-dive-600x50.jpg 600w\" sizes=\"(max-width: 605px) 100vw, 605px\" \/><\/p>\n<p><b>Zdj\u0119cia i filmy<\/b> pierwszego nurkowania. Je\u015bli chcesz, aby instruktor wykona\u0142 dla Ciebie podwodn\u0105 sesj\u0119 zdj\u0119ciow\u0105, wybierz opcj\u0119 \"Tak, prosz\u0119\".<br \/>\n<img decoding=\"async\" loading=\"lazy\" class=\"alignnone wp-image-1059\" src=\"https:\/\/divespot.es\/wp-content\/uploads\/2022\/02\/foto.png\" alt=\"foto video\" width=\"408\" height=\"64\" srcset=\"https:\/\/divespot.es\/wp-content\/uploads\/2022\/02\/foto.png 675w, https:\/\/divespot.es\/wp-content\/uploads\/2022\/02\/foto-300x47.png 300w, https:\/\/divespot.es\/wp-content\/uploads\/2022\/02\/foto-600x94.png 600w\" sizes=\"(max-width: 408px) 100vw, 408px\" \/><\/p>\n<p><b>Transfer<\/b>. Je\u015bli potrzebujesz transportu z hotelu i z powrotem, mo\u017cesz go zam\u00f3wi\u0107 za dodatkow\u0105 op\u0142at\u0105 w dw\u00f3ch r\u00f3\u017cnych obszarach turystycznych. Je\u015bli Twoje miejsce pobytu nie jest uwzgl\u0119dnione na mapie, skontaktuj si\u0119 z nami. Mo\u017cemy zorganizowa\u0107 dla Ciebie indywidualny transport. <a href=\"https:\/\/divespot.es\/wp-content\/uploads\/2022\/04\/tenerife-map.jpg\" target=\"_blank\" rel=\"noopener\">Map\u0119 stref transportowych mo\u017cna sprawdzi\u0107 tutaj.<\/a><br \/>\n<img decoding=\"async\" loading=\"lazy\" class=\"alignnone wp-image-1060\" src=\"https:\/\/divespot.es\/wp-content\/uploads\/2022\/02\/Transfer.png\" alt=\"Transfer info\" width=\"406\" height=\"113\" srcset=\"https:\/\/divespot.es\/wp-content\/uploads\/2022\/02\/Transfer.png 675w, https:\/\/divespot.es\/wp-content\/uploads\/2022\/02\/Transfer-300x84.png 300w, https:\/\/divespot.es\/wp-content\/uploads\/2022\/02\/Transfer-600x167.png 600w\" sizes=\"(max-width: 406px) 100vw, 406px\" \/><\/p>\n<p><b>Data<\/b>. Wybierz dat\u0119 nurkowania. Zastrzegamy sobie prawo do zmiany terminu w celu lepszej organizacji naszej pracy w centrum nurkowym. Nasz asystent potwierdzi rezerwacj\u0119, podaj\u0105c szczeg\u00f3\u0142owe informacje.<br \/>\n<img decoding=\"async\" loading=\"lazy\" class=\"alignnone wp-image-1488\" src=\"https:\/\/divespot.es\/wp-content\/uploads\/2022\/03\/data-2-257x300.jpg\" alt=\"Data \" width=\"230\" height=\"268\" srcset=\"https:\/\/divespot.es\/wp-content\/uploads\/2022\/03\/data-2-257x300.jpg 257w, https:\/\/divespot.es\/wp-content\/uploads\/2022\/03\/data-2-300x351.jpg 300w, https:\/\/divespot.es\/wp-content\/uploads\/2022\/03\/data-2.jpg 558w\" sizes=\"(max-width: 230px) 100vw, 230px\" \/><\/p>\n<h4>Kasa i koszyk<\/h4>\n<p>Je\u015bli zam\u00f3wienie jest gotowe, naci\u015bnij przycisk \"Zarezerwuj teraz\". Zostaniesz przeniesiony do <a href=\"https:\/\/divespot.es\/pl\/checkout\/\">Strona kasy<\/a>.<br \/>\nJe\u015bli chcesz wprowadzi\u0107 zmiany w rezerwacji, znajdziesz nast\u0119puj\u0105ce opcje <a href=\"https:\/\/divespot.es\/pl\/cart\/\">Kosz<\/a> ikona znajduj\u0105ca si\u0119 w g\u00f3rnej cz\u0119\u015bci strony, kt\u00f3ra przeniesie Ci\u0119 do strony <a href=\"https:\/\/divespot.es\/pl\/cart\/\">W\u00f3zek<\/a>. Je\u015bli masz kupon rabatowy dla sta\u0142ych klient\u00f3w, mo\u017cesz zastosowa\u0107 go w koszyku i przej\u015b\u0107 do kasy.<br \/>\n<b>Strona kasy - szczeg\u00f3\u0142y rozliczenia<\/b>. Na tej stronie wype\u0142nisz swoje dane osobowe: imi\u0119, nazwisko, numer telefonu (nie zapomnij o prefiksie, kt\u00f3ry jest numerem kierunkowym kraju), adres e-mail (do potwierdzenia rezerwacji), j\u0119zyk, kt\u00f3rym pos\u0142ugujesz si\u0119 najlepiej, oraz dodatkowe j\u0119zyki, w kt\u00f3rych mo\u017cesz si\u0119 porozumiewa\u0107 (wybierz z listy. Je\u015bli znasz wi\u0119cej, napisz je w komentarzach).<\/p>\n<p><b>Punkt odbioru<\/b>. Je\u015bli zam\u00f3wi\u0142e\u015b p\u0142atn\u0105 us\u0142ug\u0119 transferu z hotelu, wprowad\u017a dok\u0142adn\u0105 pe\u0142n\u0105 nazw\u0119 hotelu, w tym miasto. Je\u015bli mieszkasz w apartamencie, wprowad\u017a dok\u0142adny adres: ulic\u0119 i numer, miasto, kod pocztowy, nazw\u0119 budynku i lokalizacj\u0119 Google, je\u015bli to mo\u017cliwe.<\/p>\n<p><b>Dodatkowe informacje<\/b>. Wprowad\u017a w tej sekcji wszelkie istotne informacje, o kt\u00f3rych chcesz nas poinformowa\u0107.<\/p>\n<h4>P\u0142atno\u015b\u0107.<\/h4>\n<p>Wprowad\u017a dane swojej karty bankowej i dokonaj wp\u0142aty. Otrzymasz automatyczne potwierdzenie na sw\u00f3j adres e-mail dotycz\u0105ce p\u0142atno\u015bci i statusu oczekuj\u0105cego procesu.<br \/>\nNast\u0119pnie nasz asystent potwierdzi rezerwacj\u0119 i poinformuje o szczeg\u00f3\u0142ach. Uwaga <b>w zam\u00f3wieniu mog\u0105 wyst\u0105pi\u0107 niewielkie zmiany<\/b>, takie jak godzina rozpocz\u0119cia lub godzina odbioru z hotelu. Zaj\u0119cia sportowe mog\u0105 ulec zmianie w ostatniej chwili, dlatego nale\u017cy upewni\u0107 si\u0119, \u017ce <b>Miej telefon zawsze pod r\u0119k\u0105<\/b> na wypadek, gdyby\u015bmy musieli si\u0119 z Tob\u0105 skontaktowa\u0107. W przypadku jakichkolwiek problem\u00f3w z rezerwacj\u0105 lub p\u0142atno\u015bci\u0105 prosimy o <a href=\"https:\/\/divespot.es\/pl\/contact\/\">skontaktuj si\u0119 z nami<\/a>.<\/p>\n<p>&nbsp;<\/p>","protected":false},"excerpt":{"rendered":"<p>Przeczytaj poni\u017cszy opis przed dokonaniem rezerwacji!<\/p>\n<p>Te ceny s\u0105 dost\u0119pne tylko przy rezerwacji online!<\/p>\n<p><a href=\"https:\/\/divespot.es\/wp-content\/uploads\/2022\/04\/tenerife-map.jpg\">MAPA STREF TRANSPORTOWYCH<\/a><\/p>","protected":false},"featured_media":2662,"template":"","meta":[],"product_cat":[28],"product_tag":[44,52,41,33],"aioseo_notices":[],"_links":{"self":[{"href":"https:\/\/divespot.es\/pl\/wp-json\/wp\/v2\/product\/975"}],"collection":[{"href":"https:\/\/divespot.es\/pl\/wp-json\/wp\/v2\/product"}],"about":[{"href":"https:\/\/divespot.es\/pl\/wp-json\/wp\/v2\/types\/product"}],"wp:featuredmedia":[{"embeddable":true,"href":"https:\/\/divespot.es\/pl\/wp-json\/wp\/v2\/media\/2662"}],"wp:attachment":[{"href":"https:\/\/divespot.es\/pl\/wp-json\/wp\/v2\/media?parent=975"}],"wp:term":[{"taxonomy":"product_cat","embeddable":true,"href":"https:\/\/divespot.es\/pl\/wp-json\/wp\/v2\/product_cat?post=975"},{"taxonomy":"product_tag","embeddable":true,"href":"https:\/\/divespot.es\/pl\/wp-json\/wp\/v2\/product_tag?post=975"}],"curies":[{"name":"wp","href":"https:\/\/api.w.org\/{rel}","templated":true}]}}