{"id":966,"date":"2022-03-12T16:51:01","date_gmt":"2022-03-12T16:51:01","guid":{"rendered":"https:\/\/divespot.es\/?post_type=product&#038;p=966"},"modified":"2024-08-12T14:56:58","modified_gmt":"2024-08-12T14:56:58","slug":"deep-diving-specialty","status":"publish","type":"product","link":"https:\/\/divespot.es\/pl\/produkt\/deep-diving-specialty\/","title":{"rendered":"Specjalno\u015b\u0107 nurkowanie g\u0142\u0119bokie"},"content":{"rendered":"<h4>Czym jest specjalistyczny kurs nurkowania g\u0142\u0119bokiego?<\/h4>\n<p>Oferujemy ekscytuj\u0105c\u0105 podwodn\u0105 przygod\u0119, kt\u00f3ra zabierze Ci\u0119 na g\u0142\u0119biny, kt\u00f3rych nigdy wcze\u015bniej nie eksplorowa\u0142e\u015b. Ten kurs nauczy Ci\u0119, jak bezpiecznie zaplanowa\u0107 i wykona\u0107 <strong>g\u0142\u0119bokie nurkowania do 40 metr\u00f3w<\/strong>zapewniaj\u0105c wiedz\u0119 i umiej\u0119tno\u015bci potrzebne do odkrywania g\u0142\u0119bszych miejsc nurkowych z pewno\u015bci\u0105 siebie. Kurs jest licencjonowany przez jedn\u0105 z najbardziej szanowanych organizacji certyfikuj\u0105cych w bran\u017cy nurkowej - SSI, zapewniaj\u0105c, \u017ce otrzymasz instrukcje i certyfikaty najwy\u017cszej jako\u015bci.<\/p>\n<p>W trakcie<strong> dwa dni<\/strong>Dowiesz si\u0119 o fizjologicznych i psychologicznych skutkach nurkowania g\u0142\u0119bokiego, jak planowa\u0107 i wykonywa\u0107 bezpieczne i przyjemne nurkowania g\u0142\u0119bokie oraz jak korzysta\u0107 ze specjalistycznego sprz\u0119tu do nurkowania g\u0142\u0119bokiego. Dowiesz si\u0119 tak\u017ce, jak zarz\u0105dza\u0107 dop\u0142ywem gazu i bezpiecznie wynurza\u0107 si\u0119 na powierzchni\u0119 oraz jak radzi\u0107 sobie z potencjalnymi problemami, kt\u00f3re mog\u0105 pojawi\u0107 si\u0119 podczas nurkowania g\u0142\u0119bokiego. Nasi do\u015bwiadczeni i kompetentni instruktorzy poprowadz\u0105 ci\u0119 przez kurs, zapewniaj\u0105c praktyczne szkolenie i umiej\u0119tno\u015bci, kt\u00f3re mo\u017cesz zastosowa\u0107 w rzeczywistych sytuacjach nurkowych.<\/p>\n<p>Po uko\u0144czeniu kursu Deep Diving Specialty Course otrzymasz certyfikat uznawany na ca\u0142ym \u015bwiecie przez bran\u017c\u0119 nurkow\u0105. Certyfikat ten pozwoli ci bezpiecznie i pewnie odkrywa\u0107 g\u0142\u0119bokie miejsca nurkowe na ca\u0142ym \u015bwiecie, przenosz\u0105c twoje przygody nurkowe na nowe g\u0142\u0119boko\u015bci.<\/p>\n<h4>Kto mo\u017ce zapisa\u0107 si\u0119 na specjalistyczny kurs nurkowania g\u0142\u0119bokiego?<\/h4>\n<p>Kurs Deep Diving Specialty Course jest przeznaczony dla certyfikowanych nurk\u00f3w Open Water, kt\u00f3rzy chc\u0105 odkrywa\u0107 fascynuj\u0105cy \u015bwiat g\u0142\u0119bszych miejsc nurkowych.<\/p>\n<p>Aby zapisa\u0107 si\u0119 na kurs Deep Diving Specialty, nale\u017cy <strong>musi posiada\u0107 certyfikat Open Water Diver lub jego odpowiednik<\/strong>z innej organizacji nurkowej.<\/p>\n<h4>Organizacje nurkowe SSI.<\/h4>\n<p>W naszym centrum nurkowym Dive Spot na Teneryfie oferujemy szkolenia najwi\u0119kszej organizacji nurkowej na \u015bwiecie SSI - Scuba Schools International. Certyfikaty wydane przez t\u0119 organizacj\u0119 s\u0105 akceptowane na ca\u0142ym \u015bwiecie.<br \/>\n<img decoding=\"async\" loading=\"lazy\" class=\"alignnone size-medium wp-image-1478\" src=\"https:\/\/divespot.es\/wp-content\/uploads\/2022\/03\/ssi-300x71.png\" alt=\"logo ssi\" width=\"300\" height=\"71\" srcset=\"https:\/\/divespot.es\/wp-content\/uploads\/2022\/03\/ssi-300x71.png 300w, https:\/\/divespot.es\/wp-content\/uploads\/2022\/03\/ssi-1024x244.png 1024w, https:\/\/divespot.es\/wp-content\/uploads\/2022\/03\/ssi-768x183.png 768w, https:\/\/divespot.es\/wp-content\/uploads\/2022\/03\/ssi-1536x365.png 1536w, https:\/\/divespot.es\/wp-content\/uploads\/2022\/03\/ssi-2048x487.png 2048w, https:\/\/divespot.es\/wp-content\/uploads\/2022\/03\/ssi-600x143.png 600w\" sizes=\"(max-width: 300px) 100vw, 300px\" \/><\/p>\n<h4>E-learning - szkolenia online<\/h4>\n<p>Nie tra\u0107 czasu! W naszym centrum nurkowym mo\u017cesz uko\u0144czy\u0107 szkolenie nurkowe online dla wszystkich poziom\u00f3w. Mo\u017cesz to zrobi\u0107 w dowolnym dogodnym czasie, nawet wieczorem, we w\u0142asnym domu. Po dokonaniu rezerwacji otrzymasz od nas dost\u0119p do e-learningu. B\u0119dziesz musia\u0142 wykona\u0107 podwodne umiej\u0119tno\u015bci i nurkowanie tylko wtedy, gdy do nas przyjedziesz.<\/p>\n<h4>Wci\u0105\u017c masz w\u0105tpliwo\u015bci? Dlaczego warto zarezerwowa\u0107 kurs nurkowania z Dive Spot?<\/h4>\n<ul>\n<li>W ka\u017cdym programie lekcji nurkowania na Teneryfie, kt\u00f3ry wybierzesz, otrzymasz spersonalizowan\u0105 uwag\u0119 od naszego profesjonalnego zespo\u0142u.<\/li>\n<li>Aby zaoszcz\u0119dzi\u0107 czas, zaj\u0119cia teoretyczne prowadzone s\u0105 w formie e-learningu.<\/li>\n<li>Do wyboru s\u0105 dwie najwi\u0119ksze federacje nurkowe na \u015bwiecie.<\/li>\n<li>Zanurzysz si\u0119 w <a href=\"https:\/\/divespot.es\/en\/article-2\/\">Ray Bay<\/a>jedno z najbardziej spektakularnych miejsc nurkowych na Teneryfie.<\/li>\n<li>Staniesz si\u0119 cz\u0119\u015bci\u0105 ogromnej spo\u0142eczno\u015bci nurk\u00f3w, kt\u00f3ra zaoferuje ci wielu przyjaci\u00f3\u0142 na ca\u0142ym \u015bwiecie.<\/li>\n<li>Zabierzemy Ci\u0119 w podwodn\u0105 przygod\u0119 pe\u0142n\u0105 adrenaliny i zabawy.<\/li>\n<\/ul>\n<h4>Jak dokona\u0107 rezerwacji?<\/h4>\n<p>Zanim zaczniesz, zapoznaj si\u0119 z nasz\u0105 <a href=\"https:\/\/divespot.es\/pl\/terms-and-conditions\/\" target=\"_blank\" rel=\"noopener\">Regulamin<\/a>, <a href=\"https:\/\/divespot.es\/pl\/privacy-policy\/\" target=\"_blank\" rel=\"noopener\">Polityka Prywatno\u015bci<\/a> oraz <a href=\"https:\/\/divespot.es\/pl\/cancelling-and-refunding-policy\/\" target=\"_blank\" rel=\"noopener\">Zasady anulowania i zwrotu koszt\u00f3w<\/a>. Aby dokona\u0107 rezerwacji, nale\u017cy posiada\u0107 kart\u0119 bankow\u0105 i wp\u0142aci\u0107 niewielki depozyt. Je\u015bli nie masz karty lub masz problemy z p\u0142atno\u015bci\u0105 online, prosimy o <a href=\"https:\/\/divespot.es\/pl\/contact\/\">skontaktuj si\u0119 z nami<\/a>a my ustalimy inn\u0105 metod\u0119 p\u0142atno\u015bci. Pami\u0119taj, \u017ce ceny promocyjne obowi\u0105zuj\u0105 tylko w przypadku rezerwacji online dokonanych co najmniej jeden dzie\u0144 przed nurkowaniem.<\/p>\n<p>Najcz\u0119stsze pytania i odpowiedzi mo\u017cna znale\u017a\u0107 na stronie <a href=\"https:\/\/divespot.es\/pl\/questions-answers\/\">nasza strona z pytaniami i odpowiedziami<\/a>lub poprosi\u0107 o wi\u0119cej informacji pod adresem <a href=\"https:\/\/divespot.es\/pl\/contact\/\">nasza strona kontaktowa<\/a>.<\/p>\n<h6>Przeczytaj poni\u017csze wskaz\u00f3wki i wyja\u015bnienia:<\/h6>\n<p>Okno rezerwacji znajduje si\u0119 w prawym g\u00f3rnym rogu tej strony.<br \/>\n<b>Wybierz kurs nurkowania<\/b> kt\u00f3r\u0105 chcesz wykona\u0107. Wprowad\u017a liczb\u0119 uczestnik\u00f3w dla odpowiedniej opcji.<\/p>\n<p><img decoding=\"async\" loading=\"lazy\" class=\"alignnone size-medium wp-image-3752\" src=\"https:\/\/divespot.es\/wp-content\/uploads\/2022\/03\/ddl-300x59.png\" alt=\"\" width=\"300\" height=\"59\" srcset=\"https:\/\/divespot.es\/wp-content\/uploads\/2022\/03\/ddl-300x59.png 300w, https:\/\/divespot.es\/wp-content\/uploads\/2022\/03\/ddl-18x4.png 18w, https:\/\/divespot.es\/wp-content\/uploads\/2022\/03\/ddl.png 556w\" sizes=\"(max-width: 300px) 100vw, 300px\" \/><\/p>\n<p><b>Dodatkowe opcje<\/b>. Zaznacz dodatkowe opcje, kt\u00f3re chcesz doda\u0107 do zam\u00f3wienia.<\/p>\n<p><strong>Podwodny \u015bwiat noc\u0105<\/strong> jest zupe\u0142nie inna. Zach\u0119camy do zarezerwowania nurkowania nocnego jako dodatkowego nurkowania w dowolnym dniu pakietu.<\/p>\n<p><img decoding=\"async\" loading=\"lazy\" class=\"alignnone wp-image-3754\" src=\"https:\/\/divespot.es\/wp-content\/uploads\/2022\/03\/and-300x47.png\" alt=\"\" width=\"389\" height=\"61\" srcset=\"https:\/\/divespot.es\/wp-content\/uploads\/2022\/03\/and-300x47.png 300w, https:\/\/divespot.es\/wp-content\/uploads\/2022\/03\/and-18x3.png 18w, https:\/\/divespot.es\/wp-content\/uploads\/2022\/03\/and-600x94.png 600w, https:\/\/divespot.es\/wp-content\/uploads\/2022\/03\/and.png 700w\" sizes=\"(max-width: 389px) 100vw, 389px\" \/><\/p>\n<p><b>Zdj\u0119cia i filmy<\/b> pierwszego nurkowania. Je\u015bli chcesz, aby instruktor wykona\u0142 dla Ciebie podwodn\u0105 sesj\u0119 zdj\u0119ciow\u0105, wybierz opcj\u0119 \"Tak, prosz\u0119\".<\/p>\n<p><img decoding=\"async\" loading=\"lazy\" class=\"alignnone size-medium wp-image-3751\" src=\"https:\/\/divespot.es\/wp-content\/uploads\/2022\/02\/photo-300x87.png\" alt=\"\" width=\"300\" height=\"87\" srcset=\"https:\/\/divespot.es\/wp-content\/uploads\/2022\/02\/photo-300x87.png 300w, https:\/\/divespot.es\/wp-content\/uploads\/2022\/02\/photo-18x5.png 18w, https:\/\/divespot.es\/wp-content\/uploads\/2022\/02\/photo.png 530w\" sizes=\"(max-width: 300px) 100vw, 300px\" \/><\/p>\n<p><b>Transfer<\/b>. Je\u015bli potrzebujesz transportu z hotelu i z powrotem, mo\u017cesz go zam\u00f3wi\u0107 za dodatkow\u0105 op\u0142at\u0105 w dw\u00f3ch r\u00f3\u017cnych obszarach turystycznych. Je\u015bli Twoje miejsce pobytu nie jest uwzgl\u0119dnione na mapie, skontaktuj si\u0119 z nami. Mo\u017cemy zorganizowa\u0107 dla Ciebie indywidualny transport. <a href=\"https:\/\/divespot.es\/wp-content\/uploads\/2022\/04\/tenerife-map.jpg\" target=\"_blank\" rel=\"noopener\">Map\u0119 stref transportowych mo\u017cna sprawdzi\u0107 tutaj.<\/a><\/p>\n<p><img decoding=\"async\" loading=\"lazy\" class=\"alignnone wp-image-1060\" src=\"https:\/\/divespot.es\/wp-content\/uploads\/2022\/02\/Transfer.png\" alt=\"Transfer info\" width=\"406\" height=\"113\" srcset=\"https:\/\/divespot.es\/wp-content\/uploads\/2022\/02\/Transfer.png 675w, https:\/\/divespot.es\/wp-content\/uploads\/2022\/02\/Transfer-300x84.png 300w, https:\/\/divespot.es\/wp-content\/uploads\/2022\/02\/Transfer-600x167.png 600w\" sizes=\"(max-width: 406px) 100vw, 406px\" \/><\/p>\n<p><b>Data<\/b>. Wybierz dat\u0119 nurkowania. Zastrzegamy sobie prawo do zmiany terminu w celu lepszej organizacji naszej pracy w centrum nurkowym. Nasz asystent potwierdzi rezerwacj\u0119, podaj\u0105c szczeg\u00f3\u0142owe informacje.<\/p>\n<p><img decoding=\"async\" loading=\"lazy\" class=\"alignnone wp-image-1488\" src=\"https:\/\/divespot.es\/wp-content\/uploads\/2022\/03\/data-2-257x300.jpg\" alt=\"Data \" width=\"230\" height=\"268\" srcset=\"https:\/\/divespot.es\/wp-content\/uploads\/2022\/03\/data-2-257x300.jpg 257w, https:\/\/divespot.es\/wp-content\/uploads\/2022\/03\/data-2-300x351.jpg 300w, https:\/\/divespot.es\/wp-content\/uploads\/2022\/03\/data-2.jpg 558w\" sizes=\"(max-width: 230px) 100vw, 230px\" \/><\/p>\n<h4>Kasa i koszyk<\/h4>\n<p>Je\u015bli zam\u00f3wienie jest gotowe, naci\u015bnij przycisk \"Zarezerwuj teraz\". Zostaniesz przeniesiony do <a href=\"https:\/\/divespot.es\/pl\/checkout\/\">Strona kasy<\/a>.<br \/>\nJe\u015bli chcesz wprowadzi\u0107 zmiany w rezerwacji, znajdziesz nast\u0119puj\u0105ce opcje <a href=\"https:\/\/divespot.es\/pl\/cart\/\">Kosz<\/a> ikona znajduj\u0105ca si\u0119 w g\u00f3rnej cz\u0119\u015bci strony, kt\u00f3ra przeniesie Ci\u0119 do strony <a href=\"https:\/\/divespot.es\/pl\/cart\/\">W\u00f3zek<\/a>. Je\u015bli masz kupon rabatowy dla sta\u0142ych klient\u00f3w, mo\u017cesz zastosowa\u0107 go w koszyku i przej\u015b\u0107 do kasy.<br \/>\n<b>Strona kasy - szczeg\u00f3\u0142y rozliczenia<\/b>. Na tej stronie wype\u0142nisz swoje dane osobowe: imi\u0119, nazwisko, numer telefonu (nie zapomnij o prefiksie, kt\u00f3ry jest numerem kierunkowym kraju), adres e-mail (do potwierdzenia rezerwacji), j\u0119zyk, kt\u00f3rym pos\u0142ugujesz si\u0119 najlepiej, oraz dodatkowe j\u0119zyki, w kt\u00f3rych mo\u017cesz si\u0119 porozumiewa\u0107 (wybierz z listy. Je\u015bli znasz wi\u0119cej, napisz je w komentarzach).<\/p>\n<p><b>Punkt odbioru<\/b>. Je\u015bli zam\u00f3wi\u0142e\u015b p\u0142atn\u0105 us\u0142ug\u0119 transferu z hotelu, wprowad\u017a dok\u0142adn\u0105 pe\u0142n\u0105 nazw\u0119 hotelu, w tym miasto. Je\u015bli mieszkasz w apartamencie, wprowad\u017a dok\u0142adny adres: ulic\u0119 i numer, miasto, kod pocztowy, nazw\u0119 budynku i lokalizacj\u0119 Google, je\u015bli to mo\u017cliwe.<\/p>\n<p><b>Dodatkowe informacje<\/b>. Wprowad\u017a w tej sekcji wszelkie istotne informacje, o kt\u00f3rych chcesz nas poinformowa\u0107.<\/p>\n<h4>P\u0142atno\u015b\u0107.<\/h4>\n<p>Wprowad\u017a dane swojej karty bankowej i dokonaj wp\u0142aty. Otrzymasz automatyczne potwierdzenie na sw\u00f3j adres e-mail dotycz\u0105ce p\u0142atno\u015bci i statusu oczekuj\u0105cego procesu.<br \/>\nNast\u0119pnie nasz asystent potwierdzi rezerwacj\u0119 i poinformuje o szczeg\u00f3\u0142ach. Uwaga <b>w zam\u00f3wieniu mog\u0105 wyst\u0105pi\u0107 niewielkie zmiany<\/b>, takie jak godzina rozpocz\u0119cia lub godzina odbioru z hotelu. Zaj\u0119cia sportowe mog\u0105 ulec zmianie w ostatniej chwili, dlatego nale\u017cy upewni\u0107 si\u0119, \u017ce <b>Miej telefon zawsze pod r\u0119k\u0105<\/b> na wypadek, gdyby\u015bmy musieli si\u0119 z Tob\u0105 skontaktowa\u0107. W przypadku jakichkolwiek problem\u00f3w z rezerwacj\u0105 lub p\u0142atno\u015bci\u0105 prosimy o <a href=\"https:\/\/divespot.es\/pl\/contact\/\">skontaktuj si\u0119 z nami<\/a>.<\/p>","protected":false},"excerpt":{"rendered":"<p>Przeczytaj poni\u017cszy opis przed dokonaniem rezerwacji!<\/p>\n<p>Te ceny s\u0105 dost\u0119pne tylko przy rezerwacji online!<\/p>\n<p><a href=\"https:\/\/divespot.es\/wp-content\/uploads\/2022\/04\/tenerife-map.jpg\">MAPA STREF TRANSPORTOWYCH<\/a><\/p>","protected":false},"featured_media":2664,"template":"","meta":[],"product_cat":[28],"product_tag":[49,44,41,33],"aioseo_notices":[],"_links":{"self":[{"href":"https:\/\/divespot.es\/pl\/wp-json\/wp\/v2\/product\/966"}],"collection":[{"href":"https:\/\/divespot.es\/pl\/wp-json\/wp\/v2\/product"}],"about":[{"href":"https:\/\/divespot.es\/pl\/wp-json\/wp\/v2\/types\/product"}],"wp:featuredmedia":[{"embeddable":true,"href":"https:\/\/divespot.es\/pl\/wp-json\/wp\/v2\/media\/2664"}],"wp:attachment":[{"href":"https:\/\/divespot.es\/pl\/wp-json\/wp\/v2\/media?parent=966"}],"wp:term":[{"taxonomy":"product_cat","embeddable":true,"href":"https:\/\/divespot.es\/pl\/wp-json\/wp\/v2\/product_cat?post=966"},{"taxonomy":"product_tag","embeddable":true,"href":"https:\/\/divespot.es\/pl\/wp-json\/wp\/v2\/product_tag?post=966"}],"curies":[{"name":"wp","href":"https:\/\/api.w.org\/{rel}","templated":true}]}}