{"id":960,"date":"2022-03-12T16:07:04","date_gmt":"2022-03-12T16:07:04","guid":{"rendered":"https:\/\/divespot.es\/?post_type=product&#038;p=960"},"modified":"2024-08-12T15:05:04","modified_gmt":"2024-08-12T15:05:04","slug":"divemaster-course","status":"publish","type":"product","link":"https:\/\/divespot.es\/pl\/produkt\/divemaster-course\/","title":{"rendered":"Kurs Divemaster"},"content":{"rendered":"<h4>Czym jest kurs Divemaster?<\/h4>\n<p>Odkryj cuda podwodnego \u015bwiata na Teneryfie dzi\u0119ki naszemu kompleksowemu kursowi nurkowania Divemaster. Ten kurs zanurzy ci\u0119 w niezwyk\u0142\u0105 podr\u00f3\u017c rozwoju umiej\u0119tno\u015bci i oceanicznej eksploracji.<\/p>\n<p>Podczas ca\u0142ego kursu otrzymasz fachowe wskaz\u00f3wki od naszych do\u015bwiadczonych instruktor\u00f3w, kt\u00f3rzy naucz\u0105 Ci\u0119 podstawowych technik nurkowania, protoko\u0142\u00f3w bezpiecze\u0144stwa i praktyk ochrony \u015brodowiska. Zanurz si\u0119 w ekscytuj\u0105cych praktycznych sesjach szkoleniowych i zaj\u0119ciach teoretycznych, kt\u00f3re obejmuj\u0105 planowanie nurkowania, zarz\u0105dzanie sprz\u0119tem i umiej\u0119tno\u015bci ratownicze. Zdob\u0105d\u017a dog\u0142\u0119bn\u0105 wiedz\u0119 na temat \u017cycia morskiego i ekosystem\u00f3w, aby sta\u0107 si\u0119 odpowiedzialnym i \u015bwiadomym nurkiem.<\/p>\n<p>Po pomy\u015blnym uko\u0144czeniu kursu uzyskasz presti\u017cowy certyfikat Divemastera, kt\u00f3ry jest odskoczni\u0105 do zostania profesjonalnym nurkiem. Jako licencjonowany Divemaster mo\u017cesz prowadzi\u0107 i pomaga\u0107 w operacjach nurkowych, by\u0107 mentorem i nadzorowa\u0107 innych nurk\u00f3w, a nawet pracowa\u0107 w bran\u017cy nurkowej na ca\u0142ym \u015bwiecie.<\/p>\n<h4>Kto mo\u017ce zapisa\u0107 si\u0119 na kurs Divemaster?<\/h4>\n<p>Aby zapisa\u0107 si\u0119 na kurs Divemaster Scuba Diving, musisz spe\u0142ni\u0107 nast\u0119puj\u0105ce warunki wst\u0119pne:<\/p>\n<ol>\n<li>Mie\u0107 uko\u0144czone 18 lat.<\/li>\n<li>Posiada\u0107 wa\u017cny certyfikat Diver Stress&amp;Rescue (lub r\u00f3wnowa\u017cny) wydany przez uznan\u0105 agencj\u0119 nurkow\u0105.<\/li>\n<li>Posiadanie aktualnego certyfikatu React Right (lub r\u00f3wnowa\u017cnego) w ci\u0105gu ostatnich 24 miesi\u0119cy.<\/li>\n<li>Mie\u0107 co najmniej 40 zalogowanych nurkowa\u0144 przed rozpocz\u0119ciem kursu i 60 zalogowanych nurkowa\u0144 po jego uko\u0144czeniu.<\/li>\n<\/ol>\n<p><strong>Opcje cenowe:<\/strong><\/p>\n<ul>\n<li>Op\u0142ata za kurs (SSI): 765 euro (obni\u017cona z 850)<\/li>\n<\/ul>\n<h4>Organizacje nurkowe SSI.<\/h4>\n<p>W naszym centrum nurkowym Dive Spot na Teneryfie oferujemy szkolenia najwi\u0119kszej organizacji nurkowej na \u015bwiecie SSI - Scuba Schools International. Certyfikaty wydane przez t\u0119 organizacj\u0119 s\u0105 akceptowane na ca\u0142ym \u015bwiecie.<\/p>\n<p><img decoding=\"async\" loading=\"lazy\" class=\"alignnone size-medium wp-image-1478\" src=\"https:\/\/divespot.es\/wp-content\/uploads\/2022\/03\/ssi-300x71.png\" alt=\"logo ssi\" width=\"300\" height=\"71\" srcset=\"https:\/\/divespot.es\/wp-content\/uploads\/2022\/03\/ssi-300x71.png 300w, https:\/\/divespot.es\/wp-content\/uploads\/2022\/03\/ssi-1024x244.png 1024w, https:\/\/divespot.es\/wp-content\/uploads\/2022\/03\/ssi-768x183.png 768w, https:\/\/divespot.es\/wp-content\/uploads\/2022\/03\/ssi-1536x365.png 1536w, https:\/\/divespot.es\/wp-content\/uploads\/2022\/03\/ssi-2048x487.png 2048w, https:\/\/divespot.es\/wp-content\/uploads\/2022\/03\/ssi-600x143.png 600w\" sizes=\"(max-width: 300px) 100vw, 300px\" \/><\/p>\n<h4>E-learning - szkolenia online.<\/h4>\n<p>Nie tra\u0107 czasu. W naszym Centrum Nurkowym mo\u017cesz przej\u015b\u0107 szkolenie nurkowe online dla wszystkich poziom\u00f3w. Mo\u017cesz to zrobi\u0107 w dowolnym dogodnym czasie, nawet wieczorem we w\u0142asnym domu. Po przyj\u015bciu do nas b\u0119dziesz wykonywa\u0142 tylko podwodne umiej\u0119tno\u015bci i nurkowania. Po dokonaniu rezerwacji otrzymasz od nas dost\u0119p do e-learningu.<\/p>\n<p>&nbsp;<\/p>\n<h4>Wci\u0105\u017c masz w\u0105tpliwo\u015bci? Dlaczego warto zarezerwowa\u0107 kurs nurkowania w Dive Spot?<\/h4>\n<div><\/div>\n<div>\n<div>- W ka\u017cdym programie lekcji nurkowania na Teneryfie, kt\u00f3ry wybierzesz, otrzymasz spersonalizowan\u0105 uwag\u0119 od naszego profesjonalnego zespo\u0142u.<\/div>\n<div>- Aby zaoszcz\u0119dzi\u0107 czas, zaj\u0119cia teoretyczne prowadzone s\u0105 w formie e-learningu.<\/div>\n<div>- B\u0119dziesz nurkowa\u0107 w jednym z najbardziej spektakularnych miejsc nurkowych na Teneryfie, czyli w Rays Bay.<br \/>\n- Wkroczysz do ogromnej spo\u0142eczno\u015bci nurk\u00f3w, kt\u00f3ra zaoferuje ci wielu przyjaci\u00f3\u0142 na ca\u0142ym \u015bwiecie.<\/div>\n<div>- Przeprowadzimy ci\u0119 przez podwodn\u0105 przygod\u0119 pe\u0142n\u0105 adrenaliny i rozrywki<\/div>\n<\/div>\n<div><\/div>\n<div>\n<h4>Jak dokona\u0107 rezerwacji?<\/h4>\n<p>Zanim zaczniesz, zapoznaj si\u0119 z nasz\u0105 <a href=\"https:\/\/divespot.es\/pl\/terms-and-conditions\/\" target=\"_blank\" rel=\"noopener\">Regulamin<\/a>, <a href=\"https:\/\/divespot.es\/pl\/privacy-policy\/\" target=\"_blank\" rel=\"noopener\">Polityka Prywatno\u015bci<\/a> oraz <a href=\"https:\/\/divespot.es\/pl\/cancelling-and-refunding-policy\/\" target=\"_blank\" rel=\"noopener\">Zasady anulowania i zwrotu koszt\u00f3w<\/a>. Aby dokona\u0107 rezerwacji, nale\u017cy posiada\u0107 kart\u0119 bankow\u0105 i wp\u0142aci\u0107 niewielki depozyt. Je\u015bli nie masz karty lub masz problemy z p\u0142atno\u015bci\u0105 online, prosimy o <a href=\"https:\/\/divespot.es\/pl\/contact\/\">skontaktuj si\u0119 z nami<\/a> a my ustalimy inn\u0105 metod\u0119 p\u0142atno\u015bci. Pami\u0119taj, \u017ce promocyjne ceny obowi\u0105zuj\u0105 tylko w przypadku rezerwacji online dokonanych co najmniej jeden dzie\u0144 przed nurkowaniem.<\/p>\n<p>Najcz\u0119\u015bciej zadawane pytania i odpowiedzi mo\u017cna znale\u017a\u0107 na stronie <a href=\"https:\/\/divespot.es\/pl\/questions-answers\/\">TUTAJ<\/a>. Mo\u017cesz r\u00f3wnie\u017c zadawa\u0107 pytania naszemu asystentowi na czacie online.<\/p>\n<\/div>\n<h4>Przeczytaj poni\u017csze wskaz\u00f3wki i wyja\u015bnienia:<\/h4>\n<p>Okno rezerwacji znajduje si\u0119 w prawym g\u00f3rnym rogu tej strony.<\/p>\n<p><strong>Wybierz kurs nurkowania<\/strong> kt\u00f3r\u0105 chcesz wykona\u0107. Wprowad\u017a liczb\u0119 uczestnik\u00f3w dla odpowiedniej opcji.<\/p>\n<p><img decoding=\"async\" loading=\"lazy\" class=\"alignnone wp-image-3765\" src=\"https:\/\/divespot.es\/wp-content\/uploads\/2022\/03\/dlm-300x49.png\" alt=\"\" width=\"356\" height=\"58\" srcset=\"https:\/\/divespot.es\/wp-content\/uploads\/2022\/03\/dlm-300x49.png 300w, https:\/\/divespot.es\/wp-content\/uploads\/2022\/03\/dlm-18x3.png 18w, https:\/\/divespot.es\/wp-content\/uploads\/2022\/03\/dlm-600x99.png 600w, https:\/\/divespot.es\/wp-content\/uploads\/2022\/03\/dlm.png 682w\" sizes=\"(max-width: 356px) 100vw, 356px\" \/><\/p>\n<p><strong>Dodatkowe opcje<\/strong>. Zaznacz dodatkowe opcje, kt\u00f3re chcesz doda\u0107 do zam\u00f3wienia.<\/p>\n<p>Wiele interesuj\u0105cych miejsc nurkowych wymaga <strong>licencja na nurkowanie do g\u0142\u0119boko\u015bci 40 metr\u00f3w<\/strong>. Rozwi\u0144 swoje kwalifikacje i do\u0142\u0105cz z nami do kursu Deep Diver. Szkolenie trwa 2 dodatkowe dni.<\/p>\n<p><img decoding=\"async\" loading=\"lazy\" class=\"alignnone size-medium wp-image-3752\" src=\"https:\/\/divespot.es\/wp-content\/uploads\/2022\/03\/ddl-300x59.png\" alt=\"\" width=\"300\" height=\"59\" srcset=\"https:\/\/divespot.es\/wp-content\/uploads\/2022\/03\/ddl-300x59.png 300w, https:\/\/divespot.es\/wp-content\/uploads\/2022\/03\/ddl-18x4.png 18w, https:\/\/divespot.es\/wp-content\/uploads\/2022\/03\/ddl.png 556w\" sizes=\"(max-width: 300px) 100vw, 300px\" \/><\/p>\n<p><strong>Nitrox \/ EAN \/ Wzbogacone powietrze<\/strong> pozwala nurkom pozosta\u0107 pod wod\u0105 d\u0142u\u017cej, wyd\u0142u\u017caj\u0105c limity bezdekompresyjne.<\/p>\n<p><img decoding=\"async\" loading=\"lazy\" class=\"alignnone wp-image-3764\" src=\"https:\/\/divespot.es\/wp-content\/uploads\/2022\/03\/ndl-300x67.png\" alt=\"\" width=\"273\" height=\"61\" srcset=\"https:\/\/divespot.es\/wp-content\/uploads\/2022\/03\/ndl-300x67.png 300w, https:\/\/divespot.es\/wp-content\/uploads\/2022\/03\/ndl-18x4.png 18w, https:\/\/divespot.es\/wp-content\/uploads\/2022\/03\/ndl.png 508w\" sizes=\"(max-width: 273px) 100vw, 273px\" \/><\/p>\n<p><strong>Zdj\u0119cia i filmy<\/strong> pierwszego nurkowania. Je\u015bli chcesz, aby instruktor wykona\u0142 dla Ciebie podwodne zdj\u0119cia, zaznacz: Tak, prosz\u0119.<\/p>\n<p><img decoding=\"async\" loading=\"lazy\" class=\"alignnone size-medium wp-image-3751\" src=\"https:\/\/divespot.es\/wp-content\/uploads\/2022\/02\/photo-300x87.png\" alt=\"\" width=\"300\" height=\"87\" srcset=\"https:\/\/divespot.es\/wp-content\/uploads\/2022\/02\/photo-300x87.png 300w, https:\/\/divespot.es\/wp-content\/uploads\/2022\/02\/photo-18x5.png 18w, https:\/\/divespot.es\/wp-content\/uploads\/2022\/02\/photo.png 530w\" sizes=\"(max-width: 300px) 100vw, 300px\" \/><\/p>\n<p><strong>Transfer<\/strong>. Je\u015bli potrzebujesz transportu z hotelu iz powrotem, mo\u017cesz zam\u00f3wi\u0107 go za dodatkow\u0105 op\u0142at\u0105 w dw\u00f3ch r\u00f3\u017cnych obszarach turystycznych. Je\u015bli mapa nie obejmuje miejsca pobytu, prosimy o kontakt, mo\u017cliwe jest zorganizowanie indywidualnego transportu. <a href=\"https:\/\/divespot.es\/wp-content\/uploads\/2022\/04\/tenerife-map.jpg\" target=\"_blank\" rel=\"noopener\">MAPA TENERYFY<\/a><\/p>\n<p><img decoding=\"async\" loading=\"lazy\" class=\"alignnone wp-image-1060\" src=\"https:\/\/divespot.es\/wp-content\/uploads\/2022\/02\/Transfer.png\" alt=\"Transfer info\" width=\"406\" height=\"113\" srcset=\"https:\/\/divespot.es\/wp-content\/uploads\/2022\/02\/Transfer.png 675w, https:\/\/divespot.es\/wp-content\/uploads\/2022\/02\/Transfer-300x84.png 300w, https:\/\/divespot.es\/wp-content\/uploads\/2022\/02\/Transfer-600x167.png 600w\" sizes=\"(max-width: 406px) 100vw, 406px\" \/><\/p>\n<p><strong>Data<\/strong>. Wybierz dat\u0119 nurkowania. Zastrzegamy sobie prawo do zmiany terminu w celu lepszej organizacji naszej pracy w centrum nurkowym. Nasz asystent potwierdzi rezerwacj\u0119, podaj\u0105c szczeg\u00f3\u0142owe informacje.<\/p>\n<p><img decoding=\"async\" loading=\"lazy\" class=\"alignnone wp-image-1488\" src=\"https:\/\/divespot.es\/wp-content\/uploads\/2022\/03\/data-2-257x300.jpg\" alt=\"Data \" width=\"230\" height=\"268\" srcset=\"https:\/\/divespot.es\/wp-content\/uploads\/2022\/03\/data-2-257x300.jpg 257w, https:\/\/divespot.es\/wp-content\/uploads\/2022\/03\/data-2-300x351.jpg 300w, https:\/\/divespot.es\/wp-content\/uploads\/2022\/03\/data-2.jpg 558w\" sizes=\"(max-width: 230px) 100vw, 230px\" \/><\/p>\n<h4>Kasa i koszyk<\/h4>\n<p>Je\u015bli zam\u00f3wienie jest gotowe, naci\u015bnij - Zarezerwuj teraz.<br \/>\nZostaniesz przeniesiony do <a href=\"https:\/\/divespot.es\/pl\/checkout\/\">Strona kasy<\/a>.<br \/>\nJe\u015bli chcesz dokona\u0107 zmian w rezerwacji, w g\u00f3rnej cz\u0119\u015bci strony znajdziesz opcj\u0119 <a href=\"https:\/\/divespot.es\/pl\/cart\/\">Kosz<\/a> kt\u00f3ra przeniesie Ci\u0119 do ikony <a href=\"https:\/\/divespot.es\/pl\/cart\/\">Strona koszyka<\/a>. Je\u015bli masz kupon rabatowy dla sta\u0142ych klient\u00f3w, mo\u017cesz zastosowa\u0107 go w koszyku i przej\u015b\u0107 do kasy.<\/p>\n<p><strong>Strona kasy - szczeg\u00f3\u0142y rozliczenia<\/strong>. Na tej stronie wype\u0142nisz swoje dane osobowe:<br \/>\nImi\u0119, Nazwisko,<br \/>\nnumer telefonu (nie zapomnij o prefiksie - numer kierunkowy kraju),<br \/>\nadres e-mail (do potwierdzenia rezerwacji),<br \/>\nj\u0119zyk, kt\u00f3rym pos\u0142ugujesz si\u0119 najlepiej oraz dodatkowe j\u0119zyki, w kt\u00f3rych potrafisz si\u0119 porozumiewa\u0107 (podane na li\u015bcie, je\u015bli znasz wi\u0119cej, napisz w komentarzach),<\/p>\n<p><strong>Punkt odbioru<\/strong> (je\u015bli zamawiasz p\u0142atn\u0105 us\u0142ug\u0119 transferu z hotelu) wprowad\u017a dok\u0142adn\u0105 pe\u0142n\u0105 nazw\u0119 hotelu wraz z miastem. Je\u015bli zatrzymujesz si\u0119 w apartamencie, wprowad\u017a dok\u0142adny adres: ulic\u0119 i numer, miasto, kod pocztowy, nazw\u0119 budynku i lokalizacj\u0119 Google, je\u015bli to mo\u017cliwe. <a href=\"https:\/\/divespot.es\/wp-content\/uploads\/2022\/04\/tenerife-map.jpg\" target=\"_blank\" rel=\"noopener\">Mapa<\/a><\/p>\n<p><strong>Dodatkowe informacje<\/strong>. Wprowad\u017a tutaj informacje, kt\u00f3re uwa\u017casz za istotne i kt\u00f3re chcesz nam przekaza\u0107.<\/p>\n<h4>P\u0142atno\u015b\u0107.<\/h4>\n<p>Wprowad\u017a dane swojej karty bankowej i wp\u0142a\u0107 depozyt.<br \/>\nOtrzymasz automatyczne potwierdzenie na sw\u00f3j adres e-mail dotycz\u0105ce p\u0142atno\u015bci i statusu procesu OCZEKUJ\u0104CY.<br \/>\nNast\u0119pnie nasz asystent potwierdzi rezerwacj\u0119 i poinformuje o szczeg\u00f3\u0142ach. Nale\u017cy pami\u0119ta\u0107, \u017ce mog\u0105 wyst\u0105pi\u0107 drobne zmiany w zam\u00f3wieniu! Np. czas rozpocz\u0119cia lub czas transferu do hotelu. Zaj\u0119cia sportowe mog\u0105 ulec zmianie w ostatniej chwili, dlatego nale\u017cy by\u0107 pod telefonem podanym w rezerwacji!<br \/>\nJe\u015bli masz problem z rezerwacj\u0105 lub p\u0142atno\u015bci\u0105, skontaktuj si\u0119 z naszym asystentem na czacie online. Link znajduje si\u0119 w prawym dolnym rogu strony. W stopce strony znajdziesz wi\u0119cej opcji kontaktu.<\/p>","protected":false},"excerpt":{"rendered":"<p>Przeczytaj poni\u017cszy opis przed dokonaniem rezerwacji!<\/p>\n<p>Te ceny s\u0105 dost\u0119pne tylko przy rezerwacji online!<\/p>","protected":false},"featured_media":2666,"template":"","meta":[],"product_cat":[28],"product_tag":[44,47,41,33],"aioseo_notices":[],"_links":{"self":[{"href":"https:\/\/divespot.es\/pl\/wp-json\/wp\/v2\/product\/960"}],"collection":[{"href":"https:\/\/divespot.es\/pl\/wp-json\/wp\/v2\/product"}],"about":[{"href":"https:\/\/divespot.es\/pl\/wp-json\/wp\/v2\/types\/product"}],"wp:featuredmedia":[{"embeddable":true,"href":"https:\/\/divespot.es\/pl\/wp-json\/wp\/v2\/media\/2666"}],"wp:attachment":[{"href":"https:\/\/divespot.es\/pl\/wp-json\/wp\/v2\/media?parent=960"}],"wp:term":[{"taxonomy":"product_cat","embeddable":true,"href":"https:\/\/divespot.es\/pl\/wp-json\/wp\/v2\/product_cat?post=960"},{"taxonomy":"product_tag","embeddable":true,"href":"https:\/\/divespot.es\/pl\/wp-json\/wp\/v2\/product_tag?post=960"}],"curies":[{"name":"wp","href":"https:\/\/api.w.org\/{rel}","templated":true}]}}