{"id":952,"date":"2022-03-12T15:30:34","date_gmt":"2022-03-12T15:30:34","guid":{"rendered":"https:\/\/divespot.es\/?post_type=product&#038;p=952"},"modified":"2024-08-09T11:34:02","modified_gmt":"2024-08-09T11:34:02","slug":"advanced-adventurer-course","status":"publish","type":"product","link":"https:\/\/divespot.es\/pl\/produkt\/advanced-adventurer-course\/","title":{"rendered":"Zaawansowany poszukiwacz przyg\u00f3d"},"content":{"rendered":"<h4>Czym jest kurs Advanced Adventurer?<\/h4>\n<p>Podczas tego <span style=\"font-weight: 400;\">Kurs dla zaawansowanych poszukiwaczy przyg\u00f3d,<\/span>\u00a0We\u017amiesz udzia\u0142 w pi\u0119ciu nurkowaniach przygodowych, z kt\u00f3rych ka\u017cde koncentruje si\u0119 na okre\u015blonym zestawie umiej\u0119tno\u015bci. Nurkowania te obejmuj\u0105 nurkowanie g\u0142\u0119bokie, nawigacj\u0119 podwodn\u0105, nurkowanie nocne i wiele innych. Nasi do\u015bwiadczeni instruktorzy naucz\u0105 ci\u0119 technik niezb\u0119dnych do opanowania ka\u017cdego nurkowania, zapewniaj\u0105c ci wiedz\u0119 i do\u015bwiadczenie potrzebne do zostania pewnym siebie i kompetentnym nurkiem.<\/p>\n<p>Nasz <span style=\"font-weight: 400;\">Zaawansowany poszukiwacz przyg\u00f3d<\/span> Kurs nurkowania jest certyfikowany przez SSI, najbardziej szanowan\u0105 organizacj\u0119 certyfikuj\u0105c\u0105 w bran\u017cy nurkowej. Po pomy\u015blnym uko\u0144czeniu kursu otrzymasz uznawany na ca\u0142ym \u015bwiecie certyfikat, kt\u00f3ry pozwoli ci nurkowa\u0107 do g\u0142\u0119boko\u015bci 30 metr\u00f3w.<\/p>\n<p>Dzi\u0119ki naszym do\u015bwiadczonym instruktorom i wspania\u0142ej lokalizacji, nasze <span style=\"font-weight: 400;\">Zaawansowany poszukiwacz przyg\u00f3d<\/span> na Teneryfie to doskona\u0142y spos\u00f3b na podniesienie swoich umiej\u0119tno\u015bci nurkowych na wy\u017cszy poziom. Do\u0142\u0105cz do nas ju\u017c dzi\u015b i rozpocznij swoj\u0105 podwodn\u0105 przygod\u0119!<\/p>\n<h4>Kto mo\u017ce zapisa\u0107 si\u0119 na kurs Advanced Adventurer?<\/h4>\n<p>Aby zarejestrowa\u0107 si\u0119 w <span style=\"font-weight: 400;\">Zaawansowany poszukiwacz przyg\u00f3d<\/span> Aby wzi\u0105\u0107 udzia\u0142 w kursie, nale\u017cy posiada\u0107 certyfikat Open Water Diver (OWD) lub r\u00f3wnowa\u017cny certyfikat innej organizacji nurkowej. Ten warunek wst\u0119pny zapewnia posiadanie niezb\u0119dnych umiej\u0119tno\u015bci i wiedzy, na kt\u00f3rych mo\u017cna si\u0119 oprze\u0107 podczas kursu. <span style=\"font-weight: 400;\">Zaawansowany poszukiwacz przyg\u00f3d<\/span> kurs.<\/p>\n<p>Zaleca si\u0119 r\u00f3wnie\u017c, aby przed rozpocz\u0119ciem kursu mie\u0107 do\u015bwiadczenie w nurkowaniu. <span style=\"font-weight: 400;\">Zaawansowany poszukiwacz przyg\u00f3d<\/span> kurs. Pomo\u017ce ci to poczu\u0107 si\u0119 bardziej komfortowo i pewnie w wodzie, co pozwoli ci skupi\u0107 si\u0119 na rozwijaniu umiej\u0119tno\u015bci i wiedzy podczas kursu.<\/p>\n<h4>Organizacje nurkowe SSI.<\/h4>\n<p>W naszym centrum nurkowym Dive Spot na Teneryfie oferujemy szkolenia najwi\u0119kszej organizacji nurkowej na \u015bwiecie SSI - Scuba Schools International. Certyfikaty wydane przez t\u0119 organizacj\u0119 s\u0105 akceptowane na ca\u0142ym \u015bwiecie.<br \/>\n<img decoding=\"async\" loading=\"lazy\" class=\"alignnone size-medium wp-image-1478\" src=\"https:\/\/divespot.es\/wp-content\/uploads\/2022\/03\/ssi-300x71.png\" alt=\"logo ssi\" width=\"300\" height=\"71\" srcset=\"https:\/\/divespot.es\/wp-content\/uploads\/2022\/03\/ssi-300x71.png 300w, https:\/\/divespot.es\/wp-content\/uploads\/2022\/03\/ssi-1024x244.png 1024w, https:\/\/divespot.es\/wp-content\/uploads\/2022\/03\/ssi-768x183.png 768w, https:\/\/divespot.es\/wp-content\/uploads\/2022\/03\/ssi-1536x365.png 1536w, https:\/\/divespot.es\/wp-content\/uploads\/2022\/03\/ssi-2048x487.png 2048w, https:\/\/divespot.es\/wp-content\/uploads\/2022\/03\/ssi-600x143.png 600w\" sizes=\"(max-width: 300px) 100vw, 300px\" \/><\/p>\n<h4>E-learning - szkolenia online<\/h4>\n<p>Nie tra\u0107 czasu! W naszym centrum nurkowym mo\u017cesz uko\u0144czy\u0107 szkolenie nurkowe online dla wszystkich poziom\u00f3w. Mo\u017cesz to zrobi\u0107 w dowolnym dogodnym czasie, nawet wieczorem, we w\u0142asnym domu. Po dokonaniu rezerwacji otrzymasz od nas dost\u0119p do e-learningu. B\u0119dziesz musia\u0142 wykona\u0107 podwodne umiej\u0119tno\u015bci i nurkowanie tylko wtedy, gdy do nas przyjedziesz.<\/p>\n<h4>Wci\u0105\u017c masz w\u0105tpliwo\u015bci? Dlaczego warto zarezerwowa\u0107 kurs nurkowania z Dive Spot?<\/h4>\n<ul>\n<li>W ka\u017cdym programie lekcji nurkowania na Teneryfie, kt\u00f3ry wybierzesz, otrzymasz spersonalizowan\u0105 uwag\u0119 od naszego profesjonalnego zespo\u0142u.<\/li>\n<li>Mo\u017cesz by\u0107 pewien, \u017ce z nami otrzymasz <a href=\"https:\/\/divespot.es\/en\/best-price-policy\/\">Najlepsze ceny nurkowania na Teneryfie<\/a>.<\/li>\n<li>Aby zaoszcz\u0119dzi\u0107 czas, zaj\u0119cia teoretyczne prowadzone s\u0105 w formie e-learningu.<\/li>\n<li>Zanurzysz si\u0119 w <a href=\"https:\/\/divespot.es\/en\/article-2\/\">Ray Bay<\/a>jedno z najbardziej spektakularnych miejsc nurkowych na Teneryfie.<\/li>\n<li>Staniesz si\u0119 cz\u0119\u015bci\u0105 ogromnej spo\u0142eczno\u015bci nurk\u00f3w, kt\u00f3ra zaoferuje ci wielu przyjaci\u00f3\u0142 na ca\u0142ym \u015bwiecie.<\/li>\n<li>Zabierzemy Ci\u0119 w podwodn\u0105 przygod\u0119 pe\u0142n\u0105 adrenaliny i zabawy.<\/li>\n<\/ul>\n<h4>Jak dokona\u0107 rezerwacji?<\/h4>\n<p>Zanim zaczniesz, zapoznaj si\u0119 z nasz\u0105 <a href=\"https:\/\/divespot.es\/pl\/terms-and-conditions\/\" target=\"_blank\" rel=\"noopener\">Regulamin<\/a>, <a href=\"https:\/\/divespot.es\/pl\/privacy-policy\/\" target=\"_blank\" rel=\"noopener\">Polityka Prywatno\u015bci<\/a> oraz <a href=\"https:\/\/divespot.es\/pl\/cancelling-and-refunding-policy\/\" target=\"_blank\" rel=\"noopener\">Zasady anulowania i zwrotu koszt\u00f3w<\/a>. Aby dokona\u0107 rezerwacji, nale\u017cy posiada\u0107 kart\u0119 bankow\u0105 i wp\u0142aci\u0107 niewielki depozyt. Je\u015bli nie masz karty lub masz problemy z p\u0142atno\u015bci\u0105 online, prosimy o <a href=\"https:\/\/divespot.es\/pl\/contact\/\">skontaktuj si\u0119 z nami<\/a>a my ustalimy inn\u0105 metod\u0119 p\u0142atno\u015bci. Pami\u0119taj, \u017ce ceny promocyjne obowi\u0105zuj\u0105 tylko w przypadku rezerwacji online dokonanych co najmniej jeden dzie\u0144 przed nurkowaniem.<\/p>\n<p>Najcz\u0119stsze pytania i odpowiedzi mo\u017cna znale\u017a\u0107 na stronie <a href=\"https:\/\/divespot.es\/pl\/questions-answers\/\">nasza strona z pytaniami i odpowiedziami<\/a>lub poprosi\u0107 o wi\u0119cej informacji pod adresem <a href=\"https:\/\/divespot.es\/pl\/contact\/\">nasza strona kontaktowa<\/a>.<\/p>\n<h6>Przeczytaj poni\u017csze wskaz\u00f3wki i wyja\u015bnienia:<\/h6>\n<p>Okno rezerwacji znajduje si\u0119 w prawym g\u00f3rnym rogu tej strony.<br \/>\n<b>Wybierz kurs nurkowania<\/b> kt\u00f3r\u0105 chcesz wykona\u0107. Wprowad\u017a liczb\u0119 uczestnik\u00f3w dla odpowiedniej opcji.<\/p>\n<p><img decoding=\"async\" loading=\"lazy\" class=\"alignnone size-medium wp-image-3753\" src=\"https:\/\/divespot.es\/wp-content\/uploads\/2022\/03\/aad-300x56.png\" alt=\"\" width=\"300\" height=\"56\" srcset=\"https:\/\/divespot.es\/wp-content\/uploads\/2022\/03\/aad-300x56.png 300w, https:\/\/divespot.es\/wp-content\/uploads\/2022\/03\/aad-18x3.png 18w, https:\/\/divespot.es\/wp-content\/uploads\/2022\/03\/aad.png 600w\" sizes=\"(max-width: 300px) 100vw, 300px\" \/><\/p>\n<p><b>Dodatkowe opcje<\/b>. Zaznacz dodatkowe opcje, kt\u00f3re chcesz doda\u0107 do zam\u00f3wienia.<\/p>\n<p><strong>Podwodny \u015bwiat noc\u0105<\/strong> jest zupe\u0142nie inna. Zach\u0119camy do zarezerwowania nurkowania nocnego jako dodatkowego nurkowania w dowolnym dniu pakietu.<\/p>\n<p><img decoding=\"async\" loading=\"lazy\" class=\"alignnone  wp-image-3754\" src=\"https:\/\/divespot.es\/wp-content\/uploads\/2022\/03\/and-300x47.png\" alt=\"\" width=\"357\" height=\"56\" srcset=\"https:\/\/divespot.es\/wp-content\/uploads\/2022\/03\/and-300x47.png 300w, https:\/\/divespot.es\/wp-content\/uploads\/2022\/03\/and-18x3.png 18w, https:\/\/divespot.es\/wp-content\/uploads\/2022\/03\/and-600x94.png 600w, https:\/\/divespot.es\/wp-content\/uploads\/2022\/03\/and.png 700w\" sizes=\"(max-width: 357px) 100vw, 357px\" \/><\/p>\n<p>Wiele interesuj\u0105cych miejsc nurkowych wymaga <strong>licencja na nurkowanie do g\u0142\u0119boko\u015bci 40 metr\u00f3w<\/strong>. Rozwijaj swoje kwalifikacje i do\u0142\u0105cz z nami do kursu Deep Diver. <a href=\"https:\/\/divespot.es\/pl\/produkt\/deep-diver-specialty\/\">Wi\u0119cej informacji mo\u017cna znale\u017a\u0107 tutaj.<\/a> Szkolenie to trwa 2 dodatkowe dni.<\/p>\n<p><img decoding=\"async\" loading=\"lazy\" class=\"alignnone  wp-image-3752\" src=\"https:\/\/divespot.es\/wp-content\/uploads\/2022\/03\/ddl-300x59.png\" alt=\"\" width=\"280\" height=\"55\" srcset=\"https:\/\/divespot.es\/wp-content\/uploads\/2022\/03\/ddl-300x59.png 300w, https:\/\/divespot.es\/wp-content\/uploads\/2022\/03\/ddl-18x4.png 18w, https:\/\/divespot.es\/wp-content\/uploads\/2022\/03\/ddl.png 556w\" sizes=\"(max-width: 280px) 100vw, 280px\" \/><\/p>\n<p><b>Zdj\u0119cia i filmy<\/b> pierwszego nurkowania. Je\u015bli chcesz, aby instruktor wykona\u0142 dla Ciebie podwodn\u0105 sesj\u0119 zdj\u0119ciow\u0105, wybierz opcj\u0119 \"Tak, prosz\u0119\".<\/p>\n<p><img decoding=\"async\" loading=\"lazy\" class=\"alignnone size-medium wp-image-3751\" src=\"https:\/\/divespot.es\/wp-content\/uploads\/2022\/02\/photo-300x87.png\" alt=\"\" width=\"300\" height=\"87\" srcset=\"https:\/\/divespot.es\/wp-content\/uploads\/2022\/02\/photo-300x87.png 300w, https:\/\/divespot.es\/wp-content\/uploads\/2022\/02\/photo-18x5.png 18w, https:\/\/divespot.es\/wp-content\/uploads\/2022\/02\/photo.png 530w\" sizes=\"(max-width: 300px) 100vw, 300px\" \/><\/p>\n<p><b>Transfer<\/b>. Je\u015bli potrzebujesz transportu z hotelu i z powrotem, mo\u017cesz go zam\u00f3wi\u0107 za dodatkow\u0105 op\u0142at\u0105 w dw\u00f3ch r\u00f3\u017cnych obszarach turystycznych. Je\u015bli Twoje miejsce pobytu nie jest uwzgl\u0119dnione na mapie, skontaktuj si\u0119 z nami. Mo\u017cemy zorganizowa\u0107 dla Ciebie indywidualny transport. <a href=\"https:\/\/divespot.es\/wp-content\/uploads\/2022\/04\/tenerife-map.jpg\" target=\"_blank\" rel=\"noopener\">Map\u0119 stref transportowych mo\u017cna sprawdzi\u0107 tutaj.<\/a><\/p>\n<p><img decoding=\"async\" loading=\"lazy\" class=\"alignnone wp-image-1060\" src=\"https:\/\/divespot.es\/wp-content\/uploads\/2022\/02\/Transfer.png\" alt=\"Transfer info\" width=\"406\" height=\"113\" srcset=\"https:\/\/divespot.es\/wp-content\/uploads\/2022\/02\/Transfer.png 675w, https:\/\/divespot.es\/wp-content\/uploads\/2022\/02\/Transfer-300x84.png 300w, https:\/\/divespot.es\/wp-content\/uploads\/2022\/02\/Transfer-600x167.png 600w\" sizes=\"(max-width: 406px) 100vw, 406px\" \/><\/p>\n<p><b>Data<\/b>. Wybierz dat\u0119 nurkowania. Zastrzegamy sobie prawo do zmiany terminu w celu lepszej organizacji naszej pracy w centrum nurkowym. Nasz asystent potwierdzi rezerwacj\u0119, podaj\u0105c szczeg\u00f3\u0142owe informacje.<\/p>\n<p><img decoding=\"async\" loading=\"lazy\" class=\"alignnone wp-image-1488\" src=\"https:\/\/divespot.es\/wp-content\/uploads\/2022\/03\/data-2-257x300.jpg\" alt=\"Data \" width=\"230\" height=\"268\" srcset=\"https:\/\/divespot.es\/wp-content\/uploads\/2022\/03\/data-2-257x300.jpg 257w, https:\/\/divespot.es\/wp-content\/uploads\/2022\/03\/data-2-300x351.jpg 300w, https:\/\/divespot.es\/wp-content\/uploads\/2022\/03\/data-2.jpg 558w\" sizes=\"(max-width: 230px) 100vw, 230px\" \/><\/p>\n<h4>Kasa i koszyk<\/h4>\n<p>Je\u015bli zam\u00f3wienie jest gotowe, naci\u015bnij przycisk \"Zarezerwuj teraz\". Zostaniesz przeniesiony do <a href=\"https:\/\/divespot.es\/pl\/checkout\/\">Strona kasy<\/a>.<br \/>\nJe\u015bli chcesz wprowadzi\u0107 zmiany w rezerwacji, znajdziesz nast\u0119puj\u0105ce opcje <a href=\"https:\/\/divespot.es\/pl\/cart\/\">Kosz<\/a> ikona znajduj\u0105ca si\u0119 w g\u00f3rnej cz\u0119\u015bci strony, kt\u00f3ra przeniesie Ci\u0119 do strony <a href=\"https:\/\/divespot.es\/pl\/cart\/\">W\u00f3zek<\/a>. Je\u015bli masz kupon rabatowy dla sta\u0142ych klient\u00f3w, mo\u017cesz zastosowa\u0107 go w koszyku i przej\u015b\u0107 do kasy.<br \/>\n<b>Strona kasy - szczeg\u00f3\u0142y rozliczenia<\/b>. Na tej stronie wype\u0142nisz swoje dane osobowe: imi\u0119, nazwisko, numer telefonu (nie zapomnij o prefiksie, kt\u00f3ry jest numerem kierunkowym kraju), adres e-mail (do potwierdzenia rezerwacji), j\u0119zyk, kt\u00f3rym pos\u0142ugujesz si\u0119 najlepiej, oraz dodatkowe j\u0119zyki, w kt\u00f3rych mo\u017cesz si\u0119 porozumiewa\u0107 (wybierz z listy. Je\u015bli znasz wi\u0119cej, napisz je w komentarzach).<\/p>\n<p><b>Punkt odbioru<\/b>. Je\u015bli zam\u00f3wi\u0142e\u015b p\u0142atn\u0105 us\u0142ug\u0119 transferu z hotelu, wprowad\u017a dok\u0142adn\u0105 pe\u0142n\u0105 nazw\u0119 hotelu, w tym miasto. Je\u015bli mieszkasz w apartamencie, wprowad\u017a dok\u0142adny adres: ulic\u0119 i numer, miasto, kod pocztowy, nazw\u0119 budynku i lokalizacj\u0119 Google, je\u015bli to mo\u017cliwe.<\/p>\n<p><b>Dodatkowe informacje<\/b>. Wprowad\u017a w tej sekcji wszelkie istotne informacje, o kt\u00f3rych chcesz nas poinformowa\u0107.<\/p>\n<h4>P\u0142atno\u015b\u0107.<\/h4>\n<p>Wprowad\u017a dane swojej karty bankowej i dokonaj wp\u0142aty. Otrzymasz automatyczne potwierdzenie na sw\u00f3j adres e-mail dotycz\u0105ce p\u0142atno\u015bci i statusu oczekuj\u0105cego procesu.<br \/>\nNast\u0119pnie nasz asystent potwierdzi rezerwacj\u0119 i poinformuje o szczeg\u00f3\u0142ach. Uwaga <b>w zam\u00f3wieniu mog\u0105 wyst\u0105pi\u0107 niewielkie zmiany<\/b>, takie jak godzina rozpocz\u0119cia lub godzina odbioru z hotelu. Zaj\u0119cia sportowe mog\u0105 ulec zmianie w ostatniej chwili, dlatego nale\u017cy upewni\u0107 si\u0119, \u017ce <b>Miej telefon zawsze pod r\u0119k\u0105<\/b> na wypadek, gdyby\u015bmy musieli si\u0119 z Tob\u0105 skontaktowa\u0107. W przypadku jakichkolwiek problem\u00f3w z rezerwacj\u0105 lub p\u0142atno\u015bci\u0105 prosimy o <a href=\"https:\/\/divespot.es\/pl\/contact\/\">skontaktuj si\u0119 z nami<\/a>.<\/p>","protected":false},"excerpt":{"rendered":"<p>Przeczytaj poni\u017cszy opis przed dokonaniem rezerwacji!<\/p>\n<p>Te ceny s\u0105 dost\u0119pne tylko przy rezerwacji online!<\/p>\n<p><a href=\"https:\/\/divespot.es\/wp-content\/uploads\/2022\/04\/tenerife-map.jpg\">MAPA STREF TRANSPORTOWYCH<\/a><\/p>","protected":false},"featured_media":2667,"template":"","meta":[],"product_cat":[28],"product_tag":[46,44,33],"aioseo_notices":[],"_links":{"self":[{"href":"https:\/\/divespot.es\/pl\/wp-json\/wp\/v2\/product\/952"}],"collection":[{"href":"https:\/\/divespot.es\/pl\/wp-json\/wp\/v2\/product"}],"about":[{"href":"https:\/\/divespot.es\/pl\/wp-json\/wp\/v2\/types\/product"}],"wp:featuredmedia":[{"embeddable":true,"href":"https:\/\/divespot.es\/pl\/wp-json\/wp\/v2\/media\/2667"}],"wp:attachment":[{"href":"https:\/\/divespot.es\/pl\/wp-json\/wp\/v2\/media?parent=952"}],"wp:term":[{"taxonomy":"product_cat","embeddable":true,"href":"https:\/\/divespot.es\/pl\/wp-json\/wp\/v2\/product_cat?post=952"},{"taxonomy":"product_tag","embeddable":true,"href":"https:\/\/divespot.es\/pl\/wp-json\/wp\/v2\/product_tag?post=952"}],"curies":[{"name":"wp","href":"https:\/\/api.w.org\/{rel}","templated":true}]}}