{"id":824,"date":"2022-03-10T16:35:21","date_gmt":"2022-03-10T16:35:21","guid":{"rendered":"https:\/\/divespot.es\/?post_type=product&#038;p=824"},"modified":"2022-12-28T14:32:29","modified_gmt":"2022-12-28T14:32:29","slug":"one-day","status":"publish","type":"product","link":"https:\/\/divespot.es\/pl\/produkt\/one-day\/","title":{"rendered":"Jeden dzie\u0144 nurkowania"},"content":{"rendered":"<h4>Jednodniowy pakiet z dwoma nurkowaniami.<\/h4>\n<p>Wybierz dni i do\u0142\u0105cz do naszych nurkowa\u0144. Je\u015bli chcesz dowiedzie\u0107 si\u0119 wi\u0119cej o specyfikacjach nurkowania na Teneryfie, wr\u00f3\u0107 do strony <a href=\"https:\/\/divespot.es\/pl\/kategoria-produktu\/dive-package\/\">Pakiety nurkowe<\/a> opis. Informacje o miejscach nurkowych <a href=\"https:\/\/divespot.es\/pl\/best-dive-spots-in-tenerife\/\">Tutaj<\/a>. A je\u015bli chcesz zdoby\u0107 bardziej szczeg\u00f3\u0142ow\u0105 wiedz\u0119, odwied\u017a nasz blog - . <a href=\"https:\/\/divespot.es\/pl\/this-is-interesting\/\">To jest ciekawe<\/a>.<\/p>\n<div>\n<h4>Jak dokona\u0107 rezerwacji?<\/h4>\n<p>Zanim zaczniesz, zapoznaj si\u0119 z nasz\u0105 <a href=\"https:\/\/divespot.es\/pl\/terms-and-conditions\/\" target=\"_blank\" rel=\"noopener\">Regulamin<\/a>, <a href=\"https:\/\/divespot.es\/pl\/privacy-policy\/\" target=\"_blank\" rel=\"noopener\">Polityka Prywatno\u015bci<\/a> oraz <a href=\"https:\/\/divespot.es\/pl\/cancelling-and-refunding-policy\/\" target=\"_blank\" rel=\"noopener\">Zasady anulowania i zwrotu koszt\u00f3w<\/a>. Aby dokona\u0107 rezerwacji, nale\u017cy posiada\u0107 kart\u0119 bankow\u0105 i wp\u0142aci\u0107 niewielki depozyt. Je\u015bli nie masz karty lub masz problemy z p\u0142atno\u015bci\u0105 online, prosimy o <a href=\"https:\/\/divespot.es\/pl\/contact\/\">skontaktuj si\u0119 z nami<\/a> a my ustalimy inn\u0105 metod\u0119 p\u0142atno\u015bci. Pami\u0119taj, \u017ce promocyjne ceny obowi\u0105zuj\u0105 tylko w przypadku rezerwacji online dokonanych co najmniej jeden dzie\u0144 przed nurkowaniem.<\/p>\n<p>Najcz\u0119\u015bciej zadawane pytania i odpowiedzi mo\u017cna znale\u017a\u0107 na stronie <a href=\"https:\/\/divespot.es\/pl\/questions-answers\/\">TUTAJ<\/a>. Mo\u017cesz r\u00f3wnie\u017c zadawa\u0107 pytania naszemu asystentowi na czacie online.<\/p>\n<\/div>\n<h4>Przeczytaj poni\u017csze wskaz\u00f3wki i wyja\u015bnienia:<\/h4>\n<p>Okno rezerwacji znajduje si\u0119 w prawym g\u00f3rnym rogu tej strony.<\/p>\n<p><strong>Wprowad\u017a numer<\/strong> uczestnik\u00f3w. Je\u015bli jeste\u015b sam, wybierz 1. Je\u015bli jeste\u015b grup\u0105, wybierz liczb\u0119 nurk\u00f3w.<\/p>\n<p><img decoding=\"async\" loading=\"lazy\" class=\"alignnone wp-image-1525\" src=\"https:\/\/divespot.es\/wp-content\/uploads\/2022\/03\/1-Day.jpg\" alt=\"One day\" width=\"593\" height=\"49\" srcset=\"https:\/\/divespot.es\/wp-content\/uploads\/2022\/03\/1-Day.jpg 774w, https:\/\/divespot.es\/wp-content\/uploads\/2022\/03\/1-Day-300x25.jpg 300w, https:\/\/divespot.es\/wp-content\/uploads\/2022\/03\/1-Day-768x64.jpg 768w, https:\/\/divespot.es\/wp-content\/uploads\/2022\/03\/1-Day-600x50.jpg 600w\" sizes=\"(max-width: 593px) 100vw, 593px\" \/><\/p>\n<p><strong>Dodatkowe opcje<\/strong>. Zaznacz dodatkowe opcje, kt\u00f3re chcesz doda\u0107 do zam\u00f3wienia.<\/p>\n<p><strong>Podwodny \u015bwiat noc\u0105<\/strong> jest zupe\u0142nie inna. Zach\u0119camy do zarezerwowania nurkowania nocnego jako dodatkowego nurkowania w dowolnym dniu pakietu.<\/p>\n<p><img decoding=\"async\" loading=\"lazy\" class=\"alignnone wp-image-1521\" src=\"https:\/\/divespot.es\/wp-content\/uploads\/2022\/03\/ad-night-dive.jpg\" alt=\"Night dive\" width=\"595\" height=\"50\" srcset=\"https:\/\/divespot.es\/wp-content\/uploads\/2022\/03\/ad-night-dive.jpg 774w, https:\/\/divespot.es\/wp-content\/uploads\/2022\/03\/ad-night-dive-300x25.jpg 300w, https:\/\/divespot.es\/wp-content\/uploads\/2022\/03\/ad-night-dive-768x64.jpg 768w, https:\/\/divespot.es\/wp-content\/uploads\/2022\/03\/ad-night-dive-600x50.jpg 600w\" sizes=\"(max-width: 595px) 100vw, 595px\" \/><\/p>\n<p><strong>Nurkowanie z \u0142odzi<\/strong>. Za nurkowanie z \u0142odzi RIB pobieramy dodatkow\u0105 op\u0142at\u0119. Uwaga, jest to wy\u017cszy stopie\u0144 trudno\u015bci! Nie zalecamy tej opcji dla niedo\u015bwiadczonych nurk\u00f3w.<\/p>\n<p><img decoding=\"async\" loading=\"lazy\" class=\"alignnone wp-image-1526\" src=\"https:\/\/divespot.es\/wp-content\/uploads\/2022\/03\/Boat.jpg\" alt=\"Bout dive\" width=\"595\" height=\"50\" srcset=\"https:\/\/divespot.es\/wp-content\/uploads\/2022\/03\/Boat.jpg 774w, https:\/\/divespot.es\/wp-content\/uploads\/2022\/03\/Boat-300x25.jpg 300w, https:\/\/divespot.es\/wp-content\/uploads\/2022\/03\/Boat-768x64.jpg 768w, https:\/\/divespot.es\/wp-content\/uploads\/2022\/03\/Boat-600x50.jpg 600w\" sizes=\"(max-width: 595px) 100vw, 595px\" \/><\/p>\n<p>Wiele interesuj\u0105cych miejsc nurkowych wymaga <strong>licencja na nurkowanie do g\u0142\u0119boko\u015bci 40 metr\u00f3w<\/strong>. Rozwi\u0144 swoje kwalifikacje i do\u0142\u0105cz z nami do kursu Deep Diver. Szkolenie trwa 2 dodatkowe dni.<\/p>\n<p><img decoding=\"async\" loading=\"lazy\" class=\"alignnone wp-image-1788\" src=\"https:\/\/divespot.es\/wp-content\/uploads\/2022\/03\/deep-diver2.jpg\" alt=\"Deep course\" width=\"595\" height=\"50\" srcset=\"https:\/\/divespot.es\/wp-content\/uploads\/2022\/03\/deep-diver2.jpg 774w, https:\/\/divespot.es\/wp-content\/uploads\/2022\/03\/deep-diver2-300x25.jpg 300w, https:\/\/divespot.es\/wp-content\/uploads\/2022\/03\/deep-diver2-768x64.jpg 768w, https:\/\/divespot.es\/wp-content\/uploads\/2022\/03\/deep-diver2-600x50.jpg 600w\" sizes=\"(max-width: 595px) 100vw, 595px\" \/><\/p>\n<p><strong>Scuba Review<\/strong>. Je\u015bli nurek nie nurkowa\u0142 przez dwa lata lub d\u0142u\u017cej, powinien od\u015bwie\u017cy\u0107 swoje umiej\u0119tno\u015bci nurkowe. Podczas programu Scuba Review nurek aktualizuje swoj\u0105 podstawow\u0105 wiedz\u0119 i umiej\u0119tno\u015bci podwodne. Szkolenie to odbywa si\u0119 podczas pierwszego nurkowania.<\/p>\n<p><img decoding=\"async\" loading=\"lazy\" class=\"alignnone wp-image-1522\" src=\"https:\/\/divespot.es\/wp-content\/uploads\/2022\/03\/Scuba-review.jpg\" alt=\"Scuba review\" width=\"694\" height=\"69\" srcset=\"https:\/\/divespot.es\/wp-content\/uploads\/2022\/03\/Scuba-review.jpg 774w, https:\/\/divespot.es\/wp-content\/uploads\/2022\/03\/Scuba-review-300x30.jpg 300w, https:\/\/divespot.es\/wp-content\/uploads\/2022\/03\/Scuba-review-768x76.jpg 768w, https:\/\/divespot.es\/wp-content\/uploads\/2022\/03\/Scuba-review-600x60.jpg 600w\" sizes=\"(max-width: 694px) 100vw, 694px\" \/><\/p>\n<p><strong>Wynajem sprz\u0119tu.<\/strong> Wielu nurk\u00f3w podr\u00f3\u017cuje z w\u0142asnym sprz\u0119tem do nurkowania. Je\u015bli nie masz sprz\u0119tu, mo\u017cesz wypo\u017cyczy\u0107 ca\u0142y zestaw od nas.<\/p>\n<p><img decoding=\"async\" loading=\"lazy\" class=\"alignnone wp-image-1527\" src=\"https:\/\/divespot.es\/wp-content\/uploads\/2022\/03\/Equipmant-1-day.jpg\" alt=\"Equipmant renting 1 day\" width=\"550\" height=\"115\" srcset=\"https:\/\/divespot.es\/wp-content\/uploads\/2022\/03\/Equipmant-1-day.jpg 622w, https:\/\/divespot.es\/wp-content\/uploads\/2022\/03\/Equipmant-1-day-300x63.jpg 300w, https:\/\/divespot.es\/wp-content\/uploads\/2022\/03\/Equipmant-1-day-600x125.jpg 600w\" sizes=\"(max-width: 550px) 100vw, 550px\" \/><\/p>\n<p><strong>Zdj\u0119cia i filmy<\/strong> pierwszego nurkowania. Je\u015bli chcesz, aby instruktor wykona\u0142 dla Ciebie podwodne zdj\u0119cia, zaznacz: Tak, prosz\u0119.<\/p>\n<p><img decoding=\"async\" loading=\"lazy\" class=\"alignnone wp-image-1059\" src=\"https:\/\/divespot.es\/wp-content\/uploads\/2022\/02\/foto.png\" alt=\"foto video\" width=\"408\" height=\"64\" srcset=\"https:\/\/divespot.es\/wp-content\/uploads\/2022\/02\/foto.png 675w, https:\/\/divespot.es\/wp-content\/uploads\/2022\/02\/foto-300x47.png 300w, https:\/\/divespot.es\/wp-content\/uploads\/2022\/02\/foto-600x94.png 600w\" sizes=\"(max-width: 408px) 100vw, 408px\" \/><\/p>\n<p><strong>Ubezpieczenie nurkowe<\/strong> jest obowi\u0105zkowe w Hiszpanii. Ka\u017cdy nurek musi posiada\u0107 w\u0142asne indywidualne ubezpieczenie. Je\u015bli go nie posiadasz, mo\u017cesz wykupi\u0107 je u nas.<\/p>\n<p><img decoding=\"async\" loading=\"lazy\" class=\"alignnone wp-image-1529\" src=\"https:\/\/divespot.es\/wp-content\/uploads\/2022\/03\/insurance.jpg\" alt=\"scuba insurance\" width=\"308\" height=\"243\" srcset=\"https:\/\/divespot.es\/wp-content\/uploads\/2022\/03\/insurance.jpg 376w, https:\/\/divespot.es\/wp-content\/uploads\/2022\/03\/insurance-300x236.jpg 300w\" sizes=\"(max-width: 308px) 100vw, 308px\" \/><\/p>\n<p><strong>Transfer<\/strong>. Je\u015bli potrzebujesz transportu z hotelu iz powrotem, mo\u017cesz zam\u00f3wi\u0107 go za dodatkow\u0105 op\u0142at\u0105 w dw\u00f3ch r\u00f3\u017cnych obszarach turystycznych. Je\u015bli mapa nie obejmuje miejsca pobytu, prosimy o kontakt, mo\u017cliwe jest zorganizowanie indywidualnego transportu. <a href=\"https:\/\/divespot.es\/wp-content\/uploads\/2022\/04\/tenerife-map.jpg\" target=\"_blank\" rel=\"noopener\">MAPA TENERYFY<\/a><\/p>\n<p><img decoding=\"async\" loading=\"lazy\" class=\"alignnone wp-image-1060\" src=\"https:\/\/divespot.es\/wp-content\/uploads\/2022\/02\/Transfer.png\" alt=\"Transfer info\" width=\"406\" height=\"113\" srcset=\"https:\/\/divespot.es\/wp-content\/uploads\/2022\/02\/Transfer.png 675w, https:\/\/divespot.es\/wp-content\/uploads\/2022\/02\/Transfer-300x84.png 300w, https:\/\/divespot.es\/wp-content\/uploads\/2022\/02\/Transfer-600x167.png 600w\" sizes=\"(max-width: 406px) 100vw, 406px\" \/><\/p>\n<p><strong>Data<\/strong>. Wybierz dat\u0119 nurkowania. Czas spotkania w centrum nurkowym jest zaplanowany na godzin\u0119 9:30. W przypadku nurkowania z \u0142odzi mo\u017ce ona ulec zmianie.<\/p>\n<p><img decoding=\"async\" loading=\"lazy\" class=\"alignnone wp-image-1488\" src=\"https:\/\/divespot.es\/wp-content\/uploads\/2022\/03\/data-2-257x300.jpg\" alt=\"Data \" width=\"230\" height=\"268\" srcset=\"https:\/\/divespot.es\/wp-content\/uploads\/2022\/03\/data-2-257x300.jpg 257w, https:\/\/divespot.es\/wp-content\/uploads\/2022\/03\/data-2-300x351.jpg 300w, https:\/\/divespot.es\/wp-content\/uploads\/2022\/03\/data-2.jpg 558w\" sizes=\"(max-width: 230px) 100vw, 230px\" \/><\/p>\n<p><strong>Poziom szkolenia<\/strong>. Wprowad\u017a tutaj nazw\u0119 swojej organizacji nurkowej i rodzaj licencji. Informacje te s\u0105 potrzebne do okre\u015blenia maksymalnej dozwolonej g\u0142\u0119boko\u015bci.<\/p>\n<p><img decoding=\"async\" loading=\"lazy\" class=\"alignnone wp-image-1530\" src=\"https:\/\/divespot.es\/wp-content\/uploads\/2022\/03\/licence.jpg\" alt=\"Dive level\" width=\"503\" height=\"64\" srcset=\"https:\/\/divespot.es\/wp-content\/uploads\/2022\/03\/licence.jpg 762w, https:\/\/divespot.es\/wp-content\/uploads\/2022\/03\/licence-300x38.jpg 300w, https:\/\/divespot.es\/wp-content\/uploads\/2022\/03\/licence-600x76.jpg 600w\" sizes=\"(max-width: 503px) 100vw, 503px\" \/><\/p>\n<p><strong>Zarejestrowane nurkowania<\/strong>. W pierwszym polu wpisz, ile nurkowa\u0144 wykona\u0142e\u015b do tej pory. W drugim polu wpisz, kiedy nurkowa\u0142e\u015b ostatni raz: ile miesi\u0119cy lub lat temu.<\/p>\n<p><img decoding=\"async\" loading=\"lazy\" class=\"alignnone wp-image-1531\" src=\"https:\/\/divespot.es\/wp-content\/uploads\/2022\/03\/loged-dives.jpg\" alt=\"amount of dives\" width=\"544\" height=\"73\" srcset=\"https:\/\/divespot.es\/wp-content\/uploads\/2022\/03\/loged-dives.jpg 768w, https:\/\/divespot.es\/wp-content\/uploads\/2022\/03\/loged-dives-300x40.jpg 300w, https:\/\/divespot.es\/wp-content\/uploads\/2022\/03\/loged-dives-600x80.jpg 600w\" sizes=\"(max-width: 544px) 100vw, 544px\" \/><\/p>\n<h4>Kasa i koszyk<\/h4>\n<p>Je\u015bli zam\u00f3wienie jest gotowe, naci\u015bnij - Zarezerwuj teraz.<br \/>\nZostaniesz przeniesiony do <a href=\"https:\/\/divespot.es\/pl\/checkout\/\">Strona kasy<\/a>.<br \/>\nJe\u015bli chcesz dokona\u0107 zmian w rezerwacji, w g\u00f3rnej cz\u0119\u015bci strony znajdziesz opcj\u0119 <a href=\"https:\/\/divespot.es\/pl\/cart\/\">Kosz<\/a> kt\u00f3ra przeniesie Ci\u0119 do ikony <a href=\"https:\/\/divespot.es\/pl\/cart\/\">Strona koszyka<\/a>. Je\u015bli masz kupon rabatowy dla sta\u0142ych klient\u00f3w, mo\u017cesz zastosowa\u0107 go w koszyku i przej\u015b\u0107 do kasy.<\/p>\n<p><strong>Strona kasy - szczeg\u00f3\u0142y rozliczenia<\/strong>. Na tej stronie wype\u0142nisz swoje dane osobowe:<br \/>\nImi\u0119, nazwisko,<br \/>\nnumer telefonu (nie zapomnij o prefiksie - numer kierunkowy kraju),<br \/>\nadres e-mail (do potwierdzenia rezerwacji),<br \/>\nj\u0119zyk, kt\u00f3rym pos\u0142ugujesz si\u0119 najlepiej oraz dodatkowe j\u0119zyki, w kt\u00f3rych potrafisz si\u0119 porozumiewa\u0107 (podane na li\u015bcie; je\u015bli znasz ich wi\u0119cej, napisz w komentarzach),<\/p>\n<p><strong>Punkt odbioru<\/strong> (je\u015bli zamawiasz p\u0142atn\u0105 us\u0142ug\u0119 transferu z hotelu) wpisz dok\u0142adn\u0105 pe\u0142n\u0105 nazw\u0119 hotelu wraz z miastem. Je\u015bli zatrzymujesz si\u0119 w apartamencie, podaj dok\u0142adny adres: ulic\u0119 i numer, miasto, kod pocztowy, nazw\u0119 budynku i lokalizacj\u0119 Google, je\u015bli to mo\u017cliwe. <a href=\"https:\/\/divespot.es\/wp-content\/uploads\/2022\/04\/tenerife-map.jpg\" target=\"_blank\" rel=\"noopener\">Mapa<\/a><\/p>\n<p><strong>Dodatkowe informacje<\/strong>. Wska\u017c tutaj wszelkie informacje, kt\u00f3re uwa\u017casz za istotne i kt\u00f3re chcesz nam przekaza\u0107.<\/p>\n<h4>P\u0142atno\u015b\u0107.<\/h4>\n<p>Wprowad\u017a dane swojej karty bankowej i wp\u0142a\u0107 depozyt.<br \/>\nOtrzymasz automatyczne potwierdzenie na sw\u00f3j adres e-mail dotycz\u0105ce p\u0142atno\u015bci i statusu procesu OCZEKUJ\u0104CY.<br \/>\nNast\u0119pnie nasz asystent potwierdzi rezerwacj\u0119 i poinformuje o szczeg\u00f3\u0142ach. Nale\u017cy pami\u0119ta\u0107, \u017ce mog\u0105 wyst\u0105pi\u0107 drobne zmiany w zam\u00f3wieniu! Np. czas rozpocz\u0119cia lub czas transferu do hotelu. Zaj\u0119cia sportowe mog\u0105 ulec zmianie w ostatniej chwili, dlatego nale\u017cy by\u0107 pod telefonem podanym w rezerwacji!<br \/>\nJe\u015bli masz problem z rezerwacj\u0105 lub p\u0142atno\u015bci\u0105, skontaktuj si\u0119 z naszym asystentem na czacie online. Link znajduje si\u0119 w prawym dolnym rogu strony. W stopce strony znajdziesz wi\u0119cej opcji kontaktu.<\/p>","protected":false},"excerpt":{"rendered":"<p>Przeczytaj poni\u017cszy opis przed dokonaniem rezerwacji!<\/p>\n<p>Te ceny s\u0105 dost\u0119pne tylko przy rezerwacji online!<\/p>","protected":false},"featured_media":2673,"template":"","meta":[],"product_cat":[30],"product_tag":[41,33,42],"aioseo_notices":[],"_links":{"self":[{"href":"https:\/\/divespot.es\/pl\/wp-json\/wp\/v2\/product\/824"}],"collection":[{"href":"https:\/\/divespot.es\/pl\/wp-json\/wp\/v2\/product"}],"about":[{"href":"https:\/\/divespot.es\/pl\/wp-json\/wp\/v2\/types\/product"}],"wp:featuredmedia":[{"embeddable":true,"href":"https:\/\/divespot.es\/pl\/wp-json\/wp\/v2\/media\/2673"}],"wp:attachment":[{"href":"https:\/\/divespot.es\/pl\/wp-json\/wp\/v2\/media?parent=824"}],"wp:term":[{"taxonomy":"product_cat","embeddable":true,"href":"https:\/\/divespot.es\/pl\/wp-json\/wp\/v2\/product_cat?post=824"},{"taxonomy":"product_tag","embeddable":true,"href":"https:\/\/divespot.es\/pl\/wp-json\/wp\/v2\/product_tag?post=824"}],"curies":[{"name":"wp","href":"https:\/\/api.w.org\/{rel}","templated":true}]}}