{"id":477,"date":"2022-02-23T10:27:46","date_gmt":"2022-02-23T10:27:46","guid":{"rendered":"https:\/\/divespot.es\/?post_type=product&#038;p=477"},"modified":"2024-08-08T16:05:19","modified_gmt":"2024-08-08T16:05:19","slug":"trial-dive-for-beginner","status":"publish","type":"product","link":"https:\/\/divespot.es\/pl\/produkt\/trial-dive-for-beginner\/","title":{"rendered":"Nurkowanie Pr\u00f3bne \u2013 Dla Pocz\u0105tkuj\u0105cych"},"content":{"rendered":"<h4>Czym jest program Trial Dive i dla kogo jest oferowany?<\/h4>\n<p>A <strong>Nurkowanie pr\u00f3bne<\/strong> na <em>Centrum Nurkowe Dive Spot<\/em> to program nurkowania z akwalungiem (sprz\u0119tem do oddychania pod wod\u0105) dla os\u00f3b, kt\u00f3re nie posiadaj\u0105 licencji nurka. Ten program jest r\u00f3wnie\u017c znany jako: <em>Wprowadzenie do nurkowania, nurkowanie wst\u0119pne, nurek podstawowy, spr\u00f3buj nurkowania itp.<\/em><br \/>\n\u015arednia g\u0142\u0119boko\u015b\u0107 takiego nurkowania to 6-8 metr\u00f3w. Zobaczymy lokaln\u0105 raf\u0119 wulkaniczn\u0105 bogat\u0105 w podwodne \u017cycie. Wiele gatunk\u00f3w ryb, kraby, o\u015bmiornice i p\u0142aszczki.<\/p>\n<h4>Czym r\u00f3\u017cni si\u0119 nurkowanie pr\u00f3bne w naszym centrum nurkowym i dlaczego jest najlepsze?<\/h4>\n<p>Dla wygody naszych klient\u00f3w w Dive Spot nurkowania pr\u00f3bne organizowane s\u0105 w grupach 1-2 osobowych, z jednym instruktorem i mo\u017cna wybra\u0107 nurkowanie z brzegu lub spod lodu. U\u017cywamy nowego, niezawodnego sprz\u0119tu.<\/p>\n<h4>Jak si\u0119 przygotowa\u0107 i jakie s\u0105 wymagania?<\/h4>\n<p>Nie musisz mie\u0107 \u017cadnego wcze\u015bniejszego do\u015bwiadczenia ani umie\u0107 p\u0142ywa\u0107! Wystarczy mie\u0107 uko\u0144czone 8 lat i nie ba\u0107 si\u0119 zamoczy\u0107. Musisz zabra\u0107 ze sob\u0105 tylko str\u00f3j k\u0105pielowy i r\u0119cznik, my zapewnimy reszt\u0119.<\/p>\n<h4>Jak dokona\u0107 rezerwacji?<\/h4>\n<p>Zanim zaczniesz, zapoznaj si\u0119 z nasz\u0105 <a href=\"https:\/\/divespot.es\/pl\/terms-and-conditions\/\">Regulamin<\/a>, <a href=\"https:\/\/divespot.es\/pl\/privacy-policy\/\">Polityka Prywatno\u015bci<\/a> oraz <a href=\"https:\/\/divespot.es\/pl\/cancelling-and-refunding-policy\/\">Zasady anulowania i zwrotu koszt\u00f3w<\/a>. Aby dokona\u0107 rezerwacji, nale\u017cy posiada\u0107 kart\u0119 bankow\u0105 i wp\u0142aci\u0107 niewielki depozyt. Je\u015bli nie masz karty lub masz problemy z p\u0142atno\u015bci\u0105 online, prosimy o <a href=\"https:\/\/divespot.es\/pl\/contact\/\">skontaktuj si\u0119 z nami<\/a> a my ustalimy inn\u0105 metod\u0119 p\u0142atno\u015bci. Pami\u0119taj, \u017ce promocyjne ceny obowi\u0105zuj\u0105 tylko w przypadku rezerwacji online dokonanych co najmniej jeden dzie\u0144 przed nurkowaniem.<\/p>\n<p>Najcz\u0119\u015bciej zadawane pytania i odpowiedzi mo\u017cna znale\u017a\u0107 na stronie <a href=\"https:\/\/divespot.es\/pl\/questions-answers\/\">TUTAJ<\/a>.<\/p>\n<h4>Przeczytaj poni\u017csze wskaz\u00f3wki i wyja\u015bnienia:<\/h4>\n<p>Okno rezerwacji znajduje si\u0119 w prawym g\u00f3rnym rogu tej strony.<\/p>\n<p><strong>Wybierz d\u0142ugo\u015b\u0107 nurkowania<\/strong> 20 lub 40 minut i <strong>rodzaj nurkowania<\/strong> z wybrze\u017ca lub z \u0142odzi. Czas zabawy mija bardzo szybko, dlatego stworzyli\u015bmy opcj\u0119 40-minutowego nurkowania, aby\u015b mia\u0142 wi\u0119cej czasu na zabaw\u0119. Wprowad\u017a liczb\u0119 uczestnik\u00f3w dla odpowiedniej opcji.<\/p>\n<p><img decoding=\"async\" loading=\"lazy\" class=\"alignnone size-medium wp-image-3750\" src=\"https:\/\/divespot.es\/wp-content\/uploads\/2022\/02\/trial-300x249.png\" alt=\"\" width=\"300\" height=\"249\" srcset=\"https:\/\/divespot.es\/wp-content\/uploads\/2022\/02\/trial-300x249.png 300w, https:\/\/divespot.es\/wp-content\/uploads\/2022\/02\/trial-14x12.png 14w, https:\/\/divespot.es\/wp-content\/uploads\/2022\/02\/trial-600x498.png 600w, https:\/\/divespot.es\/wp-content\/uploads\/2022\/02\/trial.png 656w\" sizes=\"(max-width: 300px) 100vw, 300px\" \/><\/p>\n<p><strong>Dodatkowe opcje<\/strong>. Zaznacz dodatkowe opcje, kt\u00f3re chcesz doda\u0107 do zam\u00f3wienia.<br \/>\n<strong>Zdj\u0119cia i filmy<\/strong> pierwszego nurkowania. Je\u015bli chcesz, aby instruktor wykona\u0142 dla Ciebie podwodne zdj\u0119cia, zaznacz: Tak, prosz\u0119.<\/p>\n<p><img decoding=\"async\" loading=\"lazy\" class=\"alignnone size-medium wp-image-3751\" src=\"https:\/\/divespot.es\/wp-content\/uploads\/2022\/02\/photo-300x87.png\" alt=\"\" width=\"300\" height=\"87\" srcset=\"https:\/\/divespot.es\/wp-content\/uploads\/2022\/02\/photo-300x87.png 300w, https:\/\/divespot.es\/wp-content\/uploads\/2022\/02\/photo-18x5.png 18w, https:\/\/divespot.es\/wp-content\/uploads\/2022\/02\/photo.png 530w\" sizes=\"(max-width: 300px) 100vw, 300px\" \/><\/p>\n<p><strong>Transfer<\/strong>. Je\u015bli potrzebujesz transportu z hotelu iz powrotem, mo\u017cesz zam\u00f3wi\u0107 go za dodatkow\u0105 op\u0142at\u0105 w dw\u00f3ch r\u00f3\u017cnych obszarach turystycznych. Je\u015bli mapa nie obejmuje miejsca pobytu, prosimy o kontakt, mo\u017cliwe jest zorganizowanie indywidualnego transportu. <a href=\"https:\/\/divespot.es\/wp-content\/uploads\/2022\/04\/tenerife-map.jpg\" target=\"_blank\" rel=\"noopener\">MAPA TENERYFY<\/a><\/p>\n<p><img decoding=\"async\" loading=\"lazy\" class=\"alignnone wp-image-1060\" src=\"https:\/\/divespot.es\/wp-content\/uploads\/2022\/02\/Transfer.png\" alt=\"Transfer info\" width=\"400\" height=\"111\" srcset=\"https:\/\/divespot.es\/wp-content\/uploads\/2022\/02\/Transfer.png 675w, https:\/\/divespot.es\/wp-content\/uploads\/2022\/02\/Transfer-300x84.png 300w, https:\/\/divespot.es\/wp-content\/uploads\/2022\/02\/Transfer-600x167.png 600w\" sizes=\"(max-width: 400px) 100vw, 400px\" \/><\/p>\n<p><strong>Data<\/strong>. Wybierz dat\u0119 nurkowania. Wybierz dost\u0119pn\u0105 godzin\u0119 rozpocz\u0119cia. Zastrzegamy sobie prawo do zmiany godziny w celu lepszej organizacji naszej pracy w centrum nurkowym. Nasz asystent potwierdzi rezerwacj\u0119, podaj\u0105c szczeg\u00f3\u0142owe informacje.<\/p>\n<p><img decoding=\"async\" loading=\"lazy\" class=\"alignnone wp-image-1488\" src=\"https:\/\/divespot.es\/wp-content\/uploads\/2022\/03\/data-2-257x300.jpg\" alt=\"Data\" width=\"234\" height=\"273\" srcset=\"https:\/\/divespot.es\/wp-content\/uploads\/2022\/03\/data-2-257x300.jpg 257w, https:\/\/divespot.es\/wp-content\/uploads\/2022\/03\/data-2-300x351.jpg 300w, https:\/\/divespot.es\/wp-content\/uploads\/2022\/03\/data-2.jpg 558w\" sizes=\"(max-width: 234px) 100vw, 234px\" \/>\u00a0 \u00a0 \u00a0 \u00a0 \u00a0 \u00a0 \u00a0 \u00a0 \u00a0 \u00a0 \u00a0 \u00a0 <img decoding=\"async\" loading=\"lazy\" class=\"alignnone wp-image-1063\" src=\"https:\/\/divespot.es\/wp-content\/uploads\/2022\/02\/Start-time.png\" alt=\"Time\" width=\"354\" height=\"159\" srcset=\"https:\/\/divespot.es\/wp-content\/uploads\/2022\/02\/Start-time.png 675w, https:\/\/divespot.es\/wp-content\/uploads\/2022\/02\/Start-time-300x135.png 300w, https:\/\/divespot.es\/wp-content\/uploads\/2022\/02\/Start-time-600x270.png 600w\" sizes=\"(max-width: 354px) 100vw, 354px\" \/><\/p>\n<h4>Kasa i koszyk<\/h4>\n<p>Je\u015bli zam\u00f3wienie jest gotowe, naci\u015bnij - Zarezerwuj teraz.<br \/>\nZostaniesz przeniesiony do <a href=\"https:\/\/divespot.es\/pl\/checkout\/\">Strona kasy<\/a>.<br \/>\nJe\u015bli chcesz dokona\u0107 zmian w rezerwacji, w g\u00f3rnej cz\u0119\u015bci strony znajdziesz opcj\u0119 <a href=\"https:\/\/divespot.es\/pl\/cart\/\">Kosz<\/a> kt\u00f3ra przeniesie Ci\u0119 do ikony <a href=\"https:\/\/divespot.es\/pl\/cart\/\">Strona koszyka<\/a>. Je\u015bli masz kupon rabatowy dla sta\u0142ych klient\u00f3w, mo\u017cesz zastosowa\u0107 go w koszyku i przej\u015b\u0107 do kasy.<\/p>\n<p><strong>Strona kasy - szczeg\u00f3\u0142y rozliczenia<\/strong>. Na tej stronie wype\u0142nisz swoje dane osobowe:<br \/>\nImi\u0119, Nazwisko,<br \/>\nnumer telefonu (nie zapomnij o prefiksie - numer kierunkowy kraju),<br \/>\nadres e-mail (do potwierdzenia rezerwacji),<br \/>\nj\u0119zyk, kt\u00f3rym pos\u0142ugujesz si\u0119 najlepiej oraz dodatkowe j\u0119zyki, w kt\u00f3rych potrafisz si\u0119 porozumiewa\u0107 (podane na li\u015bcie, je\u015bli znasz wi\u0119cej, napisz w komentarzach),<\/p>\n<p><strong>Punkt odbioru<\/strong> (je\u015bli zamawiasz p\u0142atn\u0105 us\u0142ug\u0119 transferu z hotelu) wprowad\u017a dok\u0142adn\u0105 pe\u0142n\u0105 nazw\u0119 hotelu wraz z miastem. Je\u015bli zatrzymujesz si\u0119 w apartamencie, wprowad\u017a dok\u0142adny adres: ulic\u0119 i numer, miasto, kod pocztowy, nazw\u0119 budynku i lokalizacj\u0119 Google, je\u015bli to mo\u017cliwe. <a href=\"https:\/\/divespot.es\/wp-content\/uploads\/2022\/04\/tenerife-map.jpg\" target=\"_blank\" rel=\"noopener\">Mapa<\/a><\/p>\n<p><strong>Dodatkowe informacje<\/strong>. Wprowad\u017a tutaj informacje, kt\u00f3re uwa\u017casz za istotne i kt\u00f3re chcesz nam przekaza\u0107.<\/p>\n<h4>P\u0142atno\u015b\u0107.<\/h4>\n<p>Wprowad\u017a dane swojej karty bankowej i wp\u0142a\u0107 depozyt.<br \/>\nOtrzymasz automatyczne potwierdzenie na sw\u00f3j adres e-mail dotycz\u0105ce p\u0142atno\u015bci i statusu procesu OCZEKUJ\u0104CY.<br \/>\nNast\u0119pnie nasz asystent potwierdzi rezerwacj\u0119 i poinformuje o szczeg\u00f3\u0142ach. Nale\u017cy pami\u0119ta\u0107, \u017ce mog\u0105 wyst\u0105pi\u0107 drobne zmiany w zam\u00f3wieniu! Np. czas rozpocz\u0119cia lub czas transferu do hotelu. Zaj\u0119cia sportowe mog\u0105 ulec zmianie w ostatniej chwili, dlatego nale\u017cy by\u0107 pod telefonem podanym w rezerwacji!<br \/>\nJe\u015bli masz problem z rezerwacj\u0105 lub p\u0142atno\u015bci\u0105, skontaktuj si\u0119 z naszym asystentem na czacie online. Link znajduje si\u0119 w prawym dolnym rogu strony. W stopce strony znajdziesz wi\u0119cej opcji kontaktu.<\/p>\n<p>&nbsp;<\/p>","protected":false},"excerpt":{"rendered":"<p>Przeczytaj poni\u017cszy opis przed dokonaniem rezerwacji!<br \/>\nTe ceny s\u0105 dost\u0119pne tylko przy rezerwacji online!<\/p>\n<p><a href=\"https:\/\/divespot.es\/wp-content\/uploads\/2022\/04\/tenerife-map.jpg\">MAPA STREF TRANSPORTOWYCH<\/a><\/p>\n<p style=\"text-align: center;\"><strong>-10% zni\u017cka online<\/strong><\/p>","protected":false},"featured_media":2677,"template":"","meta":[],"product_cat":[29],"product_tag":[34,35,37,56,54,57,36],"aioseo_notices":[],"_links":{"self":[{"href":"https:\/\/divespot.es\/pl\/wp-json\/wp\/v2\/product\/477"}],"collection":[{"href":"https:\/\/divespot.es\/pl\/wp-json\/wp\/v2\/product"}],"about":[{"href":"https:\/\/divespot.es\/pl\/wp-json\/wp\/v2\/types\/product"}],"wp:featuredmedia":[{"embeddable":true,"href":"https:\/\/divespot.es\/pl\/wp-json\/wp\/v2\/media\/2677"}],"wp:attachment":[{"href":"https:\/\/divespot.es\/pl\/wp-json\/wp\/v2\/media?parent=477"}],"wp:term":[{"taxonomy":"product_cat","embeddable":true,"href":"https:\/\/divespot.es\/pl\/wp-json\/wp\/v2\/product_cat?post=477"},{"taxonomy":"product_tag","embeddable":true,"href":"https:\/\/divespot.es\/pl\/wp-json\/wp\/v2\/product_tag?post=477"}],"curies":[{"name":"wp","href":"https:\/\/api.w.org\/{rel}","templated":true}]}}