{"id":1015,"date":"2022-03-13T15:10:52","date_gmt":"2022-03-13T15:10:52","guid":{"rendered":"https:\/\/divespot.es\/?post_type=product&#038;p=1015"},"modified":"2025-07-02T10:45:14","modified_gmt":"2025-07-02T10:45:14","slug":"snorkeling-in-ray-bay","status":"publish","type":"product","link":"https:\/\/divespot.es\/pl\/produkt\/snorkeling-in-ray-bay\/","title":{"rendered":"Snorkeling w Rays Bay"},"content":{"rendered":"<h4>Dlaczego warto wybra\u0107 snorkeling w Rays Bay?<\/h4>\n<p>Rays Bay to ukryty klejnot na Teneryfie, znany z t\u0119tni\u0105cego \u017cyciem morskiego \u017cycia i krystalicznie czystych w\u00f3d. Miejsce nurkowe charakteryzuje si\u0119 raf\u0105 wulkaniczn\u0105 bogat\u0105 w podwodne \u017cycie, z kt\u00f3rych najbardziej charakterystyczne s\u0105 r\u00f3\u017cne gatunki p\u0142aszczek. Je\u015bli szukasz niezapomnianych wra\u017ce\u0144 podczas snorkelingu, nie szukaj dalej.<\/p>\n<p>W Dive Spot oferujemy wycieczki snorkelingowe z przewodnikiem w Rays Bay, kt\u00f3re s\u0105 prowadzone przez do\u015bwiadczonych i kompetentnych instruktor\u00f3w. Dzi\u0119ki naszym wycieczkom b\u0119dziesz mia\u0142 okazj\u0119 odkrywa\u0107 podwodny \u015bwiat i z bliska podziwia\u0107 pi\u0119kno morskiego \u017cycia. Nasi instruktorzy zaprowadz\u0105 Ci\u0119 do najlepszych miejsc w zatoce, gdzie mo\u017cesz obserwowa\u0107 \u0142awice kolorowych ryb, \u017c\u00f3\u0142wi morskich i innych zwierz\u0105t morskich w ich naturalnym \u015brodowisku.<\/p>\n<p>Ca\u0142y sprz\u0119t do snorkelingu jest zapewniony, wi\u0119c mo\u017cesz skupi\u0107 si\u0119 na czerpaniu przyjemno\u015bci z tego do\u015bwiadczenia. Niezale\u017cnie od tego, czy jeste\u015b pocz\u0105tkuj\u0105cym, czy do\u015bwiadczonym nurkiem, nasi instruktorzy zapewni\u0105 Ci bezpieczne i przyjemne do\u015bwiadczenie.<\/p>\n<p>Dzi\u0119ki naszym do\u015bwiadczonym instruktorom, wysokiej jako\u015bci sprz\u0119towi i zaanga\u017cowaniu w bezpiecze\u0144stwo, zapewnimy Ci naprawd\u0119 niezapomniane wra\u017cenia podczas snorkelingu. Zarezerwuj wycieczk\u0119 ju\u017c dzi\u015b i zanurz si\u0119 w pi\u0119knie podwodnego \u015bwiata Teneryfy.<\/p>\n<h4>Wyja\u015bnienie pakiet\u00f3w us\u0142ug<\/h4>\n<h6>Snorkeling<\/h6>\n<p>Jest to standardowy pakiet snorkelingowy dla os\u00f3b szukaj\u0105cych ekscytuj\u0105cej podwodnej przygody. Dzi\u0119ki temu pakietowi b\u0119dziesz mia\u0142 okazj\u0119 odkrywa\u0107 t\u0119tni\u0105ce \u017cyciem morskie \u017cycie Rays Bay pod okiem profesjonalnego instruktora. Do dokonania rezerwacji wymagane s\u0105 co najmniej 2 osoby.<\/p>\n<h6>Kajakarstwo i nurkowanie z rurk\u0105<\/h6>\n<p>Pakiet sp\u0142yw\u00f3w kajakowych i snorkelingu Dive Spot to doskona\u0142e po\u0142\u0105czenie dw\u00f3ch niesamowitych aktywno\u015bci. Pakiet ten obejmuje sp\u0142yw kajakowy z przewodnikiem wzd\u0142u\u017c osza\u0142amiaj\u0105cego wybrze\u017ca Teneryfy, a tak\u017ce kr\u00f3tkie do\u015bwiadczenie snorkelingu w po\u0142owie wycieczki. Nasz profesjonalny przewodnik poprowadzi Ci\u0119 do jednych z najlepszych miejsc do snorkelingu, gdzie b\u0119dziesz mia\u0142 okazj\u0119 odkrywa\u0107 krystalicznie czyste wody i obserwowa\u0107 obfite \u017cycie morskie.<\/p>\n<p>Ten pakiet jest idealny dla tych, kt\u00f3rzy chc\u0105 do\u015bwiadczy\u0107 zar\u00f3wno kajakarstwa, jak i snorkelingu podczas jednej przygody. Podczas cz\u0119\u015bci kajakowej b\u0119dziesz mia\u0142 okazj\u0119 wios\u0142owa\u0107 wzd\u0142u\u017c surowego wybrze\u017ca wyspy i podziwia\u0107 zapieraj\u0105ce dech w piersiach krajobrazy. Nast\u0119pnie, podczas cz\u0119\u015bci snorkelingowej, b\u0119dziesz mia\u0142 okazj\u0119 zanurzy\u0107 si\u0119 w podwodnym \u015bwiecie i zobaczy\u0107 pi\u0119kno \u017cycia morskiego z bliska.<\/p>\n<h6>Nurkowania pr\u00f3bne<\/h6>\n<p>Ten pakiet jest idealny dla tych, kt\u00f3rzy zawsze chcieli spr\u00f3bowa\u0107 nurkowania, ale nigdy nie mieli okazji. Dzi\u0119ki naszym pakietom nurkowania pr\u00f3bnego b\u0119dziesz mia\u0142 okazj\u0119 odkrywa\u0107 podwodny \u015bwiat Rays Bay z profesjonalnym instruktorem nurkowania u boku.<\/p>\n<p>Nasi instruktorzy s\u0105 do\u015bwiadczeni i kompetentni oraz zapewni\u0105 ca\u0142y niezb\u0119dny sprz\u0119t i szkolenie. Zaczniesz od kr\u00f3tkiej lekcji na temat podstaw nurkowania, w tym jak korzysta\u0107 ze sprz\u0119tu i jak komunikowa\u0107 si\u0119 pod wod\u0105. Nast\u0119pnie b\u0119dziesz gotowy, aby uderzy\u0107 w wod\u0119 i do\u015bwiadczy\u0107 dreszczyku emocji zwi\u0105zanych z nurkowaniem w Rays Bay.<\/p>\n<p>Zarezerwuj sw\u00f3j pr\u00f3bny pakiet nurkowy z Dive Spot ju\u017c dzi\u015b i zr\u00f3b pierwszy krok w kierunku podwodnej przygody na ca\u0142e \u017cycie!<\/p>","protected":false},"excerpt":{"rendered":"<p>Przeczytaj poni\u017cszy opis przed dokonaniem rezerwacji!<\/p>\n<p>Te ceny s\u0105 dost\u0119pne tylko przy rezerwacji online!<\/p>","protected":false},"featured_media":2681,"template":"","meta":[],"product_cat":[31],"product_tag":[172,57],"aioseo_notices":[],"_links":{"self":[{"href":"https:\/\/divespot.es\/pl\/wp-json\/wp\/v2\/product\/1015"}],"collection":[{"href":"https:\/\/divespot.es\/pl\/wp-json\/wp\/v2\/product"}],"about":[{"href":"https:\/\/divespot.es\/pl\/wp-json\/wp\/v2\/types\/product"}],"wp:featuredmedia":[{"embeddable":true,"href":"https:\/\/divespot.es\/pl\/wp-json\/wp\/v2\/media\/2681"}],"wp:attachment":[{"href":"https:\/\/divespot.es\/pl\/wp-json\/wp\/v2\/media?parent=1015"}],"wp:term":[{"taxonomy":"product_cat","embeddable":true,"href":"https:\/\/divespot.es\/pl\/wp-json\/wp\/v2\/product_cat?post=1015"},{"taxonomy":"product_tag","embeddable":true,"href":"https:\/\/divespot.es\/pl\/wp-json\/wp\/v2\/product_tag?post=1015"}],"curies":[{"name":"wp","href":"https:\/\/api.w.org\/{rel}","templated":true}]}}