{"id":1002,"date":"2022-03-13T12:06:03","date_gmt":"2022-03-13T12:06:03","guid":{"rendered":"https:\/\/divespot.es\/?post_type=product&#038;p=1002"},"modified":"2023-03-17T17:14:28","modified_gmt":"2023-03-17T17:14:28","slug":"kayaking","status":"publish","type":"product","link":"https:\/\/divespot.es\/pl\/produkt\/kayaking\/","title":{"rendered":"Kajakowanie"},"content":{"rendered":"<h4>Dlaczego warto wybra\u0107 sp\u0142yw kajakowy z nami?<\/h4>\n<p>Dive Spot to najlepszy partner w poszukiwaniu przyg\u00f3d na Teneryfie. Nasze wycieczki kajakowe z przewodnikiem zosta\u0142y zaprojektowane tak, aby zapewni\u0107 niezapomniane wra\u017cenia i jak najlepiej wykorzysta\u0107 czas sp\u0119dzony na wyspie. Nasi profesjonalni przewodnicy s\u0105 ekspertami w kajakarstwie i maj\u0105 g\u0142\u0119bok\u0105 mi\u0142o\u015b\u0107 i pasj\u0119 do tego sportu. Dzi\u0119ki swojej wiedzy i do\u015bwiadczeniu zabior\u0105 Ci\u0119 w najbardziej zapieraj\u0105ce dech w piersiach miejsca, z dala od zat\u0142oczonych obszar\u00f3w turystycznych, aby\u015b m\u00f3g\u0142 w pe\u0142ni zanurzy\u0107 si\u0119 w pi\u0119knie Teneryfy, dzi\u0119ki czemu Twoja wycieczka kajakowa b\u0119dzie wzbogacaj\u0105c\u0105 przygod\u0105.<\/p>\n<p>U\u017cywamy wysokiej jako\u015bci sprz\u0119tu i zapewniamy, \u017ce wszystkie nasze wycieczki s\u0105 dostosowane do Twojego poziomu do\u015bwiadczenia. Niezale\u017cnie od tego, czy jeste\u015b pocz\u0105tkuj\u0105cym, czy do\u015bwiadczonym kajakarzem, poczujesz si\u0119 komfortowo i bezpiecznie podczas podr\u00f3\u017cy. Nasi przewodnicy zapewni\u0105 ci wszystkie niezb\u0119dne szkolenia i b\u0119d\u0105 pod r\u0119k\u0105, aby pom\u00f3c ci podczas ca\u0142ej podr\u00f3\u017cy, zapewniaj\u0105c niezapomniane i przyjemne wra\u017cenia.<\/p>\n<p>Je\u015bli wi\u0119c szukasz wyj\u0105tkowego i ekscytuj\u0105cego sposobu na poznanie Teneryfy, zarezerwuj sp\u0142yw kajakowy z Dive Spot ju\u017c dzi\u015b. Niezale\u017cnie od tego, czy podr\u00f3\u017cujesz samotnie, z przyjaci\u00f3\u0142mi czy rodzin\u0105, nasze wycieczki kajakowe z przewodnikiem s\u0105 idealne dla os\u00f3b w ka\u017cdym wieku i na ka\u017cdym poziomie umiej\u0119tno\u015bci. Dzi\u0119ki zapieraj\u0105cej dech w piersiach scenerii, do\u015bwiadczeniu edukacyjnemu i wskaz\u00f3wkom ekspert\u00f3w, sp\u0142yw kajakowy z nami b\u0119dzie najwa\u017cniejszym wydarzeniem na Teneryfie. Zarezerwuj ju\u017c teraz i do\u0142\u0105cz do nas na niezapomnian\u0105 przygod\u0119!<\/p>\n<h4>Kto mo\u017ce wzi\u0105\u0107 udzia\u0142 w sp\u0142ywie kajakowym?<\/h4>\n<p>Sp\u0142ywy kajakowe z Dive Spot s\u0105 odpowiednie dla os\u00f3b indywidualnych i rodzin w ka\u017cdym wieku i na ka\u017cdym poziomie do\u015bwiadczenia. Nasze wycieczki z przewodnikiem s\u0105 przeznaczone zar\u00f3wno dla doros\u0142ych, jak i dzieci w wieku od 4 lat. Nie jest wymagane \u017cadne wcze\u015bniejsze do\u015bwiadczenie, poniewa\u017c nasi profesjonalni przewodnicy zapewni\u0105 wszystkie niezb\u0119dne szkolenia i sprz\u0119t. Niezale\u017cnie od tego, czy jeste\u015b pocz\u0105tkuj\u0105cym, czy do\u015bwiadczonym kajakarzem, b\u0119dziesz mia\u0142 okazj\u0119 wios\u0142owa\u0107 we w\u0142asnym tempie i cieszy\u0107 si\u0119 osza\u0142amiaj\u0105c\u0105 sceneri\u0105 Teneryfy. Niezale\u017cnie od tego, czy podr\u00f3\u017cujesz samotnie, z przyjaci\u00f3\u0142mi, czy z rodzin\u0105, nasze wycieczki kajakowe z przewodnikiem s\u0105 idealne dla Ciebie!<\/p>\n<h4>Jak przygotowa\u0107 si\u0119 do podr\u00f3\u017cy?<\/h4>\n<p>Je\u015bli planujesz sp\u0142yw kajakowy z Dive Spot, jest kilka rzeczy, kt\u00f3re mo\u017cesz zrobi\u0107, aby si\u0119 przygotowa\u0107:<\/p>\n<ol>\n<li>Odzie\u017c: B\u0119dziesz mie\u0107 na sobie piank\u0119, kt\u00f3r\u0105 zapewniamy. Je\u015bli mo\u017cesz, we\u017a ze sob\u0105 kapelusz, okulary przeciws\u0142oneczne i krem z filtrem, aby chroni\u0107 sk\u00f3r\u0119 przed s\u0142o\u0144cem.<\/li>\n<li>Nawodnienie: Wa\u017cne jest, aby pozosta\u0107 nawodnionym, szczeg\u00f3lnie podczas aktywno\u015bci fizycznej, takiej jak sp\u0142ywy kajakowe. Upewnij si\u0119, \u017ce pijesz du\u017co wody przed, w trakcie i po sp\u0142ywie.<\/li>\n<li>Przedmioty osobiste: Mo\u017cesz zabra\u0107 ze sob\u0105 wszystko, czego potrzebujesz, ale pami\u0119taj, \u017ce mo\u017cesz to upu\u015bci\u0107 i zgubi\u0107 w oceanie. Mo\u017cesz tak\u017ce zabra\u0107 ze sob\u0105 ma\u0142y wodoodporny pojemnik, aby chroni\u0107 swoje rzeczy przed zamoczeniem.<\/li>\n<li>Pami\u0119taj o swoich ograniczeniach fizycznych: Kajakarstwo to aktywno\u015b\u0107 fizyczna, dlatego wa\u017cne jest, aby pami\u0119ta\u0107 o swoich ograniczeniach fizycznych. Je\u015bli masz jakiekolwiek schorzenia lub obawy, poinformuj o tym instruktora przed rozpocz\u0119ciem sp\u0142ywu.<\/li>\n<li>Post\u0119puj zgodnie z instrukcjami: Podczas wycieczki wa\u017cne jest, aby post\u0119powa\u0107 zgodnie z instrukcjami instruktora i dostarczonymi wytycznymi dotycz\u0105cymi bezpiecze\u0144stwa. Zwracaj uwag\u0119 na instrukcje i pozosta\u0144 z grup\u0105 przez ca\u0142y czas.<\/li>\n<\/ol>\n<p>Pami\u0119taj, \u017ce ca\u0142y sprz\u0119t i szkolenie zapewni do\u015bwiadczony instruktor, wi\u0119c mo\u017cesz si\u0119 zrelaksowa\u0107 i cieszy\u0107 do\u015bwiadczeniem, nie martwi\u0105c si\u0119 o szczeg\u00f3\u0142y. Po prostu przyjd\u017a gotowy do zabawy i tworzenia wspomnie\u0144!<\/p>\n<h4>Wyja\u015bnienie pakiet\u00f3w us\u0142ug<\/h4>\n<h6>Wycieczka Kajakowa<\/h6>\n<p>Pakiet wycieczek kajakowych Dive Spot to wycieczka kajakowa z przewodnikiem wzd\u0142u\u017c osza\u0142amiaj\u0105cego wybrze\u017ca Teneryfy. Pakiet ten oferuje wci\u0105gaj\u0105ce do\u015bwiadczenie, w kt\u00f3rym b\u0119dziesz mia\u0142 okazj\u0119 wios\u0142owa\u0107 wzd\u0142u\u017c nier\u00f3wnego wybrze\u017ca i podziwia\u0107 zapieraj\u0105ce dech w piersiach krajobrazy Teneryfy. Nasz profesjonalny przewodnik poprowadzi Ci\u0119 w podr\u00f3\u017c wzd\u0142u\u017c wybrze\u017ca, daj\u0105c Ci szans\u0119 na podziwianie osza\u0142amiaj\u0105cej scenerii.<\/p>\n<p>Ca\u0142y sprz\u0119t i szkolenie zostan\u0105 zapewnione, wi\u0119c mo\u017cesz skupi\u0107 si\u0119 na czerpaniu przyjemno\u015bci z tego do\u015bwiadczenia. Dzi\u0119ki temu pakietowi b\u0119dziesz mia\u0142 okazj\u0119 wyp\u0142yn\u0105\u0107 na wod\u0119 i odkry\u0107 pi\u0119kno Teneryfy z innej perspektywy.<\/p>\n<h6>Kajakarstwo i nurkowanie z rurk\u0105<\/h6>\n<p>Pakiet sp\u0142yw\u00f3w kajakowych i snorkelingu Dive Spot to doskona\u0142e po\u0142\u0105czenie dw\u00f3ch niesamowitych aktywno\u015bci. Pakiet ten obejmuje sp\u0142yw kajakowy z przewodnikiem wzd\u0142u\u017c osza\u0142amiaj\u0105cego wybrze\u017ca Teneryfy, a tak\u017ce kr\u00f3tkie do\u015bwiadczenie snorkelingu w po\u0142owie wycieczki. Nasz profesjonalny przewodnik poprowadzi Ci\u0119 do jednych z najlepszych miejsc do snorkelingu, gdzie b\u0119dziesz mia\u0142 okazj\u0119 odkrywa\u0107 krystalicznie czyste wody i obserwowa\u0107 obfite \u017cycie morskie.<\/p>\n<p>Ten pakiet jest idealny dla tych, kt\u00f3rzy chc\u0105 do\u015bwiadczy\u0107 zar\u00f3wno kajakarstwa, jak i snorkelingu podczas jednej przygody. Podczas cz\u0119\u015bci kajakowej b\u0119dziesz mia\u0142 okazj\u0119 wios\u0142owa\u0107 wzd\u0142u\u017c surowego wybrze\u017ca wyspy i podziwia\u0107 zapieraj\u0105ce dech w piersiach krajobrazy. Nast\u0119pnie, podczas cz\u0119\u015bci snorkelingowej, b\u0119dziesz mia\u0142 okazj\u0119 zanurzy\u0107 si\u0119 w podwodnym \u015bwiecie i zobaczy\u0107 pi\u0119kno \u017cycia morskiego z bliska.<\/p>\n<h6>Zdj\u0119cia na kajak<\/h6>\n<p>W Dive Spot rozumiemy, \u017ce wspomnienia s\u0105 cenne i chcemy pom\u00f3c ci uchwyci\u0107 je w najlepszy mo\u017cliwy spos\u00f3b. W\u0142a\u015bnie dlatego oferujemy opcjonalny pakiet fotograficzny na nasze sp\u0142ywy kajakowe.<\/p>\n<p>Za jedyne 15 euro za kajak (mieszcz\u0105cy dwie osoby) mo\u017cna zam\u00f3wi\u0107 zdj\u0119cia ze sp\u0142ywu kajakowego. Nasi przewodnicy wykonaj\u0105 wysokiej jako\u015bci zdj\u0119cia podczas wycieczki, uwieczniaj\u0105c pi\u0119kno wybrze\u017ca, osza\u0142amiaj\u0105c\u0105 sceneri\u0119 i niezapomniane chwile.<\/p>\n<h4>Wci\u0105\u017c masz w\u0105tpliwo\u015bci? Dlaczego warto zarezerwowa\u0107 kurs nurkowania z Dive Spot?<\/h4>\n<ul>\n<li>W ka\u017cdym programie lekcji nurkowania na Teneryfie, kt\u00f3ry wybierzesz, otrzymasz spersonalizowan\u0105 uwag\u0119 od naszego profesjonalnego zespo\u0142u.<\/li>\n<li>Mo\u017cesz by\u0107 pewien, \u017ce z nami otrzymasz <a href=\"https:\/\/divespot.es\/en\/best-price-policy\/\">Najlepsze ceny nurkowania na Teneryfie<\/a>.<\/li>\n<li>Aby zaoszcz\u0119dzi\u0107 czas, zaj\u0119cia teoretyczne prowadzone s\u0105 w formie e-learningu.<\/li>\n<li>Do wyboru s\u0105 dwie najwi\u0119ksze federacje nurkowe na \u015bwiecie.<\/li>\n<li>Zanurzysz si\u0119 w <a href=\"https:\/\/divespot.es\/en\/article-2\/\">Ray Bay<\/a>jedno z najbardziej spektakularnych miejsc nurkowych na Teneryfie.<\/li>\n<li>Staniesz si\u0119 cz\u0119\u015bci\u0105 ogromnej spo\u0142eczno\u015bci nurk\u00f3w, kt\u00f3ra zaoferuje ci wielu przyjaci\u00f3\u0142 na ca\u0142ym \u015bwiecie.<\/li>\n<li>Zabierzemy Ci\u0119 w podwodn\u0105 przygod\u0119 pe\u0142n\u0105 adrenaliny i zabawy.<\/li>\n<\/ul>\n<h4>Jak dokona\u0107 rezerwacji?<\/h4>\n<p>Zanim zaczniesz, zapoznaj si\u0119 z nasz\u0105 <a href=\"https:\/\/divespot.es\/pl\/terms-and-conditions\/\" target=\"_blank\" rel=\"noopener\">Regulamin<\/a>, <a href=\"https:\/\/divespot.es\/pl\/privacy-policy\/\" target=\"_blank\" rel=\"noopener\">Polityka Prywatno\u015bci<\/a> oraz <a href=\"https:\/\/divespot.es\/pl\/cancelling-and-refunding-policy\/\" target=\"_blank\" rel=\"noopener\">Zasady anulowania i zwrotu koszt\u00f3w<\/a>. Aby dokona\u0107 rezerwacji, nale\u017cy posiada\u0107 kart\u0119 bankow\u0105 i wp\u0142aci\u0107 niewielki depozyt. Je\u015bli nie masz karty lub masz problemy z p\u0142atno\u015bci\u0105 online, prosimy o <a href=\"https:\/\/divespot.es\/pl\/contact\/\">skontaktuj si\u0119 z nami<\/a>a my ustalimy inn\u0105 metod\u0119 p\u0142atno\u015bci. Pami\u0119taj, \u017ce ceny promocyjne obowi\u0105zuj\u0105 tylko w przypadku rezerwacji online dokonanych co najmniej jeden dzie\u0144 przed nurkowaniem.<\/p>\n<p>Najcz\u0119stsze pytania i odpowiedzi mo\u017cna znale\u017a\u0107 na stronie <a href=\"https:\/\/divespot.es\/pl\/questions-answers\/\">nasza strona z pytaniami i odpowiedziami<\/a>lub poprosi\u0107 o wi\u0119cej informacji pod adresem <a href=\"https:\/\/divespot.es\/pl\/contact\/\">nasza strona kontaktowa<\/a>.<\/p>\n<h6>Przeczytaj poni\u017csze wskaz\u00f3wki i wyja\u015bnienia:<\/h6>\n<p>Okno rezerwacji znajduje si\u0119 w prawym g\u00f3rnym rogu tej strony.<\/p>\n<p><b>Wybierz tras\u0119<\/b> kt\u00f3r\u0105 chcesz wykona\u0107. Wprowad\u017a liczb\u0119 uczestnik\u00f3w dla odpowiedniej opcji.<\/p>\n<p><img decoding=\"async\" loading=\"lazy\" class=\"alignnone  wp-image-3088\" src=\"https:\/\/divespot.es\/wp-content\/uploads\/2022\/03\/1679072804-300x26.png\" alt=\"\" width=\"577\" height=\"50\" srcset=\"https:\/\/divespot.es\/wp-content\/uploads\/2022\/03\/1679072804-300x26.png 300w, https:\/\/divespot.es\/wp-content\/uploads\/2022\/03\/1679072804-600x52.png 600w, https:\/\/divespot.es\/wp-content\/uploads\/2022\/03\/1679072804.png 622w\" sizes=\"(max-width: 577px) 100vw, 577px\" \/><\/p>\n<p><strong>Snorkeling<\/strong> to \u015bwietna okazja, aby odpocz\u0105\u0107 od kajaka i obserwowa\u0107 podwodny \u015bwiat z powierzchni za niewielk\u0105 dodatkow\u0105 op\u0142at\u0105. Zapewniamy maski i fajki do nurkowania.<\/p>\n<p><img decoding=\"async\" loading=\"lazy\" class=\"alignnone  wp-image-3089\" src=\"https:\/\/divespot.es\/wp-content\/uploads\/2022\/03\/1679073032-300x28.png\" alt=\"\" width=\"578\" height=\"54\" srcset=\"https:\/\/divespot.es\/wp-content\/uploads\/2022\/03\/1679073032-300x28.png 300w, https:\/\/divespot.es\/wp-content\/uploads\/2022\/03\/1679073032-600x55.png 600w, https:\/\/divespot.es\/wp-content\/uploads\/2022\/03\/1679073032.png 628w\" sizes=\"(max-width: 578px) 100vw, 578px\" \/><\/p>\n<p><strong>Zdj\u0119cia<\/strong>. Uwiecznij swoj\u0105 przygod\u0119 dzi\u0119ki naszej us\u0142udze fotografowania sp\u0142yw\u00f3w kajakowych. Tw\u00f3j przewodnik zrobi zdj\u0119cia Tobie i Twojemu partnerowi podczas sp\u0142ywu kajakowego, daj\u0105c Wam trwa\u0142e wspomnienia z Waszego wsp\u00f3lnego do\u015bwiadczenia. Cena dotyczy kajaka dla dw\u00f3ch os\u00f3b.<\/p>\n<p><img decoding=\"async\" loading=\"lazy\" class=\"alignnone  wp-image-3090\" src=\"https:\/\/divespot.es\/wp-content\/uploads\/2022\/03\/1679073222-300x27.png\" alt=\"\" width=\"578\" height=\"52\" srcset=\"https:\/\/divespot.es\/wp-content\/uploads\/2022\/03\/1679073222-300x27.png 300w, https:\/\/divespot.es\/wp-content\/uploads\/2022\/03\/1679073222-600x54.png 600w, https:\/\/divespot.es\/wp-content\/uploads\/2022\/03\/1679073222.png 628w\" sizes=\"(max-width: 578px) 100vw, 578px\" \/><\/p>\n<p><b>Transfer<\/b>. Je\u015bli potrzebujesz transportu z hotelu i z powrotem, mo\u017cesz go zam\u00f3wi\u0107 za dodatkow\u0105 op\u0142at\u0105 w dw\u00f3ch r\u00f3\u017cnych obszarach turystycznych. Je\u015bli Twoje miejsce pobytu nie jest uwzgl\u0119dnione na mapie, skontaktuj si\u0119 z nami. Mo\u017cemy zorganizowa\u0107 dla Ciebie indywidualny transport. <a href=\"https:\/\/divespot.es\/wp-content\/uploads\/2022\/04\/tenerife-map.jpg\" target=\"_blank\" rel=\"noopener\">Map\u0119 stref transportowych mo\u017cna sprawdzi\u0107 tutaj.<\/a><\/p>\n<p><img decoding=\"async\" loading=\"lazy\" class=\"alignnone wp-image-1060\" src=\"https:\/\/divespot.es\/wp-content\/uploads\/2022\/02\/Transfer.png\" alt=\"Transfer info\" width=\"406\" height=\"113\" srcset=\"https:\/\/divespot.es\/wp-content\/uploads\/2022\/02\/Transfer.png 675w, https:\/\/divespot.es\/wp-content\/uploads\/2022\/02\/Transfer-300x84.png 300w, https:\/\/divespot.es\/wp-content\/uploads\/2022\/02\/Transfer-600x167.png 600w\" sizes=\"(max-width: 406px) 100vw, 406px\" \/><\/p>\n<p><b>Data<\/b>. Wybierz dat\u0119 nurkowania. Zastrzegamy sobie prawo do zmiany terminu w celu lepszej organizacji naszej pracy w centrum nurkowym. Nasz asystent potwierdzi rezerwacj\u0119, podaj\u0105c szczeg\u00f3\u0142owe informacje.<\/p>\n<p><img decoding=\"async\" loading=\"lazy\" class=\"alignnone wp-image-1488\" src=\"https:\/\/divespot.es\/wp-content\/uploads\/2022\/03\/data-2-257x300.jpg\" alt=\"Data \" width=\"230\" height=\"268\" srcset=\"https:\/\/divespot.es\/wp-content\/uploads\/2022\/03\/data-2-257x300.jpg 257w, https:\/\/divespot.es\/wp-content\/uploads\/2022\/03\/data-2-300x351.jpg 300w, https:\/\/divespot.es\/wp-content\/uploads\/2022\/03\/data-2.jpg 558w\" sizes=\"(max-width: 230px) 100vw, 230px\" \/><\/p>\n<h4>Kasa i koszyk<\/h4>\n<p>Je\u015bli zam\u00f3wienie jest gotowe, naci\u015bnij przycisk \"Zarezerwuj teraz\". Zostaniesz przeniesiony do <a href=\"https:\/\/divespot.es\/pl\/checkout\/\">Strona kasy<\/a>.<br \/>\nJe\u015bli chcesz wprowadzi\u0107 zmiany w rezerwacji, znajdziesz nast\u0119puj\u0105ce opcje <a href=\"https:\/\/divespot.es\/pl\/cart\/\">Kosz<\/a> ikona znajduj\u0105ca si\u0119 w g\u00f3rnej cz\u0119\u015bci strony, kt\u00f3ra przeniesie Ci\u0119 do strony <a href=\"https:\/\/divespot.es\/pl\/cart\/\">W\u00f3zek<\/a>. Je\u015bli masz kupon rabatowy dla sta\u0142ych klient\u00f3w, mo\u017cesz zastosowa\u0107 go w koszyku i przej\u015b\u0107 do kasy.<br \/>\n<b>Strona kasy - szczeg\u00f3\u0142y rozliczenia<\/b>. Na tej stronie wype\u0142nisz swoje dane osobowe: imi\u0119, nazwisko, numer telefonu (nie zapomnij o prefiksie, kt\u00f3ry jest numerem kierunkowym kraju), adres e-mail (do potwierdzenia rezerwacji), j\u0119zyk, kt\u00f3rym pos\u0142ugujesz si\u0119 najlepiej, oraz dodatkowe j\u0119zyki, w kt\u00f3rych mo\u017cesz si\u0119 porozumiewa\u0107 (wybierz z listy. Je\u015bli znasz wi\u0119cej, napisz je w komentarzach).<\/p>\n<p><b>Punkt odbioru<\/b>. Je\u015bli zam\u00f3wi\u0142e\u015b p\u0142atn\u0105 us\u0142ug\u0119 transferu z hotelu, wprowad\u017a dok\u0142adn\u0105 pe\u0142n\u0105 nazw\u0119 hotelu, w tym miasto. Je\u015bli mieszkasz w apartamencie, wprowad\u017a dok\u0142adny adres: ulic\u0119 i numer, miasto, kod pocztowy, nazw\u0119 budynku i lokalizacj\u0119 Google, je\u015bli to mo\u017cliwe.<\/p>\n<p><b>Dodatkowe informacje<\/b>. Wprowad\u017a w tej sekcji wszelkie istotne informacje, o kt\u00f3rych chcesz nas poinformowa\u0107.<\/p>\n<h4>P\u0142atno\u015b\u0107.<\/h4>\n<p>Wprowad\u017a dane swojej karty bankowej i dokonaj wp\u0142aty. Otrzymasz automatyczne potwierdzenie na sw\u00f3j adres e-mail dotycz\u0105ce p\u0142atno\u015bci i statusu oczekuj\u0105cego procesu.<br \/>\nNast\u0119pnie nasz asystent potwierdzi rezerwacj\u0119 i poinformuje o szczeg\u00f3\u0142ach. Uwaga <b>w zam\u00f3wieniu mog\u0105 wyst\u0105pi\u0107 niewielkie zmiany<\/b>, takie jak godzina rozpocz\u0119cia lub godzina odbioru z hotelu. Zaj\u0119cia sportowe mog\u0105 ulec zmianie w ostatniej chwili, dlatego nale\u017cy upewni\u0107 si\u0119, \u017ce <b>Miej telefon zawsze pod r\u0119k\u0105<\/b> na wypadek, gdyby\u015bmy musieli si\u0119 z Tob\u0105 skontaktowa\u0107. W przypadku jakichkolwiek problem\u00f3w z rezerwacj\u0105 lub p\u0142atno\u015bci\u0105 prosimy o <a href=\"https:\/\/divespot.es\/pl\/contact\/\">skontaktuj si\u0119 z nami<\/a>.<\/p>","protected":false},"excerpt":{"rendered":"<p>Przeczytaj poni\u017cszy opis przed dokonaniem rezerwacji!<\/p>\n<p>Te ceny s\u0105 dost\u0119pne tylko przy rezerwacji online!<\/p>\n<p><a href=\"https:\/\/divespot.es\/wp-content\/uploads\/2022\/04\/tenerife-map.jpg\">MAPA STREF TRANSPORTOWYCH<\/a><\/p>","protected":false},"featured_media":2661,"template":"","meta":[],"product_cat":[31],"product_tag":[55,54,53],"aioseo_notices":[],"_links":{"self":[{"href":"https:\/\/divespot.es\/pl\/wp-json\/wp\/v2\/product\/1002"}],"collection":[{"href":"https:\/\/divespot.es\/pl\/wp-json\/wp\/v2\/product"}],"about":[{"href":"https:\/\/divespot.es\/pl\/wp-json\/wp\/v2\/types\/product"}],"wp:featuredmedia":[{"embeddable":true,"href":"https:\/\/divespot.es\/pl\/wp-json\/wp\/v2\/media\/2661"}],"wp:attachment":[{"href":"https:\/\/divespot.es\/pl\/wp-json\/wp\/v2\/media?parent=1002"}],"wp:term":[{"taxonomy":"product_cat","embeddable":true,"href":"https:\/\/divespot.es\/pl\/wp-json\/wp\/v2\/product_cat?post=1002"},{"taxonomy":"product_tag","embeddable":true,"href":"https:\/\/divespot.es\/pl\/wp-json\/wp\/v2\/product_tag?post=1002"}],"curies":[{"name":"wp","href":"https:\/\/api.w.org\/{rel}","templated":true}]}}