{"id":507,"date":"2022-02-25T20:52:19","date_gmt":"2022-02-25T20:52:19","guid":{"rendered":"https:\/\/divespot.es\/?page_id=507"},"modified":"2023-06-21T17:01:13","modified_gmt":"2023-06-21T17:01:13","slug":"terms-and-conditions","status":"publish","type":"page","link":"https:\/\/divespot.es\/pl\/terms-and-conditions\/","title":{"rendered":"Warunki"},"content":{"rendered":"<div data-elementor-type=\"wp-page\" data-elementor-id=\"507\" class=\"elementor elementor-507\">\n\t\t\t\t\t\t\t\t\t<section class=\"has_eae_slider elementor-section elementor-top-section elementor-element elementor-element-ed67000 elementor-section-boxed elementor-section-height-default elementor-section-height-default\" data-id=\"ed67000\" data-element_type=\"section\">\n\t\t\t\t\t\t<div class=\"elementor-container elementor-column-gap-default\">\n\t\t\t\t\t<div class=\"has_eae_slider elementor-column elementor-col-100 elementor-top-column elementor-element elementor-element-99961b0\" data-id=\"99961b0\" data-element_type=\"column\">\n\t\t\t<div class=\"elementor-widget-wrap elementor-element-populated\">\n\t\t\t\t\t\t\t\t<div class=\"elementor-element elementor-element-00a2ace elementor-widget elementor-widget-text-editor\" data-id=\"00a2ace\" data-element_type=\"widget\" data-widget_type=\"text-editor.default\">\n\t\t\t\t<div class=\"elementor-widget-container\">\n\t\t\t<style>\/*! elementor - v3.15.0 - 09-08-2023 *\/\n.elementor-widget-text-editor.elementor-drop-cap-view-stacked .elementor-drop-cap{background-color:#69727d;color:#fff}.elementor-widget-text-editor.elementor-drop-cap-view-framed .elementor-drop-cap{color:#69727d;border:3px solid;background-color:transparent}.elementor-widget-text-editor:not(.elementor-drop-cap-view-default) .elementor-drop-cap{margin-top:8px}.elementor-widget-text-editor:not(.elementor-drop-cap-view-default) .elementor-drop-cap-letter{width:1em;height:1em}.elementor-widget-text-editor .elementor-drop-cap{float:left;text-align:center;line-height:1;font-size:50px}.elementor-widget-text-editor .elementor-drop-cap-letter{display:inline-block}<\/style>\t\t\t\t<p><strong>Warunki<\/strong><\/p><p>Witamy w Centrum Nurkowym Dive Spot!<\/p><p>Niniejsze warunki okre\u015blaj\u0105 zasady i przepisy dotycz\u0105ce korzystania ze strony internetowej Dive Spot &amp; Atlantis, znajduj\u0105cej si\u0119 pod adresem divespot.es.<\/p><p>Uzyskuj\u0105c dost\u0119p do tej witryny, przyjmujemy, \u017ce akceptujesz te warunki. Nie kontynuuj korzystania z Centrum Nurkowego Dive Spot, je\u015bli nie zgadzasz si\u0119 na wszystkie warunki okre\u015blone na tej stronie.<\/p><p>Poni\u017csza terminologia ma zastosowanie do niniejszych Warunk\u00f3w, O\u015bwiadczenia o ochronie prywatno\u015bci i Zastrze\u017cenia oraz wszystkich Um\u00f3w: \"Klient\", \"Ty\" i \"Tw\u00f3j\" odnosi si\u0119 do Ciebie, osoby loguj\u0105cej si\u0119 na tej stronie internetowej i przestrzegaj\u0105cej warunk\u00f3w Sp\u00f3\u0142ki. \"The Company\", \"Ourselves\", \"We\", \"Our\" i \"Us\" odnosz\u0105 si\u0119 do naszej Sp\u00f3\u0142ki. \"Strona\", \"Strony\" lub \"My\" odnosz\u0105 si\u0119 zar\u00f3wno do Klienta, jak i do nas. Wszystkie terminy odnosz\u0105 si\u0119 do oferty, akceptacji i uwzgl\u0119dnienia p\u0142atno\u015bci niezb\u0119dnych do podj\u0119cia procesu naszej pomocy Klientowi w najbardziej odpowiedni spos\u00f3b w wyra\u017anym celu zaspokojenia potrzeb Klienta w zakresie \u015bwiadczenia okre\u015blonych us\u0142ug Sp\u00f3\u0142ki, zgodnie z obowi\u0105zuj\u0105cym prawem holenderskim i z zastrze\u017ceniem tego prawa. Wszelkie u\u017cycie powy\u017cszej terminologii lub innych s\u0142\u00f3w w liczbie pojedynczej, mnogiej, wielkiej litery i\/lub on\/ona lub oni, s\u0105 traktowane jako zamienne, a zatem jako odnosz\u0105ce si\u0119 do tego samego.<\/p><p><strong>Pliki cookie<\/strong><\/p><p>Korzystamy z plik\u00f3w cookie. Uzyskuj\u0105c dost\u0119p do Centrum Nurkowego Dive Spot, zgadzasz si\u0119 na u\u017cywanie plik\u00f3w cookie zgodnie z Polityk\u0105 prywatno\u015bci Dive Spot &amp; Atlantis.<\/p><p>Wi\u0119kszo\u015b\u0107 interaktywnych witryn internetowych wykorzystuje pliki cookie, aby umo\u017cliwi\u0107 nam pobieranie danych u\u017cytkownika podczas ka\u017cdej wizyty. Pliki cookie s\u0105 u\u017cywane przez nasz\u0105 witryn\u0119 internetow\u0105 w celu umo\u017cliwienia funkcjonalno\u015bci niekt\u00f3rych obszar\u00f3w, aby u\u0142atwi\u0107 osobom odwiedzaj\u0105cym nasz\u0105 witryn\u0119. Niekt\u00f3rzy z naszych partner\u00f3w stowarzyszonych\/reklamowych mog\u0105 r\u00f3wnie\u017c u\u017cywa\u0107 plik\u00f3w cookie.<\/p><p><strong>Licencja<\/strong><\/p><p>O ile nie okre\u015blono inaczej, Dive Spot &amp; Atlantis i\/lub jego licencjodawcy s\u0105 w\u0142a\u015bcicielami praw w\u0142asno\u015bci intelektualnej do wszystkich materia\u0142\u00f3w na Dive Spot Dive Center. Wszelkie prawa w\u0142asno\u015bci intelektualnej s\u0105 zastrze\u017cone. Mo\u017cesz uzyska\u0107 dost\u0119p do tego z Dive Spot Dive Center do w\u0142asnego u\u017cytku osobistego z zastrze\u017ceniem ogranicze\u0144 okre\u015blonych w niniejszych warunkach.<\/p><p>Nie mo\u017cesz:<\/p><ul><li>Republikowa\u0107 materia\u0142\u00f3w z Centrum Nurkowego Dive Spot<\/li><li>Sprzedawa\u0107, wynajmowa\u0107 lub udziela\u0107 sublicencji na materia\u0142y pochodz\u0105ce z Centrum Nurkowego Dive Spot<\/li><li>Reprodukowa\u0107, powiela\u0107, lub kopiowa\u0107 materia\u0142\u00f3w z Centrum Nurkowego Dive Spot<\/li><li>Redystrybutowa\u0107 tre\u015bci z Centrum Nurkowego Dive Spot<\/li><\/ul><p>Niniejsza Umowa wchodzi w \u017cycie z dniem jej zawarcia. Nasze Warunki zosta\u0142y stworzone przy pomocy Szablonu Warunk\u00f3w.<\/p><p>Cz\u0119\u015bci tej witryny oferuj\u0105 u\u017cytkownikom mo\u017cliwo\u015b\u0107 publikowania i wymiany opinii i informacji w niekt\u00f3rych obszarach witryny. Dive Spot &amp; Atlantis nie filtruje, nie edytuje, nie publikuje ani nie przegl\u0105da komentarzy przed ich umieszczeniem na stronie internetowej. Komentarze nie odzwierciedlaj\u0105 pogl\u0105d\u00f3w i opinii Dive Spot &amp; Atlantis, jej agent\u00f3w i\/lub podmiot\u00f3w stowarzyszonych. Komentarze odzwierciedlaj\u0105 pogl\u0105dy i opinie osoby, kt\u00f3ra je zamieszcza. W zakresie dozwolonym przez obowi\u0105zuj\u0105ce prawo, Dive Spot &amp; Atlantis nie ponosi odpowiedzialno\u015bci za Komentarze ani za jak\u0105kolwiek odpowiedzialno\u015b\u0107, szkody lub wydatki spowodowane i\/lub poniesione w wyniku jakiegokolwiek wykorzystania i\/lub opublikowania i\/lub pojawienia si\u0119 Komentarzy na tej stronie.<\/p><p>Dive Spot &amp; Atlantis zastrzega sobie prawo do monitorowania wszystkich komentarzy i usuwania wszelkich komentarzy, kt\u00f3re mo\u017cna uzna\u0107 za nieodpowiednie, obra\u017aliwe lub powoduj\u0105ce naruszenie niniejszych Warunk\u00f3w.<\/p><p>U\u017cytkownik gwarantuje i o\u015bwiadcza, \u017ce:<\/p><ul><li>U\u017cytkownik jest uprawniony do zamieszczania Komentarzy na naszej stronie internetowej i posiada na to wszelkie niezb\u0119dne licencje i zgody.<\/li><li>Komentarze nie naruszaj\u0105 \u017cadnych praw w\u0142asno\u015bci intelektualnej, w tym mi\u0119dzy innymi praw autorskich, patent\u00f3w lub znak\u00f3w towarowych os\u00f3b trzecich.<\/li><li>Komentarze nie zawieraj\u0105 \u017cadnych znies\u0142awiaj\u0105cych, oszczerczych, obra\u017aliwych, nieprzyzwoitych lub w inny spos\u00f3b niezgodnych z prawem materia\u0142\u00f3w, kt\u00f3re stanowi\u0105 naruszenie prywatno\u015bci.<\/li><li>Komentarze nie b\u0119d\u0105 wykorzystywane do pozyskiwania lub promowania dzia\u0142alno\u015bci gospodarczej lub zwyczaj\u00f3w, ani do prezentowania dzia\u0142alno\u015bci komercyjnej lub niezgodnej z prawem.<\/li><\/ul><p>U\u017cytkownik niniejszym udziela Dive Spot &amp; Atlantis niewy\u0142\u0105cznej licencji na wykorzystywanie, powielanie, edytowanie i upowa\u017cnianie innych os\u00f3b do wykorzystywania, powielania i edytowania komentarzy u\u017cytkownika w dowolnej formie, formacie lub mediach.<\/p><p><strong>Hiper\u0142\u0105cza do naszych tre\u015bci<\/strong><\/p><p>Nast\u0119puj\u0105ce organizacje mog\u0105 zamieszcza\u0107 \u0142\u0105cza do naszej Witryny bez uprzedniej pisemnej zgody:<\/p><ul><li>Agencje rz\u0105dowe<\/li><li>Wyszukiwarki internetowe<\/li><li>Organizacje prasowe<\/li><li>Dystrybutorzy katalog\u00f3w online mog\u0105 umieszcza\u0107 \u0142\u0105cza do naszej Witryny w taki sam spos\u00f3b, w jaki umieszczaj\u0105 hiper\u0142\u0105cza do Witryn innych firm znajduj\u0105cych si\u0119 na li\u015bcie<\/li><li>Akredytowane w ca\u0142ym systemie firmy, z wyj\u0105tkiem organizacji non-profit, charytatywnych centr\u00f3w handlowych i grup zbieraj\u0105cych fundusze na cele charytatywne, kt\u00f3re nie mog\u0105 umieszcza\u0107 hiper\u0142\u0105czy do naszej witryny internetowej.<\/li><\/ul><p>Organizacje te mog\u0105 zamieszcza\u0107 \u0142\u0105cza do naszej strony g\u0142\u00f3wnej, publikacji lub innych informacji w Witrynie, o ile takie \u0142\u0105cze:<\/p><ul><li>(a) w \u017caden spos\u00f3b nie wprowadza w b\u0142\u0105d;<\/li><li>(b) nie sugeruje fa\u0142szywie sponsorowania, poparcia lub zatwierdzenia strony linkuj\u0105cej oraz jej produkt\u00f3w i\/lub us\u0142ug; oraz<\/li><li>(c) pasuje do kontekstu strony, do kt\u00f3rej prowadzi odno\u015bnik.<\/li><\/ul><p>Mo\u017cemy rozpatrywa\u0107 i zatwierdza\u0107 inne pro\u015bby o linki od nast\u0119puj\u0105cych typ\u00f3w organizacji:<\/p><ul><li>powszechnie znane \u017ar\u00f3d\u0142a informacji konsumenckich i\/lub biznesowych;<\/li><li>witryny spo\u0142eczno\u015bci dot.com;<\/li><li>stowarzyszenia lub inne grupy reprezentuj\u0105ce organizacje charytatywne;<\/li><li>dystrybutorzy katalog\u00f3w online;<\/li><li>portale internetowe;<\/li><li>firmy ksi\u0119gowe, prawnicze i konsultingowe; oraz<\/li><li>instytucje edukacyjne i stowarzyszenia handlowe.<\/li><\/ul><p>Zatwierdzimy pro\u015bby o linki od tych organizacji, je\u015bli zdecydujemy, \u017ce:<\/p><ul><li>(a) link nie sprawi, \u017ce b\u0119dziemy postrzegani jako niekorzystni dla siebie lub naszych akredytowanych firm;<\/li><li>(b) organizacja nie ma u nas \u017cadnych negatywnych wpis\u00f3w;<\/li><li>(c) korzy\u015bci dla nas wynikaj\u0105ce z widoczno\u015bci hiper\u0142\u0105cza rekompensuj\u0105 brak Dive Spot &amp; Atlantis; oraz<\/li><li>(d) link znajduje si\u0119 w kontek\u015bcie og\u00f3lnych informacji o zasobach.<\/li><\/ul><p>Organizacje te mog\u0105 zamieszcza\u0107 odno\u015bniki do naszej strony g\u0142\u00f3wnej pod warunkiem, \u017ce ten odno\u015bnik:<\/p><ul><li>(a) w \u017caden spos\u00f3b nie wprowadza w b\u0142\u0105d;<\/li><li>(b) nie sugeruje fa\u0142szywie sponsorowania, poparcia lub zatwierdzenia strony linkuj\u0105cej oraz jej produkt\u00f3w i\/lub us\u0142ug; oraz<\/li><li>(c) pasuje do kontekstu strony, do kt\u00f3rej prowadzi odno\u015bnik.<\/li><\/ul><p>Je\u015bli jeste\u015b jedn\u0105 z organizacji wymienionych w ust. 2 powy\u017cej i jeste\u015b zainteresowany umieszczeniem linku do naszej strony internetowej, musisz nas o tym poinformowa\u0107, wysy\u0142aj\u0105c wiadomo\u015b\u0107 e-mail na adres Dive Spot &amp; Atlantis. Prosimy o podanie swojego imienia i nazwiska, nazwy organizacji, danych kontaktowych, a tak\u017ce adresu URL swojej witryny, listy adres\u00f3w URL, z kt\u00f3rych zamierzasz po\u0142\u0105czy\u0107 si\u0119 z nasz\u0105 witryn\u0105, oraz listy adres\u00f3w URL w naszej witrynie, do kt\u00f3rych chcia\u0142by\u015b si\u0119 po\u0142\u0105czy\u0107. Na odpowied\u017a nale\u017cy poczeka\u0107 2-3 tygodnie.<\/p><p>Zatwierdzone organizacje mog\u0105 umieszcza\u0107 hiper\u0142\u0105cza do naszej Witryny w nast\u0119puj\u0105cy spos\u00f3b:<\/p><ul><li>U\u017cywaj\u0105c nazwy naszej firmy; lub<\/li><li>Poprzez u\u017cycie jednolitego lokalizatora zasob\u00f3w, do kt\u00f3rego prowadzi link; lub<\/li><li>Poprzez u\u017cycie dowolnego innego opisu naszej Witryny, do kt\u00f3rej prowadzi \u0142\u0105cze, kt\u00f3ry ma sens w kontek\u015bcie i formacie tre\u015bci na stronie strony, do kt\u00f3rej prowadzi \u0142\u0105cze.<\/li><\/ul><p>W przypadku braku umowy licencyjnej na znak towarowy nie b\u0119dzie dozwolone wykorzystywanie logo Dive Spot &amp; Atlantis ani innych element\u00f3w graficznych do tworzenia link\u00f3w.<\/p><p><strong>iFrames<\/strong><\/p><p>Bez uprzedniej zgody i pisemnego zezwolenia, u\u017cytkownik nie mo\u017ce tworzy\u0107 ramek wok\u00f3\u0142 naszych Stron Internetowych, kt\u00f3re w jakikolwiek spos\u00f3b zmieniaj\u0105 wizualn\u0105 prezentacj\u0119 lub wygl\u0105d naszej Strony Internetowej.<\/p><p><strong>Odpowiedzialno\u015b\u0107 Za Tre\u015bci<\/strong><\/p><p>Nie ponosimy odpowiedzialno\u015bci za jakiekolwiek tre\u015bci pojawiaj\u0105ce si\u0119 w Witrynie u\u017cytkownika. U\u017cytkownik zgadza si\u0119 chroni\u0107 i broni\u0107 nas przed wszelkimi roszczeniami, kt\u00f3re pojawi\u0105 si\u0119 w jego Witrynie. \u017badne linki nie powinny pojawia\u0107 si\u0119 na \u017cadnej stronie internetowej, kt\u00f3ra mo\u017ce by\u0107 interpretowana jako znies\u0142awiaj\u0105ca, obsceniczna lub przest\u0119pcza, lub kt\u00f3ra narusza, w inny spos\u00f3b narusza lub popiera naruszenie lub inne naruszenie jakichkolwiek praw os\u00f3b trzecich.<\/p><p><strong>Twoja Prywatno\u015b\u0107<\/strong><\/p><p>Prosimy o zapoznanie si\u0119 z nasz\u0105 Polityk\u0105 Prywatno\u015bci.<\/p><p><strong>Zastrze\u017cenie Praw<\/strong><\/p><p>Zastrzegamy sobie prawo do za\u017c\u0105dania od u\u017cytkownika usuni\u0119cia wszystkich link\u00f3w lub poszczeg\u00f3lnych link\u00f3w do naszej Witryny. U\u017cytkownik wyra\u017ca zgod\u0119 na natychmiastowe usuni\u0119cie wszystkich link\u00f3w do naszej Witryny na \u017c\u0105danie. Zastrzegamy sobie r\u00f3wnie\u017c prawo do zmiany niniejszych warunk\u00f3w i zasad linkowania w dowolnym momencie. Poprzez ci\u0105g\u0142e linkowanie do naszej Witryny, u\u017cytkownik wyra\u017ca zgod\u0119 na przestrzeganie niniejszych zasad i warunk\u00f3w linkowania.<\/p><p><strong>Usuwanie link\u00f3w z naszej strony internetowej<\/strong><\/p><p>Je\u015bli u\u017cytkownik znajdzie na naszej Stronie jakikolwiek link, kt\u00f3ry z jakiegokolwiek powodu jest obra\u017aliwy, mo\u017ce skontaktowa\u0107 si\u0119 z nami i poinformowa\u0107 nas o tym w dowolnym momencie. Rozwa\u017cymy pro\u015bby o usuni\u0119cie link\u00f3w, ale nie jeste\u015bmy do tego zobowi\u0105zani ani nie odpowiemy bezpo\u015brednio u\u017cytkownikowi.<\/p><p>Nie zapewniamy, \u017ce informacje na tej stronie s\u0105 poprawne; nie gwarantujemy ich kompletno\u015bci ani dok\u0142adno\u015bci, ani nie obiecujemy, \u017ce strona b\u0119dzie nadal dost\u0119pna lub \u017ce materia\u0142y na stronie b\u0119d\u0105 aktualizowane.<\/p><p><strong>Zastrze\u017cenia<\/strong><\/p><p>W maksymalnym zakresie dozwolonym przez obowi\u0105zuj\u0105ce prawo wy\u0142\u0105czamy wszelkie o\u015bwiadczenia, gwarancje i warunki zwi\u0105zane z nasz\u0105 witryn\u0105 internetow\u0105 i korzystaniem z niej. \u017badne z postanowie\u0144 niniejszego wy\u0142\u0105czenia odpowiedzialno\u015bci nie b\u0119dzie<\/p><ul><li>ogranicza\u0107 lub wy\u0142\u0105cza\u0107 naszej lub u\u017cytkownika odpowiedzialno\u015bci za \u015bmier\u0107 lub obra\u017cenia cia\u0142a;<\/li><li>ogranicza\u0107 lub wy\u0142\u0105cza\u0107 naszej lub u\u017cytkownika odpowiedzialno\u015bci za oszustwo lub \u015bwiadome wprowadzenie w b\u0142\u0105d;<\/li><li>ograniczy\u0107 jakiekolwiek nasze lub u\u017cytkownika zobowi\u0105zania w jakikolwiek spos\u00f3b, kt\u00f3ry nie jest dozwolony przez obowi\u0105zuj\u0105ce prawo; lub<\/li><li>wy\u0142\u0105cza\u0107 jakichkolwiek zobowi\u0105za\u0144 naszych lub u\u017cytkownika, kt\u00f3re nie mog\u0105 zosta\u0107 wy\u0142\u0105czone na mocy obowi\u0105zuj\u0105cego prawa.<\/li><\/ul><p>Ograniczenia i zakazy odpowiedzialno\u015bci okre\u015blone w niniejszej sekcji i w innych miejscach niniejszego wy\u0142\u0105czenia odpowiedzialno\u015bci:<\/p><ul><li>(a) podlegaj\u0105 przepisom poprzedniego ust\u0119pu; oraz<\/li><li>(b) reguluj\u0105 wszelkie zobowi\u0105zania wynikaj\u0105ce z wy\u0142\u0105czenia odpowiedzialno\u015bci, w tym zobowi\u0105zania wynikaj\u0105ce z umowy, czynu niedozwolonego i naruszenia obowi\u0105zk\u00f3w ustawowych.<\/li><\/ul><p>Tak d\u0142ugo, jak strona internetowa oraz informacje i us\u0142ugi na stronie internetowej s\u0105 dostarczane bezp\u0142atnie, nie ponosimy odpowiedzialno\u015bci za jakiekolwiek straty lub szkody jakiegokolwiek rodzaju.<\/p>\t\t\t\t\t\t<\/div>\n\t\t\t\t<\/div>\n\t\t\t\t\t<\/div>\n\t\t<\/div>\n\t\t\t\t\t\t\t<\/div>\n\t\t<\/section>\n\t\t\t\t\t\t\t<\/div>","protected":false},"excerpt":{"rendered":"<p>Regulamin Witamy w centrum nurkowym Dive Spot! Niniejsze warunki okre\u015blaj\u0105 zasady i przepisy dotycz\u0105ce korzystania ze strony internetowej Dive Spot &amp; Atlantis, znajduj\u0105cej si\u0119 pod adresem divespot.es. Uzyskuj\u0105c dost\u0119p do tej witryny, zak\u0142adamy, \u017ce akceptujesz te warunki. Nie kontynuuj korzystania z Centrum Nurkowego Dive Spot, je\u015bli nie [...]<\/p>","protected":false},"author":1,"featured_media":0,"parent":0,"menu_order":0,"comment_status":"closed","ping_status":"closed","template":"","meta":{"footnotes":""},"blocksy_meta":{"styles_descriptor":{"styles":{"desktop":"","tablet":"","mobile":""},"google_fonts":[],"version":4}},"aioseo_notices":[],"_links":{"self":[{"href":"https:\/\/divespot.es\/pl\/wp-json\/wp\/v2\/pages\/507"}],"collection":[{"href":"https:\/\/divespot.es\/pl\/wp-json\/wp\/v2\/pages"}],"about":[{"href":"https:\/\/divespot.es\/pl\/wp-json\/wp\/v2\/types\/page"}],"author":[{"embeddable":true,"href":"https:\/\/divespot.es\/pl\/wp-json\/wp\/v2\/users\/1"}],"replies":[{"embeddable":true,"href":"https:\/\/divespot.es\/pl\/wp-json\/wp\/v2\/comments?post=507"}],"version-history":[{"count":0,"href":"https:\/\/divespot.es\/pl\/wp-json\/wp\/v2\/pages\/507\/revisions"}],"wp:attachment":[{"href":"https:\/\/divespot.es\/pl\/wp-json\/wp\/v2\/media?parent=507"}],"curies":[{"name":"wp","href":"https:\/\/api.w.org\/{rel}","templated":true}]}}