{"id":1953,"date":"2022-02-26T22:00:48","date_gmt":"2022-02-26T22:00:48","guid":{"rendered":"https:\/\/divespot.es\/?page_id=552"},"modified":"2022-02-26T22:00:48","modified_gmt":"2022-02-26T22:00:48","slug":"blog-4","status":"publish","type":"page","link":"https:\/\/divespot.es\/pl\/blog-4\/","title":{"rendered":"Blog"},"content":{"rendered":"<div class=\"pt-cv-wrapper\"><div class=\"pt-cv-view pt-cv-grid pt-cv-colsys\" id=\"pt-cv-view-acae04eaci\"><div data-id=\"pt-cv-page-1\" class=\"pt-cv-page\" data-cvc=\"3\"><div class=\"col-md-4 col-sm-4 col-xs-6 pt-cv-content-item pt-cv-1-col\" ><div class='pt-cv-ifield'><a href=\"https:\/\/divespot.es\/pl\/10-reasons-to-do-a-divemaster-internship-with-us\/\" class=\"_self pt-cv-href-thumbnail pt-cv-thumb-default\" target=\"_self\" ><img width=\"300\" height=\"300\" src=\"https:\/\/divespot.es\/wp-content\/uploads\/2022\/12\/3-300x300.jpg\" class=\"pt-cv-thumbnail\" alt=\"\" decoding=\"async\" loading=\"lazy\" srcset=\"https:\/\/divespot.es\/wp-content\/uploads\/2022\/12\/3-300x300.jpg 300w, https:\/\/divespot.es\/wp-content\/uploads\/2022\/12\/3-150x150.jpg 150w, https:\/\/divespot.es\/wp-content\/uploads\/2022\/12\/3-100x100.jpg 100w, https:\/\/divespot.es\/wp-content\/uploads\/2022\/12\/3.jpg 375w\" sizes=\"(max-width: 300px) 100vw, 300px\" \/><\/a>\n<h4 class=\"pt-cv-title\"><a href=\"https:\/\/divespot.es\/pl\/10-reasons-to-do-a-divemaster-internship-with-us\/\" class=\"_self\" target=\"_self\" >10 powod\u00f3w, dla kt\u00f3rych warto odby\u0107 sta\u017c na Divemastera<\/a><\/h4>\n<div class=\"pt-cv-content\">Zamie\u0144 swoje biuro w s\u0142oneczn\u0105 pla\u017c\u0119! Jeste\u015bmy Divespot, cz\u0119\u015bci\u0105 Atlantis Group, po\u0142o\u017con\u0105 w Los Cristianos, na po\u0142udniu ...<br \/><div class=\"pt-cv-rmwrap\"><a href=\"https:\/\/divespot.es\/pl\/10-reasons-to-do-a-divemaster-internship-with-us\/\" class=\"_self pt-cv-readmore btn btn-success\" target=\"_self\">Read More<\/a><\/div><\/div><\/div><\/div>\n<div class=\"col-md-4 col-sm-4 col-xs-6 pt-cv-content-item pt-cv-1-col\" ><div class='pt-cv-ifield'><a href=\"https:\/\/divespot.es\/pl\/article-4\/\" class=\"_self pt-cv-href-thumbnail pt-cv-thumb-default\" target=\"_self\" ><img width=\"300\" height=\"300\" src=\"https:\/\/divespot.es\/wp-content\/uploads\/2022\/12\/4-300x300.jpg\" class=\"pt-cv-thumbnail\" alt=\"\" decoding=\"async\" loading=\"lazy\" srcset=\"https:\/\/divespot.es\/wp-content\/uploads\/2022\/12\/4-300x300.jpg 300w, https:\/\/divespot.es\/wp-content\/uploads\/2022\/12\/4-150x150.jpg 150w, https:\/\/divespot.es\/wp-content\/uploads\/2022\/12\/4-100x100.jpg 100w, https:\/\/divespot.es\/wp-content\/uploads\/2022\/12\/4.jpg 375w\" sizes=\"(max-width: 300px) 100vw, 300px\" \/><\/a>\n<h4 class=\"pt-cv-title\"><a href=\"https:\/\/divespot.es\/pl\/article-4\/\" class=\"_self\" target=\"_self\" >Zostanie Divemasterem z Diving Atlantis<\/a><\/h4>\n<div class=\"pt-cv-content\">Jako cz\u0119\u015b\u0107 grupy Atlantis, Divespot \u015bci\u015ble wsp\u00f3\u0142pracuje z Diving Atlantis, centrum nurkowym w Los Cristianos na Teneryfie. My ...<br \/><div class=\"pt-cv-rmwrap\"><a href=\"https:\/\/divespot.es\/pl\/article-4\/\" class=\"_self pt-cv-readmore btn btn-success\" target=\"_self\">Read More<\/a><\/div><\/div><\/div><\/div>\n<div class=\"col-md-4 col-sm-4 col-xs-6 pt-cv-content-item pt-cv-1-col\" ><div class='pt-cv-ifield'><a href=\"https:\/\/divespot.es\/pl\/article-3\/\" class=\"_self pt-cv-href-thumbnail pt-cv-thumb-default\" target=\"_self\" ><img width=\"300\" height=\"300\" src=\"https:\/\/divespot.es\/wp-content\/uploads\/2022\/12\/2-300x300.jpg\" class=\"pt-cv-thumbnail\" alt=\"\" decoding=\"async\" loading=\"lazy\" srcset=\"https:\/\/divespot.es\/wp-content\/uploads\/2022\/12\/2-300x300.jpg 300w, https:\/\/divespot.es\/wp-content\/uploads\/2022\/12\/2-150x150.jpg 150w, https:\/\/divespot.es\/wp-content\/uploads\/2022\/12\/2-100x100.jpg 100w, https:\/\/divespot.es\/wp-content\/uploads\/2022\/12\/2.jpg 375w\" sizes=\"(max-width: 300px) 100vw, 300px\" \/><\/a>\n<h4 class=\"pt-cv-title\"><a href=\"https:\/\/divespot.es\/pl\/article-3\/\" class=\"_self\" target=\"_self\" >Promienie Teneryfy<\/a><\/h4>\n<div class=\"pt-cv-content\">Jakie gatunki p\u0142aszczek wyst\u0119puj\u0105 na wyspie? Na Teneryfie mo\u017cna znale\u017a\u0107 6 r\u00f3\u017cnych gatunk\u00f3w p\u0142aszczek: ...<br \/><div class=\"pt-cv-rmwrap\"><a href=\"https:\/\/divespot.es\/pl\/article-3\/\" class=\"_self pt-cv-readmore btn btn-success\" target=\"_self\">Read More<\/a><\/div><\/div><\/div><\/div>\n<div class=\"col-md-4 col-sm-4 col-xs-6 pt-cv-content-item pt-cv-1-col\" ><div class='pt-cv-ifield'><a href=\"https:\/\/divespot.es\/pl\/ray-bay\/\" class=\"_self pt-cv-href-thumbnail pt-cv-thumb-default\" target=\"_self\" ><img width=\"300\" height=\"300\" src=\"https:\/\/divespot.es\/wp-content\/uploads\/2022\/12\/1-300x300.jpg\" class=\"pt-cv-thumbnail\" alt=\"\" decoding=\"async\" loading=\"lazy\" srcset=\"https:\/\/divespot.es\/wp-content\/uploads\/2022\/12\/1-300x300.jpg 300w, https:\/\/divespot.es\/wp-content\/uploads\/2022\/12\/1-150x150.jpg 150w, https:\/\/divespot.es\/wp-content\/uploads\/2022\/12\/1-100x100.jpg 100w, https:\/\/divespot.es\/wp-content\/uploads\/2022\/12\/1.jpg 375w\" sizes=\"(max-width: 300px) 100vw, 300px\" \/><\/a>\n<h4 class=\"pt-cv-title\"><a href=\"https:\/\/divespot.es\/pl\/ray-bay\/\" class=\"_self\" target=\"_self\" >Zatoka P\u0142aszczek w Los Christianos<\/a><\/h4>\n<div class=\"pt-cv-content\">Pla\u017ca Los Tarajales, powszechnie znana jako Ray Bay, to niewielka kamienista pla\u017ca po\u0142o\u017cona w mie\u015bcie Los Cristianos, ...<br \/><div class=\"pt-cv-rmwrap\"><a href=\"https:\/\/divespot.es\/pl\/ray-bay\/\" class=\"_self pt-cv-readmore btn btn-success\" target=\"_self\">Read More<\/a><\/div><\/div><\/div><\/div>\n<div class=\"col-md-4 col-sm-4 col-xs-6 pt-cv-content-item pt-cv-1-col\" ><div class='pt-cv-ifield'><a href=\"https:\/\/divespot.es\/pl\/unforgettable-diving\/\" class=\"_self pt-cv-href-thumbnail pt-cv-thumb-default\" target=\"_self\" ><img width=\"300\" height=\"300\" src=\"https:\/\/divespot.es\/wp-content\/uploads\/2022\/12\/5-300x300.jpg\" class=\"pt-cv-thumbnail\" alt=\"\" decoding=\"async\" loading=\"lazy\" srcset=\"https:\/\/divespot.es\/wp-content\/uploads\/2022\/12\/5-300x300.jpg 300w, https:\/\/divespot.es\/wp-content\/uploads\/2022\/12\/5-150x150.jpg 150w, https:\/\/divespot.es\/wp-content\/uploads\/2022\/12\/5-100x100.jpg 100w, https:\/\/divespot.es\/wp-content\/uploads\/2022\/12\/5.jpg 375w\" sizes=\"(max-width: 300px) 100vw, 300px\" \/><\/a>\n<h4 class=\"pt-cv-title\"><a href=\"https:\/\/divespot.es\/pl\/unforgettable-diving\/\" class=\"_self\" target=\"_self\" >Wyj\u0105tkowe Nurkowania na Teneryfie<\/a><\/h4>\n<div class=\"pt-cv-content\">John Doe Diving Atlantis Intern Ta wyspa oferuje liczne miejsca do nurkowania, w kt\u00f3rych mo\u017cna w pe\u0142ni cieszy\u0107 si\u0119 niezapomnianymi wra\u017ceniami. Kiedy ...<br \/><div class=\"pt-cv-rmwrap\"><a href=\"https:\/\/divespot.es\/pl\/unforgettable-diving\/\" class=\"_self pt-cv-readmore btn btn-success\" target=\"_self\">Read More<\/a><\/div><\/div><\/div><\/div><\/div><\/div><\/div>\n<div class=\"pt-cv-wrapper\"><div class=\"pt-cv-view pt-cv-collapsible\" id=\"pt-cv-view-51418ffs5z\"><div data-id=\"pt-cv-page-1\" class=\"pt-cv-page\" data-cvc=\"1\"><div class=\"panel-group\" id=\"651de21pi4\"><div class=\"panel panel-default pt-cv-content-item pt-cv-1-col\" >\r\n<div class=\"panel-heading pt-cv-title\">\r\n    <a class=\"panel-title\" data-toggle=\"cvcollapse\" data-parent=\"#651de21pi4\" data-target=\"#c262effytl\" href='https:\/\/divespot.es\/pl\/10-reasons-to-do-a-divemaster-internship-with-us\/' onclick='event.preventDefault()'>\r\n\t\t10 powod\u00f3w, dla kt\u00f3rych warto odby\u0107 sta\u017c na Divemastera\t<\/a>\r\n\t<\/div>\r\n<div id=\"c262effytl\" class=\"panel-collapse collapse\">\r\n\t<div class=\"panel-body\">\r\n\t\t<a href=\"https:\/\/divespot.es\/pl\/10-reasons-to-do-a-divemaster-internship-with-us\/\" class=\"_self pt-cv-href-thumbnail pt-cv-thumb-default\" target=\"_self\" ><img width=\"300\" height=\"300\" src=\"https:\/\/divespot.es\/wp-content\/uploads\/2022\/12\/3-300x300.jpg\" class=\"pt-cv-thumbnail\" alt=\"\" decoding=\"async\" loading=\"lazy\" srcset=\"https:\/\/divespot.es\/wp-content\/uploads\/2022\/12\/3-300x300.jpg 300w, https:\/\/divespot.es\/wp-content\/uploads\/2022\/12\/3-150x150.jpg 150w, https:\/\/divespot.es\/wp-content\/uploads\/2022\/12\/3-100x100.jpg 100w, https:\/\/divespot.es\/wp-content\/uploads\/2022\/12\/3.jpg 375w\" sizes=\"(max-width: 300px) 100vw, 300px\" \/><\/a>\n<div class=\"pt-cv-content\">Zamie\u0144 swoje biuro w s\u0142oneczn\u0105 pla\u017c\u0119! Jeste\u015bmy Divespot, cz\u0119\u015bci\u0105 Atlantis Group, po\u0142o\u017con\u0105 w Los Cristianos, na po\u0142udniu ...<br \/><div class=\"pt-cv-rmwrap\"><a href=\"https:\/\/divespot.es\/pl\/10-reasons-to-do-a-divemaster-internship-with-us\/\" class=\"_self pt-cv-readmore btn btn-success\" target=\"_self\">Read More<\/a><\/div><\/div>\t<\/div>\r\n<\/div><\/div>\n<div class=\"panel panel-default pt-cv-content-item pt-cv-1-col\" >\r\n<div class=\"panel-heading pt-cv-title\">\r\n    <a class=\"panel-title\" data-toggle=\"cvcollapse\" data-parent=\"#651de21pi4\" data-target=\"#9b6c8218ef\" href='https:\/\/divespot.es\/pl\/article-4\/' onclick='event.preventDefault()'>\r\n\t\tZostanie Divemasterem z Diving Atlantis\t<\/a>\r\n\t<\/div>\r\n<div id=\"9b6c8218ef\" class=\"panel-collapse collapse\">\r\n\t<div class=\"panel-body\">\r\n\t\t<a href=\"https:\/\/divespot.es\/pl\/article-4\/\" class=\"_self pt-cv-href-thumbnail pt-cv-thumb-default\" target=\"_self\" ><img width=\"300\" height=\"300\" src=\"https:\/\/divespot.es\/wp-content\/uploads\/2022\/12\/4-300x300.jpg\" class=\"pt-cv-thumbnail\" alt=\"\" decoding=\"async\" loading=\"lazy\" srcset=\"https:\/\/divespot.es\/wp-content\/uploads\/2022\/12\/4-300x300.jpg 300w, https:\/\/divespot.es\/wp-content\/uploads\/2022\/12\/4-150x150.jpg 150w, https:\/\/divespot.es\/wp-content\/uploads\/2022\/12\/4-100x100.jpg 100w, https:\/\/divespot.es\/wp-content\/uploads\/2022\/12\/4.jpg 375w\" sizes=\"(max-width: 300px) 100vw, 300px\" \/><\/a>\n<div class=\"pt-cv-content\">Jako cz\u0119\u015b\u0107 grupy Atlantis, Divespot \u015bci\u015ble wsp\u00f3\u0142pracuje z Diving Atlantis, centrum nurkowym w Los Cristianos na Teneryfie. My ...<br \/><div class=\"pt-cv-rmwrap\"><a href=\"https:\/\/divespot.es\/pl\/article-4\/\" class=\"_self pt-cv-readmore btn btn-success\" target=\"_self\">Read More<\/a><\/div><\/div>\t<\/div>\r\n<\/div><\/div>\n<div class=\"panel panel-default pt-cv-content-item pt-cv-1-col\" >\r\n<div class=\"panel-heading pt-cv-title\">\r\n    <a class=\"panel-title\" data-toggle=\"cvcollapse\" data-parent=\"#651de21pi4\" data-target=\"#e7d78bat95\" href='https:\/\/divespot.es\/pl\/article-3\/' onclick='event.preventDefault()'>\r\n\t\tPromienie Teneryfy\t<\/a>\r\n\t<\/div>\r\n<div id=\"e7d78bat95\" class=\"panel-collapse collapse\">\r\n\t<div class=\"panel-body\">\r\n\t\t<a href=\"https:\/\/divespot.es\/pl\/article-3\/\" class=\"_self pt-cv-href-thumbnail pt-cv-thumb-default\" target=\"_self\" ><img width=\"300\" height=\"300\" src=\"https:\/\/divespot.es\/wp-content\/uploads\/2022\/12\/2-300x300.jpg\" class=\"pt-cv-thumbnail\" alt=\"\" decoding=\"async\" loading=\"lazy\" srcset=\"https:\/\/divespot.es\/wp-content\/uploads\/2022\/12\/2-300x300.jpg 300w, https:\/\/divespot.es\/wp-content\/uploads\/2022\/12\/2-150x150.jpg 150w, https:\/\/divespot.es\/wp-content\/uploads\/2022\/12\/2-100x100.jpg 100w, https:\/\/divespot.es\/wp-content\/uploads\/2022\/12\/2.jpg 375w\" sizes=\"(max-width: 300px) 100vw, 300px\" \/><\/a>\n<div class=\"pt-cv-content\">Jakie gatunki p\u0142aszczek wyst\u0119puj\u0105 na wyspie? Na Teneryfie mo\u017cna znale\u017a\u0107 6 r\u00f3\u017cnych gatunk\u00f3w p\u0142aszczek: ...<br \/><div class=\"pt-cv-rmwrap\"><a href=\"https:\/\/divespot.es\/pl\/article-3\/\" class=\"_self pt-cv-readmore btn btn-success\" target=\"_self\">Read More<\/a><\/div><\/div>\t<\/div>\r\n<\/div><\/div>\n<div class=\"panel panel-default pt-cv-content-item pt-cv-1-col\" >\r\n<div class=\"panel-heading pt-cv-title\">\r\n    <a class=\"panel-title\" data-toggle=\"cvcollapse\" data-parent=\"#651de21pi4\" data-target=\"#24e0fb7f5k\" href='https:\/\/divespot.es\/pl\/ray-bay\/' onclick='event.preventDefault()'>\r\n\t\tZatoka P\u0142aszczek w Los Christianos\t<\/a>\r\n\t<\/div>\r\n<div id=\"24e0fb7f5k\" class=\"panel-collapse collapse\">\r\n\t<div class=\"panel-body\">\r\n\t\t<a href=\"https:\/\/divespot.es\/pl\/ray-bay\/\" class=\"_self pt-cv-href-thumbnail pt-cv-thumb-default\" target=\"_self\" ><img width=\"300\" height=\"300\" src=\"https:\/\/divespot.es\/wp-content\/uploads\/2022\/12\/1-300x300.jpg\" class=\"pt-cv-thumbnail\" alt=\"\" decoding=\"async\" loading=\"lazy\" srcset=\"https:\/\/divespot.es\/wp-content\/uploads\/2022\/12\/1-300x300.jpg 300w, https:\/\/divespot.es\/wp-content\/uploads\/2022\/12\/1-150x150.jpg 150w, https:\/\/divespot.es\/wp-content\/uploads\/2022\/12\/1-100x100.jpg 100w, https:\/\/divespot.es\/wp-content\/uploads\/2022\/12\/1.jpg 375w\" sizes=\"(max-width: 300px) 100vw, 300px\" \/><\/a>\n<div class=\"pt-cv-content\">Pla\u017ca Los Tarajales, powszechnie znana jako Ray Bay, to niewielka kamienista pla\u017ca po\u0142o\u017cona w mie\u015bcie Los Cristianos, ...<br \/><div class=\"pt-cv-rmwrap\"><a href=\"https:\/\/divespot.es\/pl\/ray-bay\/\" class=\"_self pt-cv-readmore btn btn-success\" target=\"_self\">Read More<\/a><\/div><\/div>\t<\/div>\r\n<\/div><\/div>\n<div class=\"panel panel-default pt-cv-content-item pt-cv-1-col\" >\r\n<div class=\"panel-heading pt-cv-title\">\r\n    <a class=\"panel-title\" data-toggle=\"cvcollapse\" data-parent=\"#651de21pi4\" data-target=\"#5a760d94vn\" href='https:\/\/divespot.es\/pl\/unforgettable-diving\/' onclick='event.preventDefault()'>\r\n\t\tWyj\u0105tkowe Nurkowania na Teneryfie\t<\/a>\r\n\t<\/div>\r\n<div id=\"5a760d94vn\" class=\"panel-collapse collapse\">\r\n\t<div class=\"panel-body\">\r\n\t\t<a href=\"https:\/\/divespot.es\/pl\/unforgettable-diving\/\" class=\"_self pt-cv-href-thumbnail pt-cv-thumb-default\" target=\"_self\" ><img width=\"300\" height=\"300\" src=\"https:\/\/divespot.es\/wp-content\/uploads\/2022\/12\/5-300x300.jpg\" class=\"pt-cv-thumbnail\" alt=\"\" decoding=\"async\" loading=\"lazy\" srcset=\"https:\/\/divespot.es\/wp-content\/uploads\/2022\/12\/5-300x300.jpg 300w, https:\/\/divespot.es\/wp-content\/uploads\/2022\/12\/5-150x150.jpg 150w, https:\/\/divespot.es\/wp-content\/uploads\/2022\/12\/5-100x100.jpg 100w, https:\/\/divespot.es\/wp-content\/uploads\/2022\/12\/5.jpg 375w\" sizes=\"(max-width: 300px) 100vw, 300px\" \/><\/a>\n<div class=\"pt-cv-content\">John Doe Diving Atlantis Intern Ta wyspa oferuje liczne miejsca do nurkowania, w kt\u00f3rych mo\u017cna w pe\u0142ni cieszy\u0107 si\u0119 niezapomnianymi wra\u017ceniami. Kiedy ...<br \/><div class=\"pt-cv-rmwrap\"><a href=\"https:\/\/divespot.es\/pl\/unforgettable-diving\/\" class=\"_self pt-cv-readmore btn btn-success\" target=\"_self\">Read More<\/a><\/div><\/div>\t<\/div>\r\n<\/div><\/div><\/div><\/div><\/div><\/div>","protected":false},"excerpt":{"rendered":"","protected":false},"author":1,"featured_media":0,"parent":0,"menu_order":0,"comment_status":"closed","ping_status":"closed","template":"","meta":{"footnotes":""},"blocksy_meta":{"styles_descriptor":{"styles":{"desktop":"","tablet":"","mobile":""},"google_fonts":[],"version":4}},"aioseo_notices":[],"_links":{"self":[{"href":"https:\/\/divespot.es\/pl\/wp-json\/wp\/v2\/pages\/1953"}],"collection":[{"href":"https:\/\/divespot.es\/pl\/wp-json\/wp\/v2\/pages"}],"about":[{"href":"https:\/\/divespot.es\/pl\/wp-json\/wp\/v2\/types\/page"}],"author":[{"embeddable":true,"href":"https:\/\/divespot.es\/pl\/wp-json\/wp\/v2\/users\/1"}],"replies":[{"embeddable":true,"href":"https:\/\/divespot.es\/pl\/wp-json\/wp\/v2\/comments?post=1953"}],"version-history":[{"count":0,"href":"https:\/\/divespot.es\/pl\/wp-json\/wp\/v2\/pages\/1953\/revisions"}],"wp:attachment":[{"href":"https:\/\/divespot.es\/pl\/wp-json\/wp\/v2\/media?parent=1953"}],"curies":[{"name":"wp","href":"https:\/\/api.w.org\/{rel}","templated":true}]}}