{"id":1229,"date":"2022-03-24T16:55:37","date_gmt":"2022-03-24T16:55:37","guid":{"rendered":"https:\/\/divespot.es\/?page_id=1229"},"modified":"2022-03-25T18:18:45","modified_gmt":"2022-03-25T18:18:45","slug":"complaint-form","status":"publish","type":"page","link":"https:\/\/divespot.es\/pl\/complaint-form\/","title":{"rendered":"Formularz skargi"},"content":{"rendered":"<div data-elementor-type=\"wp-page\" data-elementor-id=\"1229\" class=\"elementor elementor-1229\">\n\t\t\t\t\t\t\t\t\t<section class=\"has_eae_slider elementor-section elementor-top-section elementor-element elementor-element-0452d33 elementor-section-boxed elementor-section-height-default elementor-section-height-default\" data-id=\"0452d33\" data-element_type=\"section\">\n\t\t\t\t\t\t<div class=\"elementor-container elementor-column-gap-default\">\n\t\t\t\t\t<div class=\"has_eae_slider elementor-column elementor-col-33 elementor-top-column elementor-element elementor-element-937b9cc\" data-id=\"937b9cc\" data-element_type=\"column\">\n\t\t\t<div class=\"elementor-widget-wrap\">\n\t\t\t\t\t\t\t\t\t<\/div>\n\t\t<\/div>\n\t\t\t\t<div class=\"has_eae_slider elementor-column elementor-col-33 elementor-top-column elementor-element elementor-element-27b6c86\" data-id=\"27b6c86\" data-element_type=\"column\">\n\t\t\t<div class=\"elementor-widget-wrap elementor-element-populated\">\n\t\t\t\t\t\t\t\t<div class=\"elementor-element elementor-element-76bcbe8 elementor-widget elementor-widget-shortcode\" data-id=\"76bcbe8\" data-element_type=\"widget\" data-widget_type=\"shortcode.default\">\n\t\t\t\t<div class=\"elementor-widget-container\">\n\t\t\t\t\t<div class=\"elementor-shortcode\">\n<div class=\"wpcf7 no-js\" id=\"wpcf7-f1250-o1\" lang=\"en-GB\" dir=\"ltr\">\n<div class=\"screen-reader-response\"><p role=\"status\" aria-live=\"polite\" aria-atomic=\"true\"><\/p> <ul><\/ul><\/div>\n<form action=\"\/pl\/wp-json\/wp\/v2\/pages\/1229#wpcf7-f1250-o1\" method=\"post\" class=\"wpcf7-form init\" aria-label=\"Formularz kontaktowy\" novalidate=\"novalidate\" data-status=\"init\" data-trp-original-action=\"\/pl\/wp-json\/wp\/v2\/pages\/1229#wpcf7-f1250-o1\">\n<div style=\"display: none;\">\n<input type=\"hidden\" name=\"_wpcf7\" value=\"1250\" \/>\n<input type=\"hidden\" name=\"_wpcf7_version\" value=\"5.8\" \/>\n<input type=\"hidden\" name=\"_wpcf7_locale\" value=\"en_GB\" \/>\n<input type=\"hidden\" name=\"_wpcf7_unit_tag\" value=\"wpcf7-f1250-o1\" \/>\n<input type=\"hidden\" name=\"_wpcf7_container_post\" value=\"0\" \/>\n<input type=\"hidden\" name=\"_wpcf7_posted_data_hash\" value=\"\" \/>\n<\/div>\n<p><label> Potwierd\u017a znajomo\u015b\u0107 Regulaminu oraz zasad anulowania i zwrotu koszt\u00f3w<br \/>\n<span class=\"wpcf7-form-control-wrap\" data-name=\"checkbox-629\"><span class=\"wpcf7-form-control wpcf7-checkbox wpcf7-validates-as-required\"><span class=\"wpcf7-list-item first\"><label><input type=\"checkbox\" name=\"checkbox-629[]\" value=\"I don&#039;t know the rules and didn&#039;t know when booking\" \/><span class=\"wpcf7-list-item-label\">Nie znam zasad i nie zna\u0142em podczas rezerwacji<\/span><\/label><\/span><span class=\"wpcf7-list-item last\"><label><input type=\"checkbox\" name=\"checkbox-629[]\" value=\"My complaint complies with the rules\" \/><span class=\"wpcf7-list-item-label\">Moja skarga jest zgodna z zasadami<\/span><\/label><\/span><\/span><\/span> <\/label>\n<\/p>\n<p><label> Twoje imi\u0119<br \/>\n<span class=\"wpcf7-form-control-wrap\" data-name=\"your-name\"><input size=\"40\" class=\"wpcf7-form-control wpcf7-text wpcf7-validates-as-required\" aria-required=\"true\" aria-invalid=\"false\" value=\"\" type=\"text\" name=\"your-name\" \/><\/span> <\/label>\n<\/p>\n<p><label> Tw\u00f3j email<br \/>\n<span class=\"wpcf7-form-control-wrap\" data-name=\"your-email\"><input size=\"40\" class=\"wpcf7-form-control wpcf7-email wpcf7-validates-as-required wpcf7-text wpcf7-validates-as-email\" aria-required=\"true\" aria-invalid=\"false\" value=\"\" type=\"email\" name=\"your-email\" \/><\/span> <\/label>\n<\/p>\n<p><label> Tw\u00f3j numer telefonu<br \/>\n<span class=\"wpcf7-form-control-wrap\" data-name=\"tel-382\"><input size=\"40\" class=\"wpcf7-form-control wpcf7-tel wpcf7-validates-as-required wpcf7-text wpcf7-validates-as-tel\" aria-required=\"true\" aria-invalid=\"false\" placeholder=\"z kodem kraju\" value=\"\" type=\"tel\" name=\"tel-382\" \/><\/span> <\/label>\n<\/p>\n<p><label> Rodzaj aktywno\u015bci<br \/>\n<span class=\"wpcf7-form-control-wrap\" data-name=\"menu-975\"><select class=\"wpcf7-form-control wpcf7-select wpcf7-validates-as-required\" aria-required=\"true\" aria-invalid=\"false\" name=\"menu-975\"><option value=\"Choose\">Wybierz<\/option><option value=\"Trial Dive\">Nurkowanie pr\u00f3bne<\/option><option value=\"Dive course\">Kurs nurkowania<\/option><option value=\"Dive package\">Pakiet nurkowy<\/option><option value=\"Kayaking\">Kajakowanie<\/option><option value=\"Snorkeling\">Snorkeling<\/option><option value=\"Other\">Inne<\/option><\/select><\/span> <\/label>\n<\/p>\n<p><label> Data aktywno\u015bci<br \/>\n<span class=\"wpcf7-form-control-wrap\" data-name=\"date-479\"><input class=\"wpcf7-form-control wpcf7-date wpcf7-validates-as-required wpcf7-validates-as-date\" aria-required=\"true\" aria-invalid=\"false\" placeholder=\"Kliknij tutaj\" value=\"\" type=\"date\" name=\"date-479\" \/><\/span> <\/label>\n<\/p>\n<p><label> Czas aktywno\u015bci<br \/>\n<span class=\"wpcf7-form-control-wrap\" data-name=\"text-867\"><input size=\"40\" class=\"wpcf7-form-control wpcf7-text wpcf7-validates-as-required\" aria-required=\"true\" aria-invalid=\"false\" placeholder=\"00:00\" value=\"\" type=\"text\" name=\"text-867\" \/><\/span> <\/label>\n<\/p>\n<p><label> Imi\u0119 i nazwisko przewodnika (je\u015bli pami\u0119tasz)<br \/>\n<span class=\"wpcf7-form-control-wrap\" data-name=\"text-637\"><input size=\"40\" class=\"wpcf7-form-control wpcf7-text\" aria-invalid=\"false\" value=\"\" type=\"text\" name=\"text-637\" \/><\/span> <\/label>\n<\/p>\n<p><label> Pow\u00f3d z\u0142o\u017cenia skargi<br \/>\n<span class=\"wpcf7-form-control-wrap\" data-name=\"menu-625\"><select class=\"wpcf7-form-control wpcf7-select wpcf7-validates-as-required\" aria-required=\"true\" aria-invalid=\"false\" name=\"menu-625\"><option value=\"Choose\">Wybierz<\/option><option value=\"I did not participate in the activity\">Nie bra\u0142em udzia\u0142u w aktywno\u015bci<\/option><option value=\"The service was different than in the description\">Us\u0142uga by\u0142a inna ni\u017c w opisie<\/option><option value=\"The service was performed incorrectly\">Us\u0142uga zosta\u0142a wykonana nieprawid\u0142owo<\/option><option value=\"Active was more difficult than I was able to do\">Aktywno\u015b\u0107 by\u0142a trudniejsza ni\u017c by\u0142em w stanie zrobi\u0107<\/option><option value=\"Another\">Inny<\/option><\/select><\/span> <\/label>\n<\/p>\n<p><label> Cel skargi<br \/>\n<span class=\"wpcf7-form-control-wrap\" data-name=\"menu-863\"><select class=\"wpcf7-form-control wpcf7-select wpcf7-validates-as-required\" aria-required=\"true\" aria-invalid=\"false\" name=\"menu-863\"><option value=\"Choose\">Wybierz<\/option><option value=\"Improve the quality of services\">Poprawa jako\u015bci us\u0142ug<\/option><option value=\"Receive an apology and an explanation\">Otrzymanie przeprosin i wyja\u015bnie\u0144<\/option><option value=\"Get money back\">Zwrot pieni\u0119dzy<\/option><option value=\"Another\">Inny<\/option><\/select><\/span> <\/label>\n<\/p>\n<p><label> Twoja wiadomo\u015b\u0107 (opcjonalne)<br \/>\n<span class=\"wpcf7-form-control-wrap\" data-name=\"your-message\"><textarea cols=\"40\" rows=\"10\" class=\"wpcf7-form-control wpcf7-textarea\" aria-invalid=\"false\" name=\"your-message\"><\/textarea><\/span> <\/label>\n<\/p>\n<p><input class=\"wpcf7-form-control wpcf7-submit has-spinner\" type=\"submit\" value=\"Wy\u015blij\" \/>\n<\/p><div class=\"wpcf7-response-output\" aria-hidden=\"true\"><\/div>\n<input type=\"hidden\" name=\"trp-form-language\" value=\"pl\"\/><\/form>\n<\/div>\n<\/div>\n\t\t\t\t<\/div>\n\t\t\t\t<\/div>\n\t\t\t\t\t<\/div>\n\t\t<\/div>\n\t\t\t\t<div class=\"has_eae_slider elementor-column elementor-col-33 elementor-top-column elementor-element elementor-element-8954ff6\" data-id=\"8954ff6\" data-element_type=\"column\">\n\t\t\t<div class=\"elementor-widget-wrap\">\n\t\t\t\t\t\t\t\t\t<\/div>\n\t\t<\/div>\n\t\t\t\t\t\t\t<\/div>\n\t\t<\/section>\n\t\t\t\t\t\t\t<\/div>","protected":false},"excerpt":{"rendered":"","protected":false},"author":1,"featured_media":0,"parent":0,"menu_order":0,"comment_status":"closed","ping_status":"closed","template":"","meta":{"footnotes":""},"blocksy_meta":{"styles_descriptor":{"styles":{"desktop":"","tablet":"","mobile":""},"google_fonts":[],"version":4}},"aioseo_notices":[],"_links":{"self":[{"href":"https:\/\/divespot.es\/pl\/wp-json\/wp\/v2\/pages\/1229"}],"collection":[{"href":"https:\/\/divespot.es\/pl\/wp-json\/wp\/v2\/pages"}],"about":[{"href":"https:\/\/divespot.es\/pl\/wp-json\/wp\/v2\/types\/page"}],"author":[{"embeddable":true,"href":"https:\/\/divespot.es\/pl\/wp-json\/wp\/v2\/users\/1"}],"replies":[{"embeddable":true,"href":"https:\/\/divespot.es\/pl\/wp-json\/wp\/v2\/comments?post=1229"}],"version-history":[{"count":0,"href":"https:\/\/divespot.es\/pl\/wp-json\/wp\/v2\/pages\/1229\/revisions"}],"wp:attachment":[{"href":"https:\/\/divespot.es\/pl\/wp-json\/wp\/v2\/media?parent=1229"}],"curies":[{"name":"wp","href":"https:\/\/api.w.org\/{rel}","templated":true}]}}