{"id":975,"date":"2022-03-12T17:24:15","date_gmt":"2022-03-12T17:24:15","guid":{"rendered":"https:\/\/divespot.es\/?post_type=product&#038;p=975"},"modified":"2024-07-18T14:55:33","modified_gmt":"2024-07-18T14:55:33","slug":"dpv-diver-propulsion-vehicle","status":"publish","type":"product","link":"https:\/\/divespot.es\/it\/prodotto\/dpv-diver-propulsion-vehicle\/","title":{"rendered":"DPV - Veicolo a propulsione subacquea"},"content":{"rendered":"<h4>Com'\u00e8 l'immersione DPV?<\/h4>\n<p>I veicoli a propulsione subacquea (DPV) sono un modo emozionante per esplorare il mondo sottomarino. Con un DPV potete muovervi nell'acqua senza sforzo, coprendo pi\u00f9 terreno e sperimentando pi\u00f9 vita marina che mai. Immaginate di scivolare sulle barriere coralline, di esplorare relitti di navi o di avvicinarvi alle pi\u00f9 grandi creature marine, il tutto con la potenza di un DPV a portata di mano.<\/p>\n<h4>Devo fare un corso introduttivo o un corso completo?<\/h4>\n<p>Un'immersione introduttiva DPV \u00e8 un modo emozionante per provare l'emozione di immergersi con un veicolo a propulsione subacquea senza doversi impegnare in un corso completo di specialit\u00e0 DPV.<\/p>\n<p>Prima dell'immersione, un professionista certificato vi fornir\u00e0 una breve introduzione al DPV e al suo funzionamento di base. Imparerete come accenderlo e spegnerlo, come controllare la velocit\u00e0 e come manovrare il dispositivo sott'acqua. Il professionista delle immersioni illustrer\u00e0 anche le procedure di sicurezza e i segnali di comunicazione, assicurandosi che vi sentiate a vostro agio e sicuri prima di entrare in acqua.<\/p>\n<p>Alla fine dell'immersione, tornerete in superficie con un nuovo apprezzamento per l'esperienza unica che un DPV pu\u00f2 offrire. L'immersione introduttiva DPV \u00e8 un ottimo modo per testare le acque e capire se un corso di specializzazione DPV completo fa al caso vostro.<\/p>\n<h4>Come si svolge un corso DPV?<\/h4>\n<p>Durante il corso, imparerete a manovrare il DPV in modo sicuro ed efficiente, a eseguire la manutenzione di base e la risoluzione dei problemi e a pianificare ed eseguire le immersioni con un DPV. Eseguirete <strong>due immersioni<\/strong> utilizzando un DPV. Al termine del corso, avrete le competenze e le conoscenze necessarie per utilizzare con sicurezza e disinvoltura un DPV durante le vostre immersioni subacquee.<\/p>\n<h4>Chi pu\u00f2 iscriversi al corso DPV?<\/h4>\n<p>Per iscriversi a un corso di specializzazione DPV, \u00e8 necessario essere certificati <strong>Immersione in acque libere<\/strong> o equivalente.<\/p>\n<h4>Organizzazioni subacquee SSI.<\/h4>\n<p>Presso il nostro centro immersioni Dive Spot di Tenerife, offriamo l'addestramento della pi\u00f9 grande organizzazione subacquea del mondo SSI - Scuba Schools International. I certificati rilasciati da questa organizzazione sono accettati in tutto il mondo.<br \/>\n<img decoding=\"async\" loading=\"lazy\" class=\"alignnone size-medium wp-image-1478\" src=\"https:\/\/divespot.es\/wp-content\/uploads\/2022\/03\/ssi-300x71.png\" alt=\"logo ssi\" width=\"300\" height=\"71\" srcset=\"https:\/\/divespot.es\/wp-content\/uploads\/2022\/03\/ssi-300x71.png 300w, https:\/\/divespot.es\/wp-content\/uploads\/2022\/03\/ssi-1024x244.png 1024w, https:\/\/divespot.es\/wp-content\/uploads\/2022\/03\/ssi-768x183.png 768w, https:\/\/divespot.es\/wp-content\/uploads\/2022\/03\/ssi-1536x365.png 1536w, https:\/\/divespot.es\/wp-content\/uploads\/2022\/03\/ssi-2048x487.png 2048w, https:\/\/divespot.es\/wp-content\/uploads\/2022\/03\/ssi-600x143.png 600w\" sizes=\"(max-width: 300px) 100vw, 300px\" \/><\/p>\n<h4>E-Learning - La vostra formazione online<\/h4>\n<p>Non perdete tempo! Nel nostro centro subacqueo \u00e8 possibile completare la formazione subacquea online per tutti i livelli. Potete farlo in qualsiasi momento comodo, anche la sera, a casa vostra. Dopo la prenotazione, riceverete da noi l'accesso all'e-learning. Dovrete eseguire le abilit\u00e0 subacquee e le immersioni solo quando verrete da noi.<\/p>\n<h4>Avete ancora dei dubbi? Perch\u00e9 prenotare un corso di immersione con Dive Spot?<\/h4>\n<ul>\n<li>In ogni programma di lezioni di immersione a Tenerife che sceglierete, riceverete un'attenzione personalizzata dal nostro team di professionisti.<\/li>\n<li>Potete essere certi che con noi otterrete <a href=\"https:\/\/divespot.es\/en\/best-price-policy\/\">i migliori prezzi per le immersioni a Tenerife<\/a>.<\/li>\n<li>Per risparmiare tempo, le lezioni teoriche vengono svolte in modalit\u00e0 e-learning.<\/li>\n<li>\u00c8 possibile scegliere tra le due pi\u00f9 grandi federazioni subacquee del mondo.<\/li>\n<li>Vi immergerete in <a href=\"https:\/\/divespot.es\/en\/article-2\/\">Baia di Ray<\/a>, uno dei punti di immersione pi\u00f9 spettacolari di Tenerife.<\/li>\n<li>Entrerete a far parte di una grande comunit\u00e0 di subacquei che vi offrir\u00e0 molti amici in tutto il mondo.<\/li>\n<li>Vi accompagneremo in un'avventura subacquea piena di adrenalina e divertimento.<\/li>\n<\/ul>\n<h4>Come fare per prenotare?<\/h4>\n<p>Prima di iniziare, leggere il nostro <a href=\"https:\/\/divespot.es\/it\/terms-and-conditions\/\" target=\"_blank\" rel=\"noopener\">Termini e condizioni<\/a>, <a href=\"https:\/\/divespot.es\/it\/privacy-policy\/\" target=\"_blank\" rel=\"noopener\">Informativa sulla privacy<\/a> e <a href=\"https:\/\/divespot.es\/it\/cancelling-and-refunding-policy\/\" target=\"_blank\" rel=\"noopener\">Politica di cancellazione e rimborso<\/a>. Per effettuare una prenotazione, \u00e8 necessario disporre di una carta bancaria per pagare un piccolo deposito. Se non disponete di una carta o se avete problemi con il pagamento online, vi preghiamo di <a href=\"https:\/\/divespot.es\/it\/contact\/\">contattateci<\/a>e provvederemo a concordare un metodo di pagamento diverso. Ricordiamo che i prezzi promozionali sono validi solo per le prenotazioni online effettuate almeno un giorno prima dell'immersione.<\/p>\n<p>Le domande e le risposte pi\u00f9 comuni si trovano su <a href=\"https:\/\/divespot.es\/it\/questions-answers\/\">la nostra pagina di domande e risposte<\/a>oppure potete chiedere maggiori informazioni a <a href=\"https:\/\/divespot.es\/it\/contact\/\">la nostra pagina di contatto<\/a>.<\/p>\n<h6>Leggete i seguenti suggerimenti e spiegazioni:<\/h6>\n<p>La finestra di prenotazione si trova in alto a destra in questa pagina.<\/p>\n<p>Inserire il numero di partecipanti alla <strong>Corso DPV<\/strong> con una licenza.<\/p>\n<p><img decoding=\"async\" loading=\"lazy\" class=\"alignnone wp-image-1801\" src=\"https:\/\/divespot.es\/wp-content\/uploads\/2022\/03\/dpv-license.jpg\" alt=\"DPV course\" width=\"605\" height=\"50\" srcset=\"https:\/\/divespot.es\/wp-content\/uploads\/2022\/03\/dpv-license.jpg 774w, https:\/\/divespot.es\/wp-content\/uploads\/2022\/03\/dpv-license-300x25.jpg 300w, https:\/\/divespot.es\/wp-content\/uploads\/2022\/03\/dpv-license-768x64.jpg 768w, https:\/\/divespot.es\/wp-content\/uploads\/2022\/03\/dpv-license-600x50.jpg 600w\" sizes=\"(max-width: 605px) 100vw, 605px\" \/><\/p>\n<p>Oppure scegliere l'opzione di un <strong>prova ad immergerti con DPV<\/strong> senza licenza.<\/p>\n<p><img decoding=\"async\" loading=\"lazy\" class=\"alignnone wp-image-1800\" src=\"https:\/\/divespot.es\/wp-content\/uploads\/2022\/03\/dpv-intro.jpg\" alt=\"Try DPV\" width=\"605\" height=\"50\" srcset=\"https:\/\/divespot.es\/wp-content\/uploads\/2022\/03\/dpv-intro.jpg 774w, https:\/\/divespot.es\/wp-content\/uploads\/2022\/03\/dpv-intro-300x25.jpg 300w, https:\/\/divespot.es\/wp-content\/uploads\/2022\/03\/dpv-intro-768x64.jpg 768w, https:\/\/divespot.es\/wp-content\/uploads\/2022\/03\/dpv-intro-600x50.jpg 600w\" sizes=\"(max-width: 605px) 100vw, 605px\" \/><\/p>\n<p><b>Opzioni aggiuntive<\/b>. Contrassegnare le opzioni aggiuntive che si desidera aggiungere all'ordine.<\/p>\n<p><strong>Il mondo sottomarino di notte<\/strong> \u00e8 completamente diverso. Vi invitiamo a prenotare un'immersione notturna come immersione aggiuntiva in qualsiasi giorno del pacchetto.<\/p>\n<p><img decoding=\"async\" loading=\"lazy\" class=\"alignnone wp-image-1521\" src=\"https:\/\/divespot.es\/wp-content\/uploads\/2022\/03\/ad-night-dive.jpg\" alt=\"Night dive\" width=\"605\" height=\"51\" srcset=\"https:\/\/divespot.es\/wp-content\/uploads\/2022\/03\/ad-night-dive.jpg 774w, https:\/\/divespot.es\/wp-content\/uploads\/2022\/03\/ad-night-dive-300x25.jpg 300w, https:\/\/divespot.es\/wp-content\/uploads\/2022\/03\/ad-night-dive-768x64.jpg 768w, https:\/\/divespot.es\/wp-content\/uploads\/2022\/03\/ad-night-dive-600x50.jpg 600w\" sizes=\"(max-width: 605px) 100vw, 605px\" \/><\/p>\n<p><b>Foto e video<\/b> della prima immersione. Se desiderate che l'istruttore realizzi per voi un servizio fotografico subacqueo, selezionate \"S\u00ec, grazie\".<br \/>\n<img decoding=\"async\" loading=\"lazy\" class=\"alignnone wp-image-1059\" src=\"https:\/\/divespot.es\/wp-content\/uploads\/2022\/02\/foto.png\" alt=\"foto video\" width=\"408\" height=\"64\" srcset=\"https:\/\/divespot.es\/wp-content\/uploads\/2022\/02\/foto.png 675w, https:\/\/divespot.es\/wp-content\/uploads\/2022\/02\/foto-300x47.png 300w, https:\/\/divespot.es\/wp-content\/uploads\/2022\/02\/foto-600x94.png 600w\" sizes=\"(max-width: 408px) 100vw, 408px\" \/><\/p>\n<p><b>Trasferimento<\/b>. Se avete bisogno di un trasporto dall'hotel e ritorno, potete ordinarlo con un supplemento in due diverse aree turistiche. Se il vostro luogo di soggiorno non \u00e8 indicato sulla mappa, contattateci. Possiamo organizzare per voi un trasporto individuale. <a href=\"https:\/\/divespot.es\/wp-content\/uploads\/2022\/04\/tenerife-map.jpg\" target=\"_blank\" rel=\"noopener\">Potete consultare la mappa delle zone di trasporto qui.<\/a><br \/>\n<img decoding=\"async\" loading=\"lazy\" class=\"alignnone wp-image-1060\" src=\"https:\/\/divespot.es\/wp-content\/uploads\/2022\/02\/Transfer.png\" alt=\"Transfer info\" width=\"406\" height=\"113\" srcset=\"https:\/\/divespot.es\/wp-content\/uploads\/2022\/02\/Transfer.png 675w, https:\/\/divespot.es\/wp-content\/uploads\/2022\/02\/Transfer-300x84.png 300w, https:\/\/divespot.es\/wp-content\/uploads\/2022\/02\/Transfer-600x167.png 600w\" sizes=\"(max-width: 406px) 100vw, 406px\" \/><\/p>\n<p><b>Data<\/b>. Selezionare la data dell'immersione. Ci riserviamo il diritto di modificare l'orario per una migliore organizzazione del nostro lavoro nel centro immersioni. Il nostro assistente confermer\u00e0 la vostra prenotazione con informazioni dettagliate.<br \/>\n<img decoding=\"async\" loading=\"lazy\" class=\"alignnone wp-image-1488\" src=\"https:\/\/divespot.es\/wp-content\/uploads\/2022\/03\/data-2-257x300.jpg\" alt=\"Data \" width=\"230\" height=\"268\" srcset=\"https:\/\/divespot.es\/wp-content\/uploads\/2022\/03\/data-2-257x300.jpg 257w, https:\/\/divespot.es\/wp-content\/uploads\/2022\/03\/data-2-300x351.jpg 300w, https:\/\/divespot.es\/wp-content\/uploads\/2022\/03\/data-2.jpg 558w\" sizes=\"(max-width: 230px) 100vw, 230px\" \/><\/p>\n<h4>Cassa e carrello<\/h4>\n<p>Se l'ordine \u00e8 pronto, premere \"Prenota ora\". Verrete trasferiti alla pagina <a href=\"https:\/\/divespot.es\/it\/checkout\/\">Pagina di pagamento<\/a>.<br \/>\nSe si desidera apportare modifiche alla prenotazione, si trover\u00e0 la sezione <a href=\"https:\/\/divespot.es\/it\/cart\/\">Cestino<\/a> che si trova nella parte superiore della pagina, che vi condurr\u00e0 al vostro <a href=\"https:\/\/divespot.es\/it\/cart\/\">Carrello<\/a>. Se si dispone di un buono sconto per i clienti abituali, \u00e8 possibile applicarlo nel carrello e procedere alla cassa.<br \/>\n<b>Pagina di pagamento - Dettagli di fatturazione<\/b>. In questa pagina dovrete inserire i vostri dati personali: nome, cognome, numero di telefono (non dimenticate il prefisso, che \u00e8 il codice del vostro Paese), indirizzo e-mail (per la conferma della prenotazione), la lingua che parlate meglio e altre lingue in cui siete in grado di comunicare (scegliete dalla lista. Se ne conoscete altre, scrivetele nei commenti).<\/p>\n<p><b>Punto di raccolta<\/b>. Se avete ordinato un servizio di trasferimento a pagamento dall'hotel, inserite il nome esatto e completo dell'hotel, compresa la citt\u00e0. Se soggiornate in un appartamento, inserite l'indirizzo esatto: via e numero civico, citt\u00e0, codice postale, nome dell'edificio e posizione Google, se possibile.<\/p>\n<p><b>Informazioni aggiuntive<\/b>. Inserite in questa sezione tutte le informazioni rilevanti che desiderate comunicarci.<\/p>\n<h4>Pagamento.<\/h4>\n<p>Inserite i dati della vostra carta di credito e pagate il deposito. Riceverete una conferma automatica all'indirizzo e-mail per il pagamento e lo stato del processo in corso.<br \/>\nIl nostro assistente confermer\u00e0 la prenotazione e vi informer\u00e0 sui dettagli. Si prega di notare che <b>\u00e8 possibile che vengano apportate piccole modifiche all'ordine<\/b>come l'orario di inizio o l'orario di prelievo dall'hotel. Le attivit\u00e0 sportive sono soggette a modifiche dell'ultimo minuto, pertanto si prega di accertarsi di <b>tenere il telefono a portata di mano<\/b> in caso di necessit\u00e0 di contatto. In caso di problemi con la prenotazione o il pagamento, vi invitiamo a <a href=\"https:\/\/divespot.es\/it\/contact\/\">contattateci<\/a>.<\/p>\n<p>&nbsp;<\/p>","protected":false},"excerpt":{"rendered":"<p>Si prega di leggere la descrizione qui sotto prima di prenotare!<\/p>\n<p>Questi prezzi sono disponibili solo prenotando online!<\/p>\n<p><a href=\"https:\/\/divespot.es\/wp-content\/uploads\/2022\/04\/tenerife-map.jpg\">MAPPA DELLE ZONE DI TRASPORTO<\/a><\/p>","protected":false},"featured_media":2662,"template":"","meta":[],"product_cat":[28],"product_tag":[44,52,41,33],"aioseo_notices":[],"_links":{"self":[{"href":"https:\/\/divespot.es\/it\/wp-json\/wp\/v2\/product\/975"}],"collection":[{"href":"https:\/\/divespot.es\/it\/wp-json\/wp\/v2\/product"}],"about":[{"href":"https:\/\/divespot.es\/it\/wp-json\/wp\/v2\/types\/product"}],"wp:featuredmedia":[{"embeddable":true,"href":"https:\/\/divespot.es\/it\/wp-json\/wp\/v2\/media\/2662"}],"wp:attachment":[{"href":"https:\/\/divespot.es\/it\/wp-json\/wp\/v2\/media?parent=975"}],"wp:term":[{"taxonomy":"product_cat","embeddable":true,"href":"https:\/\/divespot.es\/it\/wp-json\/wp\/v2\/product_cat?post=975"},{"taxonomy":"product_tag","embeddable":true,"href":"https:\/\/divespot.es\/it\/wp-json\/wp\/v2\/product_tag?post=975"}],"curies":[{"name":"wp","href":"https:\/\/api.w.org\/{rel}","templated":true}]}}