{"id":969,"date":"2022-03-12T16:58:34","date_gmt":"2022-03-12T16:58:34","guid":{"rendered":"https:\/\/divespot.es\/?post_type=product&#038;p=969"},"modified":"2024-08-09T15:47:49","modified_gmt":"2024-08-09T15:47:49","slug":"wreck-diver-specialty","status":"publish","type":"product","link":"https:\/\/divespot.es\/it\/prodotto\/wreck-diver-specialty\/","title":{"rendered":"Specialit\u00e0 di immersione su relitti"},"content":{"rendered":"<h4>Che cos'\u00e8 il corso di specializzazione Wreck Diving?<\/h4>\n<p>Esplorate i tesori sommersi e scoprite i segreti nascosti della storia subacquea con il nostro corso di specializzazione Wreck Diving. Questo corso, autorizzato da SSI, vi insegner\u00e0 le abilit\u00e0 e le conoscenze necessarie per immergervi ed esplorare in sicurezza relitti di navi, aerei e altre strutture sommerse.<\/p>\n<p>Durante questo corso, imparerete a conoscere l'attrezzatura, le tecniche e le procedure di sicurezza necessarie per le immersioni su relitti. Verrete anche addestrati a riconoscere i potenziali pericoli e ad evitarli. Inoltre, imparerete a navigare e a mappare un sito di relitti, nonch\u00e9 a interagire correttamente con l'ambiente subacqueo per ridurre al minimo il vostro impatto.<\/p>\n<p>I nostri istruttori esperti e certificati vi guideranno attraverso una combinazione di sessioni in aula e immersioni pratiche di addestramento per assicurarvi di sviluppare le competenze e la fiducia necessarie per esplorare i siti di relitti in modo indipendente.<\/p>\n<p>Alla fine del corso, avrete le conoscenze e la certificazione per esplorare in sicurezza alcuni dei siti di immersione pi\u00f9 affascinanti e storicamente significativi del mondo.<\/p>\n<h4>Chi pu\u00f2 iscriversi al corso di specializzazione Wreck Diving?<\/h4>\n<p lang=\"zxx\"><span style=\"color: #504e4a;\"><span style=\"font-family: Open Sans, sans-serif;\"><span style=\"font-size: medium;\">Per iscriversi a questo corso, i candidati devono essere\u00a0<\/span><\/span><\/span><strong><span style=\"color: #504e4a;\"><span style=\"font-family: Open Sans, sans-serif;\"><span style=\"font-size: medium;\"><b>almeno 10 anni<\/b><\/span><\/span><\/span><\/strong><span style=\"color: #504e4a;\"><span style=\"font-family: Open Sans, sans-serif;\"><span style=\"font-size: medium;\">. Inoltre, devono possedere una\u00a0<\/span><\/span><\/span><strong><span style=\"color: #504e4a;\"><span style=\"font-family: Open Sans, sans-serif;\"><span style=\"font-size: medium;\"><b>Certificazione Open Water Diver o superiore<\/b><\/span><\/span><\/span><\/strong><span style=\"color: #504e4a;\"><span style=\"font-family: Open Sans, sans-serif;\"><span style=\"font-size: medium;\">.<\/span><\/span><\/span><\/p>\n<h4>Organizzazioni subacquee SSI.<\/h4>\n<p>Presso il nostro centro immersioni Dive Spot di Tenerife, offriamo l'addestramento della pi\u00f9 grande organizzazione subacquea del mondo SSI - Scuba Schools International. I certificati rilasciati da questa organizzazione sono accettati in tutto il mondo.<br \/>\n<img decoding=\"async\" loading=\"lazy\" class=\"alignnone size-medium wp-image-1478\" src=\"https:\/\/divespot.es\/wp-content\/uploads\/2022\/03\/ssi-300x71.png\" alt=\"logo ssi\" width=\"300\" height=\"71\" srcset=\"https:\/\/divespot.es\/wp-content\/uploads\/2022\/03\/ssi-300x71.png 300w, https:\/\/divespot.es\/wp-content\/uploads\/2022\/03\/ssi-1024x244.png 1024w, https:\/\/divespot.es\/wp-content\/uploads\/2022\/03\/ssi-768x183.png 768w, https:\/\/divespot.es\/wp-content\/uploads\/2022\/03\/ssi-1536x365.png 1536w, https:\/\/divespot.es\/wp-content\/uploads\/2022\/03\/ssi-2048x487.png 2048w, https:\/\/divespot.es\/wp-content\/uploads\/2022\/03\/ssi-600x143.png 600w\" sizes=\"(max-width: 300px) 100vw, 300px\" \/><\/p>\n<h4>E-Learning - La vostra formazione online<\/h4>\n<p>Non perdete tempo! Nel nostro centro subacqueo \u00e8 possibile completare la formazione subacquea online per tutti i livelli. Potete farlo in qualsiasi momento comodo, anche la sera, a casa vostra. Dopo la prenotazione, riceverete da noi l'accesso all'e-learning. Dovrete eseguire le abilit\u00e0 subacquee e le immersioni solo quando verrete da noi.<\/p>\n<h4>Avete ancora dei dubbi? Perch\u00e9 prenotare un corso di immersione con Dive Spot?<\/h4>\n<ul>\n<li>In ogni programma di lezioni di immersione a Tenerife che sceglierete, riceverete un'attenzione personalizzata dal nostro team di professionisti.<\/li>\n<li>Per risparmiare tempo, le lezioni teoriche vengono svolte in modalit\u00e0 e-learning.<\/li>\n<li>Vi immergerete in <a href=\"https:\/\/divespot.es\/en\/article-2\/\">Baia di Ray<\/a>, uno dei punti di immersione pi\u00f9 spettacolari di Tenerife.<\/li>\n<li>Entrerete a far parte di una grande comunit\u00e0 di subacquei che vi offrir\u00e0 molti amici in tutto il mondo.<\/li>\n<li>Vi accompagneremo in un'avventura subacquea piena di adrenalina e divertimento.<\/li>\n<\/ul>\n<h4>Come fare per prenotare?<\/h4>\n<p>Prima di iniziare, leggere il nostro <a href=\"https:\/\/divespot.es\/it\/terms-and-conditions\/\" target=\"_blank\" rel=\"noopener\">Termini e condizioni<\/a>, <a href=\"https:\/\/divespot.es\/it\/privacy-policy\/\" target=\"_blank\" rel=\"noopener\">Informativa sulla privacy<\/a> e <a href=\"https:\/\/divespot.es\/it\/cancelling-and-refunding-policy\/\" target=\"_blank\" rel=\"noopener\">Politica di cancellazione e rimborso<\/a>. Per effettuare una prenotazione, \u00e8 necessario disporre di una carta bancaria per pagare un piccolo deposito. Se non disponete di una carta o se avete problemi con il pagamento online, vi preghiamo di <a href=\"https:\/\/divespot.es\/it\/contact\/\">contattateci<\/a>e provvederemo a concordare un metodo di pagamento diverso. Ricordiamo che i prezzi promozionali sono validi solo per le prenotazioni online effettuate almeno un giorno prima dell'immersione.<\/p>\n<p>Le domande e le risposte pi\u00f9 comuni si trovano su <a href=\"https:\/\/divespot.es\/it\/questions-answers\/\">la nostra pagina di domande e risposte<\/a>oppure potete chiedere maggiori informazioni a <a href=\"https:\/\/divespot.es\/it\/contact\/\">la nostra pagina di contatto<\/a>.<\/p>\n<h6>Leggete i seguenti suggerimenti e spiegazioni:<\/h6>\n<p>La finestra di prenotazione si trova in alto a destra in questa pagina.<br \/>\n<b>Selezionare il corso di immersione<\/b> che si desidera fare. Inserite il numero di partecipanti per l'opzione appropriata.<\/p>\n<p><img decoding=\"async\" loading=\"lazy\" class=\"alignnone  wp-image-3772\" src=\"https:\/\/divespot.es\/wp-content\/uploads\/2022\/03\/wdl-300x69.png\" alt=\"\" width=\"226\" height=\"52\" srcset=\"https:\/\/divespot.es\/wp-content\/uploads\/2022\/03\/wdl-300x69.png 300w, https:\/\/divespot.es\/wp-content\/uploads\/2022\/03\/wdl-18x4.png 18w, https:\/\/divespot.es\/wp-content\/uploads\/2022\/03\/wdl.png 516w\" sizes=\"(max-width: 226px) 100vw, 226px\" \/><\/p>\n<p><b>Opzioni aggiuntive<\/b>. Contrassegnare le opzioni aggiuntive che si desidera aggiungere all'ordine.<\/p>\n<p><strong>Il mondo sottomarino di notte<\/strong> \u00e8 completamente diverso. Vi invitiamo a prenotare un'immersione notturna come immersione aggiuntiva in qualsiasi giorno del pacchetto.<\/p>\n<p><img decoding=\"async\" loading=\"lazy\" class=\"alignnone size-medium wp-image-3771\" src=\"https:\/\/divespot.es\/wp-content\/uploads\/2022\/03\/andl-300x48.png\" alt=\"\" width=\"300\" height=\"48\" srcset=\"https:\/\/divespot.es\/wp-content\/uploads\/2022\/03\/andl-300x48.png 300w, https:\/\/divespot.es\/wp-content\/uploads\/2022\/03\/andl-18x3.png 18w, https:\/\/divespot.es\/wp-content\/uploads\/2022\/03\/andl-600x96.png 600w, https:\/\/divespot.es\/wp-content\/uploads\/2022\/03\/andl.png 700w\" sizes=\"(max-width: 300px) 100vw, 300px\" \/><\/p>\n<p><strong> Nitrox \/ EAN \/ Aria arricchita<\/strong> permette ai subacquei di rimanere in immersione pi\u00f9 a lungo, estendendo i limiti di non decompressione.<\/p>\n<p><img decoding=\"async\" loading=\"lazy\" class=\"alignnone wp-image-3769\" src=\"https:\/\/divespot.es\/wp-content\/uploads\/2022\/03\/ndl-1-300x67.png\" alt=\"\" width=\"224\" height=\"50\" srcset=\"https:\/\/divespot.es\/wp-content\/uploads\/2022\/03\/ndl-1-300x67.png 300w, https:\/\/divespot.es\/wp-content\/uploads\/2022\/03\/ndl-1-18x4.png 18w, https:\/\/divespot.es\/wp-content\/uploads\/2022\/03\/ndl-1.png 508w\" sizes=\"(max-width: 224px) 100vw, 224px\" \/><\/p>\n<p><b>Foto e video<\/b> della prima immersione. Se desiderate che l'istruttore realizzi per voi un servizio fotografico subacqueo, selezionate \"S\u00ec, grazie\".<\/p>\n<p><img decoding=\"async\" loading=\"lazy\" class=\"alignnone size-medium wp-image-3751\" src=\"https:\/\/divespot.es\/wp-content\/uploads\/2022\/02\/photo-300x87.png\" alt=\"\" width=\"300\" height=\"87\" srcset=\"https:\/\/divespot.es\/wp-content\/uploads\/2022\/02\/photo-300x87.png 300w, https:\/\/divespot.es\/wp-content\/uploads\/2022\/02\/photo-18x5.png 18w, https:\/\/divespot.es\/wp-content\/uploads\/2022\/02\/photo.png 530w\" sizes=\"(max-width: 300px) 100vw, 300px\" \/><\/p>\n<p><b>Trasferimento<\/b>. Se avete bisogno di un trasporto dall'hotel e ritorno, potete ordinarlo con un supplemento in due diverse aree turistiche. Se il vostro luogo di soggiorno non \u00e8 indicato sulla mappa, contattateci. Possiamo organizzare per voi un trasporto individuale. <a href=\"https:\/\/divespot.es\/wp-content\/uploads\/2022\/04\/tenerife-map.jpg\" target=\"_blank\" rel=\"noopener\">Potete consultare la mappa delle zone di trasporto qui.<\/a><\/p>\n<p><img decoding=\"async\" loading=\"lazy\" class=\"alignnone wp-image-1060\" src=\"https:\/\/divespot.es\/wp-content\/uploads\/2022\/02\/Transfer.png\" alt=\"Transfer info\" width=\"406\" height=\"113\" srcset=\"https:\/\/divespot.es\/wp-content\/uploads\/2022\/02\/Transfer.png 675w, https:\/\/divespot.es\/wp-content\/uploads\/2022\/02\/Transfer-300x84.png 300w, https:\/\/divespot.es\/wp-content\/uploads\/2022\/02\/Transfer-600x167.png 600w\" sizes=\"(max-width: 406px) 100vw, 406px\" \/><\/p>\n<p><b>Data<\/b>. Selezionare la data dell'immersione. Ci riserviamo il diritto di modificare l'orario per una migliore organizzazione del nostro lavoro nel centro immersioni. Il nostro assistente confermer\u00e0 la vostra prenotazione con informazioni dettagliate.<\/p>\n<p><img decoding=\"async\" loading=\"lazy\" class=\"alignnone wp-image-1488\" src=\"https:\/\/divespot.es\/wp-content\/uploads\/2022\/03\/data-2-257x300.jpg\" alt=\"Data \" width=\"230\" height=\"268\" srcset=\"https:\/\/divespot.es\/wp-content\/uploads\/2022\/03\/data-2-257x300.jpg 257w, https:\/\/divespot.es\/wp-content\/uploads\/2022\/03\/data-2-300x351.jpg 300w, https:\/\/divespot.es\/wp-content\/uploads\/2022\/03\/data-2.jpg 558w\" sizes=\"(max-width: 230px) 100vw, 230px\" \/><\/p>\n<h4>Cassa e carrello<\/h4>\n<p>Se l'ordine \u00e8 pronto, premere \"Prenota ora\". Verrete trasferiti alla pagina <a href=\"https:\/\/divespot.es\/it\/checkout\/\">Pagina di pagamento<\/a>.<br \/>\nSe si desidera apportare modifiche alla prenotazione, si trover\u00e0 la sezione <a href=\"https:\/\/divespot.es\/it\/cart\/\">Cestino<\/a> che si trova nella parte superiore della pagina, che vi condurr\u00e0 al vostro <a href=\"https:\/\/divespot.es\/it\/cart\/\">Carrello<\/a>. Se si dispone di un buono sconto per i clienti abituali, \u00e8 possibile applicarlo nel carrello e procedere alla cassa.<br \/>\n<b>Pagina di pagamento - Dettagli di fatturazione<\/b>. In questa pagina dovrete inserire i vostri dati personali: nome, cognome, numero di telefono (non dimenticate il prefisso, che \u00e8 il codice del vostro Paese), indirizzo e-mail (per la conferma della prenotazione), la lingua che parlate meglio e altre lingue in cui siete in grado di comunicare (scegliete dalla lista. Se ne conoscete altre, scrivetele nei commenti).<\/p>\n<p><b>Punto di raccolta<\/b>. Se avete ordinato un servizio di trasferimento a pagamento dall'hotel, inserite il nome esatto e completo dell'hotel, compresa la citt\u00e0. Se soggiornate in un appartamento, inserite l'indirizzo esatto: via e numero civico, citt\u00e0, codice postale, nome dell'edificio e posizione Google, se possibile.<\/p>\n<p><b>Informazioni aggiuntive<\/b>. Inserite in questa sezione tutte le informazioni rilevanti che desiderate comunicarci.<\/p>\n<h4>Pagamento.<\/h4>\n<p>Inserite i dati della vostra carta di credito e pagate il deposito. Riceverete una conferma automatica all'indirizzo e-mail per il pagamento e lo stato del processo in corso.<br \/>\nIl nostro assistente confermer\u00e0 la prenotazione e vi informer\u00e0 sui dettagli. Si prega di notare che <b>\u00e8 possibile che vengano apportate piccole modifiche all'ordine<\/b>come l'orario di inizio o l'orario di prelievo dall'hotel. Le attivit\u00e0 sportive sono soggette a modifiche dell'ultimo minuto, pertanto si prega di accertarsi di <b>tenere il telefono a portata di mano<\/b> in caso di necessit\u00e0 di contatto. In caso di problemi con la prenotazione o il pagamento, vi invitiamo a <a href=\"https:\/\/divespot.es\/it\/contact\/\">contattateci<\/a>.<\/p>\n<p>&nbsp;<\/p>","protected":false},"excerpt":{"rendered":"<p>Si prega di leggere la descrizione qui sotto prima di prenotare!<\/p>\n<p>Questi prezzi sono disponibili solo prenotando online!<\/p>\n<p><a href=\"https:\/\/divespot.es\/wp-content\/uploads\/2022\/04\/tenerife-map.jpg\">MAPPA DELLE ZONE DI TRASPORTO<\/a><\/p>","protected":false},"featured_media":2665,"template":"","meta":[],"product_cat":[28],"product_tag":[44,41,33,50],"aioseo_notices":[],"_links":{"self":[{"href":"https:\/\/divespot.es\/it\/wp-json\/wp\/v2\/product\/969"}],"collection":[{"href":"https:\/\/divespot.es\/it\/wp-json\/wp\/v2\/product"}],"about":[{"href":"https:\/\/divespot.es\/it\/wp-json\/wp\/v2\/types\/product"}],"wp:featuredmedia":[{"embeddable":true,"href":"https:\/\/divespot.es\/it\/wp-json\/wp\/v2\/media\/2665"}],"wp:attachment":[{"href":"https:\/\/divespot.es\/it\/wp-json\/wp\/v2\/media?parent=969"}],"wp:term":[{"taxonomy":"product_cat","embeddable":true,"href":"https:\/\/divespot.es\/it\/wp-json\/wp\/v2\/product_cat?post=969"},{"taxonomy":"product_tag","embeddable":true,"href":"https:\/\/divespot.es\/it\/wp-json\/wp\/v2\/product_tag?post=969"}],"curies":[{"name":"wp","href":"https:\/\/api.w.org\/{rel}","templated":true}]}}