{"id":841,"date":"2022-03-10T21:37:11","date_gmt":"2022-03-10T21:37:11","guid":{"rendered":"https:\/\/divespot.es\/?post_type=product&#038;p=841"},"modified":"2022-12-28T14:23:08","modified_gmt":"2022-12-28T14:23:08","slug":"five-days-of-diving","status":"publish","type":"product","link":"https:\/\/divespot.es\/it\/prodotto\/five-days-of-diving\/","title":{"rendered":"Cinque giorni di immersioni"},"content":{"rendered":"<h4>Pacchetto immersioni di cinque giorni.<\/h4>\n<p>Scegliete i giorni e partecipate alle nostre immersioni. Se volete saperne di pi\u00f9 sulle specifiche delle immersioni a Tenerife, tornate alla sezione <a href=\"https:\/\/divespot.es\/it\/categoria-prodotto\/dive-package\/\">Pacchetti di immersione<\/a> descrizione. Informazioni sui punti di immersione <a href=\"https:\/\/divespot.es\/it\/best-dive-spots-in-tenerife\/\">Qui<\/a>. E se volete approfondire le vostre conoscenze, visitate il nostro blog -. <a href=\"https:\/\/divespot.es\/it\/this-is-interesting\/\">Questo \u00e8 interessante<\/a>.<\/p>\n<div>\n<h4>Come fare per prenotare?<\/h4>\n<p>Prima di iniziare, leggere il nostro <a href=\"https:\/\/divespot.es\/it\/terms-and-conditions\/\" target=\"_blank\" rel=\"noopener\">Termini e condizioni<\/a>, <a href=\"https:\/\/divespot.es\/it\/privacy-policy\/\" target=\"_blank\" rel=\"noopener\">Informativa sulla privacy<\/a> e <a href=\"https:\/\/divespot.es\/it\/cancelling-and-refunding-policy\/\" target=\"_blank\" rel=\"noopener\">Politica di cancellazione e rimborso<\/a>. Per effettuare una prenotazione \u00e8 necessario disporre di una carta bancaria per pagare un piccolo deposito. Se non disponete di una carta o avete problemi con il pagamento online, vi preghiamo di <a href=\"https:\/\/divespot.es\/it\/contact\/\">contattateci<\/a> e concorderemo un metodo di pagamento diverso. Ricordiamo che i prezzi promozionali sono validi solo per le prenotazioni online effettuate almeno un giorno prima dell'immersione.<\/p>\n<p>Le domande e le risposte pi\u00f9 comuni sono disponibili <a href=\"https:\/\/divespot.es\/it\/questions-answers\/\">QUI<\/a>. Potete anche porre domande nella chat online al nostro assistente.<\/p>\n<\/div>\n<h4>Leggete i seguenti suggerimenti e spiegazioni:<\/h4>\n<p>La finestra di prenotazione si trova in alto a destra in questa pagina.<\/p>\n<p><strong>Immettere il numero<\/strong> di partecipanti. Se siete da soli, scegliete 1. Se siete un gruppo, scegliete il numero di subacquei.<\/p>\n<p><img decoding=\"async\" loading=\"lazy\" class=\"alignnone wp-image-1544\" src=\"https:\/\/divespot.es\/wp-content\/uploads\/2022\/03\/5-days.jpg\" alt=\"Five days\" width=\"593\" height=\"49\" srcset=\"https:\/\/divespot.es\/wp-content\/uploads\/2022\/03\/5-days.jpg 774w, https:\/\/divespot.es\/wp-content\/uploads\/2022\/03\/5-days-300x25.jpg 300w, https:\/\/divespot.es\/wp-content\/uploads\/2022\/03\/5-days-768x64.jpg 768w, https:\/\/divespot.es\/wp-content\/uploads\/2022\/03\/5-days-600x50.jpg 600w\" sizes=\"(max-width: 593px) 100vw, 593px\" \/><\/p>\n<p><strong>Opzioni aggiuntive<\/strong>. Contrassegnare le opzioni aggiuntive che si desidera aggiungere all'ordine.<\/p>\n<p><strong>Il mondo sottomarino di notte<\/strong> \u00e8 completamente diverso. Vi invitiamo a prenotare un'immersione notturna come immersione aggiuntiva in qualsiasi giorno del pacchetto.<\/p>\n<p><img decoding=\"async\" loading=\"lazy\" class=\"alignnone wp-image-1521\" src=\"https:\/\/divespot.es\/wp-content\/uploads\/2022\/03\/ad-night-dive.jpg\" alt=\"Night dive\" width=\"595\" height=\"50\" srcset=\"https:\/\/divespot.es\/wp-content\/uploads\/2022\/03\/ad-night-dive.jpg 774w, https:\/\/divespot.es\/wp-content\/uploads\/2022\/03\/ad-night-dive-300x25.jpg 300w, https:\/\/divespot.es\/wp-content\/uploads\/2022\/03\/ad-night-dive-768x64.jpg 768w, https:\/\/divespot.es\/wp-content\/uploads\/2022\/03\/ad-night-dive-600x50.jpg 600w\" sizes=\"(max-width: 595px) 100vw, 595px\" \/><\/p>\n<p><strong>Immersioni dalla barca<\/strong>. Per le immersioni da una barca RIB \u00e8 previsto un supplemento. Si noti che il grado di difficolt\u00e0 \u00e8 maggiore! Non raccomandiamo questa opzione per i subacquei inesperti. Se lo desiderate, potete scegliere quanti giorni del vostro pacchetto desiderate fare immersioni in barca.<\/p>\n<p><img decoding=\"async\" loading=\"lazy\" class=\"alignnone wp-image-1526\" src=\"https:\/\/divespot.es\/wp-content\/uploads\/2022\/03\/Boat.jpg\" alt=\"Bout dive\" width=\"595\" height=\"50\" srcset=\"https:\/\/divespot.es\/wp-content\/uploads\/2022\/03\/Boat.jpg 774w, https:\/\/divespot.es\/wp-content\/uploads\/2022\/03\/Boat-300x25.jpg 300w, https:\/\/divespot.es\/wp-content\/uploads\/2022\/03\/Boat-768x64.jpg 768w, https:\/\/divespot.es\/wp-content\/uploads\/2022\/03\/Boat-600x50.jpg 600w\" sizes=\"(max-width: 595px) 100vw, 595px\" \/><\/p>\n<p><strong>Rassegna subacquea<\/strong>. Se un subacqueo non si immerge da due anni o pi\u00f9, deve rinfrescare le sue abilit\u00e0 subacquee. Durante il programma Scuba Review, il subacqueo aggiorna le sue conoscenze di base e le sue abilit\u00e0 subacquee. Questo addestramento viene effettuato durante la prima immersione.<\/p>\n<p><img decoding=\"async\" loading=\"lazy\" class=\"alignnone wp-image-1522\" src=\"https:\/\/divespot.es\/wp-content\/uploads\/2022\/03\/Scuba-review.jpg\" alt=\"Scuba review\" width=\"694\" height=\"69\" srcset=\"https:\/\/divespot.es\/wp-content\/uploads\/2022\/03\/Scuba-review.jpg 774w, https:\/\/divespot.es\/wp-content\/uploads\/2022\/03\/Scuba-review-300x30.jpg 300w, https:\/\/divespot.es\/wp-content\/uploads\/2022\/03\/Scuba-review-768x76.jpg 768w, https:\/\/divespot.es\/wp-content\/uploads\/2022\/03\/Scuba-review-600x60.jpg 600w\" sizes=\"(max-width: 694px) 100vw, 694px\" \/><\/p>\n<p><strong>Noleggio di attrezzature.<\/strong> Molti subacquei viaggiano con la propria attrezzatura subacquea. Se non avete l'attrezzatura, potete noleggiare l'intero set da noi. Il prezzo include l'intero pacchetto.<\/p>\n<p><img decoding=\"async\" loading=\"lazy\" class=\"alignnone wp-image-1546\" src=\"https:\/\/divespot.es\/wp-content\/uploads\/2022\/03\/Equipmant-5-days-x.jpg\" alt=\"5 days renting\" width=\"550\" height=\"115\" srcset=\"https:\/\/divespot.es\/wp-content\/uploads\/2022\/03\/Equipmant-5-days-x.jpg 622w, https:\/\/divespot.es\/wp-content\/uploads\/2022\/03\/Equipmant-5-days-x-300x63.jpg 300w, https:\/\/divespot.es\/wp-content\/uploads\/2022\/03\/Equipmant-5-days-x-600x125.jpg 600w\" sizes=\"(max-width: 550px) 100vw, 550px\" \/><\/p>\n<p><strong>Foto e video<\/strong> della prima immersione. Se volete che l'istruttore faccia un servizio fotografico subacqueo per voi, segnate: S\u00ec, grazie.<\/p>\n<p><img decoding=\"async\" loading=\"lazy\" class=\"alignnone wp-image-1059\" src=\"https:\/\/divespot.es\/wp-content\/uploads\/2022\/02\/foto.png\" alt=\"foto video\" width=\"408\" height=\"64\" srcset=\"https:\/\/divespot.es\/wp-content\/uploads\/2022\/02\/foto.png 675w, https:\/\/divespot.es\/wp-content\/uploads\/2022\/02\/foto-300x47.png 300w, https:\/\/divespot.es\/wp-content\/uploads\/2022\/02\/foto-600x94.png 600w\" sizes=\"(max-width: 408px) 100vw, 408px\" \/><\/p>\n<p><strong>Assicurazione per le immersioni<\/strong> \u00e8 obbligatoria in Spagna. Ogni subacqueo deve avere la propria assicurazione individuale. Se non ne avete una, potete acquistarla da noi.<\/p>\n<p><img decoding=\"async\" loading=\"lazy\" class=\"alignnone wp-image-1529\" src=\"https:\/\/divespot.es\/wp-content\/uploads\/2022\/03\/insurance.jpg\" alt=\"scuba insurance\" width=\"308\" height=\"243\" srcset=\"https:\/\/divespot.es\/wp-content\/uploads\/2022\/03\/insurance.jpg 376w, https:\/\/divespot.es\/wp-content\/uploads\/2022\/03\/insurance-300x236.jpg 300w\" sizes=\"(max-width: 308px) 100vw, 308px\" \/><\/p>\n<p><strong>Trasferimento<\/strong>. Se avete bisogno di un trasporto dall'hotel e ritorno, potete ordinarlo con un supplemento in due diverse aree turistiche. Se la mappa non copre il vostro luogo di soggiorno, contattateci, \u00e8 possibile organizzare un trasporto individuale. <a href=\"https:\/\/divespot.es\/wp-content\/uploads\/2022\/04\/tenerife-map.jpg\" target=\"_blank\" rel=\"noopener\">MAPPA TENERIFE<\/a><\/p>\n<p><img decoding=\"async\" loading=\"lazy\" class=\"alignnone wp-image-1060\" src=\"https:\/\/divespot.es\/wp-content\/uploads\/2022\/02\/Transfer.png\" alt=\"Transfer info\" width=\"406\" height=\"113\" srcset=\"https:\/\/divespot.es\/wp-content\/uploads\/2022\/02\/Transfer.png 675w, https:\/\/divespot.es\/wp-content\/uploads\/2022\/02\/Transfer-300x84.png 300w, https:\/\/divespot.es\/wp-content\/uploads\/2022\/02\/Transfer-600x167.png 600w\" sizes=\"(max-width: 406px) 100vw, 406px\" \/><\/p>\n<p><strong>Data<\/strong>. Selezionare le date di immersione per ogni giorno separatamente. L'orario di ritrovo al Diving Center \u00e8 previsto per le 9.30. Per le immersioni in barca pu\u00f2 essere modificato.<\/p>\n<p><img decoding=\"async\" loading=\"lazy\" class=\"alignnone wp-image-1488\" src=\"https:\/\/divespot.es\/wp-content\/uploads\/2022\/03\/data-2-257x300.jpg\" alt=\"Data \" width=\"230\" height=\"268\" srcset=\"https:\/\/divespot.es\/wp-content\/uploads\/2022\/03\/data-2-257x300.jpg 257w, https:\/\/divespot.es\/wp-content\/uploads\/2022\/03\/data-2-300x351.jpg 300w, https:\/\/divespot.es\/wp-content\/uploads\/2022\/03\/data-2.jpg 558w\" sizes=\"(max-width: 230px) 100vw, 230px\" \/><\/p>\n<p><strong>Livello di formazione<\/strong>. Inserire qui il nome della propria organizzazione subacquea e il tipo di licenza. Queste informazioni sono necessarie per determinare la profondit\u00e0 massima consentita.<\/p>\n<p><img decoding=\"async\" loading=\"lazy\" class=\"alignnone wp-image-1530\" src=\"https:\/\/divespot.es\/wp-content\/uploads\/2022\/03\/licence.jpg\" alt=\"Dive level\" width=\"503\" height=\"64\" srcset=\"https:\/\/divespot.es\/wp-content\/uploads\/2022\/03\/licence.jpg 762w, https:\/\/divespot.es\/wp-content\/uploads\/2022\/03\/licence-300x38.jpg 300w, https:\/\/divespot.es\/wp-content\/uploads\/2022\/03\/licence-600x76.jpg 600w\" sizes=\"(max-width: 503px) 100vw, 503px\" \/><\/p>\n<p><strong>Immersioni registrate<\/strong>. Nel primo campo, inserite quante immersioni avete fatto finora. Nel secondo, scrivere quando ci si \u00e8 immersi l'ultima volta: quanti mesi o anni fa.<\/p>\n<p><img decoding=\"async\" loading=\"lazy\" class=\"alignnone wp-image-1531\" src=\"https:\/\/divespot.es\/wp-content\/uploads\/2022\/03\/loged-dives.jpg\" alt=\"amount of dives\" width=\"544\" height=\"73\" srcset=\"https:\/\/divespot.es\/wp-content\/uploads\/2022\/03\/loged-dives.jpg 768w, https:\/\/divespot.es\/wp-content\/uploads\/2022\/03\/loged-dives-300x40.jpg 300w, https:\/\/divespot.es\/wp-content\/uploads\/2022\/03\/loged-dives-600x80.jpg 600w\" sizes=\"(max-width: 544px) 100vw, 544px\" \/><\/p>\n<h4>Cassa e carrello<\/h4>\n<p>Se l'ordine \u00e8 pronto, premere - Prenota ora.<br \/>\nVerrete trasferiti alla sezione <a href=\"https:\/\/divespot.es\/it\/checkout\/\">Pagina di pagamento<\/a>.<br \/>\nSe si desidera apportare modifiche alla prenotazione, nella parte superiore della pagina si trova il pulsante <a href=\"https:\/\/divespot.es\/it\/cart\/\">Cestino<\/a> che vi porter\u00e0 all'icona <a href=\"https:\/\/divespot.es\/it\/cart\/\">Pagina del carrello<\/a>. Se si dispone di un buono sconto per i clienti abituali, \u00e8 possibile applicarlo nel carrello e procedere alla cassa.<\/p>\n<p><strong>Pagina di pagamento - Dettagli di fatturazione<\/strong>. In questa pagina si inseriscono i propri dati personali:<br \/>\nNome e cognome,<br \/>\nnumero di telefono (senza dimenticare il prefisso - il codice del Paese),<br \/>\nindirizzo e-mail (per la conferma della prenotazione),<br \/>\nla lingua che parlate meglio e altre lingue in cui potete comunicare (indicate nell'elenco; se ne conoscete altre, scrivete nei commenti),<\/p>\n<p><strong>Punto di raccolta<\/strong> (se ordinate un servizio di trasferimento a pagamento dall'hotel) scrivete il nome esatto e completo dell'hotel insieme alla citt\u00e0. Se soggiornate in un appartamento, scrivete l'indirizzo esatto: via e numero civico, citt\u00e0, codice postale, nome dell'edificio e, se possibile, posizione Google. <a href=\"https:\/\/divespot.es\/wp-content\/uploads\/2022\/04\/tenerife-map.jpg\" target=\"_blank\" rel=\"noopener\">Mappa<\/a><\/p>\n<p><strong>Informazioni aggiuntive<\/strong>. Indicate qui tutte le informazioni che ritenete rilevanti e che volete comunicarci.<\/p>\n<h4>Pagamento.<\/h4>\n<p>Inserite i dati della vostra carta di credito e pagate il deposito.<br \/>\nRiceverete una conferma automatica al vostro indirizzo e-mail sullo stato del pagamento e del processo PENDING.<br \/>\nPoi il nostro assistente conferma la prenotazione e vi informa sui dettagli. Si prega di notare che potrebbero esserci piccole modifiche al vostro ordine! Ad esempio, l'orario di partenza o l'orario di trasferimento dall'hotel. Le attivit\u00e0 sportive sono soggette a modifiche dell'ultimo minuto, assicuratevi di essere al telefono fornito nella prenotazione!<br \/>\nSe avete un problema con la prenotazione o il pagamento, contattate il nostro assistente nella chat online. Il link si trova nell'angolo in basso a destra della pagina. Nel pi\u00e8 di pagina troverete altre opzioni di contatto.<\/p>","protected":false},"excerpt":{"rendered":"<p>Si prega di leggere la descrizione qui sotto prima di prenotare!<\/p>\n<p>Questi prezzi sono disponibili solo prenotando online!<\/p>","protected":false},"featured_media":2668,"template":"","meta":[],"product_cat":[30],"product_tag":[],"aioseo_notices":[],"_links":{"self":[{"href":"https:\/\/divespot.es\/it\/wp-json\/wp\/v2\/product\/841"}],"collection":[{"href":"https:\/\/divespot.es\/it\/wp-json\/wp\/v2\/product"}],"about":[{"href":"https:\/\/divespot.es\/it\/wp-json\/wp\/v2\/types\/product"}],"wp:featuredmedia":[{"embeddable":true,"href":"https:\/\/divespot.es\/it\/wp-json\/wp\/v2\/media\/2668"}],"wp:attachment":[{"href":"https:\/\/divespot.es\/it\/wp-json\/wp\/v2\/media?parent=841"}],"wp:term":[{"taxonomy":"product_cat","embeddable":true,"href":"https:\/\/divespot.es\/it\/wp-json\/wp\/v2\/product_cat?post=841"},{"taxonomy":"product_tag","embeddable":true,"href":"https:\/\/divespot.es\/it\/wp-json\/wp\/v2\/product_tag?post=841"}],"curies":[{"name":"wp","href":"https:\/\/api.w.org\/{rel}","templated":true}]}}