{"id":477,"date":"2022-02-23T10:27:46","date_gmt":"2022-02-23T10:27:46","guid":{"rendered":"https:\/\/divespot.es\/?post_type=product&#038;p=477"},"modified":"2024-08-08T16:05:19","modified_gmt":"2024-08-08T16:05:19","slug":"trial-dive-for-beginner","status":"publish","type":"product","link":"https:\/\/divespot.es\/it\/prodotto\/trial-dive-for-beginner\/","title":{"rendered":"Immersione di prova - Per principianti"},"content":{"rendered":"<h4>Che cos'\u00e8 un programma di immersione di prova e per chi \u00e8 offerto?<\/h4>\n<p>A <strong>Immersione di prova<\/strong> al <em>Centro immersioni Dive Spot<\/em> \u00e8 un programma di immersione con autorespiratore (attrezzatura per la respirazione subacquea) per persone che non hanno un brevetto da sub. Questo programma \u00e8 noto anche come: <em>Introduzione all'immersione, Introduzione all'immersione, Immersione di base, Prova l'immersione ecc.<\/em><br \/>\nLa profondit\u00e0 media di questa immersione \u00e8 di 6-8 metri. Vediamo la barriera vulcanica locale ricca di vita sottomarina. Molte specie di pesci, granchi, polpi e razze.<\/p>\n<h4>Cosa c'\u00e8 di diverso nel Trial Dive del nostro Diving Center e perch\u00e9 \u00e8 il migliore?<\/h4>\n<p>Per la comodit\u00e0 dei nostri clienti del Dive Spot, le immersioni di prova sono organizzate in gruppi di 1-2 persone, con un istruttore, e si pu\u00f2 scegliere di immergersi dalla riva o dal ghiaccio. Utilizziamo attrezzature nuove e affidabili.<\/p>\n<h4>Come prepararsi e quali sono i requisiti?<\/h4>\n<p>Non \u00e8 necessario avere alcuna esperienza precedente e non \u00e8 necessario saper nuotare! \u00c8 sufficiente avere 8 anni e non avere paura di bagnarsi. Dovete portare solo un costume da bagno e un asciugamano, al resto pensiamo noi.<\/p>\n<h4>Come fare per prenotare?<\/h4>\n<p>Prima di iniziare, leggere il nostro <a href=\"https:\/\/divespot.es\/it\/terms-and-conditions\/\">Termini e condizioni<\/a>, <a href=\"https:\/\/divespot.es\/it\/privacy-policy\/\">Informativa sulla privacy<\/a> e <a href=\"https:\/\/divespot.es\/it\/cancelling-and-refunding-policy\/\">Politica di cancellazione e rimborso<\/a>. Per effettuare una prenotazione \u00e8 necessario disporre di una carta bancaria per pagare un piccolo deposito. Se non disponete di una carta o avete problemi con il pagamento online, vi preghiamo di <a href=\"https:\/\/divespot.es\/it\/contact\/\">contattateci<\/a> e concorderemo un metodo di pagamento diverso. Ricordiamo che i prezzi promozionali sono validi solo per le prenotazioni online effettuate almeno un giorno prima dell'immersione.<\/p>\n<p>Le domande e le risposte pi\u00f9 comuni sono disponibili <a href=\"https:\/\/divespot.es\/it\/questions-answers\/\">QUI<\/a>.<\/p>\n<h4>Leggete i seguenti suggerimenti e spiegazioni:<\/h4>\n<p>La finestra di prenotazione si trova in alto a destra in questa pagina.<\/p>\n<p><strong>Scegliete la durata dell'immersione<\/strong> 20 o 40 minuti e <strong>il tipo di immersione<\/strong> dalla costa o da una barca. Il tempo di divertimento passa molto velocemente, per questo abbiamo creato l'opzione di immersione di 40 minuti per farvi godere di un tempo pi\u00f9 lungo. Inserire il numero di partecipanti per l'opzione appropriata.<\/p>\n<p><img decoding=\"async\" loading=\"lazy\" class=\"alignnone size-medium wp-image-3750\" src=\"https:\/\/divespot.es\/wp-content\/uploads\/2022\/02\/trial-300x249.png\" alt=\"\" width=\"300\" height=\"249\" srcset=\"https:\/\/divespot.es\/wp-content\/uploads\/2022\/02\/trial-300x249.png 300w, https:\/\/divespot.es\/wp-content\/uploads\/2022\/02\/trial-14x12.png 14w, https:\/\/divespot.es\/wp-content\/uploads\/2022\/02\/trial-600x498.png 600w, https:\/\/divespot.es\/wp-content\/uploads\/2022\/02\/trial.png 656w\" sizes=\"(max-width: 300px) 100vw, 300px\" \/><\/p>\n<p><strong>Opzioni aggiuntive<\/strong>. Contrassegnare le opzioni aggiuntive che si desidera aggiungere all'ordine.<br \/>\n<strong>Foto e video<\/strong> della prima immersione. Se volete che l'istruttore faccia un servizio fotografico subacqueo per voi, segnate: S\u00ec, grazie.<\/p>\n<p><img decoding=\"async\" loading=\"lazy\" class=\"alignnone size-medium wp-image-3751\" src=\"https:\/\/divespot.es\/wp-content\/uploads\/2022\/02\/photo-300x87.png\" alt=\"\" width=\"300\" height=\"87\" srcset=\"https:\/\/divespot.es\/wp-content\/uploads\/2022\/02\/photo-300x87.png 300w, https:\/\/divespot.es\/wp-content\/uploads\/2022\/02\/photo-18x5.png 18w, https:\/\/divespot.es\/wp-content\/uploads\/2022\/02\/photo.png 530w\" sizes=\"(max-width: 300px) 100vw, 300px\" \/><\/p>\n<p><strong>Trasferimento<\/strong>. Se avete bisogno di un trasporto dall'hotel e ritorno, potete ordinarlo con un supplemento in due diverse aree turistiche. Se la mappa non copre il vostro luogo di soggiorno, contattateci, \u00e8 possibile organizzare un trasporto individuale. <a href=\"https:\/\/divespot.es\/wp-content\/uploads\/2022\/04\/tenerife-map.jpg\" target=\"_blank\" rel=\"noopener\">MAPPA TENERIFE<\/a><\/p>\n<p><img decoding=\"async\" loading=\"lazy\" class=\"alignnone wp-image-1060\" src=\"https:\/\/divespot.es\/wp-content\/uploads\/2022\/02\/Transfer.png\" alt=\"Transfer info\" width=\"400\" height=\"111\" srcset=\"https:\/\/divespot.es\/wp-content\/uploads\/2022\/02\/Transfer.png 675w, https:\/\/divespot.es\/wp-content\/uploads\/2022\/02\/Transfer-300x84.png 300w, https:\/\/divespot.es\/wp-content\/uploads\/2022\/02\/Transfer-600x167.png 600w\" sizes=\"(max-width: 400px) 100vw, 400px\" \/><\/p>\n<p><strong>Data<\/strong>. Selezionare la data dell'immersione. Selezionare un orario di inizio disponibile. Ci riserviamo il diritto di modificare l'orario per una migliore organizzazione del nostro lavoro nel centro immersioni. Il nostro assistente confermer\u00e0 la prenotazione con informazioni dettagliate.<\/p>\n<p><img decoding=\"async\" loading=\"lazy\" class=\"alignnone wp-image-1488\" src=\"https:\/\/divespot.es\/wp-content\/uploads\/2022\/03\/data-2-257x300.jpg\" alt=\"Data\" width=\"234\" height=\"273\" srcset=\"https:\/\/divespot.es\/wp-content\/uploads\/2022\/03\/data-2-257x300.jpg 257w, https:\/\/divespot.es\/wp-content\/uploads\/2022\/03\/data-2-300x351.jpg 300w, https:\/\/divespot.es\/wp-content\/uploads\/2022\/03\/data-2.jpg 558w\" sizes=\"(max-width: 234px) 100vw, 234px\" \/>\u00a0 \u00a0 \u00a0 \u00a0 \u00a0 \u00a0 \u00a0 \u00a0 \u00a0 \u00a0 \u00a0 \u00a0 <img decoding=\"async\" loading=\"lazy\" class=\"alignnone wp-image-1063\" src=\"https:\/\/divespot.es\/wp-content\/uploads\/2022\/02\/Start-time.png\" alt=\"Time\" width=\"354\" height=\"159\" srcset=\"https:\/\/divespot.es\/wp-content\/uploads\/2022\/02\/Start-time.png 675w, https:\/\/divespot.es\/wp-content\/uploads\/2022\/02\/Start-time-300x135.png 300w, https:\/\/divespot.es\/wp-content\/uploads\/2022\/02\/Start-time-600x270.png 600w\" sizes=\"(max-width: 354px) 100vw, 354px\" \/><\/p>\n<h4>Cassa e carrello<\/h4>\n<p>Se l'ordine \u00e8 pronto, premere - Prenota ora.<br \/>\nVerrete trasferiti alla sezione <a href=\"https:\/\/divespot.es\/it\/checkout\/\">Pagina di pagamento<\/a>.<br \/>\nSe si desidera apportare modifiche alla prenotazione, nella parte superiore della pagina si trova il pulsante <a href=\"https:\/\/divespot.es\/it\/cart\/\">Cestino<\/a> che vi porter\u00e0 all'icona <a href=\"https:\/\/divespot.es\/it\/cart\/\">Pagina del carrello<\/a>. Se si dispone di un buono sconto per i clienti abituali, \u00e8 possibile applicarlo nel carrello e procedere alla cassa.<\/p>\n<p><strong>Pagina di pagamento - Dettagli di fatturazione<\/strong>. In questa pagina si inseriscono i propri dati personali:<br \/>\nNome, cognome,<br \/>\nnumero di telefono (non dimenticate il prefisso - il codice del Paese),<br \/>\nindirizzo e-mail (per la conferma della prenotazione),<br \/>\nla lingua che parlate meglio e altre lingue in cui potete comunicare (indicate nell'elenco, se ne conoscete altre, scrivetele nei commenti),<\/p>\n<p><strong>Punto di raccolta<\/strong> (se ordinate un servizio di trasferimento a pagamento dall'hotel) inserite il nome completo dell'hotel e la citt\u00e0. Se soggiornate in un appartamento, inserite l'indirizzo esatto: via e numero civico, citt\u00e0, codice postale, nome dell'edificio e, se possibile, posizione Google. <a href=\"https:\/\/divespot.es\/wp-content\/uploads\/2022\/04\/tenerife-map.jpg\" target=\"_blank\" rel=\"noopener\">Mappa<\/a><\/p>\n<p><strong>Informazioni aggiuntive<\/strong>. Inserite qui le informazioni che ritenete rilevanti e che volete comunicarci.<\/p>\n<h4>Pagamento.<\/h4>\n<p>Inserite i dati della vostra carta di credito e pagate il deposito.<br \/>\nRiceverete una conferma automatica al vostro indirizzo e-mail sullo stato del pagamento e del processo PENDING.<br \/>\nPoi il nostro assistente conferma la prenotazione e vi informa sui dettagli. Si prega di notare che potrebbero esserci piccole modifiche al vostro ordine! Ad esempio, l'orario di partenza o l'orario di trasferimento dall'hotel. Le attivit\u00e0 sportive sono soggette a modifiche dell'ultimo minuto, assicuratevi di essere al telefono fornito nella prenotazione!<br \/>\nSe avete un problema con la prenotazione o il pagamento, contattate il nostro assistente nella chat online. Il link si trova nell'angolo in basso a destra della pagina. Nel pi\u00e8 di pagina troverete altre opzioni di contatto.<\/p>\n<p>&nbsp;<\/p>","protected":false},"excerpt":{"rendered":"<p>Si prega di leggere la descrizione qui sotto prima di prenotare!<br \/>\nQuesti prezzi sono disponibili solo prenotando online!<\/p>\n<p><a href=\"https:\/\/divespot.es\/wp-content\/uploads\/2022\/04\/tenerife-map.jpg\">MAPPA DELLE ZONE DI TRASPORTO<\/a><\/p>\n<p style=\"text-align: center;\"><strong>-10% sconto online<\/strong><\/p>","protected":false},"featured_media":2677,"template":"","meta":[],"product_cat":[29],"product_tag":[34,35,37,56,54,57,36],"aioseo_notices":[],"_links":{"self":[{"href":"https:\/\/divespot.es\/it\/wp-json\/wp\/v2\/product\/477"}],"collection":[{"href":"https:\/\/divespot.es\/it\/wp-json\/wp\/v2\/product"}],"about":[{"href":"https:\/\/divespot.es\/it\/wp-json\/wp\/v2\/types\/product"}],"wp:featuredmedia":[{"embeddable":true,"href":"https:\/\/divespot.es\/it\/wp-json\/wp\/v2\/media\/2677"}],"wp:attachment":[{"href":"https:\/\/divespot.es\/it\/wp-json\/wp\/v2\/media?parent=477"}],"wp:term":[{"taxonomy":"product_cat","embeddable":true,"href":"https:\/\/divespot.es\/it\/wp-json\/wp\/v2\/product_cat?post=477"},{"taxonomy":"product_tag","embeddable":true,"href":"https:\/\/divespot.es\/it\/wp-json\/wp\/v2\/product_tag?post=477"}],"curies":[{"name":"wp","href":"https:\/\/api.w.org\/{rel}","templated":true}]}}