{"id":1015,"date":"2022-03-13T15:10:52","date_gmt":"2022-03-13T15:10:52","guid":{"rendered":"https:\/\/divespot.es\/?post_type=product&#038;p=1015"},"modified":"2025-07-02T10:45:14","modified_gmt":"2025-07-02T10:45:14","slug":"snorkeling-in-ray-bay","status":"publish","type":"product","link":"https:\/\/divespot.es\/it\/prodotto\/snorkeling-in-ray-bay\/","title":{"rendered":"Snorkeling a Rays Bay"},"content":{"rendered":"<h4>Perch\u00e9 scegliere lo snorkeling a Rays Bay?<\/h4>\n<p>Rays Bay \u00e8 una gemma nascosta di Tenerife, nota per la sua vivace vita marina e le sue acque cristalline. Il sito di immersione \u00e8 caratterizzato da una barriera vulcanica ricca di vita sottomarina, la pi\u00f9 caratteristica delle quali sono le varie specie di razze. Se siete alla ricerca di un'esperienza di snorkeling indimenticabile, non cercate oltre.<\/p>\n<p>Al Dive Spot offriamo tour guidati di snorkeling a Rays Bay, condotti da istruttori esperti e competenti. Con i nostri tour, avrete l'opportunit\u00e0 di esplorare il mondo sottomarino e di osservare da vicino la bellezza della vita marina. I nostri istruttori vi condurranno nei punti migliori della baia, dove potrete osservare banchi di pesci colorati, tartarughe marine e altri animali marini nel loro habitat naturale.<\/p>\n<p>Tutta l'attrezzatura per lo snorkeling \u00e8 fornita, in modo che possiate concentrarvi sul piacere dell'esperienza. Che siate principianti o esperti di snorkeling, i nostri istruttori vi garantiranno un'esperienza sicura e divertente.<\/p>\n<p>Grazie ai nostri istruttori esperti, all'attrezzatura di alta qualit\u00e0 e all'impegno per la sicurezza, vi offriremo un'esperienza di snorkeling davvero indimenticabile. Prenotate oggi stesso il vostro tour e immergetevi nella bellezza del mondo sottomarino di Tenerife.<\/p>\n<h4>I pacchetti di servizi spiegati<\/h4>\n<h6>Snorkeling<\/h6>\n<p>Questo \u00e8 il pacchetto snorkeling standard, per chi cerca un'avventura subacquea divertente ed emozionante. Con questo pacchetto avrete l'opportunit\u00e0 di esplorare la vivace vita marina di Rays Bay con la guida di un istruttore professionista. Per la prenotazione \u00e8 richiesto un minimo di 2 persone.<\/p>\n<h6>Kayak e snorkeling<\/h6>\n<p>Il pacchetto kayak e snorkeling di Dive Spot \u00e8 la combinazione definitiva di due attivit\u00e0 straordinarie. Questo pacchetto comprende un'escursione guidata in kayak lungo la splendida costa di Tenerife e una breve esperienza di snorkeling a met\u00e0 dell'escursione. La nostra guida professionale vi condurr\u00e0 in alcuni dei migliori punti di snorkeling, dove avrete l'opportunit\u00e0 di esplorare le acque cristalline e osservare l'abbondante vita marina.<\/p>\n<p>Questo pacchetto \u00e8 perfetto per coloro che desiderano sperimentare sia il kayak che lo snorkeling in un'unica avventura. Durante la parte in kayak, avrete la possibilit\u00e0 di pagaiare lungo la costa frastagliata dell'isola e ammirare il paesaggio mozzafiato. Poi, durante la parte di snorkeling, avrete l'opportunit\u00e0 di immergervi nel mondo sottomarino e di osservare da vicino la bellezza della vita marina.<\/p>\n<h6>Immersioni di prova<\/h6>\n<p>Questo pacchetto \u00e8 perfetto per chi ha sempre voluto provare le immersioni subacquee, ma non ne ha mai avuto l'occasione. Con i nostri pacchetti di immersione di prova, avrete l'opportunit\u00e0 di esplorare il mondo sottomarino di Rays Bay con un istruttore subacqueo professionista al vostro fianco.<\/p>\n<p>I nostri istruttori sono esperti e competenti e forniranno tutta l'attrezzatura e l'addestramento necessari. Inizierete con una breve lezione sulle basi dell'immersione subacquea, compreso l'uso dell'attrezzatura e la comunicazione sott'acqua. Poi sarete pronti a scendere in acqua e a provare l'emozione di immergervi a Rays Bay.<\/p>\n<p>Prenotate oggi stesso il vostro pacchetto di prova con Dive Spot e fate il primo passo verso una vita di avventure subacquee!<\/p>","protected":false},"excerpt":{"rendered":"<p>Si prega di leggere la descrizione qui sotto prima di prenotare!<\/p>\n<p>Questi prezzi sono disponibili solo prenotando online!<\/p>","protected":false},"featured_media":2681,"template":"","meta":[],"product_cat":[31],"product_tag":[172,57],"aioseo_notices":[],"_links":{"self":[{"href":"https:\/\/divespot.es\/it\/wp-json\/wp\/v2\/product\/1015"}],"collection":[{"href":"https:\/\/divespot.es\/it\/wp-json\/wp\/v2\/product"}],"about":[{"href":"https:\/\/divespot.es\/it\/wp-json\/wp\/v2\/types\/product"}],"wp:featuredmedia":[{"embeddable":true,"href":"https:\/\/divespot.es\/it\/wp-json\/wp\/v2\/media\/2681"}],"wp:attachment":[{"href":"https:\/\/divespot.es\/it\/wp-json\/wp\/v2\/media?parent=1015"}],"wp:term":[{"taxonomy":"product_cat","embeddable":true,"href":"https:\/\/divespot.es\/it\/wp-json\/wp\/v2\/product_cat?post=1015"},{"taxonomy":"product_tag","embeddable":true,"href":"https:\/\/divespot.es\/it\/wp-json\/wp\/v2\/product_tag?post=1015"}],"curies":[{"name":"wp","href":"https:\/\/api.w.org\/{rel}","templated":true}]}}