{"id":1002,"date":"2022-03-13T12:06:03","date_gmt":"2022-03-13T12:06:03","guid":{"rendered":"https:\/\/divespot.es\/?post_type=product&#038;p=1002"},"modified":"2023-03-17T17:14:28","modified_gmt":"2023-03-17T17:14:28","slug":"kayaking","status":"publish","type":"product","link":"https:\/\/divespot.es\/it\/prodotto\/kayaking\/","title":{"rendered":"Kayak"},"content":{"rendered":"<h4>Perch\u00e9 scegliere il kayak con noi?<\/h4>\n<p>Dive Spot \u00e8 il vostro partner d'avventura per eccellenza a Tenerife. Le nostre escursioni guidate in kayak sono pensate per farvi vivere un'esperienza indimenticabile e sfruttare al meglio il vostro tempo sull'isola. Le nostre guide professionali sono esperte di kayak e hanno un amore e una passione profondi per questo sport. Grazie alle loro conoscenze e alla loro esperienza, vi condurranno nei luoghi pi\u00f9 mozzafiato, lontano dalle zone turistiche pi\u00f9 affollate, in modo che possiate immergervi completamente nella bellezza di Tenerife, rendendo il vostro viaggio in kayak un'avventura arricchente.<\/p>\n<p>Utilizziamo attrezzature di alta qualit\u00e0 e facciamo in modo che tutte le nostre escursioni siano adattate al vostro livello di esperienza. Che siate principianti o esperti, vi sentirete a vostro agio e al sicuro durante il viaggio. Le nostre guide vi forniranno tutta la formazione necessaria e saranno a disposizione per assistervi durante tutto il viaggio, assicurandovi un'esperienza memorabile e divertente.<\/p>\n<p>Se siete alla ricerca di un modo unico ed emozionante di vivere Tenerife, prenotate oggi stesso la vostra escursione in kayak con Dive Spot. Che siate in viaggio da soli, con amici o in famiglia, le nostre escursioni guidate in kayak sono perfette per tutte le et\u00e0 e i livelli di abilit\u00e0. Con scenari mozzafiato, un'esperienza educativa e una guida esperta, la vostra gita in kayak con noi sar\u00e0 un momento culminante del vostro soggiorno a Tenerife. Prenotate ora e unitevi a noi per un'avventura indimenticabile!<\/p>\n<h4>Chi pu\u00f2 partecipare a un'escursione in kayak?<\/h4>\n<p>Il kayak con Dive Spot \u00e8 adatto a individui e famiglie di tutte le et\u00e0 e livelli di esperienza. Le nostre escursioni guidate sono progettate per essere godute sia da adulti che da bambini dai 4 anni in su. Non \u00e8 necessaria alcuna esperienza precedente, poich\u00e9 le nostre guide professionali forniranno tutta la formazione e l'attrezzatura necessaria. Che siate principianti o esperti, avrete l'opportunit\u00e0 di pagaiare al vostro ritmo e di godervi lo splendido scenario di Tenerife. Quindi, che siate in viaggio da soli, con amici o in famiglia, le nostre escursioni guidate in kayak sono perfette per voi!<\/p>\n<h4>Come prepararsi al viaggio?<\/h4>\n<p>Se state programmando un'escursione in kayak con Dive Spot, ci sono alcune cose che potete fare per prepararvi:<\/p>\n<ol>\n<li>Abbigliamento: indosserete una muta da sub, fornita da noi. Se potete, portate con voi un cappello, occhiali da sole e crema solare per proteggere la pelle dal sole.<\/li>\n<li>Idratarsi: \u00c8 importante mantenersi idratati, soprattutto durante un'attivit\u00e0 fisica come il kayak. Assicuratevi di bere molta acqua prima, durante e dopo l'escursione.<\/li>\n<li>Oggetti personali: Potete portare con voi tutto ci\u00f2 che vi serve, ma tenete presente che potreste perderlo nell'oceano. \u00c8 consigliabile portare con s\u00e9 anche un piccolo contenitore impermeabile per proteggere i propri effetti personali dall'umidit\u00e0.<\/li>\n<li>Tenere conto dei propri limiti fisici: Il kayak \u00e8 un'attivit\u00e0 fisica, quindi \u00e8 importante essere consapevoli dei propri limiti fisici. Se avete condizioni mediche o preoccupazioni, fatelo sapere all'istruttore prima dell'escursione.<\/li>\n<li>Seguire le istruzioni: Durante la gita \u00e8 importante seguire le istruzioni dell'istruttore e le indicazioni di sicurezza fornite. Prestate attenzione alle istruzioni e rimanete sempre con il gruppo.<\/li>\n<\/ol>\n<p>Tenete presente che tutte le attrezzature e l'addestramento saranno forniti dall'istruttore esperto, cos\u00ec potrete rilassarvi e godervi l'esperienza senza preoccuparvi dei dettagli. Venite pronti a divertirvi e a creare ricordi!<\/p>\n<h4>I pacchetti di servizi spiegati<\/h4>\n<h6>Tour in kayak<\/h6>\n<p>Il pacchetto di tour in kayak di Dive Spot \u00e8 un'escursione guidata in kayak lungo la splendida costa di Tenerife. Questo pacchetto offre un'esperienza coinvolgente in cui avrete l'opportunit\u00e0 di pagaiare lungo la costa frastagliata e di ammirare i paesaggi mozzafiato di Tenerife. La nostra guida professionale vi condurr\u00e0 in un viaggio lungo la costa, dandovi la possibilit\u00e0 di godere di uno scenario mozzafiato.<\/p>\n<p>Tutte le attrezzature e l'addestramento saranno forniti, in modo che possiate concentrarvi sul piacere dell'esperienza. Con questo pacchetto avrete la possibilit\u00e0 di uscire in acqua ed esplorare le bellezze di Tenerife da una prospettiva diversa.<\/p>\n<h6>Kayak e snorkeling<\/h6>\n<p>Il pacchetto kayak e snorkeling di Dive Spot \u00e8 la combinazione definitiva di due attivit\u00e0 straordinarie. Questo pacchetto comprende un'escursione guidata in kayak lungo la splendida costa di Tenerife e una breve esperienza di snorkeling a met\u00e0 dell'escursione. La nostra guida professionale vi condurr\u00e0 in alcuni dei migliori punti di snorkeling, dove avrete l'opportunit\u00e0 di esplorare le acque cristalline e osservare l'abbondante vita marina.<\/p>\n<p>Questo pacchetto \u00e8 perfetto per coloro che desiderano sperimentare sia il kayak che lo snorkeling in un'unica avventura. Durante la parte in kayak, avrete la possibilit\u00e0 di pagaiare lungo la costa frastagliata dell'isola e ammirare il paesaggio mozzafiato. Poi, durante la parte di snorkeling, avrete l'opportunit\u00e0 di immergervi nel mondo sottomarino e di osservare da vicino la bellezza della vita marina.<\/p>\n<h6>Foto per kayak<\/h6>\n<p>Al Dive Spot sappiamo che i ricordi sono preziosi e vogliamo aiutarvi a catturarli nel miglior modo possibile. Ecco perch\u00e9 offriamo un pacchetto fotografico opzionale per le nostre escursioni in kayak.<\/p>\n<p>Per soli 15 euro a kayak (per due persone), potete ordinare le foto della vostra gita in kayak. Le nostre guide scatteranno foto di alta qualit\u00e0 durante la vostra escursione, catturando la bellezza della costa, i paesaggi mozzafiato e i vostri momenti memorabili.<\/p>\n<h4>Avete ancora dei dubbi? Perch\u00e9 prenotare un corso di immersione con Dive Spot?<\/h4>\n<ul>\n<li>In ogni programma di lezioni di immersione a Tenerife che sceglierete, riceverete un'attenzione personalizzata dal nostro team di professionisti.<\/li>\n<li>Potete essere certi che con noi otterrete <a href=\"https:\/\/divespot.es\/en\/best-price-policy\/\">i migliori prezzi per le immersioni a Tenerife<\/a>.<\/li>\n<li>Per risparmiare tempo, le lezioni teoriche vengono svolte in modalit\u00e0 e-learning.<\/li>\n<li>\u00c8 possibile scegliere tra le due pi\u00f9 grandi federazioni subacquee del mondo.<\/li>\n<li>Vi immergerete in <a href=\"https:\/\/divespot.es\/en\/article-2\/\">Baia di Ray<\/a>, uno dei punti di immersione pi\u00f9 spettacolari di Tenerife.<\/li>\n<li>Entrerete a far parte di una grande comunit\u00e0 di subacquei che vi offrir\u00e0 molti amici in tutto il mondo.<\/li>\n<li>Vi accompagneremo in un'avventura subacquea piena di adrenalina e divertimento.<\/li>\n<\/ul>\n<h4>Come fare per prenotare?<\/h4>\n<p>Prima di iniziare, leggere il nostro <a href=\"https:\/\/divespot.es\/it\/terms-and-conditions\/\" target=\"_blank\" rel=\"noopener\">Termini e condizioni<\/a>, <a href=\"https:\/\/divespot.es\/it\/privacy-policy\/\" target=\"_blank\" rel=\"noopener\">Informativa sulla privacy<\/a> e <a href=\"https:\/\/divespot.es\/it\/cancelling-and-refunding-policy\/\" target=\"_blank\" rel=\"noopener\">Politica di cancellazione e rimborso<\/a>. Per effettuare una prenotazione, \u00e8 necessario disporre di una carta bancaria per pagare un piccolo deposito. Se non disponete di una carta o se avete problemi con il pagamento online, vi preghiamo di <a href=\"https:\/\/divespot.es\/it\/contact\/\">contattateci<\/a>e provvederemo a concordare un metodo di pagamento diverso. Ricordiamo che i prezzi promozionali sono validi solo per le prenotazioni online effettuate almeno un giorno prima dell'immersione.<\/p>\n<p>Le domande e le risposte pi\u00f9 comuni si trovano su <a href=\"https:\/\/divespot.es\/it\/questions-answers\/\">la nostra pagina di domande e risposte<\/a>oppure potete chiedere maggiori informazioni a <a href=\"https:\/\/divespot.es\/it\/contact\/\">la nostra pagina di contatto<\/a>.<\/p>\n<h6>Leggete i seguenti suggerimenti e spiegazioni:<\/h6>\n<p>La finestra di prenotazione si trova in alto a destra in questa pagina.<\/p>\n<p><b>Selezionare il tour<\/b> che si desidera fare. Inserite il numero di partecipanti per l'opzione appropriata.<\/p>\n<p><img decoding=\"async\" loading=\"lazy\" class=\"alignnone  wp-image-3088\" src=\"https:\/\/divespot.es\/wp-content\/uploads\/2022\/03\/1679072804-300x26.png\" alt=\"\" width=\"577\" height=\"50\" srcset=\"https:\/\/divespot.es\/wp-content\/uploads\/2022\/03\/1679072804-300x26.png 300w, https:\/\/divespot.es\/wp-content\/uploads\/2022\/03\/1679072804-600x52.png 600w, https:\/\/divespot.es\/wp-content\/uploads\/2022\/03\/1679072804.png 622w\" sizes=\"(max-width: 577px) 100vw, 577px\" \/><\/p>\n<p><strong>Snorkeling<\/strong> \u00e8 un'ottima occasione per fare una pausa dal kayak e osservare il mondo sottomarino dalla superficie, con un piccolissimo costo aggiuntivo. Forniamo maschere e boccagli.<\/p>\n<p><img decoding=\"async\" loading=\"lazy\" class=\"alignnone  wp-image-3089\" src=\"https:\/\/divespot.es\/wp-content\/uploads\/2022\/03\/1679073032-300x28.png\" alt=\"\" width=\"578\" height=\"54\" srcset=\"https:\/\/divespot.es\/wp-content\/uploads\/2022\/03\/1679073032-300x28.png 300w, https:\/\/divespot.es\/wp-content\/uploads\/2022\/03\/1679073032-600x55.png 600w, https:\/\/divespot.es\/wp-content\/uploads\/2022\/03\/1679073032.png 628w\" sizes=\"(max-width: 578px) 100vw, 578px\" \/><\/p>\n<p><strong>Foto<\/strong>. Catturate la vostra avventura con il nostro servizio fotografico in kayak. La guida turistica scatter\u00e0 foto di voi e del vostro partner mentre fate kayak, regalandovi ricordi indelebili della vostra esperienza insieme. Il prezzo si intende per kayak, adatto a due persone.<\/p>\n<p><img decoding=\"async\" loading=\"lazy\" class=\"alignnone  wp-image-3090\" src=\"https:\/\/divespot.es\/wp-content\/uploads\/2022\/03\/1679073222-300x27.png\" alt=\"\" width=\"578\" height=\"52\" srcset=\"https:\/\/divespot.es\/wp-content\/uploads\/2022\/03\/1679073222-300x27.png 300w, https:\/\/divespot.es\/wp-content\/uploads\/2022\/03\/1679073222-600x54.png 600w, https:\/\/divespot.es\/wp-content\/uploads\/2022\/03\/1679073222.png 628w\" sizes=\"(max-width: 578px) 100vw, 578px\" \/><\/p>\n<p><b>Trasferimento<\/b>. Se avete bisogno di un trasporto dall'hotel e ritorno, potete ordinarlo con un supplemento in due diverse aree turistiche. Se il vostro luogo di soggiorno non \u00e8 indicato sulla mappa, contattateci. Possiamo organizzare per voi un trasporto individuale. <a href=\"https:\/\/divespot.es\/wp-content\/uploads\/2022\/04\/tenerife-map.jpg\" target=\"_blank\" rel=\"noopener\">Potete consultare la mappa delle zone di trasporto qui.<\/a><\/p>\n<p><img decoding=\"async\" loading=\"lazy\" class=\"alignnone wp-image-1060\" src=\"https:\/\/divespot.es\/wp-content\/uploads\/2022\/02\/Transfer.png\" alt=\"Transfer info\" width=\"406\" height=\"113\" srcset=\"https:\/\/divespot.es\/wp-content\/uploads\/2022\/02\/Transfer.png 675w, https:\/\/divespot.es\/wp-content\/uploads\/2022\/02\/Transfer-300x84.png 300w, https:\/\/divespot.es\/wp-content\/uploads\/2022\/02\/Transfer-600x167.png 600w\" sizes=\"(max-width: 406px) 100vw, 406px\" \/><\/p>\n<p><b>Data<\/b>. Selezionare la data dell'immersione. Ci riserviamo il diritto di modificare l'orario per una migliore organizzazione del nostro lavoro nel centro immersioni. Il nostro assistente confermer\u00e0 la vostra prenotazione con informazioni dettagliate.<\/p>\n<p><img decoding=\"async\" loading=\"lazy\" class=\"alignnone wp-image-1488\" src=\"https:\/\/divespot.es\/wp-content\/uploads\/2022\/03\/data-2-257x300.jpg\" alt=\"Data \" width=\"230\" height=\"268\" srcset=\"https:\/\/divespot.es\/wp-content\/uploads\/2022\/03\/data-2-257x300.jpg 257w, https:\/\/divespot.es\/wp-content\/uploads\/2022\/03\/data-2-300x351.jpg 300w, https:\/\/divespot.es\/wp-content\/uploads\/2022\/03\/data-2.jpg 558w\" sizes=\"(max-width: 230px) 100vw, 230px\" \/><\/p>\n<h4>Cassa e carrello<\/h4>\n<p>Se l'ordine \u00e8 pronto, premere \"Prenota ora\". Verrete trasferiti alla pagina <a href=\"https:\/\/divespot.es\/it\/checkout\/\">Pagina di pagamento<\/a>.<br \/>\nSe si desidera apportare modifiche alla prenotazione, si trover\u00e0 la sezione <a href=\"https:\/\/divespot.es\/it\/cart\/\">Cestino<\/a> che si trova nella parte superiore della pagina, che vi condurr\u00e0 al vostro <a href=\"https:\/\/divespot.es\/it\/cart\/\">Carrello<\/a>. Se si dispone di un buono sconto per i clienti abituali, \u00e8 possibile applicarlo nel carrello e procedere alla cassa.<br \/>\n<b>Pagina di pagamento - Dettagli di fatturazione<\/b>. In questa pagina dovrete inserire i vostri dati personali: nome, cognome, numero di telefono (non dimenticate il prefisso, che \u00e8 il codice del vostro Paese), indirizzo e-mail (per la conferma della prenotazione), la lingua che parlate meglio e altre lingue in cui siete in grado di comunicare (scegliete dalla lista. Se ne conoscete altre, scrivetele nei commenti).<\/p>\n<p><b>Punto di raccolta<\/b>. Se avete ordinato un servizio di trasferimento a pagamento dall'hotel, inserite il nome esatto e completo dell'hotel, compresa la citt\u00e0. Se soggiornate in un appartamento, inserite l'indirizzo esatto: via e numero civico, citt\u00e0, codice postale, nome dell'edificio e posizione Google, se possibile.<\/p>\n<p><b>Informazioni aggiuntive<\/b>. Inserite in questa sezione tutte le informazioni rilevanti che desiderate comunicarci.<\/p>\n<h4>Pagamento.<\/h4>\n<p>Inserite i dati della vostra carta di credito e pagate il deposito. Riceverete una conferma automatica all'indirizzo e-mail per il pagamento e lo stato del processo in corso.<br \/>\nIl nostro assistente confermer\u00e0 la prenotazione e vi informer\u00e0 sui dettagli. Si prega di notare che <b>\u00e8 possibile che vengano apportate piccole modifiche all'ordine<\/b>come l'orario di inizio o l'orario di prelievo dall'hotel. Le attivit\u00e0 sportive sono soggette a modifiche dell'ultimo minuto, pertanto si prega di accertarsi di <b>tenere il telefono a portata di mano<\/b> in caso di necessit\u00e0 di contatto. In caso di problemi con la prenotazione o il pagamento, vi invitiamo a <a href=\"https:\/\/divespot.es\/it\/contact\/\">contattateci<\/a>.<\/p>","protected":false},"excerpt":{"rendered":"<p>Si prega di leggere la descrizione qui sotto prima di prenotare!<\/p>\n<p>Questi prezzi sono disponibili solo prenotando online!<\/p>\n<p><a href=\"https:\/\/divespot.es\/wp-content\/uploads\/2022\/04\/tenerife-map.jpg\">MAPPA DELLE ZONE DI TRASPORTO<\/a><\/p>","protected":false},"featured_media":2661,"template":"","meta":[],"product_cat":[31],"product_tag":[55,54,53],"aioseo_notices":[],"_links":{"self":[{"href":"https:\/\/divespot.es\/it\/wp-json\/wp\/v2\/product\/1002"}],"collection":[{"href":"https:\/\/divespot.es\/it\/wp-json\/wp\/v2\/product"}],"about":[{"href":"https:\/\/divespot.es\/it\/wp-json\/wp\/v2\/types\/product"}],"wp:featuredmedia":[{"embeddable":true,"href":"https:\/\/divespot.es\/it\/wp-json\/wp\/v2\/media\/2661"}],"wp:attachment":[{"href":"https:\/\/divespot.es\/it\/wp-json\/wp\/v2\/media?parent=1002"}],"wp:term":[{"taxonomy":"product_cat","embeddable":true,"href":"https:\/\/divespot.es\/it\/wp-json\/wp\/v2\/product_cat?post=1002"},{"taxonomy":"product_tag","embeddable":true,"href":"https:\/\/divespot.es\/it\/wp-json\/wp\/v2\/product_tag?post=1002"}],"curies":[{"name":"wp","href":"https:\/\/api.w.org\/{rel}","templated":true}]}}