{"id":507,"date":"2022-02-25T20:52:19","date_gmt":"2022-02-25T20:52:19","guid":{"rendered":"https:\/\/divespot.es\/?page_id=507"},"modified":"2023-06-21T17:01:13","modified_gmt":"2023-06-21T17:01:13","slug":"terms-and-conditions","status":"publish","type":"page","link":"https:\/\/divespot.es\/it\/terms-and-conditions\/","title":{"rendered":"Termini e condizioni"},"content":{"rendered":"<div data-elementor-type=\"wp-page\" data-elementor-id=\"507\" class=\"elementor elementor-507\">\n\t\t\t\t\t\t\t\t\t<section class=\"has_eae_slider elementor-section elementor-top-section elementor-element elementor-element-ed67000 elementor-section-boxed elementor-section-height-default elementor-section-height-default\" data-id=\"ed67000\" data-element_type=\"section\">\n\t\t\t\t\t\t<div class=\"elementor-container elementor-column-gap-default\">\n\t\t\t\t\t<div class=\"has_eae_slider elementor-column elementor-col-100 elementor-top-column elementor-element elementor-element-99961b0\" data-id=\"99961b0\" data-element_type=\"column\">\n\t\t\t<div class=\"elementor-widget-wrap elementor-element-populated\">\n\t\t\t\t\t\t\t\t<div class=\"elementor-element elementor-element-00a2ace elementor-widget elementor-widget-text-editor\" data-id=\"00a2ace\" data-element_type=\"widget\" data-widget_type=\"text-editor.default\">\n\t\t\t\t<div class=\"elementor-widget-container\">\n\t\t\t<style>\/*! elementor - v3.15.0 - 09-08-2023 *\/\n.elementor-widget-text-editor.elementor-drop-cap-view-stacked .elementor-drop-cap{background-color:#69727d;color:#fff}.elementor-widget-text-editor.elementor-drop-cap-view-framed .elementor-drop-cap{color:#69727d;border:3px solid;background-color:transparent}.elementor-widget-text-editor:not(.elementor-drop-cap-view-default) .elementor-drop-cap{margin-top:8px}.elementor-widget-text-editor:not(.elementor-drop-cap-view-default) .elementor-drop-cap-letter{width:1em;height:1em}.elementor-widget-text-editor .elementor-drop-cap{float:left;text-align:center;line-height:1;font-size:50px}.elementor-widget-text-editor .elementor-drop-cap-letter{display:inline-block}<\/style>\t\t\t\t<p><strong>Termini e condizioni<\/strong><\/p><p>Benvenuti al Dive Spot Dive Center!<\/p><p>Questi termini e condizioni delineano le regole e le norme per l'utilizzo del sito web di Dive Spot &amp; Atlantis, situato all'indirizzo divespot.es.<\/p><p>Accedendo a questo sito web si presume che accettiate questi termini e condizioni. Non continuare a utilizzare Dive Spot Dive Center se non accetti tutti i termini e le condizioni indicati in questa pagina.<\/p><p>La seguente terminologia si applica ai presenti Termini e condizioni, alla Dichiarazione sulla privacy e all'Avviso di esclusione di responsabilit\u00e0 e a tutti gli accordi: \"Cliente\", \"Lei\" e \"Suo\" si riferiscono a Lei, la persona che accede a questo sito web e che accetta i termini e le condizioni della Societ\u00e0. \"La Societ\u00e0\", \"Noi\", \"Noi\", \"Nostro\" e \"Noi\", si riferisce alla nostra Societ\u00e0. \"Parte\", \"Parti\" o \"Noi\" si riferiscono sia al Cliente che a noi. Tutti i termini si riferiscono all'offerta, all'accettazione e al corrispettivo del pagamento necessario per intraprendere il processo di assistenza al Cliente nel modo pi\u00f9 appropriato allo scopo esplicito di soddisfare le esigenze del Cliente in relazione alla fornitura dei servizi dichiarati dalla Societ\u00e0, in conformit\u00e0 e nel rispetto della legge vigente nei Paesi Bassi. Qualsiasi uso della terminologia di cui sopra o di altre parole al singolare, al plurale, in maiuscolo e\/o lui\/lei o loro, sono considerati intercambiabili e quindi riferiti allo stesso.<\/p><p><strong>Biscotti<\/strong><\/p><p>Utilizziamo i cookie. Accedendo al Dive Spot Dive Center, l'utente accetta di utilizzare i cookie in accordo con la politica sulla privacy di Dive Spot &amp; Atlantis.<\/p><p>La maggior parte dei siti web interattivi utilizza i cookie per recuperare i dati dell'utente ad ogni visita. I cookie vengono utilizzati dal nostro sito web per consentire la funzionalit\u00e0 di alcune aree, in modo da agevolare le persone che visitano il nostro sito. Anche alcuni dei nostri partner affiliati\/pubblicitari possono utilizzare i cookie.<\/p><p><strong>Licenza<\/strong><\/p><p>Se non diversamente indicato, Dive Spot &amp; Atlantis e\/o i suoi licenziatari detengono i diritti di propriet\u00e0 intellettuale per tutto il materiale presente nel Dive Spot Dive Center. Tutti i diritti di propriet\u00e0 intellettuale sono riservati. \u00c8 possibile accedere a questo materiale dal Dive Spot Dive Center per uso personale, nel rispetto delle restrizioni stabilite in questi termini e condizioni.<\/p><p>Non dovete:<\/p><ul><li>Ripubblicare materiale del Dive Spot Dive Center<\/li><li>Vendere, affittare o concedere in sublicenza materiale del Dive Spot Dive Center<\/li><li>Riprodurre, duplicare o copiare il materiale del Dive Spot Dive Center.<\/li><li>Ridistribuire i contenuti di Dive Spot Dive Center<\/li><\/ul><p>Il presente accordo decorre dalla data del presente documento. I nostri Termini e Condizioni sono stati creati con l'aiuto del Modello di Termini e Condizioni.<\/p><p>Alcune parti di questo sito web offrono agli utenti l'opportunit\u00e0 di pubblicare e scambiare opinioni e informazioni in determinate aree del sito. Dive Spot &amp; Atlantis non filtra, modifica, pubblica o rivede i Commenti prima della loro presenza sul sito web. I Commenti non riflettono i punti di vista e le opinioni di Dive Spot &amp; Atlantis, dei suoi agenti e\/o affiliati. I commenti riflettono i punti di vista e le opinioni della persona che li pubblica. Nella misura consentita dalle leggi vigenti, Dive Spot &amp; Atlantis non sar\u00e0 responsabile per i Commenti o per qualsiasi responsabilit\u00e0, danno o spesa causati e\/o subiti in seguito all'uso e\/o alla pubblicazione e\/o all'apparizione dei Commenti su questo sito web.<\/p><p>Dive Spot &amp; Atlantis si riserva il diritto di monitorare tutti i Commenti e di rimuovere qualsiasi Commento che possa essere considerato inappropriato, offensivo o che causi una violazione dei presenti Termini e condizioni.<\/p><p>L'utente garantisce e dichiara che:<\/p><ul><li>Siete autorizzati a pubblicare i Commenti sul nostro sito web e disponete di tutte le licenze e i consensi necessari per farlo.<\/li><li>I Commenti non violano alcun diritto di propriet\u00e0 intellettuale, inclusi, a titolo esemplificativo, diritti d'autore, brevetti o marchi di terzi.<\/li><li>I Commenti non contengono materiale diffamatorio, calunnioso, offensivo, indecente o altrimenti illegale che costituisca una violazione della privacy.<\/li><li>I Commenti non saranno utilizzati per sollecitare o promuovere affari o consuetudini o presentare attivit\u00e0 commerciali o attivit\u00e0 illegali.<\/li><\/ul><p>Con la presente concedete a Dive Spot &amp; Atlantis una licenza non esclusiva per utilizzare, riprodurre, modificare e autorizzare altri a utilizzare, riprodurre e modificare qualsiasi vostro commento in qualsiasi forma, formato o media.<\/p><p><strong>Collegamento ipertestuale ai nostri contenuti<\/strong><\/p><p>Le seguenti organizzazioni possono collegarsi al nostro sito web senza previa approvazione scritta:<\/p><ul><li>Agenzie governative<\/li><li>Motori di ricerca<\/li><li>Organizzazioni giornalistiche<\/li><li>I distributori di elenchi online possono collegarsi al nostro sito web nello stesso modo in cui si collegano ai siti web di altre aziende elencate.<\/li><li>Aziende accreditate a livello di sistema, ad eccezione di organizzazioni no-profit, centri commerciali di beneficenza e gruppi di raccolta fondi di beneficenza che non possono collegarsi al nostro sito web.<\/li><\/ul><p>Queste organizzazioni possono collegarsi alla nostra home page, alle pubblicazioni o ad altre informazioni del sito web, a condizione che il collegamento sia effettuato:<\/p><ul><li>(a) non \u00e8 in alcun modo ingannevole;<\/li><li>(b) non implichi falsamente la sponsorizzazione, l'avallo o l'approvazione del linkante e dei suoi prodotti e\/o servizi; e<\/li><li>(c) si inserisce nel contesto del sito del linkante.<\/li><\/ul><p>Possiamo prendere in considerazione e approvare altre richieste di link da parte dei seguenti tipi di organizzazioni:<\/p><ul><li>fonti di informazione comunemente conosciute dai consumatori e\/o dalle imprese;<\/li><li>siti di comunit\u00e0 dot.com;<\/li><li>associazioni o altri gruppi che rappresentano enti di beneficenza;<\/li><li>distributori di elenchi online;<\/li><li>portali internet;<\/li><li>societ\u00e0 di contabilit\u00e0, studi legali e di consulenza; e<\/li><li>istituzioni educative e associazioni di categoria.<\/li><\/ul><p>Approveremo le richieste di link da parte di queste organizzazioni se lo decideremo:<\/p><ul><li>(a) il link non ci farebbe apparire sfavorevoli a noi stessi o alle nostre aziende accreditate;<\/li><li>(b) l'organizzazione non ha alcun record negativo con noi;<\/li><li>(c) il beneficio per noi derivante dalla visibilit\u00e0 del collegamento ipertestuale compensi l'assenza di Dive Spot &amp; Atlantis; e<\/li><li>(d) il link \u00e8 nel contesto delle informazioni generali sulle risorse.<\/li><\/ul><p>Queste organizzazioni possono collegarsi alla nostra home page a condizione che il link:<\/p><ul><li>(a) non \u00e8 in alcun modo ingannevole;<\/li><li>(b) non implichi falsamente la sponsorizzazione, l'avallo o l'approvazione del linkante e dei suoi prodotti o servizi; e<\/li><li>(c) si inserisce nel contesto del sito del linkante.<\/li><\/ul><p>Se siete una delle organizzazioni elencate nel precedente paragrafo 2 e siete interessati a collegarvi al nostro sito web, dovete informarci inviando un'e-mail a Dive Spot &amp; Atlantis. Vi preghiamo di includere il vostro nome, il nome della vostra organizzazione, le informazioni di contatto e l'URL del vostro sito, un elenco di tutti gli URL da cui intendete collegarvi al nostro sito web e un elenco degli URL del nostro sito a cui vorreste collegarvi. Attendere 2-3 settimane per una risposta.<\/p><p>Le organizzazioni autorizzate possono collegarsi al nostro sito web come segue:<\/p><ul><li>Utilizzando la nostra ragione sociale; o<\/li><li>Tramite l'uso del localizzatore uniforme di risorse a cui si \u00e8 collegati; oppure<\/li><li>Utilizzando qualsiasi altra descrizione del nostro sito web a cui si \u00e8 collegati che abbia senso nel contesto e nel formato del contenuto del sito della parte collegata.<\/li><\/ul><p>Non sar\u00e0 consentito l'uso del logo o di altre immagini di Dive Spot &amp; Atlantis per il collegamento senza un accordo di licenza del marchio.<\/p><p><strong>iFrames<\/strong><\/p><p>Senza previa approvazione e autorizzazione scritta, non \u00e8 possibile creare cornici intorno alle nostre pagine web che alterino in qualsiasi modo la presentazione visiva o l'aspetto del nostro sito web.<\/p><p><strong>Responsabilit\u00e0 del contenuto<\/strong><\/p><p>Non saremo ritenuti responsabili di alcun contenuto che appaia sul vostro sito web. L'utente accetta di proteggerci e difenderci da tutte le richieste di risarcimento che dovessero sorgere sul suo sito web. Nessun link deve apparire su alcun sito web che possa essere interpretato come diffamatorio, osceno o criminale, o che infranga, violi in altro modo o sostenga l'infrazione o altra violazione dei diritti di terzi.<\/p><p><strong>La vostra privacy<\/strong><\/p><p>Si prega di leggere la nostra Informativa sulla privacy.<\/p><p><strong>Riserva di diritti<\/strong><\/p><p>Ci riserviamo il diritto di richiedere la rimozione di tutti i link o di un particolare link al nostro sito web. L'utente accetta di rimuovere immediatamente tutti i link al nostro Sito Web su richiesta. Ci riserviamo inoltre il diritto di modificare i presenti termini e condizioni e la politica di collegamento in qualsiasi momento. Collegandovi continuamente al nostro Sito web, accettate di essere vincolati e di seguire i presenti termini e condizioni di collegamento.<\/p><p><strong>Rimozione di link dal nostro sito web<\/strong><\/p><p>Se sul nostro sito web trovate un link offensivo per qualsiasi motivo, siete liberi di contattarci e informarci in qualsiasi momento. Prenderemo in considerazione le richieste di rimozione dei link, ma non siamo obbligati a farlo o a rispondere direttamente all'utente.<\/p><p>Non garantiamo che le informazioni contenute in questo sito web siano corrette; non ne garantiamo la completezza o l'accuratezza, n\u00e9 ci impegniamo a garantire che il sito web rimanga disponibile o che il materiale in esso contenuto sia aggiornato.<\/p><p><strong>Dichiarazione di non responsabilit\u00e0<\/strong><\/p><p>Nella misura massima consentita dalla legge applicabile, escludiamo tutte le dichiarazioni, garanzie e condizioni relative al nostro sito web e all'uso di questo sito web. Nulla di quanto contenuto nella presente clausola di esclusione della responsabilit\u00e0:<\/p><ul><li>limitare o escludere la nostra o la vostra responsabilit\u00e0 per morte o lesioni personali;<\/li><li>limitare o escludere la nostra o la vostra responsabilit\u00e0 per frode o falsa dichiarazione fraudolenta;<\/li><li>limitare le nostre o le vostre responsabilit\u00e0 in qualsiasi modo che non sia consentito dalla legge applicabile; oppure<\/li><li>escludere qualsiasi nostra o vostra responsabilit\u00e0 che non possa essere esclusa ai sensi della legge applicabile.<\/li><\/ul><p>Le limitazioni e i divieti di responsabilit\u00e0 indicati nella presente sezione e in altre parti della presente clausola di esclusione della responsabilit\u00e0:<\/p><ul><li>(a) sono soggetti al paragrafo precedente; e<\/li><li>(b) disciplinare tutte le responsabilit\u00e0 derivanti dalla clausola di esclusione della responsabilit\u00e0, comprese quelle derivanti da contratto, illecito civile e violazione di obblighi di legge.<\/li><\/ul><p>Finch\u00e9 il sito web e le informazioni e i servizi presenti sul sito web sono forniti gratuitamente, non saremo responsabili di eventuali perdite o danni di qualsiasi natura.<\/p>\t\t\t\t\t\t<\/div>\n\t\t\t\t<\/div>\n\t\t\t\t\t<\/div>\n\t\t<\/div>\n\t\t\t\t\t\t\t<\/div>\n\t\t<\/section>\n\t\t\t\t\t\t\t<\/div>","protected":false},"excerpt":{"rendered":"<p>Termini e condizioni Benvenuti al Dive Spot Dive Center! Questi termini e condizioni delineano le norme e i regolamenti per l'utilizzo del sito web di Dive Spot &amp; Atlantis, situato all'indirizzo divespot.es. Accedendo a questo sito web si presume che l'utente accetti questi termini e condizioni. Non continuare a utilizzare Dive Spot Dive Center se non [...]<\/p>","protected":false},"author":1,"featured_media":0,"parent":0,"menu_order":0,"comment_status":"closed","ping_status":"closed","template":"","meta":{"footnotes":""},"blocksy_meta":{"styles_descriptor":{"styles":{"desktop":"","tablet":"","mobile":""},"google_fonts":[],"version":4}},"aioseo_notices":[],"_links":{"self":[{"href":"https:\/\/divespot.es\/it\/wp-json\/wp\/v2\/pages\/507"}],"collection":[{"href":"https:\/\/divespot.es\/it\/wp-json\/wp\/v2\/pages"}],"about":[{"href":"https:\/\/divespot.es\/it\/wp-json\/wp\/v2\/types\/page"}],"author":[{"embeddable":true,"href":"https:\/\/divespot.es\/it\/wp-json\/wp\/v2\/users\/1"}],"replies":[{"embeddable":true,"href":"https:\/\/divespot.es\/it\/wp-json\/wp\/v2\/comments?post=507"}],"version-history":[{"count":0,"href":"https:\/\/divespot.es\/it\/wp-json\/wp\/v2\/pages\/507\/revisions"}],"wp:attachment":[{"href":"https:\/\/divespot.es\/it\/wp-json\/wp\/v2\/media?parent=507"}],"curies":[{"name":"wp","href":"https:\/\/api.w.org\/{rel}","templated":true}]}}