{"id":975,"date":"2022-03-12T17:24:15","date_gmt":"2022-03-12T17:24:15","guid":{"rendered":"https:\/\/divespot.es\/?post_type=product&#038;p=975"},"modified":"2024-07-18T14:55:33","modified_gmt":"2024-07-18T14:55:33","slug":"dpv-diver-propulsion-vehicle","status":"publish","type":"product","link":"https:\/\/divespot.es\/fr\/produit\/dpv-diver-propulsion-vehicle\/","title":{"rendered":"DPV - Diver Propulsion Vehicle (v\u00e9hicule \u00e0 propulsion de plong\u00e9e)"},"content":{"rendered":"<h4>\u00c0 quoi ressemble la plong\u00e9e DPV ?<\/h4>\n<p>Les v\u00e9hicules \u00e0 propulsion pour plongeurs, ou DPV, sont un moyen passionnant d'explorer le monde sous-marin. Avec un DPV, vous pouvez vous d\u00e9placer dans l'eau sans effort, couvrir plus de terrain et d\u00e9couvrir plus de vie marine que jamais auparavant. Imaginez que vous glissez sur des r\u00e9cifs coralliens, que vous explorez des \u00e9paves ou que vous vous rapprochez des plus grandes cr\u00e9atures marines, le tout avec la puissance d'un DPV au bout des doigts.<\/p>\n<h4>Dois-je suivre un cours d'introduction ou un cours complet ?<\/h4>\n<p>Une plong\u00e9e d'introduction au DPV est un moyen passionnant de d\u00e9couvrir les sensations de la plong\u00e9e sous-marine avec un v\u00e9hicule \u00e0 propulsion sans avoir \u00e0 s'engager dans un cours complet de sp\u00e9cialisation DPV.<\/p>\n<p>Avant la plong\u00e9e, un professionnel de la plong\u00e9e certifi\u00e9 vous pr\u00e9sentera bri\u00e8vement le DPV et son fonctionnement de base. Vous apprendrez \u00e0 le mettre en marche et \u00e0 l'arr\u00eater, \u00e0 contr\u00f4ler sa vitesse et \u00e0 le man\u0153uvrer sous l'eau. Le professionnel de la plong\u00e9e passera \u00e9galement en revue les proc\u00e9dures de s\u00e9curit\u00e9 et les signaux de communication, afin que vous vous sentiez \u00e0 l'aise et confiant avant d'entrer dans l'eau.<\/p>\n<p>A la fin de la plong\u00e9e, vous reviendrez \u00e0 la surface avec une nouvelle appr\u00e9ciation de l'exp\u00e9rience unique que peut offrir un DPV. La plong\u00e9e d'introduction au DPV est un excellent moyen de t\u00e2ter le terrain et de voir si un cours complet de sp\u00e9cialit\u00e9 DPV est fait pour vous.<\/p>\n<h4>\u00c0 quoi ressemble un cours de DPV ?<\/h4>\n<p>Tout au long du cours, vous apprendrez \u00e0 man\u0153uvrer le DPV de mani\u00e8re s\u00fbre et efficace, \u00e0 effectuer des op\u00e9rations de maintenance et de d\u00e9pannage de base, et \u00e0 planifier et ex\u00e9cuter des plong\u00e9es \u00e0 l'aide d'un DPV. Vous effectuerez <strong>deux plong\u00e9es<\/strong> l'utilisation d'un DPV. A la fin du cours, vous aurez les comp\u00e9tences et les connaissances n\u00e9cessaires pour utiliser un DPV en toute s\u00e9curit\u00e9 et en toute confiance lors de vos plong\u00e9es.<\/p>\n<h4>Qui peut s'inscrire au cours DPV ?<\/h4>\n<p>Pour s'inscrire \u00e0 un cours de sp\u00e9cialisation DPV, il faut \u00eatre titulaire d'un certificat d'aptitude \u00e0 l'emploi. <strong>Plongeur en eau libre<\/strong> ou \u00e9quivalent.<\/p>\n<h4>Organisations de plong\u00e9e SSI.<\/h4>\n<p>Dans notre centre de plong\u00e9e Dive Spot \u00e0 Tenerife, nous proposons des formations dispens\u00e9es par l'une des plus grandes organisations de plong\u00e9e au monde, SSI - Scuba Schools International. Les certificats d\u00e9livr\u00e9s par cette organisation sont accept\u00e9s dans le monde entier.<br \/>\n<img decoding=\"async\" loading=\"lazy\" class=\"alignnone size-medium wp-image-1478\" src=\"https:\/\/divespot.es\/wp-content\/uploads\/2022\/03\/ssi-300x71.png\" alt=\"logo ssi\" width=\"300\" height=\"71\" srcset=\"https:\/\/divespot.es\/wp-content\/uploads\/2022\/03\/ssi-300x71.png 300w, https:\/\/divespot.es\/wp-content\/uploads\/2022\/03\/ssi-1024x244.png 1024w, https:\/\/divespot.es\/wp-content\/uploads\/2022\/03\/ssi-768x183.png 768w, https:\/\/divespot.es\/wp-content\/uploads\/2022\/03\/ssi-1536x365.png 1536w, https:\/\/divespot.es\/wp-content\/uploads\/2022\/03\/ssi-2048x487.png 2048w, https:\/\/divespot.es\/wp-content\/uploads\/2022\/03\/ssi-600x143.png 600w\" sizes=\"(max-width: 300px) 100vw, 300px\" \/><\/p>\n<h4>E-Learning - Votre formation en ligne<\/h4>\n<p>Ne perdez pas de temps ! Dans notre centre de plong\u00e9e, vous pouvez suivre une formation en ligne pour tous les niveaux. Vous pouvez le faire \u00e0 n'importe quel moment, m\u00eame le soir, chez vous. Apr\u00e8s avoir r\u00e9serv\u00e9, vous recevrez un acc\u00e8s \u00e0 l'apprentissage en ligne de notre part. Vous n'aurez qu'\u00e0 effectuer des exercices sous l'eau et des plong\u00e9es lorsque vous viendrez nous voir.<\/p>\n<h4>Vous avez encore des doutes ? Pourquoi r\u00e9server un cours de plong\u00e9e avec Dive Spot ?<\/h4>\n<ul>\n<li>Quel que soit le programme de cours de plong\u00e9e \u00e0 Tenerife que vous choisissez, vous b\u00e9n\u00e9ficiez d'une attention personnalis\u00e9e de la part de notre \u00e9quipe professionnelle.<\/li>\n<li>Vous pouvez \u00eatre s\u00fbr qu'avec nous, vous obtenez <a href=\"https:\/\/divespot.es\/en\/best-price-policy\/\">les meilleurs prix pour la plong\u00e9e \u00e0 Tenerife<\/a>.<\/li>\n<li>Pour gagner du temps, les cours th\u00e9oriques sont dispens\u00e9s par le biais de l'apprentissage en ligne.<\/li>\n<li>Vous avez le choix entre les deux plus grandes f\u00e9d\u00e9rations de plong\u00e9e au monde.<\/li>\n<li>Vous plongerez dans <a href=\"https:\/\/divespot.es\/en\/article-2\/\">Ray Bay<\/a>L'un des sites de plong\u00e9e les plus spectaculaires de Tenerife.<\/li>\n<li>Vous ferez partie d'une grande communaut\u00e9 de plongeurs qui vous offrira de nombreux amis dans le monde entier.<\/li>\n<li>Nous vous emm\u00e8nerons dans une aventure sous-marine pleine d'adr\u00e9naline et de divertissement.<\/li>\n<\/ul>\n<h4>Comment faire une r\u00e9servation ?<\/h4>\n<p>Avant de commencer, veuillez lire notre <a href=\"https:\/\/divespot.es\/fr\/terms-and-conditions\/\" target=\"_blank\" rel=\"noopener\">Conditions g\u00e9n\u00e9rales d'utilisation<\/a>, <a href=\"https:\/\/divespot.es\/fr\/privacy-policy\/\" target=\"_blank\" rel=\"noopener\">Politique de confidentialit\u00e9<\/a> et <a href=\"https:\/\/divespot.es\/fr\/cancelling-and-refunding-policy\/\" target=\"_blank\" rel=\"noopener\">Politique d'annulation et de remboursement<\/a>. Pour effectuer une r\u00e9servation, vous aurez besoin d'une carte bancaire pour verser un petit acompte. Si vous n'avez pas de carte bancaire ou si vous avez des probl\u00e8mes avec le paiement en ligne, veuillez <a href=\"https:\/\/divespot.es\/fr\/contact\/\">nous contacter<\/a>et nous trouverons un autre mode de paiement. N'oubliez pas que les prix promotionnels ne sont valables que pour les r\u00e9servations en ligne effectu\u00e9es au moins un jour avant la plong\u00e9e.<\/p>\n<p>Vous trouverez les questions et r\u00e9ponses les plus courantes sur <a href=\"https:\/\/divespot.es\/fr\/questions-answers\/\">notre page Q&amp;R<\/a>Vous pouvez \u00e9galement demander plus d'informations \u00e0 l'adresse suivante <a href=\"https:\/\/divespot.es\/fr\/contact\/\">notre page de contact<\/a>.<\/p>\n<h6>Lisez les conseils et explications qui suivent :<\/h6>\n<p>La fen\u00eatre de r\u00e9servation se trouve en haut \u00e0 droite de cette page.<\/p>\n<p>Indiquez le nombre de participants \u00e0 la <strong>Cours DPV<\/strong> avec une licence.<\/p>\n<p><img decoding=\"async\" loading=\"lazy\" class=\"alignnone wp-image-1801\" src=\"https:\/\/divespot.es\/wp-content\/uploads\/2022\/03\/dpv-license.jpg\" alt=\"DPV course\" width=\"605\" height=\"50\" srcset=\"https:\/\/divespot.es\/wp-content\/uploads\/2022\/03\/dpv-license.jpg 774w, https:\/\/divespot.es\/wp-content\/uploads\/2022\/03\/dpv-license-300x25.jpg 300w, https:\/\/divespot.es\/wp-content\/uploads\/2022\/03\/dpv-license-768x64.jpg 768w, https:\/\/divespot.es\/wp-content\/uploads\/2022\/03\/dpv-license-600x50.jpg 600w\" sizes=\"(max-width: 605px) 100vw, 605px\" \/><\/p>\n<p>Ou choisissez l'option d'un <strong>essayer la plong\u00e9e avec DPV<\/strong> sans licence.<\/p>\n<p><img decoding=\"async\" loading=\"lazy\" class=\"alignnone wp-image-1800\" src=\"https:\/\/divespot.es\/wp-content\/uploads\/2022\/03\/dpv-intro.jpg\" alt=\"Try DPV\" width=\"605\" height=\"50\" srcset=\"https:\/\/divespot.es\/wp-content\/uploads\/2022\/03\/dpv-intro.jpg 774w, https:\/\/divespot.es\/wp-content\/uploads\/2022\/03\/dpv-intro-300x25.jpg 300w, https:\/\/divespot.es\/wp-content\/uploads\/2022\/03\/dpv-intro-768x64.jpg 768w, https:\/\/divespot.es\/wp-content\/uploads\/2022\/03\/dpv-intro-600x50.jpg 600w\" sizes=\"(max-width: 605px) 100vw, 605px\" \/><\/p>\n<p><b>Options suppl\u00e9mentaires<\/b>. Cochez les options suppl\u00e9mentaires que vous souhaitez ajouter \u00e0 votre commande.<\/p>\n<p><strong>Le monde sous-marin la nuit<\/strong> est compl\u00e8tement diff\u00e9rente. Nous vous encourageons \u00e0 r\u00e9server une plong\u00e9e de nuit comme plong\u00e9e suppl\u00e9mentaire, quel que soit le jour du forfait.<\/p>\n<p><img decoding=\"async\" loading=\"lazy\" class=\"alignnone wp-image-1521\" src=\"https:\/\/divespot.es\/wp-content\/uploads\/2022\/03\/ad-night-dive.jpg\" alt=\"Night dive\" width=\"605\" height=\"51\" srcset=\"https:\/\/divespot.es\/wp-content\/uploads\/2022\/03\/ad-night-dive.jpg 774w, https:\/\/divespot.es\/wp-content\/uploads\/2022\/03\/ad-night-dive-300x25.jpg 300w, https:\/\/divespot.es\/wp-content\/uploads\/2022\/03\/ad-night-dive-768x64.jpg 768w, https:\/\/divespot.es\/wp-content\/uploads\/2022\/03\/ad-night-dive-600x50.jpg 600w\" sizes=\"(max-width: 605px) 100vw, 605px\" \/><\/p>\n<p><b>Photos et vid\u00e9os<\/b> de votre premi\u00e8re plong\u00e9e. Si vous souhaitez que l'instructeur fasse une s\u00e9ance de photos sous-marines pour vous, s\u00e9lectionnez \"Oui, s'il vous pla\u00eet\".<br \/>\n<img decoding=\"async\" loading=\"lazy\" class=\"alignnone wp-image-1059\" src=\"https:\/\/divespot.es\/wp-content\/uploads\/2022\/02\/foto.png\" alt=\"foto video\" width=\"408\" height=\"64\" srcset=\"https:\/\/divespot.es\/wp-content\/uploads\/2022\/02\/foto.png 675w, https:\/\/divespot.es\/wp-content\/uploads\/2022\/02\/foto-300x47.png 300w, https:\/\/divespot.es\/wp-content\/uploads\/2022\/02\/foto-600x94.png 600w\" sizes=\"(max-width: 408px) 100vw, 408px\" \/><\/p>\n<p><b>Transfert<\/b>. Si vous avez besoin d'un transport aller-retour depuis votre h\u00f4tel, vous pouvez le commander moyennant un suppl\u00e9ment dans deux zones touristiques diff\u00e9rentes. Si votre lieu de s\u00e9jour ne figure pas sur la carte, veuillez nous contacter. Nous pouvons organiser un transport individuel pour vous. <a href=\"https:\/\/divespot.es\/wp-content\/uploads\/2022\/04\/tenerife-map.jpg\" target=\"_blank\" rel=\"noopener\">Vous pouvez consulter la carte des zones de transport ici.<\/a><br \/>\n<img decoding=\"async\" loading=\"lazy\" class=\"alignnone wp-image-1060\" src=\"https:\/\/divespot.es\/wp-content\/uploads\/2022\/02\/Transfer.png\" alt=\"Transfer info\" width=\"406\" height=\"113\" srcset=\"https:\/\/divespot.es\/wp-content\/uploads\/2022\/02\/Transfer.png 675w, https:\/\/divespot.es\/wp-content\/uploads\/2022\/02\/Transfer-300x84.png 300w, https:\/\/divespot.es\/wp-content\/uploads\/2022\/02\/Transfer-600x167.png 600w\" sizes=\"(max-width: 406px) 100vw, 406px\" \/><\/p>\n<p><b>Date<\/b>. S\u00e9lectionnez la date de votre plong\u00e9e. Nous nous r\u00e9servons le droit de modifier l'heure pour une meilleure organisation de notre travail dans le centre de plong\u00e9e. Notre assistante vous confirmera votre r\u00e9servation avec des informations d\u00e9taill\u00e9es.<br \/>\n<img decoding=\"async\" loading=\"lazy\" class=\"alignnone wp-image-1488\" src=\"https:\/\/divespot.es\/wp-content\/uploads\/2022\/03\/data-2-257x300.jpg\" alt=\"Data \" width=\"230\" height=\"268\" srcset=\"https:\/\/divespot.es\/wp-content\/uploads\/2022\/03\/data-2-257x300.jpg 257w, https:\/\/divespot.es\/wp-content\/uploads\/2022\/03\/data-2-300x351.jpg 300w, https:\/\/divespot.es\/wp-content\/uploads\/2022\/03\/data-2.jpg 558w\" sizes=\"(max-width: 230px) 100vw, 230px\" \/><\/p>\n<h4>Paiement et panier<\/h4>\n<p>Si votre commande est pr\u00eate, appuyez sur \"R\u00e9server maintenant\". Vous serez transf\u00e9r\u00e9 vers la page <a href=\"https:\/\/divespot.es\/fr\/checkout\/\">Page de paiement<\/a>.<br \/>\nSi vous souhaitez apporter des modifications \u00e0 votre r\u00e9servation, vous trouverez la page <a href=\"https:\/\/divespot.es\/fr\/cart\/\">Panier<\/a> qui se trouve en haut de la page, ce qui vous am\u00e8nera \u00e0 votre <a href=\"https:\/\/divespot.es\/fr\/cart\/\">Chariot<\/a>. Si vous avez un coupon de r\u00e9duction pour les clients r\u00e9guliers, vous pouvez l'appliquer dans le panier et passer \u00e0 la caisse.<br \/>\n<b>Page de paiement - D\u00e9tails de la facturation<\/b>. Sur cette page, vous remplirez vos donn\u00e9es personnelles : pr\u00e9nom, nom, num\u00e9ro de t\u00e9l\u00e9phone (n'oubliez pas le pr\u00e9fixe, qui est le code de votre pays), adresse \u00e9lectronique (pour la confirmation de la r\u00e9servation), la langue que vous parlez le mieux et les autres langues dans lesquelles vous pouvez communiquer (choisissez dans la liste ; si vous en connaissez d'autres, \u00e9crivez-les dans les commentaires).<\/p>\n<p><b>Point de ramassage<\/b>. Si vous avez command\u00e9 un service de transfert payant aupr\u00e8s de l'h\u00f4tel, veuillez indiquer le nom complet exact de l'h\u00f4tel, y compris la ville. Si vous s\u00e9journez dans un appartement, indiquez l'adresse exacte : rue et num\u00e9ro, ville, code postal, nom de l'immeuble et localisation sur Google, si possible.<\/p>\n<p><b>Informations compl\u00e9mentaires<\/b>. Inscrivez dans cette section toute information pertinente que vous souhaitez nous communiquer.<\/p>\n<h4>Paiement.<\/h4>\n<p>Saisissez les d\u00e9tails de votre carte bancaire et payez l'acompte. Vous recevrez une confirmation automatique de votre paiement et de l'\u00e9tat de la proc\u00e9dure en cours.<br \/>\nEnsuite, notre assistant confirmera la r\u00e9servation et vous informera des d\u00e9tails. Veuillez noter que <b>des modifications mineures peuvent \u00eatre apport\u00e9es \u00e0 votre commande<\/b>comme l'heure de d\u00e9part ou l'heure de prise en charge \u00e0 l'h\u00f4tel. Les activit\u00e9s sportives peuvent faire l'objet de changements de derni\u00e8re minute. <b>gardez votre t\u00e9l\u00e9phone \u00e0 port\u00e9e de main<\/b> au cas o\u00f9 nous aurions besoin de vous contacter. Si vous avez des probl\u00e8mes avec la r\u00e9servation ou le paiement, veuillez <a href=\"https:\/\/divespot.es\/fr\/contact\/\">nous contacter<\/a>.<\/p>\n<p>&nbsp;<\/p>","protected":false},"excerpt":{"rendered":"<p>Veuillez lire la description ci-dessous avant de r\u00e9server !<\/p>\n<p>Ces prix ne sont disponibles que lors de la r\u00e9servation en ligne !<\/p>\n<p><a href=\"https:\/\/divespot.es\/wp-content\/uploads\/2022\/04\/tenerife-map.jpg\">CARTE DES ZONES DE TRANSPORT<\/a><\/p>","protected":false},"featured_media":2662,"template":"","meta":[],"product_cat":[28],"product_tag":[44,52,41,33],"aioseo_notices":[],"_links":{"self":[{"href":"https:\/\/divespot.es\/fr\/wp-json\/wp\/v2\/product\/975"}],"collection":[{"href":"https:\/\/divespot.es\/fr\/wp-json\/wp\/v2\/product"}],"about":[{"href":"https:\/\/divespot.es\/fr\/wp-json\/wp\/v2\/types\/product"}],"wp:featuredmedia":[{"embeddable":true,"href":"https:\/\/divespot.es\/fr\/wp-json\/wp\/v2\/media\/2662"}],"wp:attachment":[{"href":"https:\/\/divespot.es\/fr\/wp-json\/wp\/v2\/media?parent=975"}],"wp:term":[{"taxonomy":"product_cat","embeddable":true,"href":"https:\/\/divespot.es\/fr\/wp-json\/wp\/v2\/product_cat?post=975"},{"taxonomy":"product_tag","embeddable":true,"href":"https:\/\/divespot.es\/fr\/wp-json\/wp\/v2\/product_tag?post=975"}],"curies":[{"name":"wp","href":"https:\/\/api.w.org\/{rel}","templated":true}]}}