{"id":960,"date":"2022-03-12T16:07:04","date_gmt":"2022-03-12T16:07:04","guid":{"rendered":"https:\/\/divespot.es\/?post_type=product&#038;p=960"},"modified":"2024-08-12T15:05:04","modified_gmt":"2024-08-12T15:05:04","slug":"divemaster-course","status":"publish","type":"product","link":"https:\/\/divespot.es\/fr\/produit\/divemaster-course\/","title":{"rendered":"Cours de Divemaster"},"content":{"rendered":"<h4>Qu'est-ce que le cours de Divemaster ?<\/h4>\n<p>D\u00e9couvrez les merveilles du monde sous-marin \u00e0 Tenerife gr\u00e2ce \u00e0 notre cours complet de plong\u00e9e sous-marine Divemaster. Ce cours vous plongera dans un voyage extraordinaire de d\u00e9veloppement des comp\u00e9tences et d'exploration des oc\u00e9ans.<\/p>\n<p>Tout au long de la formation, vous b\u00e9n\u00e9ficierez des conseils avis\u00e9s de nos instructeurs chevronn\u00e9s, qui vous enseigneront les techniques de plong\u00e9e essentielles, les protocoles de s\u00e9curit\u00e9 et les pratiques de pr\u00e9servation de l'environnement. Plongez dans des sessions de formation pratique passionnantes et des cours th\u00e9oriques qui couvrent la planification des plong\u00e9es, la gestion de l'\u00e9quipement et les techniques de sauvetage. Acqu\u00e9rir une connaissance approfondie de la vie marine et des \u00e9cosyst\u00e8mes pour devenir un plongeur responsable et inform\u00e9.<\/p>\n<p>Une fois le cours termin\u00e9 avec succ\u00e8s, vous obtiendrez la prestigieuse certification Divemaster, un tremplin pour devenir un plongeur professionnel. En tant que Divemaster dipl\u00f4m\u00e9, vous pourrez diriger et assister des op\u00e9rations de plong\u00e9e, encadrer et superviser d'autres plongeurs, et m\u00eame travailler dans l'industrie de la plong\u00e9e dans le monde entier.<\/p>\n<h4>Qui peut s'inscrire au cours de Divemaster ?<\/h4>\n<p>Pour vous inscrire au cours de plong\u00e9e sous-marine Divemaster, vous devez remplir les conditions pr\u00e9alables suivantes :<\/p>\n<ol>\n<li>\u00catre \u00e2g\u00e9 d'au moins 18 ans.<\/li>\n<li>\u00catre titulaire d'une certification Diver Stress&amp;Rescue valide (ou \u00e9quivalente) d\u00e9livr\u00e9e par une agence de plong\u00e9e reconnue.<\/li>\n<li>Poss\u00e9der une certification React Right \u00e0 jour (ou \u00e9quivalent) au cours des 24 derniers mois.<\/li>\n<li>Avoir au moins 40 plong\u00e9es enregistr\u00e9es avant de commencer le cours et 60 plong\u00e9es enregistr\u00e9es \u00e0 la fin du cours.<\/li>\n<\/ol>\n<p><strong>Options de tarification :<\/strong><\/p>\n<ul>\n<li>Frais de cours (SSI) : 765 euros (au lieu de 850)<\/li>\n<\/ul>\n<h4>Organisations de plong\u00e9e SSI.<\/h4>\n<p>Dans notre centre de plong\u00e9e Dive Spot \u00e0 Tenerife, nous proposons des formations dispens\u00e9es par l'une des plus grandes organisations de plong\u00e9e au monde, SSI - Scuba Schools International. Les certificats d\u00e9livr\u00e9s par cette organisation sont accept\u00e9s dans le monde entier.<\/p>\n<p><img decoding=\"async\" loading=\"lazy\" class=\"alignnone size-medium wp-image-1478\" src=\"https:\/\/divespot.es\/wp-content\/uploads\/2022\/03\/ssi-300x71.png\" alt=\"logo ssi\" width=\"300\" height=\"71\" srcset=\"https:\/\/divespot.es\/wp-content\/uploads\/2022\/03\/ssi-300x71.png 300w, https:\/\/divespot.es\/wp-content\/uploads\/2022\/03\/ssi-1024x244.png 1024w, https:\/\/divespot.es\/wp-content\/uploads\/2022\/03\/ssi-768x183.png 768w, https:\/\/divespot.es\/wp-content\/uploads\/2022\/03\/ssi-1536x365.png 1536w, https:\/\/divespot.es\/wp-content\/uploads\/2022\/03\/ssi-2048x487.png 2048w, https:\/\/divespot.es\/wp-content\/uploads\/2022\/03\/ssi-600x143.png 600w\" sizes=\"(max-width: 300px) 100vw, 300px\" \/><\/p>\n<h4>E Learning - Votre formation en ligne.<\/h4>\n<p>Ne perdez pas de temps. Dans notre centre de plong\u00e9e, vous pouvez suivre une formation de plong\u00e9e en ligne pour tous les niveaux. Vous pouvez le faire \u00e0 n'importe quel moment, m\u00eame le soir chez vous. Apr\u00e8s \u00eatre venu chez nous, vous ne ferez que des exercices sous-marins et de la plong\u00e9e. Apr\u00e8s avoir r\u00e9serv\u00e9, vous recevrez un acc\u00e8s \u00e0 l'apprentissage en ligne de notre part.<\/p>\n<p>&nbsp;<\/p>\n<h4>Vous avez encore des doutes ? Pourquoi r\u00e9server un cours de plong\u00e9e avec Dive Spot ?<\/h4>\n<div><\/div>\n<div>\n<div>- Quel que soit le programme de cours de plong\u00e9e \u00e0 Tenerife que vous choisissez, vous b\u00e9n\u00e9ficiez d'une attention personnalis\u00e9e de la part de notre \u00e9quipe professionnelle.<\/div>\n<div>- Pour gagner du temps, les cours th\u00e9oriques sont dispens\u00e9s par le biais de l'apprentissage en ligne.<\/div>\n<div>- Vous allez plonger dans l'un des sites les plus spectaculaires de Tenerife, Rays Bay.<br \/>\n- Vous entrerez dans une immense communaut\u00e9 de plongeurs qui vous offrira de nombreux amis dans le monde entier.<\/div>\n<div>- Nous vous ferons vivre une aventure sous-marine pleine d'adr\u00e9naline et de divertissement.<\/div>\n<\/div>\n<div><\/div>\n<div>\n<h4>Comment faire une r\u00e9servation ?<\/h4>\n<p>Avant de commencer, veuillez lire notre <a href=\"https:\/\/divespot.es\/fr\/terms-and-conditions\/\" target=\"_blank\" rel=\"noopener\">Conditions g\u00e9n\u00e9rales d'utilisation<\/a>, <a href=\"https:\/\/divespot.es\/fr\/privacy-policy\/\" target=\"_blank\" rel=\"noopener\">Politique de confidentialit\u00e9<\/a> et <a href=\"https:\/\/divespot.es\/fr\/cancelling-and-refunding-policy\/\" target=\"_blank\" rel=\"noopener\">Politique d'annulation et de remboursement<\/a>. Pour effectuer une r\u00e9servation, vous aurez besoin d'une carte bancaire pour payer un petit acompte. Si vous n'avez pas de carte bancaire ou si vous avez des probl\u00e8mes avec le paiement en ligne, veuillez <a href=\"https:\/\/divespot.es\/fr\/contact\/\">nous contacter<\/a> et nous trouverons un autre mode de paiement. N'oubliez pas que les prix promotionnels ne sont valables que pour les r\u00e9servations en ligne effectu\u00e9es au moins un jour avant la plong\u00e9e.<\/p>\n<p>Les questions et r\u00e9ponses les plus courantes peuvent \u00eatre trouv\u00e9es <a href=\"https:\/\/divespot.es\/fr\/questions-answers\/\">ICI<\/a>. Vous pouvez \u00e9galement poser des questions \u00e0 notre assistante par le biais du chat en ligne.<\/p>\n<\/div>\n<h4>Lisez les conseils et explications qui suivent :<\/h4>\n<p>La fen\u00eatre de r\u00e9servation se trouve en haut \u00e0 droite de cette page.<\/p>\n<p><strong>S\u00e9lectionner le cours de plong\u00e9e<\/strong> que vous voulez faire. Entrez le nombre de participants pour l'option appropri\u00e9e.<\/p>\n<p><img decoding=\"async\" loading=\"lazy\" class=\"alignnone wp-image-3765\" src=\"https:\/\/divespot.es\/wp-content\/uploads\/2022\/03\/dlm-300x49.png\" alt=\"\" width=\"356\" height=\"58\" srcset=\"https:\/\/divespot.es\/wp-content\/uploads\/2022\/03\/dlm-300x49.png 300w, https:\/\/divespot.es\/wp-content\/uploads\/2022\/03\/dlm-18x3.png 18w, https:\/\/divespot.es\/wp-content\/uploads\/2022\/03\/dlm-600x99.png 600w, https:\/\/divespot.es\/wp-content\/uploads\/2022\/03\/dlm.png 682w\" sizes=\"(max-width: 356px) 100vw, 356px\" \/><\/p>\n<p><strong>Options suppl\u00e9mentaires<\/strong>. Cochez les options suppl\u00e9mentaires que vous souhaitez ajouter \u00e0 votre commande.<\/p>\n<p>De nombreux sites de plong\u00e9e int\u00e9ressants n\u00e9cessitent un <strong>permis de plong\u00e9e jusqu'\u00e0 40 m\u00e8tres de profondeur<\/strong>. D\u00e9veloppez vos qualifications et rejoignez le cours Deep Diver avec nous. La formation dure 2 jours suppl\u00e9mentaires.<\/p>\n<p><img decoding=\"async\" loading=\"lazy\" class=\"alignnone size-medium wp-image-3752\" src=\"https:\/\/divespot.es\/wp-content\/uploads\/2022\/03\/ddl-300x59.png\" alt=\"\" width=\"300\" height=\"59\" srcset=\"https:\/\/divespot.es\/wp-content\/uploads\/2022\/03\/ddl-300x59.png 300w, https:\/\/divespot.es\/wp-content\/uploads\/2022\/03\/ddl-18x4.png 18w, https:\/\/divespot.es\/wp-content\/uploads\/2022\/03\/ddl.png 556w\" sizes=\"(max-width: 300px) 100vw, 300px\" \/><\/p>\n<p><strong>Nitrox \/ EAN \/ Air enrichi<\/strong> permet aux plongeurs de rester plus longtemps sous l'eau, prolongeant ainsi les limites de non-d\u00e9compression.<\/p>\n<p><img decoding=\"async\" loading=\"lazy\" class=\"alignnone wp-image-3764\" src=\"https:\/\/divespot.es\/wp-content\/uploads\/2022\/03\/ndl-300x67.png\" alt=\"\" width=\"273\" height=\"61\" srcset=\"https:\/\/divespot.es\/wp-content\/uploads\/2022\/03\/ndl-300x67.png 300w, https:\/\/divespot.es\/wp-content\/uploads\/2022\/03\/ndl-18x4.png 18w, https:\/\/divespot.es\/wp-content\/uploads\/2022\/03\/ndl.png 508w\" sizes=\"(max-width: 273px) 100vw, 273px\" \/><\/p>\n<p><strong>Photos et vid\u00e9os<\/strong> de votre premi\u00e8re plong\u00e9e. Si vous souhaitez que l'instructeur prenne une photo sous-marine pour vous, cochez la case : Oui, s'il vous pla\u00eet.<\/p>\n<p><img decoding=\"async\" loading=\"lazy\" class=\"alignnone size-medium wp-image-3751\" src=\"https:\/\/divespot.es\/wp-content\/uploads\/2022\/02\/photo-300x87.png\" alt=\"\" width=\"300\" height=\"87\" srcset=\"https:\/\/divespot.es\/wp-content\/uploads\/2022\/02\/photo-300x87.png 300w, https:\/\/divespot.es\/wp-content\/uploads\/2022\/02\/photo-18x5.png 18w, https:\/\/divespot.es\/wp-content\/uploads\/2022\/02\/photo.png 530w\" sizes=\"(max-width: 300px) 100vw, 300px\" \/><\/p>\n<p><strong>Transfert<\/strong>. Si vous avez besoin d'un transport aller-retour depuis l'h\u00f4tel, vous pouvez le commander moyennant un suppl\u00e9ment dans deux zones touristiques diff\u00e9rentes. Si la carte ne couvre pas votre lieu de s\u00e9jour, veuillez nous contacter, il est possible d'organiser un transport individuel. <a href=\"https:\/\/divespot.es\/wp-content\/uploads\/2022\/04\/tenerife-map.jpg\" target=\"_blank\" rel=\"noopener\">TENERIFE MAP<\/a><\/p>\n<p><img decoding=\"async\" loading=\"lazy\" class=\"alignnone wp-image-1060\" src=\"https:\/\/divespot.es\/wp-content\/uploads\/2022\/02\/Transfer.png\" alt=\"Transfer info\" width=\"406\" height=\"113\" srcset=\"https:\/\/divespot.es\/wp-content\/uploads\/2022\/02\/Transfer.png 675w, https:\/\/divespot.es\/wp-content\/uploads\/2022\/02\/Transfer-300x84.png 300w, https:\/\/divespot.es\/wp-content\/uploads\/2022\/02\/Transfer-600x167.png 600w\" sizes=\"(max-width: 406px) 100vw, 406px\" \/><\/p>\n<p><strong>Date<\/strong>. S\u00e9lectionnez la date de votre plong\u00e9e. Nous nous r\u00e9servons le droit de modifier l'heure pour une meilleure organisation de notre travail au centre de plong\u00e9e. Notre assistante vous confirmera votre r\u00e9servation avec des informations d\u00e9taill\u00e9es.<\/p>\n<p><img decoding=\"async\" loading=\"lazy\" class=\"alignnone wp-image-1488\" src=\"https:\/\/divespot.es\/wp-content\/uploads\/2022\/03\/data-2-257x300.jpg\" alt=\"Data \" width=\"230\" height=\"268\" srcset=\"https:\/\/divespot.es\/wp-content\/uploads\/2022\/03\/data-2-257x300.jpg 257w, https:\/\/divespot.es\/wp-content\/uploads\/2022\/03\/data-2-300x351.jpg 300w, https:\/\/divespot.es\/wp-content\/uploads\/2022\/03\/data-2.jpg 558w\" sizes=\"(max-width: 230px) 100vw, 230px\" \/><\/p>\n<h4>Paiement et panier<\/h4>\n<p>Si votre commande est pr\u00eate, appuyez sur - R\u00e9server maintenant.<br \/>\nVous serez transf\u00e9r\u00e9 vers le <a href=\"https:\/\/divespot.es\/fr\/checkout\/\">Page de paiement<\/a>.<br \/>\nSi vous souhaitez apporter des modifications \u00e0 votre r\u00e9servation, vous trouverez en haut de la page la rubrique <a href=\"https:\/\/divespot.es\/fr\/cart\/\">Panier<\/a> qui vous am\u00e8nera \u00e0 la page d'accueil de la <a href=\"https:\/\/divespot.es\/fr\/cart\/\">Page panier<\/a>. Si vous avez un coupon de r\u00e9duction pour les clients r\u00e9guliers, vous pouvez l'appliquer dans le panier et passer \u00e0 la caisse.<\/p>\n<p><strong>Page de paiement - D\u00e9tails de la facturation<\/strong>. Sur cette page, vous remplirez vos donn\u00e9es personnelles :<br \/>\nPr\u00e9nom, nom de famille,<br \/>\nnum\u00e9ro de t\u00e9l\u00e9phone (n'oubliez pas le pr\u00e9fixe - l'indicatif de votre pays),<br \/>\nl'adresse \u00e9lectronique (pour la confirmation de la r\u00e9servation),<br \/>\nla langue que vous parlez le mieux et les autres langues dans lesquelles vous pouvez communiquer (indiqu\u00e9es sur la liste, si vous en connaissez d'autres, \u00e9crivez dans les commentaires),<\/p>\n<p><strong>Point de ramassage<\/strong> (si vous commandez un service de transfert payant aupr\u00e8s de l'h\u00f4tel) indiquez le nom complet exact de l'h\u00f4tel ainsi que la ville. Si vous s\u00e9journez dans un appartement, indiquez l'adresse exacte : rue et num\u00e9ro, ville, code postal, nom de l'immeuble et localisation sur Google si possible. <a href=\"https:\/\/divespot.es\/wp-content\/uploads\/2022\/04\/tenerife-map.jpg\" target=\"_blank\" rel=\"noopener\">Carte<\/a><\/p>\n<p><strong>Informations compl\u00e9mentaires<\/strong>. Inscrivez ici les informations que vous jugez pertinentes et que vous souhaitez nous communiquer.<\/p>\n<h4>Paiement.<\/h4>\n<p>Saisissez les donn\u00e9es de votre carte bancaire et payez l'acompte.<br \/>\nVous recevrez une confirmation automatique par courriel du paiement et de l'\u00e9tat d'avancement de la proc\u00e9dure.<br \/>\nEnsuite, notre assistante confirme la r\u00e9servation et vous informe des d\u00e9tails. Veuillez noter qu'il peut y avoir des changements mineurs \u00e0 votre commande ! Par exemple, l'heure de d\u00e9part ou l'heure de transfert \u00e0 l'h\u00f4tel. Les activit\u00e9s sportives sont sujettes \u00e0 des changements de derni\u00e8re minute, assurez-vous d'\u00eatre sur le t\u00e9l\u00e9phone fourni lors de la r\u00e9servation !<br \/>\nSi vous avez un probl\u00e8me avec la r\u00e9servation ou le paiement, contactez notre assistant dans le chat en ligne. Le lien se trouve dans le coin inf\u00e9rieur droit de la page. Dans le pied de page, vous trouverez d'autres options de contact.<\/p>","protected":false},"excerpt":{"rendered":"<p>Veuillez lire la description ci-dessous avant de r\u00e9server !<\/p>\n<p>Ces prix ne sont disponibles que lors de la r\u00e9servation en ligne !<\/p>","protected":false},"featured_media":2666,"template":"","meta":[],"product_cat":[28],"product_tag":[44,47,41,33],"aioseo_notices":[],"_links":{"self":[{"href":"https:\/\/divespot.es\/fr\/wp-json\/wp\/v2\/product\/960"}],"collection":[{"href":"https:\/\/divespot.es\/fr\/wp-json\/wp\/v2\/product"}],"about":[{"href":"https:\/\/divespot.es\/fr\/wp-json\/wp\/v2\/types\/product"}],"wp:featuredmedia":[{"embeddable":true,"href":"https:\/\/divespot.es\/fr\/wp-json\/wp\/v2\/media\/2666"}],"wp:attachment":[{"href":"https:\/\/divespot.es\/fr\/wp-json\/wp\/v2\/media?parent=960"}],"wp:term":[{"taxonomy":"product_cat","embeddable":true,"href":"https:\/\/divespot.es\/fr\/wp-json\/wp\/v2\/product_cat?post=960"},{"taxonomy":"product_tag","embeddable":true,"href":"https:\/\/divespot.es\/fr\/wp-json\/wp\/v2\/product_tag?post=960"}],"curies":[{"name":"wp","href":"https:\/\/api.w.org\/{rel}","templated":true}]}}