{"id":837,"date":"2022-03-10T21:32:31","date_gmt":"2022-03-10T21:32:31","guid":{"rendered":"https:\/\/divespot.es\/?post_type=product&#038;p=837"},"modified":"2022-12-28T14:24:44","modified_gmt":"2022-12-28T14:24:44","slug":"four-days-of-diving","status":"publish","type":"product","link":"https:\/\/divespot.es\/fr\/produit\/four-days-of-diving\/","title":{"rendered":"Quatre jours de plong\u00e9e"},"content":{"rendered":"<h4>Forfait de quatre jours de plong\u00e9e.<\/h4>\n<p>Choisissez les jours et rejoignez nos plong\u00e9es. Si vous voulez en savoir plus sur les sp\u00e9cifications de la plong\u00e9e \u00e0 Tenerife, retournez \u00e0 la page d'accueil. <a href=\"https:\/\/divespot.es\/fr\/categorie-produit\/dive-package\/\">Forfaits de plong\u00e9e<\/a> description. A propos des sites de plong\u00e9e <a href=\"https:\/\/divespot.es\/fr\/best-dive-spots-in-tenerife\/\">Ici<\/a>. Et si vous souhaitez acqu\u00e9rir des connaissances plus d\u00e9taill\u00e9es, visitez notre blog - <a href=\"https:\/\/divespot.es\/fr\/this-is-interesting\/\">C'est int\u00e9ressant<\/a>.<\/p>\n<div>\n<h4>Comment faire une r\u00e9servation ?<\/h4>\n<p>Avant de commencer, veuillez lire notre <a href=\"https:\/\/divespot.es\/fr\/terms-and-conditions\/\" target=\"_blank\" rel=\"noopener\">Conditions g\u00e9n\u00e9rales d'utilisation<\/a>, <a href=\"https:\/\/divespot.es\/fr\/privacy-policy\/\" target=\"_blank\" rel=\"noopener\">Politique de confidentialit\u00e9<\/a> et <a href=\"https:\/\/divespot.es\/fr\/cancelling-and-refunding-policy\/\" target=\"_blank\" rel=\"noopener\">Politique d'annulation et de remboursement<\/a>. Pour effectuer une r\u00e9servation, vous aurez besoin d'une carte bancaire pour payer un petit acompte. Si vous n'avez pas de carte bancaire ou si vous avez des probl\u00e8mes avec le paiement en ligne, veuillez <a href=\"https:\/\/divespot.es\/fr\/contact\/\">nous contacter<\/a> et nous trouverons un autre mode de paiement. N'oubliez pas que les prix promotionnels ne sont valables que pour les r\u00e9servations en ligne effectu\u00e9es au moins un jour avant la plong\u00e9e.<\/p>\n<p>Les questions et r\u00e9ponses les plus courantes peuvent \u00eatre trouv\u00e9es <a href=\"https:\/\/divespot.es\/fr\/questions-answers\/\">ICI<\/a>. Vous pouvez \u00e9galement poser des questions \u00e0 notre assistante par le biais du chat en ligne.<\/p>\n<\/div>\n<h4>Lisez les conseils et explications qui suivent :<\/h4>\n<p>La fen\u00eatre de r\u00e9servation se trouve en haut \u00e0 droite de cette page.<\/p>\n<p><strong>Saisir le num\u00e9ro<\/strong> de participants. Si vous \u00eates seul, choisissez 1. Si vous \u00eates un groupe, choisissez le nombre de plongeurs.<\/p>\n<p><img decoding=\"async\" loading=\"lazy\" class=\"alignnone wp-image-1541\" src=\"https:\/\/divespot.es\/wp-content\/uploads\/2022\/03\/4-days.jpg\" alt=\"Four days\" width=\"605\" height=\"50\" srcset=\"https:\/\/divespot.es\/wp-content\/uploads\/2022\/03\/4-days.jpg 774w, https:\/\/divespot.es\/wp-content\/uploads\/2022\/03\/4-days-300x25.jpg 300w, https:\/\/divespot.es\/wp-content\/uploads\/2022\/03\/4-days-768x64.jpg 768w, https:\/\/divespot.es\/wp-content\/uploads\/2022\/03\/4-days-600x50.jpg 600w\" sizes=\"(max-width: 605px) 100vw, 605px\" \/><\/p>\n<p><strong>Options suppl\u00e9mentaires<\/strong>. Cochez les options suppl\u00e9mentaires que vous souhaitez ajouter \u00e0 votre commande.<\/p>\n<p><strong>Le monde sous-marin la nuit<\/strong> est compl\u00e8tement diff\u00e9rente. Nous vous encourageons \u00e0 r\u00e9server une plong\u00e9e de nuit comme plong\u00e9e suppl\u00e9mentaire, quel que soit le jour du forfait.<\/p>\n<p><img decoding=\"async\" loading=\"lazy\" class=\"alignnone wp-image-1521\" src=\"https:\/\/divespot.es\/wp-content\/uploads\/2022\/03\/ad-night-dive.jpg\" alt=\"Night dive\" width=\"595\" height=\"50\" srcset=\"https:\/\/divespot.es\/wp-content\/uploads\/2022\/03\/ad-night-dive.jpg 774w, https:\/\/divespot.es\/wp-content\/uploads\/2022\/03\/ad-night-dive-300x25.jpg 300w, https:\/\/divespot.es\/wp-content\/uploads\/2022\/03\/ad-night-dive-768x64.jpg 768w, https:\/\/divespot.es\/wp-content\/uploads\/2022\/03\/ad-night-dive-600x50.jpg 600w\" sizes=\"(max-width: 595px) 100vw, 595px\" \/><\/p>\n<p><strong>Plong\u00e9e depuis le bateau<\/strong>. Nous facturons un suppl\u00e9ment pour les plong\u00e9es effectu\u00e9es \u00e0 partir d'un bateau semi-rigide. Attention, le niveau de difficult\u00e9 est plus \u00e9lev\u00e9 ! Nous ne recommandons pas cette option aux plongeurs inexp\u00e9riment\u00e9s. Si vous le souhaitez, vous pouvez choisir le nombre de jours de votre forfait pendant lesquels vous souhaitez faire de la plong\u00e9e en bateau.<\/p>\n<p><img decoding=\"async\" loading=\"lazy\" class=\"alignnone wp-image-1526\" src=\"https:\/\/divespot.es\/wp-content\/uploads\/2022\/03\/Boat.jpg\" alt=\"Bout dive\" width=\"595\" height=\"50\" srcset=\"https:\/\/divespot.es\/wp-content\/uploads\/2022\/03\/Boat.jpg 774w, https:\/\/divespot.es\/wp-content\/uploads\/2022\/03\/Boat-300x25.jpg 300w, https:\/\/divespot.es\/wp-content\/uploads\/2022\/03\/Boat-768x64.jpg 768w, https:\/\/divespot.es\/wp-content\/uploads\/2022\/03\/Boat-600x50.jpg 600w\" sizes=\"(max-width: 595px) 100vw, 595px\" \/><\/p>\n<p><strong>Revue de plong\u00e9e<\/strong>. Si un plongeur n'a pas plong\u00e9 depuis deux ans ou plus, il doit rafra\u00eechir ses connaissances. Au cours du programme Scuba Review, le plongeur met \u00e0 jour ses connaissances de base et ses comp\u00e9tences sous-marines. Cette formation est effectu\u00e9e lors de la premi\u00e8re plong\u00e9e.<\/p>\n<p><img decoding=\"async\" loading=\"lazy\" class=\"alignnone wp-image-1522\" src=\"https:\/\/divespot.es\/wp-content\/uploads\/2022\/03\/Scuba-review.jpg\" alt=\"Scuba review\" width=\"694\" height=\"69\" srcset=\"https:\/\/divespot.es\/wp-content\/uploads\/2022\/03\/Scuba-review.jpg 774w, https:\/\/divespot.es\/wp-content\/uploads\/2022\/03\/Scuba-review-300x30.jpg 300w, https:\/\/divespot.es\/wp-content\/uploads\/2022\/03\/Scuba-review-768x76.jpg 768w, https:\/\/divespot.es\/wp-content\/uploads\/2022\/03\/Scuba-review-600x60.jpg 600w\" sizes=\"(max-width: 694px) 100vw, 694px\" \/><\/p>\n<p><strong>Location de mat\u00e9riel.<\/strong> De nombreux plongeurs voyagent avec leur propre \u00e9quipement de plong\u00e9e. Si vous n'avez pas cet \u00e9quipement, vous pouvez louer l'ensemble du mat\u00e9riel chez nous. Le prix comprend l'ensemble de l'\u00e9quipement.<\/p>\n<p><img decoding=\"async\" loading=\"lazy\" class=\"alignnone wp-image-1542\" src=\"https:\/\/divespot.es\/wp-content\/uploads\/2022\/03\/Equipmant-4-days.jpg\" alt=\"Renting 4 days\" width=\"555\" height=\"116\" srcset=\"https:\/\/divespot.es\/wp-content\/uploads\/2022\/03\/Equipmant-4-days.jpg 622w, https:\/\/divespot.es\/wp-content\/uploads\/2022\/03\/Equipmant-4-days-300x63.jpg 300w, https:\/\/divespot.es\/wp-content\/uploads\/2022\/03\/Equipmant-4-days-600x125.jpg 600w\" sizes=\"(max-width: 555px) 100vw, 555px\" \/><\/p>\n<p><strong>Photos et vid\u00e9os<\/strong> de votre premi\u00e8re plong\u00e9e. Si vous souhaitez que l'instructeur prenne une photo sous-marine pour vous, cochez la case : Oui, s'il vous pla\u00eet.<\/p>\n<p><img decoding=\"async\" loading=\"lazy\" class=\"alignnone wp-image-1059\" src=\"https:\/\/divespot.es\/wp-content\/uploads\/2022\/02\/foto.png\" alt=\"foto video\" width=\"408\" height=\"64\" srcset=\"https:\/\/divespot.es\/wp-content\/uploads\/2022\/02\/foto.png 675w, https:\/\/divespot.es\/wp-content\/uploads\/2022\/02\/foto-300x47.png 300w, https:\/\/divespot.es\/wp-content\/uploads\/2022\/02\/foto-600x94.png 600w\" sizes=\"(max-width: 408px) 100vw, 408px\" \/><\/p>\n<p><strong>Assurance plong\u00e9e<\/strong> est obligatoire en Espagne. Chaque plongeur doit avoir sa propre assurance individuelle. Si vous n'en avez pas, vous pouvez l'acheter chez nous.<\/p>\n<p><img decoding=\"async\" loading=\"lazy\" class=\"alignnone wp-image-1529\" src=\"https:\/\/divespot.es\/wp-content\/uploads\/2022\/03\/insurance.jpg\" alt=\"scuba insurance\" width=\"308\" height=\"243\" srcset=\"https:\/\/divespot.es\/wp-content\/uploads\/2022\/03\/insurance.jpg 376w, https:\/\/divespot.es\/wp-content\/uploads\/2022\/03\/insurance-300x236.jpg 300w\" sizes=\"(max-width: 308px) 100vw, 308px\" \/><\/p>\n<p><strong>Transfert<\/strong>. Si vous avez besoin d'un transport aller-retour depuis l'h\u00f4tel, vous pouvez le commander moyennant un suppl\u00e9ment dans deux zones touristiques diff\u00e9rentes. Si la carte ne couvre pas votre lieu de s\u00e9jour, veuillez nous contacter, il est possible d'organiser un transport individuel. <a href=\"https:\/\/divespot.es\/wp-content\/uploads\/2022\/04\/tenerife-map.jpg\" target=\"_blank\" rel=\"noopener\">TENERIFE MAP<\/a><\/p>\n<p><img decoding=\"async\" loading=\"lazy\" class=\"alignnone wp-image-1060\" src=\"https:\/\/divespot.es\/wp-content\/uploads\/2022\/02\/Transfer.png\" alt=\"Transfer info\" width=\"406\" height=\"113\" srcset=\"https:\/\/divespot.es\/wp-content\/uploads\/2022\/02\/Transfer.png 675w, https:\/\/divespot.es\/wp-content\/uploads\/2022\/02\/Transfer-300x84.png 300w, https:\/\/divespot.es\/wp-content\/uploads\/2022\/02\/Transfer-600x167.png 600w\" sizes=\"(max-width: 406px) 100vw, 406px\" \/><\/p>\n<p><strong>Date<\/strong>. S\u00e9lectionnez vos dates de plong\u00e9e pour chaque jour s\u00e9par\u00e9ment. L'heure de rendez-vous au centre de plong\u00e9e est pr\u00e9vue \u00e0 9h30. Pour les plong\u00e9es en bateau, elle peut \u00eatre modifi\u00e9e.<\/p>\n<p><img decoding=\"async\" loading=\"lazy\" class=\"alignnone wp-image-1488\" src=\"https:\/\/divespot.es\/wp-content\/uploads\/2022\/03\/data-2-257x300.jpg\" alt=\"Data \" width=\"230\" height=\"268\" srcset=\"https:\/\/divespot.es\/wp-content\/uploads\/2022\/03\/data-2-257x300.jpg 257w, https:\/\/divespot.es\/wp-content\/uploads\/2022\/03\/data-2-300x351.jpg 300w, https:\/\/divespot.es\/wp-content\/uploads\/2022\/03\/data-2.jpg 558w\" sizes=\"(max-width: 230px) 100vw, 230px\" \/><\/p>\n<p><strong>Niveau de formation<\/strong>. Veuillez indiquer ici le nom de votre organisation de plong\u00e9e et le type de licence. Ces informations sont n\u00e9cessaires pour d\u00e9terminer la profondeur maximale autoris\u00e9e.<\/p>\n<p><img decoding=\"async\" loading=\"lazy\" class=\"alignnone wp-image-1530\" src=\"https:\/\/divespot.es\/wp-content\/uploads\/2022\/03\/licence.jpg\" alt=\"Dive level\" width=\"503\" height=\"64\" srcset=\"https:\/\/divespot.es\/wp-content\/uploads\/2022\/03\/licence.jpg 762w, https:\/\/divespot.es\/wp-content\/uploads\/2022\/03\/licence-300x38.jpg 300w, https:\/\/divespot.es\/wp-content\/uploads\/2022\/03\/licence-600x76.jpg 600w\" sizes=\"(max-width: 503px) 100vw, 503px\" \/><\/p>\n<p><strong>Plong\u00e9es enregistr\u00e9es<\/strong>. Dans le premier champ, indiquez le nombre de plong\u00e9es que vous avez effectu\u00e9es jusqu'\u00e0 pr\u00e9sent. Dans le second, indiquez la date de votre derni\u00e8re plong\u00e9e : combien de mois ou d'ann\u00e9es se sont \u00e9coul\u00e9s.<\/p>\n<p><img decoding=\"async\" loading=\"lazy\" class=\"alignnone wp-image-1531\" src=\"https:\/\/divespot.es\/wp-content\/uploads\/2022\/03\/loged-dives.jpg\" alt=\"amount of dives\" width=\"544\" height=\"73\" srcset=\"https:\/\/divespot.es\/wp-content\/uploads\/2022\/03\/loged-dives.jpg 768w, https:\/\/divespot.es\/wp-content\/uploads\/2022\/03\/loged-dives-300x40.jpg 300w, https:\/\/divespot.es\/wp-content\/uploads\/2022\/03\/loged-dives-600x80.jpg 600w\" sizes=\"(max-width: 544px) 100vw, 544px\" \/><\/p>\n<h4>Paiement et panier<\/h4>\n<p>Si votre commande est pr\u00eate, appuyez sur - R\u00e9server maintenant.<br \/>\nVous serez transf\u00e9r\u00e9 vers le <a href=\"https:\/\/divespot.es\/fr\/checkout\/\">Page de paiement<\/a>.<br \/>\nSi vous souhaitez apporter des modifications \u00e0 votre r\u00e9servation, vous trouverez en haut de la page la rubrique <a href=\"https:\/\/divespot.es\/fr\/cart\/\">Panier<\/a> qui vous am\u00e8nera \u00e0 la page d'accueil de la <a href=\"https:\/\/divespot.es\/fr\/cart\/\">Page panier<\/a>. Si vous avez un coupon de r\u00e9duction pour les clients r\u00e9guliers, vous pouvez l'appliquer dans le panier et passer \u00e0 la caisse.<\/p>\n<p><strong>Page de paiement - D\u00e9tails de la facturation<\/strong>. Sur cette page, vous remplirez vos donn\u00e9es personnelles :<br \/>\nPr\u00e9nom, nom,<br \/>\nnum\u00e9ro de t\u00e9l\u00e9phone (n'oubliez pas le pr\u00e9fixe - l'indicatif de votre pays),<br \/>\nl'adresse \u00e9lectronique (pour la confirmation de la r\u00e9servation),<br \/>\nla langue que vous parlez le mieux et les autres langues dans lesquelles vous pouvez communiquer (indiqu\u00e9es sur la liste ; si vous en connaissez d'autres, \u00e9crivez-les dans les commentaires),<\/p>\n<p><strong>Point de ramassage<\/strong> (si vous commandez un service de transfert payant aupr\u00e8s de l'h\u00f4tel), indiquez le nom complet et exact de l'h\u00f4tel ainsi que la ville. Si vous s\u00e9journez dans un appartement, indiquez l'adresse exacte : rue et num\u00e9ro, ville, code postal, nom de l'immeuble et localisation sur Google si possible. <a href=\"https:\/\/divespot.es\/wp-content\/uploads\/2022\/04\/tenerife-map.jpg\" target=\"_blank\" rel=\"noopener\">Carte<\/a><\/p>\n<p><strong>Informations compl\u00e9mentaires<\/strong>. Indiquez ici toute information que vous jugez pertinente et que vous souhaitez nous communiquer.<\/p>\n<h4>Paiement.<\/h4>\n<p>Saisissez les donn\u00e9es de votre carte bancaire et payez l'acompte.<br \/>\nVous recevrez une confirmation automatique par courriel du paiement et de l'\u00e9tat d'avancement de la proc\u00e9dure.<br \/>\nEnsuite, notre assistante confirme la r\u00e9servation et vous informe des d\u00e9tails. Veuillez noter qu'il peut y avoir des changements mineurs \u00e0 votre commande ! Par exemple, l'heure de d\u00e9part ou l'heure de transfert \u00e0 l'h\u00f4tel. Les activit\u00e9s sportives sont sujettes \u00e0 des changements de derni\u00e8re minute, assurez-vous d'\u00eatre sur le t\u00e9l\u00e9phone fourni lors de la r\u00e9servation !<br \/>\nSi vous avez un probl\u00e8me avec la r\u00e9servation ou le paiement, contactez notre assistant dans le chat en ligne. Le lien se trouve dans le coin inf\u00e9rieur droit de la page. Dans le pied de page, vous trouverez d'autres options de contact.<\/p>","protected":false},"excerpt":{"rendered":"<p>Veuillez lire la description ci-dessous avant de r\u00e9server !<\/p>\n<p>Ces prix ne sont disponibles que lors de la r\u00e9servation en ligne !<\/p>","protected":false},"featured_media":2669,"template":"","meta":[],"product_cat":[30],"product_tag":[38,41,33],"aioseo_notices":[],"_links":{"self":[{"href":"https:\/\/divespot.es\/fr\/wp-json\/wp\/v2\/product\/837"}],"collection":[{"href":"https:\/\/divespot.es\/fr\/wp-json\/wp\/v2\/product"}],"about":[{"href":"https:\/\/divespot.es\/fr\/wp-json\/wp\/v2\/types\/product"}],"wp:featuredmedia":[{"embeddable":true,"href":"https:\/\/divespot.es\/fr\/wp-json\/wp\/v2\/media\/2669"}],"wp:attachment":[{"href":"https:\/\/divespot.es\/fr\/wp-json\/wp\/v2\/media?parent=837"}],"wp:term":[{"taxonomy":"product_cat","embeddable":true,"href":"https:\/\/divespot.es\/fr\/wp-json\/wp\/v2\/product_cat?post=837"},{"taxonomy":"product_tag","embeddable":true,"href":"https:\/\/divespot.es\/fr\/wp-json\/wp\/v2\/product_tag?post=837"}],"curies":[{"name":"wp","href":"https:\/\/api.w.org\/{rel}","templated":true}]}}