{"id":784,"date":"2022-03-09T18:48:17","date_gmt":"2022-03-09T18:48:17","guid":{"rendered":"https:\/\/divespot.es\/?post_type=product&#038;p=784"},"modified":"2024-08-12T14:50:49","modified_gmt":"2024-08-12T14:50:49","slug":"diving-course-for-beginner","status":"publish","type":"product","link":"https:\/\/divespot.es\/fr\/produit\/diving-course-for-beginner\/","title":{"rendered":"Cours de plong\u00e9e pour d\u00e9butants"},"content":{"rendered":"<h4>Qui peut s'inscrire \u00e0 un cours de plong\u00e9e et lequel choisir ?<\/h4>\n<p>Vous souhaitez aller sous l'eau et apprendre ce merveilleux sport ? Dans ce cas, vous remplissez les principales conditions pour commencer \u00e0 plonger ! Toute personne \u00e2g\u00e9e de plus de 10 ans peut s'inscrire \u00e0 un cours et obtenir un permis de plong\u00e9e. Parmi les programmes destin\u00e9s aux d\u00e9butants, le plus recommand\u00e9 est le programme <b>Cours Open Water Diver (OWD)<\/b>. Avec seulement <b>2-3 jours de formation<\/b>Vous serez alors pr\u00eat \u00e0 plonger en toute ind\u00e9pendance dans le domaine de la sant\u00e9. <b>18 m\u00e8tres<\/b>. Vous apprendrez les connaissances de base de la plong\u00e9e sous-marine et les comp\u00e9tences n\u00e9cessaires pour plonger en toute s\u00e9curit\u00e9. Si, pour une raison quelconque, vous ne pouvez pas vous inscrire \u00e0 ce cours, vous pouvez choisir le cours de formation \u00e0 la plong\u00e9e. <b>Cours de plong\u00e9e sous-marine<\/b> qui dure <b>un seul jour<\/b> et vous permettra de plonger jusqu'\u00e0 <b>12 m\u00e8tres<\/b>. Pour ceux qui souhaitent faire l'exp\u00e9rience de la plong\u00e9e sans obtenir de licence, nous proposons un programme appel\u00e9 <b>Essayer la plong\u00e9e<\/b>et en particulier <b>une demi-journ\u00e9e<\/b>Vous pouvez obtenir un dipl\u00f4me attestant de votre r\u00e9ussite en mati\u00e8re de plong\u00e9e.<br \/>\nEn revanche, si vous souhaitez ne pas vous arr\u00eater \u00e0 la premi\u00e8re \u00e9tape, vous devez choisir le programme d'\u00e9ducation et de formation tout au long de la vie. <b>offre promotionnelle OWD + Advanced Adventurer<\/b>\u00a0et suivre deux cours d'affil\u00e9e, en atteignant une profondeur de <b>30 m\u00e8tres<\/b> dans le deuxi\u00e8me cours.<\/p>\n<h4>Quelle est la diff\u00e9rence entre les options propos\u00e9es ?<\/h4>\n<p>En fait, vous devez choisir jusqu'o\u00f9 (ou jusqu'\u00e0 quelle profondeur dans ce cas) vous \u00eates pr\u00eat \u00e0 aller.<\/p>\n<p><img decoding=\"async\" loading=\"lazy\" class=\"alignnone wp-image-3761\" src=\"https:\/\/divespot.es\/wp-content\/uploads\/2022\/03\/table-300x38.jpg\" alt=\"\" width=\"1026\" height=\"130\" srcset=\"https:\/\/divespot.es\/wp-content\/uploads\/2022\/03\/table-300x38.jpg 300w, https:\/\/divespot.es\/wp-content\/uploads\/2022\/03\/table-1024x130.jpg 1024w, https:\/\/divespot.es\/wp-content\/uploads\/2022\/03\/table-768x97.jpg 768w, https:\/\/divespot.es\/wp-content\/uploads\/2022\/03\/table-1536x195.jpg 1536w, https:\/\/divespot.es\/wp-content\/uploads\/2022\/03\/table-18x2.jpg 18w, https:\/\/divespot.es\/wp-content\/uploads\/2022\/03\/table-600x76.jpg 600w, https:\/\/divespot.es\/wp-content\/uploads\/2022\/03\/table.jpg 2003w\" sizes=\"(max-width: 1026px) 100vw, 1026px\" \/><\/p>\n<h4>Organisation de plong\u00e9e SSI.<\/h4>\n<p>Dans notre centre de plong\u00e9e Dive Spot \u00e0 Tenerife, nous proposons des formations dispens\u00e9es par l'une des plus grandes organisations de plong\u00e9e au monde, SSI - Scuba Schools International. Les certificats d\u00e9livr\u00e9s par cette organisation sont accept\u00e9s dans le monde entier.<br \/>\n<img decoding=\"async\" loading=\"lazy\" class=\"alignnone size-medium wp-image-1478\" src=\"https:\/\/divespot.es\/wp-content\/uploads\/2022\/03\/ssi-300x71.png\" alt=\"logo ssi\" width=\"300\" height=\"71\" srcset=\"https:\/\/divespot.es\/wp-content\/uploads\/2022\/03\/ssi-300x71.png 300w, https:\/\/divespot.es\/wp-content\/uploads\/2022\/03\/ssi-1024x244.png 1024w, https:\/\/divespot.es\/wp-content\/uploads\/2022\/03\/ssi-768x183.png 768w, https:\/\/divespot.es\/wp-content\/uploads\/2022\/03\/ssi-1536x365.png 1536w, https:\/\/divespot.es\/wp-content\/uploads\/2022\/03\/ssi-2048x487.png 2048w, https:\/\/divespot.es\/wp-content\/uploads\/2022\/03\/ssi-600x143.png 600w\" sizes=\"(max-width: 300px) 100vw, 300px\" \/><\/p>\n<h4><\/h4>\n<h4>E-Learning - Votre formation en ligne<\/h4>\n<p>Ne perdez pas de temps ! Dans notre centre de plong\u00e9e, vous pouvez suivre une formation en ligne pour tous les niveaux. Vous pouvez le faire \u00e0 n'importe quel moment, m\u00eame le soir, chez vous. Apr\u00e8s avoir r\u00e9serv\u00e9, vous recevrez un acc\u00e8s \u00e0 l'apprentissage en ligne de notre part. Vous n'aurez qu'\u00e0 effectuer des exercices sous l'eau et des plong\u00e9es lorsque vous viendrez nous voir.<\/p>\n<h4>Vous avez encore des doutes ? Pourquoi r\u00e9server un cours de plong\u00e9e avec Dive Spot ?<\/h4>\n<ul>\n<li>Quel que soit le programme de cours de plong\u00e9e \u00e0 Tenerife que vous choisissez, vous b\u00e9n\u00e9ficiez d'une attention personnalis\u00e9e de la part de notre \u00e9quipe professionnelle.<\/li>\n<li>Pour gagner du temps, les cours th\u00e9oriques sont dispens\u00e9s par le biais de l'apprentissage en ligne.<\/li>\n<li>Vous plongerez dans <a href=\"https:\/\/divespot.es\/en\/article-2\/\">Ray Bay<\/a>L'un des sites de plong\u00e9e les plus spectaculaires de Tenerife.<\/li>\n<li>Vous ferez partie d'une grande communaut\u00e9 de plongeurs qui vous offrira de nombreux amis dans le monde entier.<\/li>\n<li>Nous vous emm\u00e8nerons dans une aventure sous-marine pleine d'adr\u00e9naline et de divertissement.<\/li>\n<\/ul>\n<h4>Comment faire une r\u00e9servation<\/h4>\n<p>Avant de commencer, veuillez lire notre <a href=\"https:\/\/divespot.es\/fr\/terms-and-conditions\/\" target=\"_blank\" rel=\"noopener\">Conditions g\u00e9n\u00e9rales d'utilisation<\/a>, <a href=\"https:\/\/divespot.es\/fr\/privacy-policy\/\" target=\"_blank\" rel=\"noopener\">Politique de confidentialit\u00e9<\/a> et <a href=\"https:\/\/divespot.es\/fr\/cancelling-and-refunding-policy\/\" target=\"_blank\" rel=\"noopener\">Politique d'annulation et de remboursement<\/a>. Pour effectuer une r\u00e9servation, vous aurez besoin d'une carte bancaire pour verser un petit acompte. Si vous n'avez pas de carte bancaire ou si vous avez des probl\u00e8mes avec le paiement en ligne, veuillez <a href=\"https:\/\/divespot.es\/fr\/contact\/\">nous contacter<\/a>et nous trouverons un autre mode de paiement. N'oubliez pas que les prix promotionnels ne sont valables que pour les r\u00e9servations en ligne effectu\u00e9es au moins un jour avant la plong\u00e9e.<\/p>\n<p>Vous trouverez les questions et r\u00e9ponses les plus courantes sur <a href=\"https:\/\/divespot.es\/fr\/questions-answers\/\">notre page Q&amp;R<\/a>Vous pouvez \u00e9galement demander plus d'informations \u00e0 l'adresse suivante <a href=\"https:\/\/divespot.es\/fr\/contact\/\">notre page de contact<\/a>.<\/p>\n<h6>Lisez les conseils et explications qui suivent :<\/h6>\n<p>La fen\u00eatre de r\u00e9servation se trouve en haut \u00e0 droite de cette page.<br \/>\n<b>S\u00e9lectionner le cours de plong\u00e9e<\/b> que vous voulez faire. Entrez le nombre de participants pour l'option appropri\u00e9e.<\/p>\n<p><img decoding=\"async\" loading=\"lazy\" class=\"alignnone wp-image-3779\" src=\"https:\/\/divespot.es\/wp-content\/uploads\/2022\/03\/dcfb-300x149.png\" alt=\"\" width=\"489\" height=\"243\" srcset=\"https:\/\/divespot.es\/wp-content\/uploads\/2022\/03\/dcfb-300x149.png 300w, https:\/\/divespot.es\/wp-content\/uploads\/2022\/03\/dcfb-1024x510.png 1024w, https:\/\/divespot.es\/wp-content\/uploads\/2022\/03\/dcfb-768x383.png 768w, https:\/\/divespot.es\/wp-content\/uploads\/2022\/03\/dcfb-18x9.png 18w, https:\/\/divespot.es\/wp-content\/uploads\/2022\/03\/dcfb-600x299.png 600w, https:\/\/divespot.es\/wp-content\/uploads\/2022\/03\/dcfb.png 1028w\" sizes=\"(max-width: 489px) 100vw, 489px\" \/><\/p>\n<p><b>Options suppl\u00e9mentaires<\/b>. Cochez les options suppl\u00e9mentaires que vous souhaitez ajouter \u00e0 votre commande.<\/p>\n<p><b>Photos et vid\u00e9os<\/b> de votre premi\u00e8re plong\u00e9e. Si vous souhaitez que l'instructeur fasse une s\u00e9ance de photos sous-marines pour vous, s\u00e9lectionnez \"Oui, s'il vous pla\u00eet\".<\/p>\n<p><img decoding=\"async\" loading=\"lazy\" class=\"alignnone size-medium wp-image-3751\" src=\"https:\/\/divespot.es\/wp-content\/uploads\/2022\/02\/photo-300x87.png\" alt=\"\" width=\"300\" height=\"87\" srcset=\"https:\/\/divespot.es\/wp-content\/uploads\/2022\/02\/photo-300x87.png 300w, https:\/\/divespot.es\/wp-content\/uploads\/2022\/02\/photo-18x5.png 18w, https:\/\/divespot.es\/wp-content\/uploads\/2022\/02\/photo.png 530w\" sizes=\"(max-width: 300px) 100vw, 300px\" \/><\/p>\n<p><b>Transfert<\/b>. Si vous avez besoin d'un transport aller-retour depuis votre h\u00f4tel, vous pouvez le commander moyennant un suppl\u00e9ment dans deux zones touristiques diff\u00e9rentes. Si votre lieu de s\u00e9jour ne figure pas sur la carte, veuillez nous contacter. Nous pouvons organiser un transport individuel pour vous. <a href=\"https:\/\/divespot.es\/wp-content\/uploads\/2022\/04\/tenerife-map.jpg\" target=\"_blank\" rel=\"noopener\">Vous pouvez consulter la carte des zones de transport ici.<\/a><br \/>\n<img decoding=\"async\" loading=\"lazy\" class=\"alignnone wp-image-1060\" src=\"https:\/\/divespot.es\/wp-content\/uploads\/2022\/02\/Transfer.png\" alt=\"Transfer info\" width=\"406\" height=\"113\" srcset=\"https:\/\/divespot.es\/wp-content\/uploads\/2022\/02\/Transfer.png 675w, https:\/\/divespot.es\/wp-content\/uploads\/2022\/02\/Transfer-300x84.png 300w, https:\/\/divespot.es\/wp-content\/uploads\/2022\/02\/Transfer-600x167.png 600w\" sizes=\"(max-width: 406px) 100vw, 406px\" \/><\/p>\n<p><b>Date<\/b>. S\u00e9lectionnez la date de votre plong\u00e9e. Nous nous r\u00e9servons le droit de modifier l'heure pour une meilleure organisation de notre travail dans le centre de plong\u00e9e. Notre assistante vous confirmera votre r\u00e9servation avec des informations d\u00e9taill\u00e9es.<br \/>\n<img decoding=\"async\" loading=\"lazy\" class=\"alignnone wp-image-1488\" src=\"https:\/\/divespot.es\/wp-content\/uploads\/2022\/03\/data-2-257x300.jpg\" alt=\"Data \" width=\"230\" height=\"268\" srcset=\"https:\/\/divespot.es\/wp-content\/uploads\/2022\/03\/data-2-257x300.jpg 257w, https:\/\/divespot.es\/wp-content\/uploads\/2022\/03\/data-2-300x351.jpg 300w, https:\/\/divespot.es\/wp-content\/uploads\/2022\/03\/data-2.jpg 558w\" sizes=\"(max-width: 230px) 100vw, 230px\" \/><\/p>\n<h4>Paiement et panier<\/h4>\n<p>Si votre commande est pr\u00eate, appuyez sur \"R\u00e9server maintenant\". Vous serez transf\u00e9r\u00e9 vers la page <a href=\"https:\/\/divespot.es\/fr\/checkout\/\">Page de paiement<\/a>.<br \/>\nSi vous souhaitez apporter des modifications \u00e0 votre r\u00e9servation, vous trouverez la page <a href=\"https:\/\/divespot.es\/fr\/cart\/\">Panier<\/a> qui se trouve en haut de la page, ce qui vous am\u00e8nera \u00e0 votre <a href=\"https:\/\/divespot.es\/fr\/cart\/\">Chariot<\/a>. Si vous avez un coupon de r\u00e9duction pour les clients r\u00e9guliers, vous pouvez l'appliquer dans le panier et passer \u00e0 la caisse.<br \/>\n<b>Page de paiement - D\u00e9tails de la facturation<\/b>. Sur cette page, vous remplirez vos donn\u00e9es personnelles : pr\u00e9nom, nom, num\u00e9ro de t\u00e9l\u00e9phone (n'oubliez pas le pr\u00e9fixe, qui est le code de votre pays), adresse \u00e9lectronique (pour la confirmation de la r\u00e9servation), la langue que vous parlez le mieux et les autres langues dans lesquelles vous pouvez communiquer (choisissez dans la liste ; si vous en connaissez d'autres, \u00e9crivez-les dans les commentaires).<\/p>\n<p><b>Point de ramassage<\/b>. Si vous avez command\u00e9 un service de transfert payant aupr\u00e8s de l'h\u00f4tel, veuillez indiquer le nom complet exact de l'h\u00f4tel, y compris la ville. Si vous s\u00e9journez dans un appartement, indiquez l'adresse exacte : rue et num\u00e9ro, ville, code postal, nom de l'immeuble et localisation sur Google, si possible.<\/p>\n<p><b>Informations compl\u00e9mentaires<\/b>. Inscrivez dans cette section toute information pertinente que vous souhaitez nous communiquer.<\/p>\n<h4>Paiement.<\/h4>\n<p>Saisissez les d\u00e9tails de votre carte bancaire et payez l'acompte. Vous recevrez une confirmation automatique de votre paiement et de l'\u00e9tat de la proc\u00e9dure en cours.<br \/>\nEnsuite, notre assistant confirmera la r\u00e9servation et vous informera des d\u00e9tails. Veuillez noter que <b>des modifications mineures peuvent \u00eatre apport\u00e9es \u00e0 votre commande<\/b>comme l'heure de d\u00e9part ou l'heure de prise en charge \u00e0 l'h\u00f4tel. Les activit\u00e9s sportives peuvent faire l'objet de changements de derni\u00e8re minute. <b>gardez votre t\u00e9l\u00e9phone \u00e0 port\u00e9e de main<\/b> au cas o\u00f9 nous aurions besoin de vous contacter. Si vous avez des probl\u00e8mes avec la r\u00e9servation ou le paiement, veuillez <a href=\"https:\/\/divespot.es\/fr\/contact\/\">nous contacter<\/a>.<\/p>","protected":false},"excerpt":{"rendered":"<p>Veuillez lire la description ci-dessous avant de r\u00e9server !<\/p>\n<p>Ces prix ne sont disponibles que lors de la r\u00e9servation en ligne !<\/p>\n<p><a href=\"https:\/\/divespot.es\/wp-content\/uploads\/2022\/04\/tenerife-map.jpg\">CARTE DES ZONES DE TRANSPORT<\/a><\/p>\n<p style=\"text-align: center;\"><span style=\"color: #000000;\"><strong>-10% Discount online<\/strong><\/span><\/p>","protected":false},"featured_media":2676,"template":"","meta":[],"product_cat":[27],"product_tag":[34,35,33],"aioseo_notices":[],"_links":{"self":[{"href":"https:\/\/divespot.es\/fr\/wp-json\/wp\/v2\/product\/784"}],"collection":[{"href":"https:\/\/divespot.es\/fr\/wp-json\/wp\/v2\/product"}],"about":[{"href":"https:\/\/divespot.es\/fr\/wp-json\/wp\/v2\/types\/product"}],"wp:featuredmedia":[{"embeddable":true,"href":"https:\/\/divespot.es\/fr\/wp-json\/wp\/v2\/media\/2676"}],"wp:attachment":[{"href":"https:\/\/divespot.es\/fr\/wp-json\/wp\/v2\/media?parent=784"}],"wp:term":[{"taxonomy":"product_cat","embeddable":true,"href":"https:\/\/divespot.es\/fr\/wp-json\/wp\/v2\/product_cat?post=784"},{"taxonomy":"product_tag","embeddable":true,"href":"https:\/\/divespot.es\/fr\/wp-json\/wp\/v2\/product_tag?post=784"}],"curies":[{"name":"wp","href":"https:\/\/api.w.org\/{rel}","templated":true}]}}