{"id":477,"date":"2022-02-23T10:27:46","date_gmt":"2022-02-23T10:27:46","guid":{"rendered":"https:\/\/divespot.es\/?post_type=product&#038;p=477"},"modified":"2024-08-08T16:05:19","modified_gmt":"2024-08-08T16:05:19","slug":"trial-dive-for-beginner","status":"publish","type":"product","link":"https:\/\/divespot.es\/fr\/produit\/trial-dive-for-beginner\/","title":{"rendered":"Plong\u00e9e d'essai - Pour les d\u00e9butants"},"content":{"rendered":"<h4>Qu'est-ce qu'un programme de plong\u00e9e d'essai et pour qui est-il propos\u00e9 ?<\/h4>\n<p>A <strong>Plong\u00e9e d'essai<\/strong> \u00e0 la <em>Centre de plong\u00e9e Dive Spot<\/em> est un programme de plong\u00e9e avec aqualung (\u00e9quipement pour respirer sous l'eau) pour les personnes qui n'ont pas de licence de plong\u00e9e. Ce programme est \u00e9galement connu sous le nom de : <em>Introduction \u00e0 la plong\u00e9e, Intro Diving, Basic Diver, Try Scuba Diving etc.<\/em><br \/>\nLa profondeur moyenne d'une telle plong\u00e9e est de 6 \u00e0 8 m\u00e8tres. Nous voyons le r\u00e9cif volcanique local riche en vie sous-marine. De nombreuses esp\u00e8ces de poissons, de crabes, de pieuvres et de raies.<\/p>\n<h4>Qu'est-ce qui distingue la plong\u00e9e d'essai dans notre centre de plong\u00e9e et pourquoi est-elle la meilleure ?<\/h4>\n<p>Pour le confort de nos clients au Dive Spot, les plong\u00e9es d'essai sont organis\u00e9es en groupes de 1 \u00e0 2 personnes, avec un instructeur, et vous pouvez choisir de plonger depuis le rivage ou depuis la glace. Nous utilisons du mat\u00e9riel neuf et fiable.<\/p>\n<h4>Comment se pr\u00e9parer et quelles sont les exigences ?<\/h4>\n<p>Il n'est pas n\u00e9cessaire d'avoir une exp\u00e9rience pr\u00e9alable ni de savoir nager ! Il suffit d'avoir 8 ans et de ne pas avoir peur de se mouiller. Il suffit d'apporter un maillot de bain et une serviette, nous nous chargeons du reste.<\/p>\n<h4>Comment faire une r\u00e9servation ?<\/h4>\n<p>Avant de commencer, veuillez lire notre <a href=\"https:\/\/divespot.es\/fr\/terms-and-conditions\/\">Conditions g\u00e9n\u00e9rales d'utilisation<\/a>, <a href=\"https:\/\/divespot.es\/fr\/privacy-policy\/\">Politique de confidentialit\u00e9<\/a> et <a href=\"https:\/\/divespot.es\/fr\/cancelling-and-refunding-policy\/\">Politique d'annulation et de remboursement<\/a>. Pour effectuer une r\u00e9servation, vous aurez besoin d'une carte bancaire pour payer un petit acompte. Si vous n'avez pas de carte bancaire ou si vous avez des probl\u00e8mes avec le paiement en ligne, veuillez <a href=\"https:\/\/divespot.es\/fr\/contact\/\">nous contacter<\/a> et nous trouverons un autre mode de paiement. N'oubliez pas que les prix promotionnels ne sont valables que pour les r\u00e9servations en ligne effectu\u00e9es au moins un jour avant la plong\u00e9e.<\/p>\n<p>Les questions et r\u00e9ponses les plus courantes peuvent \u00eatre trouv\u00e9es <a href=\"https:\/\/divespot.es\/fr\/questions-answers\/\">ICI<\/a>.<\/p>\n<h4>Lisez les conseils et explications qui suivent :<\/h4>\n<p>La fen\u00eatre de r\u00e9servation se trouve en haut \u00e0 droite de cette page.<\/p>\n<p><strong>Choisissez la dur\u00e9e de votre plong\u00e9e<\/strong> 20 ou 40 minutes et <strong>le type de plong\u00e9e<\/strong> depuis la c\u00f4te ou depuis un bateau. Le temps du plaisir passe tr\u00e8s vite, c'est pourquoi nous avons cr\u00e9\u00e9 l'option de plong\u00e9e de 40 minutes pour que vous ayez plus de temps pour vous amuser. Entrez le nombre de participants pour l'option appropri\u00e9e.<\/p>\n<p><img decoding=\"async\" loading=\"lazy\" class=\"alignnone size-medium wp-image-3750\" src=\"https:\/\/divespot.es\/wp-content\/uploads\/2022\/02\/trial-300x249.png\" alt=\"\" width=\"300\" height=\"249\" srcset=\"https:\/\/divespot.es\/wp-content\/uploads\/2022\/02\/trial-300x249.png 300w, https:\/\/divespot.es\/wp-content\/uploads\/2022\/02\/trial-14x12.png 14w, https:\/\/divespot.es\/wp-content\/uploads\/2022\/02\/trial-600x498.png 600w, https:\/\/divespot.es\/wp-content\/uploads\/2022\/02\/trial.png 656w\" sizes=\"(max-width: 300px) 100vw, 300px\" \/><\/p>\n<p><strong>Options suppl\u00e9mentaires<\/strong>. Cochez les options suppl\u00e9mentaires que vous souhaitez ajouter \u00e0 votre commande.<br \/>\n<strong>Photos et vid\u00e9os<\/strong> de votre premi\u00e8re plong\u00e9e. Si vous souhaitez que l'instructeur prenne une photo sous-marine pour vous, cochez la case : Oui, s'il vous pla\u00eet.<\/p>\n<p><img decoding=\"async\" loading=\"lazy\" class=\"alignnone size-medium wp-image-3751\" src=\"https:\/\/divespot.es\/wp-content\/uploads\/2022\/02\/photo-300x87.png\" alt=\"\" width=\"300\" height=\"87\" srcset=\"https:\/\/divespot.es\/wp-content\/uploads\/2022\/02\/photo-300x87.png 300w, https:\/\/divespot.es\/wp-content\/uploads\/2022\/02\/photo-18x5.png 18w, https:\/\/divespot.es\/wp-content\/uploads\/2022\/02\/photo.png 530w\" sizes=\"(max-width: 300px) 100vw, 300px\" \/><\/p>\n<p><strong>Transfert<\/strong>. Si vous avez besoin d'un transport aller-retour depuis l'h\u00f4tel, vous pouvez le commander moyennant un suppl\u00e9ment dans deux zones touristiques diff\u00e9rentes. Si la carte ne couvre pas votre lieu de s\u00e9jour, veuillez nous contacter, il est possible d'organiser un transport individuel. <a href=\"https:\/\/divespot.es\/wp-content\/uploads\/2022\/04\/tenerife-map.jpg\" target=\"_blank\" rel=\"noopener\">TENERIFE MAP<\/a><\/p>\n<p><img decoding=\"async\" loading=\"lazy\" class=\"alignnone wp-image-1060\" src=\"https:\/\/divespot.es\/wp-content\/uploads\/2022\/02\/Transfer.png\" alt=\"Transfer info\" width=\"400\" height=\"111\" srcset=\"https:\/\/divespot.es\/wp-content\/uploads\/2022\/02\/Transfer.png 675w, https:\/\/divespot.es\/wp-content\/uploads\/2022\/02\/Transfer-300x84.png 300w, https:\/\/divespot.es\/wp-content\/uploads\/2022\/02\/Transfer-600x167.png 600w\" sizes=\"(max-width: 400px) 100vw, 400px\" \/><\/p>\n<p><strong>Date<\/strong>. S\u00e9lectionnez la date de votre plong\u00e9e. S\u00e9lectionnez une heure de d\u00e9part disponible. Nous nous r\u00e9servons le droit de modifier l'heure pour une meilleure organisation de notre travail dans le centre de plong\u00e9e. Notre assistant confirmera votre r\u00e9servation avec des informations d\u00e9taill\u00e9es.<\/p>\n<p><img decoding=\"async\" loading=\"lazy\" class=\"alignnone wp-image-1488\" src=\"https:\/\/divespot.es\/wp-content\/uploads\/2022\/03\/data-2-257x300.jpg\" alt=\"Data\" width=\"234\" height=\"273\" srcset=\"https:\/\/divespot.es\/wp-content\/uploads\/2022\/03\/data-2-257x300.jpg 257w, https:\/\/divespot.es\/wp-content\/uploads\/2022\/03\/data-2-300x351.jpg 300w, https:\/\/divespot.es\/wp-content\/uploads\/2022\/03\/data-2.jpg 558w\" sizes=\"(max-width: 234px) 100vw, 234px\" \/>\u00a0 \u00a0 \u00a0 \u00a0 \u00a0 \u00a0 \u00a0 \u00a0 \u00a0 \u00a0 \u00a0 \u00a0 <img decoding=\"async\" loading=\"lazy\" class=\"alignnone wp-image-1063\" src=\"https:\/\/divespot.es\/wp-content\/uploads\/2022\/02\/Start-time.png\" alt=\"Time\" width=\"354\" height=\"159\" srcset=\"https:\/\/divespot.es\/wp-content\/uploads\/2022\/02\/Start-time.png 675w, https:\/\/divespot.es\/wp-content\/uploads\/2022\/02\/Start-time-300x135.png 300w, https:\/\/divespot.es\/wp-content\/uploads\/2022\/02\/Start-time-600x270.png 600w\" sizes=\"(max-width: 354px) 100vw, 354px\" \/><\/p>\n<h4>Paiement et panier<\/h4>\n<p>Si votre commande est pr\u00eate, appuyez sur - R\u00e9server maintenant.<br \/>\nVous serez transf\u00e9r\u00e9 vers le <a href=\"https:\/\/divespot.es\/fr\/checkout\/\">Page de paiement<\/a>.<br \/>\nSi vous souhaitez apporter des modifications \u00e0 votre r\u00e9servation, vous trouverez en haut de la page la rubrique <a href=\"https:\/\/divespot.es\/fr\/cart\/\">Panier<\/a> qui vous am\u00e8nera \u00e0 la page d'accueil de la <a href=\"https:\/\/divespot.es\/fr\/cart\/\">Page panier<\/a>. Si vous avez un coupon de r\u00e9duction pour les clients r\u00e9guliers, vous pouvez l'appliquer dans le panier et passer \u00e0 la caisse.<\/p>\n<p><strong>Page de paiement - D\u00e9tails de la facturation<\/strong>. Sur cette page, vous remplirez vos donn\u00e9es personnelles :<br \/>\nPr\u00e9nom, nom de famille,<br \/>\nnum\u00e9ro de t\u00e9l\u00e9phone (n'oubliez pas le pr\u00e9fixe - l'indicatif de votre pays),<br \/>\nl'adresse \u00e9lectronique (pour la confirmation de la r\u00e9servation),<br \/>\nla langue que vous parlez le mieux et les autres langues dans lesquelles vous pouvez communiquer (indiqu\u00e9es sur la liste, si vous en connaissez d'autres, \u00e9crivez dans les commentaires),<\/p>\n<p><strong>Point de ramassage<\/strong> (si vous commandez un service de transfert payant aupr\u00e8s de l'h\u00f4tel) indiquez le nom complet exact de l'h\u00f4tel ainsi que la ville. Si vous s\u00e9journez dans un appartement, indiquez l'adresse exacte : rue et num\u00e9ro, ville, code postal, nom de l'immeuble et localisation sur Google si possible. <a href=\"https:\/\/divespot.es\/wp-content\/uploads\/2022\/04\/tenerife-map.jpg\" target=\"_blank\" rel=\"noopener\">Carte<\/a><\/p>\n<p><strong>Informations compl\u00e9mentaires<\/strong>. Inscrivez ici les informations que vous jugez pertinentes et que vous souhaitez nous communiquer.<\/p>\n<h4>Paiement.<\/h4>\n<p>Saisissez les donn\u00e9es de votre carte bancaire et payez l'acompte.<br \/>\nVous recevrez une confirmation automatique par courriel du paiement et de l'\u00e9tat d'avancement de la proc\u00e9dure.<br \/>\nEnsuite, notre assistante confirme la r\u00e9servation et vous informe des d\u00e9tails. Veuillez noter qu'il peut y avoir des changements mineurs \u00e0 votre commande ! Par exemple, l'heure de d\u00e9part ou l'heure de transfert \u00e0 l'h\u00f4tel. Les activit\u00e9s sportives sont sujettes \u00e0 des changements de derni\u00e8re minute, assurez-vous d'\u00eatre sur le t\u00e9l\u00e9phone fourni lors de la r\u00e9servation !<br \/>\nSi vous avez un probl\u00e8me avec la r\u00e9servation ou le paiement, contactez notre assistant dans le chat en ligne. Le lien se trouve dans le coin inf\u00e9rieur droit de la page. Dans le pied de page, vous trouverez d'autres options de contact.<\/p>\n<p>&nbsp;<\/p>","protected":false},"excerpt":{"rendered":"<p>Veuillez lire la description ci-dessous avant de r\u00e9server !<br \/>\nCes prix ne sont disponibles que lors de la r\u00e9servation en ligne !<\/p>\n<p><a href=\"https:\/\/divespot.es\/wp-content\/uploads\/2022\/04\/tenerife-map.jpg\">CARTE DES ZONES DE TRANSPORT<\/a><\/p>\n<p style=\"text-align: center;\"><strong>-10% discount online<\/strong><\/p>","protected":false},"featured_media":2677,"template":"","meta":[],"product_cat":[29],"product_tag":[34,35,37,56,54,57,36],"aioseo_notices":[],"_links":{"self":[{"href":"https:\/\/divespot.es\/fr\/wp-json\/wp\/v2\/product\/477"}],"collection":[{"href":"https:\/\/divespot.es\/fr\/wp-json\/wp\/v2\/product"}],"about":[{"href":"https:\/\/divespot.es\/fr\/wp-json\/wp\/v2\/types\/product"}],"wp:featuredmedia":[{"embeddable":true,"href":"https:\/\/divespot.es\/fr\/wp-json\/wp\/v2\/media\/2677"}],"wp:attachment":[{"href":"https:\/\/divespot.es\/fr\/wp-json\/wp\/v2\/media?parent=477"}],"wp:term":[{"taxonomy":"product_cat","embeddable":true,"href":"https:\/\/divespot.es\/fr\/wp-json\/wp\/v2\/product_cat?post=477"},{"taxonomy":"product_tag","embeddable":true,"href":"https:\/\/divespot.es\/fr\/wp-json\/wp\/v2\/product_tag?post=477"}],"curies":[{"name":"wp","href":"https:\/\/api.w.org\/{rel}","templated":true}]}}