{"id":1015,"date":"2022-03-13T15:10:52","date_gmt":"2022-03-13T15:10:52","guid":{"rendered":"https:\/\/divespot.es\/?post_type=product&#038;p=1015"},"modified":"2025-07-02T10:45:14","modified_gmt":"2025-07-02T10:45:14","slug":"snorkeling-in-ray-bay","status":"publish","type":"product","link":"https:\/\/divespot.es\/fr\/produit\/snorkeling-in-ray-bay\/","title":{"rendered":"Plong\u00e9e en apn\u00e9e \u00e0 Rays Bay"},"content":{"rendered":"<h4>Pourquoi choisir le snorkeling \u00e0 Rays Bay ?<\/h4>\n<p>Rays Bay est un joyau cach\u00e9 de Tenerife, connu pour sa vie marine vibrante et ses eaux cristallines. Le site de plong\u00e9e se caract\u00e9rise par un r\u00e9cif volcanique riche en vie sous-marine, dont les plus caract\u00e9ristiques sont les diff\u00e9rentes esp\u00e8ces de raies. Si vous \u00eates \u00e0 la recherche d'une exp\u00e9rience inoubliable de plong\u00e9e avec masque et tuba, ne cherchez pas plus loin.<\/p>\n<p>\u00c0 Dive Spot, nous proposons des excursions guid\u00e9es de plong\u00e9e avec tuba \u00e0 Rays Bay, encadr\u00e9es par des instructeurs exp\u00e9riment\u00e9s et comp\u00e9tents. Avec nos excursions, vous aurez l'occasion d'explorer le monde sous-marin et de voir de pr\u00e8s la beaut\u00e9 de la vie marine. Nos instructeurs vous conduiront aux meilleurs endroits de la baie, o\u00f9 vous pourrez observer des bancs de poissons color\u00e9s, des tortues de mer et d'autres animaux marins dans leur habitat naturel.<\/p>\n<p>Tout l'\u00e9quipement de plong\u00e9e avec tuba est fourni, ce qui vous permet de vous concentrer sur le plaisir de l'exp\u00e9rience. Que vous soyez d\u00e9butant ou exp\u00e9riment\u00e9, nos instructeurs veilleront \u00e0 ce que vous viviez une exp\u00e9rience s\u00fbre et agr\u00e9able.<\/p>\n<p>Gr\u00e2ce \u00e0 nos instructeurs exp\u00e9riment\u00e9s, \u00e0 notre \u00e9quipement de haute qualit\u00e9 et \u00e0 notre engagement en mati\u00e8re de s\u00e9curit\u00e9, nous vous ferons vivre une exp\u00e9rience de plong\u00e9e avec tuba vraiment inoubliable. R\u00e9servez votre excursion d\u00e8s aujourd'hui et plongez dans la beaut\u00e9 du monde sous-marin de Tenerife.<\/p>\n<h4>Explication des paquets de services<\/h4>\n<h6>Plong\u00e9e en apn\u00e9e<\/h6>\n<p>Il s'agit de la formule standard de plong\u00e9e avec tuba, pour ceux qui recherchent une aventure sous-marine amusante et passionnante. Avec ce forfait, vous aurez l'occasion d'explorer la vie marine vibrante de Rays Bay avec les conseils d'un instructeur professionnel. Un minimum de 2 personnes est requis pour effectuer la r\u00e9servation.<\/p>\n<h6>Kayak et plong\u00e9e en apn\u00e9e<\/h6>\n<p>Le forfait kayak et plong\u00e9e en apn\u00e9e de Dive Spot est la combinaison ultime de deux activit\u00e9s extraordinaires. Ce forfait comprend une excursion guid\u00e9e en kayak le long de la magnifique c\u00f4te de T\u00e9n\u00e9rife, ainsi qu'une courte exp\u00e9rience de plong\u00e9e en apn\u00e9e au milieu de l'excursion. Notre guide professionnel vous conduira vers certains des meilleurs sites de plong\u00e9e avec tuba, o\u00f9 vous aurez l'occasion d'explorer les eaux cristallines et d'observer l'abondante vie marine.<\/p>\n<p>Ce forfait est parfait pour ceux qui veulent faire l'exp\u00e9rience du kayak et de la plong\u00e9e en apn\u00e9e en une seule aventure. Pendant la partie kayak, vous aurez l'occasion de pagayer le long de la c\u00f4te accident\u00e9e de l'\u00eele et d'admirer le paysage \u00e0 couper le souffle. La partie plong\u00e9e avec masque et tuba vous permettra de vous immerger dans le monde sous-marin et d'admirer de pr\u00e8s la beaut\u00e9 de la faune et de la flore marines.<\/p>\n<h6>Plong\u00e9es d'essai<\/h6>\n<p>Ce forfait est parfait pour ceux qui ont toujours voulu essayer la plong\u00e9e sous-marine, mais qui n'en ont jamais eu l'occasion. Avec nos forfaits de plong\u00e9e d'essai, vous aurez l'occasion d'explorer le monde sous-marin de Rays Bay avec un instructeur de plong\u00e9e professionnel \u00e0 vos c\u00f4t\u00e9s.<\/p>\n<p>Nos instructeurs sont exp\u00e9riment\u00e9s et comp\u00e9tents, et ils vous fourniront tout l'\u00e9quipement et la formation n\u00e9cessaires. Vous commencerez par une br\u00e8ve le\u00e7on sur les bases de la plong\u00e9e sous-marine, notamment sur la mani\u00e8re d'utiliser l'\u00e9quipement et de communiquer sous l'eau. Vous serez ensuite pr\u00eat \u00e0 vous jeter \u00e0 l'eau et \u00e0 d\u00e9couvrir les joies de la plong\u00e9e \u00e0 Rays Bay.<\/p>\n<p>R\u00e9servez d\u00e8s aujourd'hui votre forfait de plong\u00e9e d'essai avec Dive Spot et faites le premier pas vers une vie d'aventures sous-marines !<\/p>","protected":false},"excerpt":{"rendered":"<p>Veuillez lire la description ci-dessous avant de r\u00e9server !<\/p>\n<p>Ces prix ne sont disponibles que lors de la r\u00e9servation en ligne !<\/p>","protected":false},"featured_media":2681,"template":"","meta":[],"product_cat":[31],"product_tag":[172,57],"aioseo_notices":[],"_links":{"self":[{"href":"https:\/\/divespot.es\/fr\/wp-json\/wp\/v2\/product\/1015"}],"collection":[{"href":"https:\/\/divespot.es\/fr\/wp-json\/wp\/v2\/product"}],"about":[{"href":"https:\/\/divespot.es\/fr\/wp-json\/wp\/v2\/types\/product"}],"wp:featuredmedia":[{"embeddable":true,"href":"https:\/\/divespot.es\/fr\/wp-json\/wp\/v2\/media\/2681"}],"wp:attachment":[{"href":"https:\/\/divespot.es\/fr\/wp-json\/wp\/v2\/media?parent=1015"}],"wp:term":[{"taxonomy":"product_cat","embeddable":true,"href":"https:\/\/divespot.es\/fr\/wp-json\/wp\/v2\/product_cat?post=1015"},{"taxonomy":"product_tag","embeddable":true,"href":"https:\/\/divespot.es\/fr\/wp-json\/wp\/v2\/product_tag?post=1015"}],"curies":[{"name":"wp","href":"https:\/\/api.w.org\/{rel}","templated":true}]}}