{"id":1002,"date":"2022-03-13T12:06:03","date_gmt":"2022-03-13T12:06:03","guid":{"rendered":"https:\/\/divespot.es\/?post_type=product&#038;p=1002"},"modified":"2023-03-17T17:14:28","modified_gmt":"2023-03-17T17:14:28","slug":"kayaking","status":"publish","type":"product","link":"https:\/\/divespot.es\/fr\/produit\/kayaking\/","title":{"rendered":"Kayak"},"content":{"rendered":"<h4>Pourquoi choisir le kayak avec nous ?<\/h4>\n<p>Dive Spot est votre partenaire d'aventure par excellence \u00e0 T\u00e9n\u00e9rife. Nos excursions guid\u00e9es en kayak sont con\u00e7ues pour vous offrir une exp\u00e9rience inoubliable et vous permettre de profiter au maximum de votre s\u00e9jour sur l'\u00eele. Nos guides professionnels sont des experts en kayak et ont un amour profond et une passion pour ce sport. Gr\u00e2ce \u00e0 leurs connaissances et \u00e0 leur exp\u00e9rience, ils vous emm\u00e8neront dans les endroits les plus \u00e9poustouflants, loin des zones touristiques bond\u00e9es, afin que vous puissiez vous immerger totalement dans la beaut\u00e9 de Tenerife, faisant de votre voyage en kayak une aventure enrichissante.<\/p>\n<p>Nous utilisons du mat\u00e9riel de haute qualit\u00e9 et veillons \u00e0 ce que toutes nos excursions soient adapt\u00e9es \u00e0 votre niveau d'exp\u00e9rience. Que vous soyez d\u00e9butant ou exp\u00e9riment\u00e9, vous vous sentirez \u00e0 l'aise et en s\u00e9curit\u00e9 pendant votre voyage. Nos guides vous fourniront toute la formation n\u00e9cessaire et seront \u00e0 votre disposition pour vous aider tout au long de l'excursion, afin que vous viviez une exp\u00e9rience m\u00e9morable et agr\u00e9able.<\/p>\n<p>Si vous cherchez une fa\u00e7on unique et passionnante de d\u00e9couvrir T\u00e9n\u00e9rife, r\u00e9servez d\u00e8s aujourd'hui votre excursion en kayak avec Dive Spot. Que vous voyagiez seul, avec des amis ou en famille, nos excursions guid\u00e9es en kayak sont parfaites pour tous les \u00e2ges et tous les niveaux. Avec des paysages \u00e0 couper le souffle, une exp\u00e9rience \u00e9ducative et des conseils d'experts, votre excursion en kayak avec nous sera un moment fort de votre s\u00e9jour \u00e0 T\u00e9n\u00e9rife. R\u00e9servez d\u00e8s maintenant et rejoignez-nous pour une aventure inoubliable !<\/p>\n<h4>Qui peut participer \u00e0 une excursion en kayak ?<\/h4>\n<p>Le kayak avec Dive Spot convient aux personnes et aux familles de tous \u00e2ges et de tous niveaux d'exp\u00e9rience. Nos excursions guid\u00e9es sont con\u00e7ues pour les adultes et les enfants de 4 ans et plus. Aucune exp\u00e9rience pr\u00e9alable n'est n\u00e9cessaire, car nos guides professionnels vous fourniront toute la formation et l'\u00e9quipement n\u00e9cessaires. Que vous soyez d\u00e9butant ou exp\u00e9riment\u00e9, vous aurez l'occasion de pagayer \u00e0 votre rythme et de profiter des magnifiques paysages de T\u00e9n\u00e9rife. Que vous voyagiez seul, avec des amis ou en famille, nos excursions guid\u00e9es en kayak sont parfaites pour vous !<\/p>\n<h4>Comment se pr\u00e9parer au voyage ?<\/h4>\n<p>Si vous planifiez une excursion en kayak avec Dive Spot, il y a quelques choses que vous pouvez faire pour vous pr\u00e9parer :<\/p>\n<ol>\n<li>V\u00eatements : Vous porterez une combinaison de plong\u00e9e, que nous vous fournirons. Si vous le pouvez, apportez un chapeau, des lunettes de soleil et de la cr\u00e8me solaire pour prot\u00e9ger votre peau du soleil.<\/li>\n<li>Hydratez-vous : Il est important de rester hydrat\u00e9, surtout lors d'une activit\u00e9 physique comme le kayak. Veillez \u00e0 boire beaucoup d'eau avant, pendant et apr\u00e8s votre excursion.<\/li>\n<li>Objets personnels : Vous pouvez apporter tout ce dont vous avez besoin, mais n'oubliez pas que vous risquez de le perdre dans l'oc\u00e9an. Vous pouvez \u00e9galement emporter un petit r\u00e9cipient \u00e9tanche pour prot\u00e9ger vos effets personnels de l'humidit\u00e9.<\/li>\n<li>Soyez conscient de vos limites physiques : Le kayak est une activit\u00e9 physique, il est donc important de tenir compte de ses limites physiques. Si vous avez des probl\u00e8mes de sant\u00e9, informez-en le moniteur avant l'excursion.<\/li>\n<li>Suivre les instructions : Pendant l'excursion, il est important de suivre les instructions de l'instructeur et les consignes de s\u00e9curit\u00e9 fournies. Soyez attentif aux instructions et restez avec le groupe \u00e0 tout moment.<\/li>\n<\/ol>\n<p>Gardez \u00e0 l'esprit que tout l'\u00e9quipement et la formation seront fournis par l'instructeur exp\u00e9riment\u00e9, vous pouvez donc vous d\u00e9tendre et profiter de l'exp\u00e9rience sans vous soucier des d\u00e9tails. Vous pouvez donc vous d\u00e9tendre et profiter de l'exp\u00e9rience sans vous soucier des d\u00e9tails. Venez simplement pr\u00eat \u00e0 vous amuser et \u00e0 cr\u00e9er des souvenirs !<\/p>\n<h4>Explication des paquets de services<\/h4>\n<h6>Excursion en kayak<\/h6>\n<p>Le forfait kayak de Dive Spot est une excursion guid\u00e9e en kayak le long de la magnifique c\u00f4te de T\u00e9n\u00e9rife. Ce forfait offre une exp\u00e9rience immersive au cours de laquelle vous aurez l'occasion de pagayer le long de la c\u00f4te accident\u00e9e et d'admirer les paysages \u00e0 couper le souffle de T\u00e9n\u00e9rife. Notre guide professionnel vous conduira le long de la c\u00f4te, vous donnant l'occasion d'appr\u00e9cier le paysage \u00e9poustouflant.<\/p>\n<p>Tout l'\u00e9quipement et la formation seront fournis, afin que vous puissiez vous concentrer sur le plaisir de l'exp\u00e9rience. Avec ce forfait, vous aurez la chance de sortir sur l'eau et d'explorer la beaut\u00e9 de T\u00e9n\u00e9rife d'un point de vue diff\u00e9rent.<\/p>\n<h6>Kayak et plong\u00e9e en apn\u00e9e<\/h6>\n<p>Le forfait kayak et plong\u00e9e en apn\u00e9e de Dive Spot est la combinaison ultime de deux activit\u00e9s extraordinaires. Ce forfait comprend une excursion guid\u00e9e en kayak le long de la magnifique c\u00f4te de T\u00e9n\u00e9rife, ainsi qu'une courte exp\u00e9rience de plong\u00e9e en apn\u00e9e au milieu de l'excursion. Notre guide professionnel vous conduira vers certains des meilleurs sites de plong\u00e9e avec tuba, o\u00f9 vous aurez l'occasion d'explorer les eaux cristallines et d'observer l'abondante vie marine.<\/p>\n<p>Ce forfait est parfait pour ceux qui veulent faire l'exp\u00e9rience du kayak et de la plong\u00e9e en apn\u00e9e en une seule aventure. Pendant la partie kayak, vous aurez l'occasion de pagayer le long de la c\u00f4te accident\u00e9e de l'\u00eele et d'admirer le paysage \u00e0 couper le souffle. La partie plong\u00e9e avec masque et tuba vous permettra de vous immerger dans le monde sous-marin et d'admirer de pr\u00e8s la beaut\u00e9 de la faune et de la flore marines.<\/p>\n<h6>Photos par kayak<\/h6>\n<p>Chez Dive Spot, nous savons que les souvenirs sont pr\u00e9cieux et nous voulons vous aider \u00e0 les immortaliser de la meilleure fa\u00e7on possible. C'est pourquoi nous proposons un forfait photo optionnel pour nos excursions en kayak.<\/p>\n<p>Pour seulement 15 euros par kayak (qui peut accueillir deux personnes), vous pouvez commander des photos de votre sortie en kayak. Nos guides prendront des photos de haute qualit\u00e9 pendant votre excursion, capturant la beaut\u00e9 du littoral, les paysages \u00e9poustouflants et vos moments m\u00e9morables.<\/p>\n<h4>Vous avez encore des doutes ? Pourquoi r\u00e9server un cours de plong\u00e9e avec Dive Spot ?<\/h4>\n<ul>\n<li>Quel que soit le programme de cours de plong\u00e9e \u00e0 Tenerife que vous choisissez, vous b\u00e9n\u00e9ficiez d'une attention personnalis\u00e9e de la part de notre \u00e9quipe professionnelle.<\/li>\n<li>Vous pouvez \u00eatre s\u00fbr qu'avec nous, vous obtenez <a href=\"https:\/\/divespot.es\/en\/best-price-policy\/\">les meilleurs prix pour la plong\u00e9e \u00e0 Tenerife<\/a>.<\/li>\n<li>Pour gagner du temps, les cours th\u00e9oriques sont dispens\u00e9s par le biais de l'apprentissage en ligne.<\/li>\n<li>Vous avez le choix entre les deux plus grandes f\u00e9d\u00e9rations de plong\u00e9e au monde.<\/li>\n<li>Vous plongerez dans <a href=\"https:\/\/divespot.es\/en\/article-2\/\">Ray Bay<\/a>L'un des sites de plong\u00e9e les plus spectaculaires de Tenerife.<\/li>\n<li>Vous ferez partie d'une grande communaut\u00e9 de plongeurs qui vous offrira de nombreux amis dans le monde entier.<\/li>\n<li>Nous vous emm\u00e8nerons dans une aventure sous-marine pleine d'adr\u00e9naline et de divertissement.<\/li>\n<\/ul>\n<h4>Comment faire une r\u00e9servation ?<\/h4>\n<p>Avant de commencer, veuillez lire notre <a href=\"https:\/\/divespot.es\/fr\/terms-and-conditions\/\" target=\"_blank\" rel=\"noopener\">Conditions g\u00e9n\u00e9rales d'utilisation<\/a>, <a href=\"https:\/\/divespot.es\/fr\/privacy-policy\/\" target=\"_blank\" rel=\"noopener\">Politique de confidentialit\u00e9<\/a> et <a href=\"https:\/\/divespot.es\/fr\/cancelling-and-refunding-policy\/\" target=\"_blank\" rel=\"noopener\">Politique d'annulation et de remboursement<\/a>. Pour effectuer une r\u00e9servation, vous aurez besoin d'une carte bancaire pour verser un petit acompte. Si vous n'avez pas de carte bancaire ou si vous avez des probl\u00e8mes avec le paiement en ligne, veuillez <a href=\"https:\/\/divespot.es\/fr\/contact\/\">nous contacter<\/a>et nous trouverons un autre mode de paiement. N'oubliez pas que les prix promotionnels ne sont valables que pour les r\u00e9servations en ligne effectu\u00e9es au moins un jour avant la plong\u00e9e.<\/p>\n<p>Vous trouverez les questions et r\u00e9ponses les plus courantes sur <a href=\"https:\/\/divespot.es\/fr\/questions-answers\/\">notre page Q&amp;R<\/a>Vous pouvez \u00e9galement demander plus d'informations \u00e0 l'adresse suivante <a href=\"https:\/\/divespot.es\/fr\/contact\/\">notre page de contact<\/a>.<\/p>\n<h6>Lisez les conseils et explications qui suivent :<\/h6>\n<p>La fen\u00eatre de r\u00e9servation se trouve en haut \u00e0 droite de cette page.<\/p>\n<p><b>S\u00e9lectionner la visite<\/b> que vous voulez faire. Entrez le nombre de participants pour l'option appropri\u00e9e.<\/p>\n<p><img decoding=\"async\" loading=\"lazy\" class=\"alignnone  wp-image-3088\" src=\"https:\/\/divespot.es\/wp-content\/uploads\/2022\/03\/1679072804-300x26.png\" alt=\"\" width=\"577\" height=\"50\" srcset=\"https:\/\/divespot.es\/wp-content\/uploads\/2022\/03\/1679072804-300x26.png 300w, https:\/\/divespot.es\/wp-content\/uploads\/2022\/03\/1679072804-600x52.png 600w, https:\/\/divespot.es\/wp-content\/uploads\/2022\/03\/1679072804.png 622w\" sizes=\"(max-width: 577px) 100vw, 577px\" \/><\/p>\n<p><strong>Plong\u00e9e en apn\u00e9e<\/strong> est une excellente occasion de faire une pause dans le kayak et d'observer le monde sous-marin depuis la surface, pour un co\u00fbt suppl\u00e9mentaire minime. Nous fournissons des masques et des tubas.<\/p>\n<p><img decoding=\"async\" loading=\"lazy\" class=\"alignnone  wp-image-3089\" src=\"https:\/\/divespot.es\/wp-content\/uploads\/2022\/03\/1679073032-300x28.png\" alt=\"\" width=\"578\" height=\"54\" srcset=\"https:\/\/divespot.es\/wp-content\/uploads\/2022\/03\/1679073032-300x28.png 300w, https:\/\/divespot.es\/wp-content\/uploads\/2022\/03\/1679073032-600x55.png 600w, https:\/\/divespot.es\/wp-content\/uploads\/2022\/03\/1679073032.png 628w\" sizes=\"(max-width: 578px) 100vw, 578px\" \/><\/p>\n<p><strong>Photos<\/strong>. Immortalisez votre aventure gr\u00e2ce \u00e0 notre service de photos de kayak. Votre guide prendra des photos de vous et de votre partenaire pendant que vous faites du kayak, ce qui vous permettra de garder un souvenir imp\u00e9rissable de votre exp\u00e9rience commune. Le prix s'entend par kayak, pour deux personnes.<\/p>\n<p><img decoding=\"async\" loading=\"lazy\" class=\"alignnone  wp-image-3090\" src=\"https:\/\/divespot.es\/wp-content\/uploads\/2022\/03\/1679073222-300x27.png\" alt=\"\" width=\"578\" height=\"52\" srcset=\"https:\/\/divespot.es\/wp-content\/uploads\/2022\/03\/1679073222-300x27.png 300w, https:\/\/divespot.es\/wp-content\/uploads\/2022\/03\/1679073222-600x54.png 600w, https:\/\/divespot.es\/wp-content\/uploads\/2022\/03\/1679073222.png 628w\" sizes=\"(max-width: 578px) 100vw, 578px\" \/><\/p>\n<p><b>Transfert<\/b>. Si vous avez besoin d'un transport aller-retour depuis votre h\u00f4tel, vous pouvez le commander moyennant un suppl\u00e9ment dans deux zones touristiques diff\u00e9rentes. Si votre lieu de s\u00e9jour ne figure pas sur la carte, veuillez nous contacter. Nous pouvons organiser un transport individuel pour vous. <a href=\"https:\/\/divespot.es\/wp-content\/uploads\/2022\/04\/tenerife-map.jpg\" target=\"_blank\" rel=\"noopener\">Vous pouvez consulter la carte des zones de transport ici.<\/a><\/p>\n<p><img decoding=\"async\" loading=\"lazy\" class=\"alignnone wp-image-1060\" src=\"https:\/\/divespot.es\/wp-content\/uploads\/2022\/02\/Transfer.png\" alt=\"Transfer info\" width=\"406\" height=\"113\" srcset=\"https:\/\/divespot.es\/wp-content\/uploads\/2022\/02\/Transfer.png 675w, https:\/\/divespot.es\/wp-content\/uploads\/2022\/02\/Transfer-300x84.png 300w, https:\/\/divespot.es\/wp-content\/uploads\/2022\/02\/Transfer-600x167.png 600w\" sizes=\"(max-width: 406px) 100vw, 406px\" \/><\/p>\n<p><b>Date<\/b>. S\u00e9lectionnez la date de votre plong\u00e9e. Nous nous r\u00e9servons le droit de modifier l'heure pour une meilleure organisation de notre travail dans le centre de plong\u00e9e. Notre assistante vous confirmera votre r\u00e9servation avec des informations d\u00e9taill\u00e9es.<\/p>\n<p><img decoding=\"async\" loading=\"lazy\" class=\"alignnone wp-image-1488\" src=\"https:\/\/divespot.es\/wp-content\/uploads\/2022\/03\/data-2-257x300.jpg\" alt=\"Data \" width=\"230\" height=\"268\" srcset=\"https:\/\/divespot.es\/wp-content\/uploads\/2022\/03\/data-2-257x300.jpg 257w, https:\/\/divespot.es\/wp-content\/uploads\/2022\/03\/data-2-300x351.jpg 300w, https:\/\/divespot.es\/wp-content\/uploads\/2022\/03\/data-2.jpg 558w\" sizes=\"(max-width: 230px) 100vw, 230px\" \/><\/p>\n<h4>Paiement et panier<\/h4>\n<p>Si votre commande est pr\u00eate, appuyez sur \"R\u00e9server maintenant\". Vous serez transf\u00e9r\u00e9 vers la page <a href=\"https:\/\/divespot.es\/fr\/checkout\/\">Page de paiement<\/a>.<br \/>\nSi vous souhaitez apporter des modifications \u00e0 votre r\u00e9servation, vous trouverez la page <a href=\"https:\/\/divespot.es\/fr\/cart\/\">Panier<\/a> qui se trouve en haut de la page, ce qui vous am\u00e8nera \u00e0 votre <a href=\"https:\/\/divespot.es\/fr\/cart\/\">Chariot<\/a>. Si vous avez un coupon de r\u00e9duction pour les clients r\u00e9guliers, vous pouvez l'appliquer dans le panier et passer \u00e0 la caisse.<br \/>\n<b>Page de paiement - D\u00e9tails de la facturation<\/b>. Sur cette page, vous remplirez vos donn\u00e9es personnelles : pr\u00e9nom, nom, num\u00e9ro de t\u00e9l\u00e9phone (n'oubliez pas le pr\u00e9fixe, qui est le code de votre pays), adresse \u00e9lectronique (pour la confirmation de la r\u00e9servation), la langue que vous parlez le mieux et les autres langues dans lesquelles vous pouvez communiquer (choisissez dans la liste ; si vous en connaissez d'autres, \u00e9crivez-les dans les commentaires).<\/p>\n<p><b>Point de ramassage<\/b>. Si vous avez command\u00e9 un service de transfert payant aupr\u00e8s de l'h\u00f4tel, veuillez indiquer le nom complet exact de l'h\u00f4tel, y compris la ville. Si vous s\u00e9journez dans un appartement, indiquez l'adresse exacte : rue et num\u00e9ro, ville, code postal, nom de l'immeuble et localisation sur Google, si possible.<\/p>\n<p><b>Informations compl\u00e9mentaires<\/b>. Inscrivez dans cette section toute information pertinente que vous souhaitez nous communiquer.<\/p>\n<h4>Paiement.<\/h4>\n<p>Saisissez les d\u00e9tails de votre carte bancaire et payez l'acompte. Vous recevrez une confirmation automatique de votre paiement et de l'\u00e9tat de la proc\u00e9dure en cours.<br \/>\nEnsuite, notre assistant confirmera la r\u00e9servation et vous informera des d\u00e9tails. Veuillez noter que <b>des modifications mineures peuvent \u00eatre apport\u00e9es \u00e0 votre commande<\/b>comme l'heure de d\u00e9part ou l'heure de prise en charge \u00e0 l'h\u00f4tel. Les activit\u00e9s sportives peuvent faire l'objet de changements de derni\u00e8re minute. <b>gardez votre t\u00e9l\u00e9phone \u00e0 port\u00e9e de main<\/b> au cas o\u00f9 nous aurions besoin de vous contacter. Si vous avez des probl\u00e8mes avec la r\u00e9servation ou le paiement, veuillez <a href=\"https:\/\/divespot.es\/fr\/contact\/\">nous contacter<\/a>.<\/p>","protected":false},"excerpt":{"rendered":"<p>Veuillez lire la description ci-dessous avant de r\u00e9server !<\/p>\n<p>Ces prix ne sont disponibles que lors de la r\u00e9servation en ligne !<\/p>\n<p><a href=\"https:\/\/divespot.es\/wp-content\/uploads\/2022\/04\/tenerife-map.jpg\">CARTE DES ZONES DE TRANSPORT<\/a><\/p>","protected":false},"featured_media":2661,"template":"","meta":[],"product_cat":[31],"product_tag":[55,54,53],"aioseo_notices":[],"_links":{"self":[{"href":"https:\/\/divespot.es\/fr\/wp-json\/wp\/v2\/product\/1002"}],"collection":[{"href":"https:\/\/divespot.es\/fr\/wp-json\/wp\/v2\/product"}],"about":[{"href":"https:\/\/divespot.es\/fr\/wp-json\/wp\/v2\/types\/product"}],"wp:featuredmedia":[{"embeddable":true,"href":"https:\/\/divespot.es\/fr\/wp-json\/wp\/v2\/media\/2661"}],"wp:attachment":[{"href":"https:\/\/divespot.es\/fr\/wp-json\/wp\/v2\/media?parent=1002"}],"wp:term":[{"taxonomy":"product_cat","embeddable":true,"href":"https:\/\/divespot.es\/fr\/wp-json\/wp\/v2\/product_cat?post=1002"},{"taxonomy":"product_tag","embeddable":true,"href":"https:\/\/divespot.es\/fr\/wp-json\/wp\/v2\/product_tag?post=1002"}],"curies":[{"name":"wp","href":"https:\/\/api.w.org\/{rel}","templated":true}]}}