{"id":1953,"date":"2022-02-26T22:00:48","date_gmt":"2022-02-26T22:00:48","guid":{"rendered":"https:\/\/divespot.es\/?page_id=552"},"modified":"2022-02-26T22:00:48","modified_gmt":"2022-02-26T22:00:48","slug":"blog-4","status":"publish","type":"page","link":"https:\/\/divespot.es\/fr\/blog-4\/","title":{"rendered":"Blog"},"content":{"rendered":"<div class=\"pt-cv-wrapper\"><div class=\"pt-cv-view pt-cv-grid pt-cv-colsys\" id=\"pt-cv-view-acae04eaci\"><div data-id=\"pt-cv-page-1\" class=\"pt-cv-page\" data-cvc=\"3\"><div class=\"col-md-4 col-sm-4 col-xs-6 pt-cv-content-item pt-cv-1-col\" ><div class='pt-cv-ifield'><a href=\"https:\/\/divespot.es\/fr\/10-reasons-to-do-a-divemaster-internship-with-us\/\" class=\"_self pt-cv-href-thumbnail pt-cv-thumb-default\" target=\"_self\" ><img width=\"300\" height=\"300\" src=\"https:\/\/divespot.es\/wp-content\/uploads\/2022\/12\/3-300x300.jpg\" class=\"pt-cv-thumbnail\" alt=\"\" decoding=\"async\" loading=\"lazy\" srcset=\"https:\/\/divespot.es\/wp-content\/uploads\/2022\/12\/3-300x300.jpg 300w, https:\/\/divespot.es\/wp-content\/uploads\/2022\/12\/3-150x150.jpg 150w, https:\/\/divespot.es\/wp-content\/uploads\/2022\/12\/3-100x100.jpg 100w, https:\/\/divespot.es\/wp-content\/uploads\/2022\/12\/3.jpg 375w\" sizes=\"(max-width: 300px) 100vw, 300px\" \/><\/a>\n<h4 class=\"pt-cv-title\"><a href=\"https:\/\/divespot.es\/fr\/10-reasons-to-do-a-divemaster-internship-with-us\/\" class=\"_self\" target=\"_self\" >10 raisons de faire un stage de Divemaster<\/a><\/h4>\n<div class=\"pt-cv-content\">Faites de votre bureau une plage ensoleill\u00e9e ! Nous sommes Divespot, membre du groupe Atlantis, situ\u00e9 \u00e0 Los Cristianos, au sud de ...<br \/><div class=\"pt-cv-rmwrap\"><a href=\"https:\/\/divespot.es\/fr\/10-reasons-to-do-a-divemaster-internship-with-us\/\" class=\"_self pt-cv-readmore btn btn-success\" target=\"_self\">Lire la suite<\/a><\/div><\/div><\/div><\/div>\n<div class=\"col-md-4 col-sm-4 col-xs-6 pt-cv-content-item pt-cv-1-col\" ><div class='pt-cv-ifield'><a href=\"https:\/\/divespot.es\/fr\/article-4\/\" class=\"_self pt-cv-href-thumbnail pt-cv-thumb-default\" target=\"_self\" ><img width=\"300\" height=\"300\" src=\"https:\/\/divespot.es\/wp-content\/uploads\/2022\/12\/4-300x300.jpg\" class=\"pt-cv-thumbnail\" alt=\"\" decoding=\"async\" loading=\"lazy\" srcset=\"https:\/\/divespot.es\/wp-content\/uploads\/2022\/12\/4-300x300.jpg 300w, https:\/\/divespot.es\/wp-content\/uploads\/2022\/12\/4-150x150.jpg 150w, https:\/\/divespot.es\/wp-content\/uploads\/2022\/12\/4-100x100.jpg 100w, https:\/\/divespot.es\/wp-content\/uploads\/2022\/12\/4.jpg 375w\" sizes=\"(max-width: 300px) 100vw, 300px\" \/><\/a>\n<h4 class=\"pt-cv-title\"><a href=\"https:\/\/divespot.es\/fr\/article-4\/\" class=\"_self\" target=\"_self\" >Devenir Divemaster avec Diving Atlantis<\/a><\/h4>\n<div class=\"pt-cv-content\">En tant que membre du groupe Atlantis, Divespot collabore \u00e9troitement avec Diving Atlantis, un centre de plong\u00e9e situ\u00e9 \u00e0 Los Cristianos, Tenerife. Nous ...<br \/><div class=\"pt-cv-rmwrap\"><a href=\"https:\/\/divespot.es\/fr\/article-4\/\" class=\"_self pt-cv-readmore btn btn-success\" target=\"_self\">Lire la suite<\/a><\/div><\/div><\/div><\/div>\n<div class=\"col-md-4 col-sm-4 col-xs-6 pt-cv-content-item pt-cv-1-col\" ><div class='pt-cv-ifield'><a href=\"https:\/\/divespot.es\/fr\/article-3\/\" class=\"_self pt-cv-href-thumbnail pt-cv-thumb-default\" target=\"_self\" ><img width=\"300\" height=\"300\" src=\"https:\/\/divespot.es\/wp-content\/uploads\/2022\/12\/2-300x300.jpg\" class=\"pt-cv-thumbnail\" alt=\"\" decoding=\"async\" loading=\"lazy\" srcset=\"https:\/\/divespot.es\/wp-content\/uploads\/2022\/12\/2-300x300.jpg 300w, https:\/\/divespot.es\/wp-content\/uploads\/2022\/12\/2-150x150.jpg 150w, https:\/\/divespot.es\/wp-content\/uploads\/2022\/12\/2-100x100.jpg 100w, https:\/\/divespot.es\/wp-content\/uploads\/2022\/12\/2.jpg 375w\" sizes=\"(max-width: 300px) 100vw, 300px\" \/><\/a>\n<h4 class=\"pt-cv-title\"><a href=\"https:\/\/divespot.es\/fr\/article-3\/\" class=\"_self\" target=\"_self\" >Les rayons de T\u00e9n\u00e9rife<\/a><\/h4>\n<div class=\"pt-cv-content\">Quelles sont les esp\u00e8ces de raies pr\u00e9sentes sur l'\u00eele ? On trouve 6 esp\u00e8ces diff\u00e9rentes de raies \u00e0 T\u00e9n\u00e9rife : Les ...<br \/><div class=\"pt-cv-rmwrap\"><a href=\"https:\/\/divespot.es\/fr\/article-3\/\" class=\"_self pt-cv-readmore btn btn-success\" target=\"_self\">Lire la suite<\/a><\/div><\/div><\/div><\/div>\n<div class=\"col-md-4 col-sm-4 col-xs-6 pt-cv-content-item pt-cv-1-col\" ><div class='pt-cv-ifield'><a href=\"https:\/\/divespot.es\/fr\/ray-bay\/\" class=\"_self pt-cv-href-thumbnail pt-cv-thumb-default\" target=\"_self\" ><img width=\"300\" height=\"300\" src=\"https:\/\/divespot.es\/wp-content\/uploads\/2022\/12\/1-300x300.jpg\" class=\"pt-cv-thumbnail\" alt=\"\" decoding=\"async\" loading=\"lazy\" srcset=\"https:\/\/divespot.es\/wp-content\/uploads\/2022\/12\/1-300x300.jpg 300w, https:\/\/divespot.es\/wp-content\/uploads\/2022\/12\/1-150x150.jpg 150w, https:\/\/divespot.es\/wp-content\/uploads\/2022\/12\/1-100x100.jpg 100w, https:\/\/divespot.es\/wp-content\/uploads\/2022\/12\/1.jpg 375w\" sizes=\"(max-width: 300px) 100vw, 300px\" \/><\/a>\n<h4 class=\"pt-cv-title\"><a href=\"https:\/\/divespot.es\/fr\/ray-bay\/\" class=\"_self\" target=\"_self\" >La baie de Los Cristianos<\/a><\/h4>\n<div class=\"pt-cv-content\">La plage de Los Tarajales, commun\u00e9ment appel\u00e9e Ray Bay, est une petite plage rocheuse situ\u00e9e dans la ville de Los Cristianos, ...<br \/><div class=\"pt-cv-rmwrap\"><a href=\"https:\/\/divespot.es\/fr\/ray-bay\/\" class=\"_self pt-cv-readmore btn btn-success\" target=\"_self\">Lire la suite<\/a><\/div><\/div><\/div><\/div>\n<div class=\"col-md-4 col-sm-4 col-xs-6 pt-cv-content-item pt-cv-1-col\" ><div class='pt-cv-ifield'><a href=\"https:\/\/divespot.es\/fr\/unforgettable-diving\/\" class=\"_self pt-cv-href-thumbnail pt-cv-thumb-default\" target=\"_self\" ><img width=\"300\" height=\"300\" src=\"https:\/\/divespot.es\/wp-content\/uploads\/2022\/12\/5-300x300.jpg\" class=\"pt-cv-thumbnail\" alt=\"\" decoding=\"async\" loading=\"lazy\" srcset=\"https:\/\/divespot.es\/wp-content\/uploads\/2022\/12\/5-300x300.jpg 300w, https:\/\/divespot.es\/wp-content\/uploads\/2022\/12\/5-150x150.jpg 150w, https:\/\/divespot.es\/wp-content\/uploads\/2022\/12\/5-100x100.jpg 100w, https:\/\/divespot.es\/wp-content\/uploads\/2022\/12\/5.jpg 375w\" sizes=\"(max-width: 300px) 100vw, 300px\" \/><\/a>\n<h4 class=\"pt-cv-title\"><a href=\"https:\/\/divespot.es\/fr\/unforgettable-diving\/\" class=\"_self\" target=\"_self\" >Plong\u00e9e inoubliable \u00e0 Tenerife<\/a><\/h4>\n<div class=\"pt-cv-content\">John Doe Diving Atlantis Intern Cette \u00eele offre de nombreux sites de plong\u00e9e o\u00f9 vous pourrez vivre une exp\u00e9rience inoubliable. Lorsque ...<br \/><div class=\"pt-cv-rmwrap\"><a href=\"https:\/\/divespot.es\/fr\/unforgettable-diving\/\" class=\"_self pt-cv-readmore btn btn-success\" target=\"_self\">Lire la suite<\/a><\/div><\/div><\/div><\/div><\/div><\/div><\/div>\n<div class=\"pt-cv-wrapper\"><div class=\"pt-cv-view pt-cv-collapsible\" id=\"pt-cv-view-51418ffs5z\"><div data-id=\"pt-cv-page-1\" class=\"pt-cv-page\" data-cvc=\"1\"><div class=\"panel-group\" id=\"b8b6b24iot\"><div class=\"panel panel-default pt-cv-content-item pt-cv-1-col\" >\r\n<div class=\"panel-heading pt-cv-title\">\r\n    <a class=\"panel-title\" data-toggle=\"cvcollapse\" data-parent=\"#b8b6b24iot\" data-target=\"#cb0b4b2op9\" href='https:\/\/divespot.es\/fr\/10-reasons-to-do-a-divemaster-internship-with-us\/' onclick='event.preventDefault()'>\r\n\t\t10 raisons de faire un stage de Divemaster\t<\/a>\r\n\t<\/div>\r\n<div id=\"cb0b4b2op9\" class=\"panel-collapse collapse\">\r\n\t<div class=\"panel-body\">\r\n\t\t<a href=\"https:\/\/divespot.es\/fr\/10-reasons-to-do-a-divemaster-internship-with-us\/\" class=\"_self pt-cv-href-thumbnail pt-cv-thumb-default\" target=\"_self\" ><img width=\"300\" height=\"300\" src=\"https:\/\/divespot.es\/wp-content\/uploads\/2022\/12\/3-300x300.jpg\" class=\"pt-cv-thumbnail\" alt=\"\" decoding=\"async\" loading=\"lazy\" srcset=\"https:\/\/divespot.es\/wp-content\/uploads\/2022\/12\/3-300x300.jpg 300w, https:\/\/divespot.es\/wp-content\/uploads\/2022\/12\/3-150x150.jpg 150w, https:\/\/divespot.es\/wp-content\/uploads\/2022\/12\/3-100x100.jpg 100w, https:\/\/divespot.es\/wp-content\/uploads\/2022\/12\/3.jpg 375w\" sizes=\"(max-width: 300px) 100vw, 300px\" \/><\/a>\n<div class=\"pt-cv-content\">Faites de votre bureau une plage ensoleill\u00e9e ! Nous sommes Divespot, membre du groupe Atlantis, situ\u00e9 \u00e0 Los Cristianos, au sud de ...<br \/><div class=\"pt-cv-rmwrap\"><a href=\"https:\/\/divespot.es\/fr\/10-reasons-to-do-a-divemaster-internship-with-us\/\" class=\"_self pt-cv-readmore btn btn-success\" target=\"_self\">Lire la suite<\/a><\/div><\/div>\t<\/div>\r\n<\/div><\/div>\n<div class=\"panel panel-default pt-cv-content-item pt-cv-1-col\" >\r\n<div class=\"panel-heading pt-cv-title\">\r\n    <a class=\"panel-title\" data-toggle=\"cvcollapse\" data-parent=\"#b8b6b24iot\" data-target=\"#320f76as6u\" href='https:\/\/divespot.es\/fr\/article-4\/' onclick='event.preventDefault()'>\r\n\t\tDevenir Divemaster avec Diving Atlantis\t<\/a>\r\n\t<\/div>\r\n<div id=\"320f76as6u\" class=\"panel-collapse collapse\">\r\n\t<div class=\"panel-body\">\r\n\t\t<a href=\"https:\/\/divespot.es\/fr\/article-4\/\" class=\"_self pt-cv-href-thumbnail pt-cv-thumb-default\" target=\"_self\" ><img width=\"300\" height=\"300\" src=\"https:\/\/divespot.es\/wp-content\/uploads\/2022\/12\/4-300x300.jpg\" class=\"pt-cv-thumbnail\" alt=\"\" decoding=\"async\" loading=\"lazy\" srcset=\"https:\/\/divespot.es\/wp-content\/uploads\/2022\/12\/4-300x300.jpg 300w, https:\/\/divespot.es\/wp-content\/uploads\/2022\/12\/4-150x150.jpg 150w, https:\/\/divespot.es\/wp-content\/uploads\/2022\/12\/4-100x100.jpg 100w, https:\/\/divespot.es\/wp-content\/uploads\/2022\/12\/4.jpg 375w\" sizes=\"(max-width: 300px) 100vw, 300px\" \/><\/a>\n<div class=\"pt-cv-content\">En tant que membre du groupe Atlantis, Divespot collabore \u00e9troitement avec Diving Atlantis, un centre de plong\u00e9e situ\u00e9 \u00e0 Los Cristianos, Tenerife. Nous ...<br \/><div class=\"pt-cv-rmwrap\"><a href=\"https:\/\/divespot.es\/fr\/article-4\/\" class=\"_self pt-cv-readmore btn btn-success\" target=\"_self\">Lire la suite<\/a><\/div><\/div>\t<\/div>\r\n<\/div><\/div>\n<div class=\"panel panel-default pt-cv-content-item pt-cv-1-col\" >\r\n<div class=\"panel-heading pt-cv-title\">\r\n    <a class=\"panel-title\" data-toggle=\"cvcollapse\" data-parent=\"#b8b6b24iot\" data-target=\"#26a5f91bom\" href='https:\/\/divespot.es\/fr\/article-3\/' onclick='event.preventDefault()'>\r\n\t\tLes rayons de T\u00e9n\u00e9rife\t<\/a>\r\n\t<\/div>\r\n<div id=\"26a5f91bom\" class=\"panel-collapse collapse\">\r\n\t<div class=\"panel-body\">\r\n\t\t<a href=\"https:\/\/divespot.es\/fr\/article-3\/\" class=\"_self pt-cv-href-thumbnail pt-cv-thumb-default\" target=\"_self\" ><img width=\"300\" height=\"300\" src=\"https:\/\/divespot.es\/wp-content\/uploads\/2022\/12\/2-300x300.jpg\" class=\"pt-cv-thumbnail\" alt=\"\" decoding=\"async\" loading=\"lazy\" srcset=\"https:\/\/divespot.es\/wp-content\/uploads\/2022\/12\/2-300x300.jpg 300w, https:\/\/divespot.es\/wp-content\/uploads\/2022\/12\/2-150x150.jpg 150w, https:\/\/divespot.es\/wp-content\/uploads\/2022\/12\/2-100x100.jpg 100w, https:\/\/divespot.es\/wp-content\/uploads\/2022\/12\/2.jpg 375w\" sizes=\"(max-width: 300px) 100vw, 300px\" \/><\/a>\n<div class=\"pt-cv-content\">Quelles sont les esp\u00e8ces de raies pr\u00e9sentes sur l'\u00eele ? On trouve 6 esp\u00e8ces diff\u00e9rentes de raies \u00e0 T\u00e9n\u00e9rife : Les ...<br \/><div class=\"pt-cv-rmwrap\"><a href=\"https:\/\/divespot.es\/fr\/article-3\/\" class=\"_self pt-cv-readmore btn btn-success\" target=\"_self\">Lire la suite<\/a><\/div><\/div>\t<\/div>\r\n<\/div><\/div>\n<div class=\"panel panel-default pt-cv-content-item pt-cv-1-col\" >\r\n<div class=\"panel-heading pt-cv-title\">\r\n    <a class=\"panel-title\" data-toggle=\"cvcollapse\" data-parent=\"#b8b6b24iot\" data-target=\"#6f340f7y7o\" href='https:\/\/divespot.es\/fr\/ray-bay\/' onclick='event.preventDefault()'>\r\n\t\tLa baie de Los Cristianos\t<\/a>\r\n\t<\/div>\r\n<div id=\"6f340f7y7o\" class=\"panel-collapse collapse\">\r\n\t<div class=\"panel-body\">\r\n\t\t<a href=\"https:\/\/divespot.es\/fr\/ray-bay\/\" class=\"_self pt-cv-href-thumbnail pt-cv-thumb-default\" target=\"_self\" ><img width=\"300\" height=\"300\" src=\"https:\/\/divespot.es\/wp-content\/uploads\/2022\/12\/1-300x300.jpg\" class=\"pt-cv-thumbnail\" alt=\"\" decoding=\"async\" loading=\"lazy\" srcset=\"https:\/\/divespot.es\/wp-content\/uploads\/2022\/12\/1-300x300.jpg 300w, https:\/\/divespot.es\/wp-content\/uploads\/2022\/12\/1-150x150.jpg 150w, https:\/\/divespot.es\/wp-content\/uploads\/2022\/12\/1-100x100.jpg 100w, https:\/\/divespot.es\/wp-content\/uploads\/2022\/12\/1.jpg 375w\" sizes=\"(max-width: 300px) 100vw, 300px\" \/><\/a>\n<div class=\"pt-cv-content\">La plage de Los Tarajales, commun\u00e9ment appel\u00e9e Ray Bay, est une petite plage rocheuse situ\u00e9e dans la ville de Los Cristianos, ...<br \/><div class=\"pt-cv-rmwrap\"><a href=\"https:\/\/divespot.es\/fr\/ray-bay\/\" class=\"_self pt-cv-readmore btn btn-success\" target=\"_self\">Lire la suite<\/a><\/div><\/div>\t<\/div>\r\n<\/div><\/div>\n<div class=\"panel panel-default pt-cv-content-item pt-cv-1-col\" >\r\n<div class=\"panel-heading pt-cv-title\">\r\n    <a class=\"panel-title\" data-toggle=\"cvcollapse\" data-parent=\"#b8b6b24iot\" data-target=\"#b8dfce2o6g\" href='https:\/\/divespot.es\/fr\/unforgettable-diving\/' onclick='event.preventDefault()'>\r\n\t\tPlong\u00e9e inoubliable \u00e0 Tenerife\t<\/a>\r\n\t<\/div>\r\n<div id=\"b8dfce2o6g\" class=\"panel-collapse collapse\">\r\n\t<div class=\"panel-body\">\r\n\t\t<a href=\"https:\/\/divespot.es\/fr\/unforgettable-diving\/\" class=\"_self pt-cv-href-thumbnail pt-cv-thumb-default\" target=\"_self\" ><img width=\"300\" height=\"300\" src=\"https:\/\/divespot.es\/wp-content\/uploads\/2022\/12\/5-300x300.jpg\" class=\"pt-cv-thumbnail\" alt=\"\" decoding=\"async\" loading=\"lazy\" srcset=\"https:\/\/divespot.es\/wp-content\/uploads\/2022\/12\/5-300x300.jpg 300w, https:\/\/divespot.es\/wp-content\/uploads\/2022\/12\/5-150x150.jpg 150w, https:\/\/divespot.es\/wp-content\/uploads\/2022\/12\/5-100x100.jpg 100w, https:\/\/divespot.es\/wp-content\/uploads\/2022\/12\/5.jpg 375w\" sizes=\"(max-width: 300px) 100vw, 300px\" \/><\/a>\n<div class=\"pt-cv-content\">John Doe Diving Atlantis Intern Cette \u00eele offre de nombreux sites de plong\u00e9e o\u00f9 vous pourrez vivre une exp\u00e9rience inoubliable. Lorsque ...<br \/><div class=\"pt-cv-rmwrap\"><a href=\"https:\/\/divespot.es\/fr\/unforgettable-diving\/\" class=\"_self pt-cv-readmore btn btn-success\" target=\"_self\">Lire la suite<\/a><\/div><\/div>\t<\/div>\r\n<\/div><\/div><\/div><\/div><\/div><\/div>","protected":false},"excerpt":{"rendered":"","protected":false},"author":1,"featured_media":0,"parent":0,"menu_order":0,"comment_status":"closed","ping_status":"closed","template":"","meta":{"footnotes":""},"blocksy_meta":{"styles_descriptor":{"styles":{"desktop":"","tablet":"","mobile":""},"google_fonts":[],"version":4}},"aioseo_notices":[],"_links":{"self":[{"href":"https:\/\/divespot.es\/fr\/wp-json\/wp\/v2\/pages\/1953"}],"collection":[{"href":"https:\/\/divespot.es\/fr\/wp-json\/wp\/v2\/pages"}],"about":[{"href":"https:\/\/divespot.es\/fr\/wp-json\/wp\/v2\/types\/page"}],"author":[{"embeddable":true,"href":"https:\/\/divespot.es\/fr\/wp-json\/wp\/v2\/users\/1"}],"replies":[{"embeddable":true,"href":"https:\/\/divespot.es\/fr\/wp-json\/wp\/v2\/comments?post=1953"}],"version-history":[{"count":0,"href":"https:\/\/divespot.es\/fr\/wp-json\/wp\/v2\/pages\/1953\/revisions"}],"wp:attachment":[{"href":"https:\/\/divespot.es\/fr\/wp-json\/wp\/v2\/media?parent=1953"}],"curies":[{"name":"wp","href":"https:\/\/api.w.org\/{rel}","templated":true}]}}