{"id":1229,"date":"2022-03-24T16:55:37","date_gmt":"2022-03-24T16:55:37","guid":{"rendered":"https:\/\/divespot.es\/?page_id=1229"},"modified":"2022-03-25T18:18:45","modified_gmt":"2022-03-25T18:18:45","slug":"complaint-form","status":"publish","type":"page","link":"https:\/\/divespot.es\/fr\/complaint-form\/","title":{"rendered":"Complaint form"},"content":{"rendered":"<div data-elementor-type=\"wp-page\" data-elementor-id=\"1229\" class=\"elementor elementor-1229\">\n\t\t\t\t\t\t\t\t\t<section class=\"has_eae_slider elementor-section elementor-top-section elementor-element elementor-element-0452d33 elementor-section-boxed elementor-section-height-default elementor-section-height-default\" data-id=\"0452d33\" data-element_type=\"section\">\n\t\t\t\t\t\t<div class=\"elementor-container elementor-column-gap-default\">\n\t\t\t\t\t<div class=\"has_eae_slider elementor-column elementor-col-33 elementor-top-column elementor-element elementor-element-937b9cc\" data-id=\"937b9cc\" data-element_type=\"column\">\n\t\t\t<div class=\"elementor-widget-wrap\">\n\t\t\t\t\t\t\t\t\t<\/div>\n\t\t<\/div>\n\t\t\t\t<div class=\"has_eae_slider elementor-column elementor-col-33 elementor-top-column elementor-element elementor-element-27b6c86\" data-id=\"27b6c86\" data-element_type=\"column\">\n\t\t\t<div class=\"elementor-widget-wrap elementor-element-populated\">\n\t\t\t\t\t\t\t\t<div class=\"elementor-element elementor-element-76bcbe8 elementor-widget elementor-widget-shortcode\" data-id=\"76bcbe8\" data-element_type=\"widget\" data-widget_type=\"shortcode.default\">\n\t\t\t\t<div class=\"elementor-widget-container\">\n\t\t\t\t\t<div class=\"elementor-shortcode\">\n<div class=\"wpcf7 no-js\" id=\"wpcf7-f1250-o1\" lang=\"en-GB\" dir=\"ltr\">\n<div class=\"screen-reader-response\"><p role=\"status\" aria-live=\"polite\" aria-atomic=\"true\"><\/p> <ul><\/ul><\/div>\n<form action=\"\/fr\/wp-json\/wp\/v2\/pages\/1229#wpcf7-f1250-o1\" method=\"post\" class=\"wpcf7-form init\" aria-label=\"Formulaire de contact\" novalidate=\"novalidate\" data-status=\"init\" data-trp-original-action=\"\/fr\/wp-json\/wp\/v2\/pages\/1229#wpcf7-f1250-o1\">\n<div style=\"display: none;\">\n<input type=\"hidden\" name=\"_wpcf7\" value=\"1250\" \/>\n<input type=\"hidden\" name=\"_wpcf7_version\" value=\"5.8\" \/>\n<input type=\"hidden\" name=\"_wpcf7_locale\" value=\"en_GB\" \/>\n<input type=\"hidden\" name=\"_wpcf7_unit_tag\" value=\"wpcf7-f1250-o1\" \/>\n<input type=\"hidden\" name=\"_wpcf7_container_post\" value=\"0\" \/>\n<input type=\"hidden\" name=\"_wpcf7_posted_data_hash\" value=\"\" \/>\n<\/div>\n<p><label> Confirmer la connaissance des conditions g\u00e9n\u00e9rales et de la politique d'annulation et de remboursement<br \/>\n<span class=\"wpcf7-form-control-wrap\" data-name=\"checkbox-629\"><span class=\"wpcf7-form-control wpcf7-checkbox wpcf7-validates-as-required\"><span class=\"wpcf7-list-item first\"><label><input type=\"checkbox\" name=\"checkbox-629[]\" value=\"I don&#039;t know the rules and didn&#039;t know when booking\" \/><span class=\"wpcf7-list-item-label\">Je ne connais pas les r\u00e8gles et je n'\u00e9tais pas au courant au moment de la r\u00e9servation.<\/span><\/label><\/span><span class=\"wpcf7-list-item last\"><label><input type=\"checkbox\" name=\"checkbox-629[]\" value=\"My complaint complies with the rules\" \/><span class=\"wpcf7-list-item-label\">Ma plainte est conforme aux r\u00e8gles<\/span><\/label><\/span><\/span><\/span> <\/label>\n<\/p>\n<p><label> Votre nom<br \/>\n<span class=\"wpcf7-form-control-wrap\" data-name=\"your-name\"><input size=\"40\" class=\"wpcf7-form-control wpcf7-text wpcf7-validates-as-required\" aria-required=\"true\" aria-invalid=\"false\" value=\"\" type=\"text\" name=\"your-name\" \/><\/span> <\/label>\n<\/p>\n<p><label> Votre email<br \/>\n<span class=\"wpcf7-form-control-wrap\" data-name=\"your-email\"><input size=\"40\" class=\"wpcf7-form-control wpcf7-email wpcf7-validates-as-required wpcf7-text wpcf7-validates-as-email\" aria-required=\"true\" aria-invalid=\"false\" value=\"\" type=\"email\" name=\"your-email\" \/><\/span> <\/label>\n<\/p>\n<p><label> Votre t\u00e9l\u00e9phone<br \/>\n<span class=\"wpcf7-form-control-wrap\" data-name=\"tel-382\"><input size=\"40\" class=\"wpcf7-form-control wpcf7-tel wpcf7-validates-as-required wpcf7-text wpcf7-validates-as-tel\" aria-required=\"true\" aria-invalid=\"false\" placeholder=\"avec code pays\" value=\"\" type=\"tel\" name=\"tel-382\" \/><\/span> <\/label>\n<\/p>\n<p><label> Type d'activit\u00e9<br \/>\n<span class=\"wpcf7-form-control-wrap\" data-name=\"menu-975\"><select class=\"wpcf7-form-control wpcf7-select wpcf7-validates-as-required\" aria-required=\"true\" aria-invalid=\"false\" name=\"menu-975\"><option value=\"Choose\">Choisir<\/option><option value=\"Trial Dive\">Plong\u00e9e d'essai<\/option><option value=\"Dive course\">Cours de plong\u00e9e<\/option><option value=\"Dive package\">Forfait plong\u00e9e<\/option><option value=\"Kayaking\">Kayak<\/option><option value=\"Snorkeling\">Plong\u00e9e en apn\u00e9e<\/option><option value=\"Other\">Autres<\/option><\/select><\/span> <\/label>\n<\/p>\n<p><label> Date de l'activit\u00e9<br \/>\n<span class=\"wpcf7-form-control-wrap\" data-name=\"date-479\"><input class=\"wpcf7-form-control wpcf7-date wpcf7-validates-as-required wpcf7-validates-as-date\" aria-required=\"true\" aria-invalid=\"false\" placeholder=\"Cliquez ici\" value=\"\" type=\"date\" name=\"date-479\" \/><\/span> <\/label>\n<\/p>\n<p><label> Heure d'activit\u00e9<br \/>\n<span class=\"wpcf7-form-control-wrap\" data-name=\"text-867\"><input size=\"40\" class=\"wpcf7-form-control wpcf7-text wpcf7-validates-as-required\" aria-required=\"true\" aria-invalid=\"false\" placeholder=\"00:00\" value=\"\" type=\"text\" name=\"text-867\" \/><\/span> <\/label>\n<\/p>\n<p><label> Le nom de votre guide (si vous vous en souvenez)<br \/>\n<span class=\"wpcf7-form-control-wrap\" data-name=\"text-637\"><input size=\"40\" class=\"wpcf7-form-control wpcf7-text\" aria-invalid=\"false\" value=\"\" type=\"text\" name=\"text-637\" \/><\/span> <\/label>\n<\/p>\n<p><label> Le motif de votre plainte<br \/>\n<span class=\"wpcf7-form-control-wrap\" data-name=\"menu-625\"><select class=\"wpcf7-form-control wpcf7-select wpcf7-validates-as-required\" aria-required=\"true\" aria-invalid=\"false\" name=\"menu-625\"><option value=\"Choose\">Choisir<\/option><option value=\"I did not participate in the activity\">Je n'ai pas particip\u00e9 \u00e0 l'activit\u00e9<\/option><option value=\"The service was different than in the description\">Le service \u00e9tait diff\u00e9rent de la description<\/option><option value=\"The service was performed incorrectly\">Le service a \u00e9t\u00e9 effectu\u00e9 de mani\u00e8re incorrecte<\/option><option value=\"Active was more difficult than I was able to do\">Active \u00e9tait plus difficile que ce que j'ai pu faire<\/option><option value=\"Another\">Autre<\/option><\/select><\/span> <\/label>\n<\/p>\n<p><label> Objet de la plainte<br \/>\n<span class=\"wpcf7-form-control-wrap\" data-name=\"menu-863\"><select class=\"wpcf7-form-control wpcf7-select wpcf7-validates-as-required\" aria-required=\"true\" aria-invalid=\"false\" name=\"menu-863\"><option value=\"Choose\">Choisir<\/option><option value=\"Improve the quality of services\">Am\u00e9liorer la qualit\u00e9 des services<\/option><option value=\"Receive an apology and an explanation\">Recevoir des excuses et une explication<\/option><option value=\"Get money back\">Obtenir un remboursement<\/option><option value=\"Another\">Autre<\/option><\/select><\/span> <\/label>\n<\/p>\n<p><label> Votre message (facultatif)<br \/>\n<span class=\"wpcf7-form-control-wrap\" data-name=\"your-message\"><textarea cols=\"40\" rows=\"10\" class=\"wpcf7-form-control wpcf7-textarea\" aria-invalid=\"false\" name=\"your-message\"><\/textarea><\/span> <\/label>\n<\/p>\n<p><input class=\"wpcf7-form-control wpcf7-submit has-spinner\" type=\"submit\" value=\"Soumettre\" \/>\n<\/p><div class=\"wpcf7-response-output\" aria-hidden=\"true\"><\/div>\n<input type=\"hidden\" name=\"trp-form-language\" value=\"fr\"\/><\/form>\n<\/div>\n<\/div>\n\t\t\t\t<\/div>\n\t\t\t\t<\/div>\n\t\t\t\t\t<\/div>\n\t\t<\/div>\n\t\t\t\t<div class=\"has_eae_slider elementor-column elementor-col-33 elementor-top-column elementor-element elementor-element-8954ff6\" data-id=\"8954ff6\" data-element_type=\"column\">\n\t\t\t<div class=\"elementor-widget-wrap\">\n\t\t\t\t\t\t\t\t\t<\/div>\n\t\t<\/div>\n\t\t\t\t\t\t\t<\/div>\n\t\t<\/section>\n\t\t\t\t\t\t\t<\/div>","protected":false},"excerpt":{"rendered":"","protected":false},"author":1,"featured_media":0,"parent":0,"menu_order":0,"comment_status":"closed","ping_status":"closed","template":"","meta":{"footnotes":""},"blocksy_meta":{"styles_descriptor":{"styles":{"desktop":"","tablet":"","mobile":""},"google_fonts":[],"version":4}},"aioseo_notices":[],"_links":{"self":[{"href":"https:\/\/divespot.es\/fr\/wp-json\/wp\/v2\/pages\/1229"}],"collection":[{"href":"https:\/\/divespot.es\/fr\/wp-json\/wp\/v2\/pages"}],"about":[{"href":"https:\/\/divespot.es\/fr\/wp-json\/wp\/v2\/types\/page"}],"author":[{"embeddable":true,"href":"https:\/\/divespot.es\/fr\/wp-json\/wp\/v2\/users\/1"}],"replies":[{"embeddable":true,"href":"https:\/\/divespot.es\/fr\/wp-json\/wp\/v2\/comments?post=1229"}],"version-history":[{"count":0,"href":"https:\/\/divespot.es\/fr\/wp-json\/wp\/v2\/pages\/1229\/revisions"}],"wp:attachment":[{"href":"https:\/\/divespot.es\/fr\/wp-json\/wp\/v2\/media?parent=1229"}],"curies":[{"name":"wp","href":"https:\/\/api.w.org\/{rel}","templated":true}]}}