{"id":960,"date":"2022-03-12T16:07:04","date_gmt":"2022-03-12T16:07:04","guid":{"rendered":"https:\/\/divespot.es\/?post_type=product&#038;p=960"},"modified":"2024-08-12T15:05:04","modified_gmt":"2024-08-12T15:05:04","slug":"divemaster-course","status":"publish","type":"product","link":"https:\/\/divespot.es\/es\/producto\/divemaster-course\/","title":{"rendered":"Curso de Divemaster"},"content":{"rendered":"<h4>\u00bfQu\u00e9 es el curso Divemaster?<\/h4>\n<p>Descubra las maravillas del mundo submarino en Tenerife con nuestro completo Curso de Buceo Divemaster. Este curso te sumergir\u00e1 en un extraordinario viaje de desarrollo de habilidades y exploraci\u00f3n oce\u00e1nica.<\/p>\n<p>A lo largo del curso, recibir\u00e1 la orientaci\u00f3n experta de nuestros experimentados instructores, que le ense\u00f1ar\u00e1n t\u00e9cnicas esenciales de buceo, protocolos de seguridad y pr\u00e1cticas de conservaci\u00f3n del medio ambiente. Sum\u00e9rgete en emocionantes sesiones de entrenamiento pr\u00e1ctico y clases te\u00f3ricas que cubren la planificaci\u00f3n de inmersiones, la gesti\u00f3n del equipo y las habilidades de rescate. Adquiera conocimientos profundos sobre la vida marina y los ecosistemas para convertirse en un buceador responsable e informado.<\/p>\n<p>Una vez completado con \u00e9xito el curso, obtendr\u00e1 la prestigiosa certificaci\u00f3n de Divemaster, un paso m\u00e1s para convertirse en un buceador profesional. Como Divemaster licenciado, podr\u00e1s dirigir y ayudar en operaciones de buceo, orientar y supervisar a otros buceadores, e incluso trabajar en la industria del buceo en todo el mundo.<\/p>\n<h4>\u00bfQui\u00e9n puede matricularse en el curso Divemaster?<\/h4>\n<p>Para inscribirse en el Curso de Buceo Divemaster, debe cumplir los siguientes requisitos previos:<\/p>\n<ol>\n<li>Tener al menos 18 a\u00f1os.<\/li>\n<li>Poseer una certificaci\u00f3n Diver Stress&amp;Rescue v\u00e1lida (o equivalente) de una agencia de buceo reconocida.<\/li>\n<li>Poseer una certificaci\u00f3n actualizada de React Right (o equivalente) en los \u00faltimos 24 meses.<\/li>\n<li>Tener al menos 40 inmersiones registradas antes de comenzar el curso y 60 inmersiones registradas al finalizarlo.<\/li>\n<\/ol>\n<p><strong>Opciones de precios:<\/strong><\/p>\n<ul>\n<li>Precio del curso (SSI): 765 euros (rebajado de 850)<\/li>\n<\/ul>\n<h4>Organizaciones de buceo SSI.<\/h4>\n<p>En nuestro centro de buceo Dive Spot en Tenerife, ofrecemos formaci\u00f3n de la mayor organizaci\u00f3n de buceo en el mundo SSI - Scuba Schools International. Los certificados emitidos por esta organizaci\u00f3n son aceptados en todo el mundo.<\/p>\n<p><img decoding=\"async\" loading=\"lazy\" class=\"alignnone size-medium wp-image-1478\" src=\"https:\/\/divespot.es\/wp-content\/uploads\/2022\/03\/ssi-300x71.png\" alt=\"logo ssi\" width=\"300\" height=\"71\" srcset=\"https:\/\/divespot.es\/wp-content\/uploads\/2022\/03\/ssi-300x71.png 300w, https:\/\/divespot.es\/wp-content\/uploads\/2022\/03\/ssi-1024x244.png 1024w, https:\/\/divespot.es\/wp-content\/uploads\/2022\/03\/ssi-768x183.png 768w, https:\/\/divespot.es\/wp-content\/uploads\/2022\/03\/ssi-1536x365.png 1536w, https:\/\/divespot.es\/wp-content\/uploads\/2022\/03\/ssi-2048x487.png 2048w, https:\/\/divespot.es\/wp-content\/uploads\/2022\/03\/ssi-600x143.png 600w\" sizes=\"(max-width: 300px) 100vw, 300px\" \/><\/p>\n<h4>E Learning - Su formaci\u00f3n en l\u00ednea.<\/h4>\n<p>No pierda tiempo. En nuestro Centro de Buceo puedes pasar la formaci\u00f3n de buceo online para todos los niveles. Puedes hacerlo en cualquier momento conveniente, incluso por la noche en tu propia casa. Despu\u00e9s de venir a nosotros, s\u00f3lo realizar\u00e1s habilidades subacu\u00e1ticas y buceo. Despu\u00e9s de reservar, recibir\u00e1s de nosotros el acceso a la formaci\u00f3n en l\u00ednea.<\/p>\n<p>&nbsp;<\/p>\n<h4>\u00bfA\u00fan tienes dudas? \u00bfPor qu\u00e9 reservar un curso de buceo con Dive Spot?<\/h4>\n<div><\/div>\n<div>\n<div>- En cualquier programa de clases de buceo en Tenerife que elijas, recibir\u00e1s una atenci\u00f3n personalizada por parte de nuestro equipo de profesionales.<\/div>\n<div>- Para ahorrar tiempo, las clases te\u00f3ricas se imparten a trav\u00e9s de e-learning.<\/div>\n<div>- Vas a bucear en uno de los puntos de buceo m\u00e1s espectaculares de Tenerife que es Rays Bay.<br \/>\n- Entrar\u00e1s en una enorme comunidad de buceadores que te ofrecer\u00e1 muchos amigos en todo el mundo.<\/div>\n<div>- Te llevaremos a trav\u00e9s de una aventura submarina llena de adrenalina y diversi\u00f3n<\/div>\n<\/div>\n<div><\/div>\n<div>\n<h4>\u00bfC\u00f3mo hacer una reserva?<\/h4>\n<p>Antes de empezar, lea nuestro <a href=\"https:\/\/divespot.es\/es\/terms-and-conditions\/\" target=\"_blank\" rel=\"noopener\">Condiciones generales<\/a>, <a href=\"https:\/\/divespot.es\/es\/privacy-policy\/\" target=\"_blank\" rel=\"noopener\">Pol\u00edtica de privacidad<\/a> y <a href=\"https:\/\/divespot.es\/es\/cancelling-and-refunding-policy\/\" target=\"_blank\" rel=\"noopener\">Pol\u00edtica de cancelaci\u00f3n y reembolso<\/a>. Para hacer una reserva necesitar\u00e1 una tarjeta bancaria para pagar un peque\u00f1o dep\u00f3sito. Si no tiene tarjeta o tiene problemas con el pago en l\u00ednea, por favor <a href=\"https:\/\/divespot.es\/es\/contact\/\">Contacto<\/a> y acordaremos otra forma de pago. Recuerda que los precios promocionales solo son v\u00e1lidos para reservas online realizadas al menos un d\u00eda antes de la inmersi\u00f3n.<\/p>\n<p>Encontrar\u00e1 las preguntas y respuestas m\u00e1s frecuentes <a href=\"https:\/\/divespot.es\/es\/questions-answers\/\">AQU\u00cd<\/a>. Tambi\u00e9n puede hacer preguntas en el chat en l\u00ednea a nuestro asistente.<\/p>\n<\/div>\n<h4>Lee los siguientes consejos y explicaciones:<\/h4>\n<p>La ventana de reserva se encuentra en la parte superior derecha de esta p\u00e1gina.<\/p>\n<p><strong>Seleccione el curso de buceo<\/strong> que desea realizar. Introduzca el n\u00famero de participantes para la opci\u00f3n adecuada.<\/p>\n<p><img decoding=\"async\" loading=\"lazy\" class=\"alignnone wp-image-3765\" src=\"https:\/\/divespot.es\/wp-content\/uploads\/2022\/03\/dlm-300x49.png\" alt=\"\" width=\"356\" height=\"58\" srcset=\"https:\/\/divespot.es\/wp-content\/uploads\/2022\/03\/dlm-300x49.png 300w, https:\/\/divespot.es\/wp-content\/uploads\/2022\/03\/dlm-18x3.png 18w, https:\/\/divespot.es\/wp-content\/uploads\/2022\/03\/dlm-600x99.png 600w, https:\/\/divespot.es\/wp-content\/uploads\/2022\/03\/dlm.png 682w\" sizes=\"(max-width: 356px) 100vw, 356px\" \/><\/p>\n<p><strong>Opciones adicionales<\/strong>. Marque las opciones adicionales que desee a\u00f1adir a su pedido.<\/p>\n<p>Muchos puntos de inmersi\u00f3n interesantes requieren un <strong>licencia de buceo hasta 40 metros de profundidad<\/strong>. Desarrolla tus cualificaciones y ap\u00fantate al curso Deep Diver con nosotros. La formaci\u00f3n dura 2 d\u00edas m\u00e1s.<\/p>\n<p><img decoding=\"async\" loading=\"lazy\" class=\"alignnone size-medium wp-image-3752\" src=\"https:\/\/divespot.es\/wp-content\/uploads\/2022\/03\/ddl-300x59.png\" alt=\"\" width=\"300\" height=\"59\" srcset=\"https:\/\/divespot.es\/wp-content\/uploads\/2022\/03\/ddl-300x59.png 300w, https:\/\/divespot.es\/wp-content\/uploads\/2022\/03\/ddl-18x4.png 18w, https:\/\/divespot.es\/wp-content\/uploads\/2022\/03\/ddl.png 556w\" sizes=\"(max-width: 300px) 100vw, 300px\" \/><\/p>\n<p><strong>Nitrox \/ EAN \/ Aire enriquecido<\/strong> permite a los buceadores permanecer m\u00e1s tiempo bajo el agua, ampliando los l\u00edmites sin descompresi\u00f3n.<\/p>\n<p><img decoding=\"async\" loading=\"lazy\" class=\"alignnone wp-image-3764\" src=\"https:\/\/divespot.es\/wp-content\/uploads\/2022\/03\/ndl-300x67.png\" alt=\"\" width=\"273\" height=\"61\" srcset=\"https:\/\/divespot.es\/wp-content\/uploads\/2022\/03\/ndl-300x67.png 300w, https:\/\/divespot.es\/wp-content\/uploads\/2022\/03\/ndl-18x4.png 18w, https:\/\/divespot.es\/wp-content\/uploads\/2022\/03\/ndl.png 508w\" sizes=\"(max-width: 273px) 100vw, 273px\" \/><\/p>\n<p><strong>Fotos y v\u00eddeos<\/strong> de tu primera inmersi\u00f3n. Si quieres que el instructor te haga un reportaje fotogr\u00e1fico subacu\u00e1tico, marca: S\u00ed, por favor.<\/p>\n<p><img decoding=\"async\" loading=\"lazy\" class=\"alignnone size-medium wp-image-3751\" src=\"https:\/\/divespot.es\/wp-content\/uploads\/2022\/02\/photo-300x87.png\" alt=\"\" width=\"300\" height=\"87\" srcset=\"https:\/\/divespot.es\/wp-content\/uploads\/2022\/02\/photo-300x87.png 300w, https:\/\/divespot.es\/wp-content\/uploads\/2022\/02\/photo-18x5.png 18w, https:\/\/divespot.es\/wp-content\/uploads\/2022\/02\/photo.png 530w\" sizes=\"(max-width: 300px) 100vw, 300px\" \/><\/p>\n<p><strong>Transferencia<\/strong>. Si necesita transporte de ida y vuelta desde el hotel, puede solicitarlo con cargo adicional en dos zonas tur\u00edsticas diferentes. Si el mapa no cubre su lugar de estancia, p\u00f3ngase en contacto con nosotros, es posible organizar el transporte individual. <a href=\"https:\/\/divespot.es\/wp-content\/uploads\/2022\/04\/tenerife-map.jpg\" target=\"_blank\" rel=\"noopener\">MAPA DE TENERIFE<\/a><\/p>\n<p><img decoding=\"async\" loading=\"lazy\" class=\"alignnone wp-image-1060\" src=\"https:\/\/divespot.es\/wp-content\/uploads\/2022\/02\/Transfer.png\" alt=\"Transfer info\" width=\"406\" height=\"113\" srcset=\"https:\/\/divespot.es\/wp-content\/uploads\/2022\/02\/Transfer.png 675w, https:\/\/divespot.es\/wp-content\/uploads\/2022\/02\/Transfer-300x84.png 300w, https:\/\/divespot.es\/wp-content\/uploads\/2022\/02\/Transfer-600x167.png 600w\" sizes=\"(max-width: 406px) 100vw, 406px\" \/><\/p>\n<p><strong>Fecha<\/strong>. Seleccione la fecha de su inmersi\u00f3n. Nos reservamos el derecho de cambiar la hora para una mejor organizaci\u00f3n de nuestro trabajo en el centro de buceo. Nuestro asistente le confirmar\u00e1 su reserva con informaci\u00f3n detallada.<\/p>\n<p><img decoding=\"async\" loading=\"lazy\" class=\"alignnone wp-image-1488\" src=\"https:\/\/divespot.es\/wp-content\/uploads\/2022\/03\/data-2-257x300.jpg\" alt=\"Data \" width=\"230\" height=\"268\" srcset=\"https:\/\/divespot.es\/wp-content\/uploads\/2022\/03\/data-2-257x300.jpg 257w, https:\/\/divespot.es\/wp-content\/uploads\/2022\/03\/data-2-300x351.jpg 300w, https:\/\/divespot.es\/wp-content\/uploads\/2022\/03\/data-2.jpg 558w\" sizes=\"(max-width: 230px) 100vw, 230px\" \/><\/p>\n<h4>Pedido y cesta<\/h4>\n<p>Si su pedido est\u00e1 listo, pulse - Reservar ahora.<br \/>\nSe le transferir\u00e1 al <a href=\"https:\/\/divespot.es\/es\/checkout\/\">P\u00e1gina de pago<\/a>.<br \/>\nSi desea realizar cambios en su reserva, en la parte superior de la p\u00e1gina encontrar\u00e1 la opci\u00f3n <a href=\"https:\/\/divespot.es\/es\/cart\/\">Cesta<\/a> que le llevar\u00e1 a la p\u00e1gina <a href=\"https:\/\/divespot.es\/es\/cart\/\">P\u00e1gina de la cesta<\/a>. Si tiene un cup\u00f3n de descuento para clientes habituales, puede aplicarlo en el carrito y proceder a la compra.<\/p>\n<p><strong>P\u00e1gina de pago - Datos de facturaci\u00f3n<\/strong>. En esta p\u00e1gina rellenar\u00e1 sus datos personales:<br \/>\nNombre, Apellido,<br \/>\nn\u00famero de tel\u00e9fono (no olvides el prefijo: el c\u00f3digo de tu pa\u00eds),<br \/>\ndirecci\u00f3n de correo electr\u00f3nico (para confirmar la reserva),<br \/>\nLa lengua que mejor dominas y otras lenguas en las que puedes comunicarte (las que figuran en la lista; si sabes m\u00e1s, escribe en los comentarios),<\/p>\n<p><strong>Punto de recogida<\/strong> (si solicita un servicio de traslado de pago al hotel) introduzca el nombre completo exacto del hotel junto con la ciudad. Si te alojas en un apartamento, introduce la direcci\u00f3n exacta: calle y n\u00famero, ciudad, c\u00f3digo postal, nombre del edificio y localizaci\u00f3n en Google si es posible. <a href=\"https:\/\/divespot.es\/wp-content\/uploads\/2022\/04\/tenerife-map.jpg\" target=\"_blank\" rel=\"noopener\">Mapa<\/a><\/p>\n<p><strong>Informaci\u00f3n adicional<\/strong>. Introduzca aqu\u00ed la informaci\u00f3n que considere relevante y desee comunicarnos.<\/p>\n<h4>Pago.<\/h4>\n<p>Introduzca los datos de su tarjeta bancaria y pague el dep\u00f3sito.<br \/>\nRecibir\u00e1 una confirmaci\u00f3n autom\u00e1tica a su correo electr\u00f3nico sobre el pago y el estado del proceso PENDIENTE.<br \/>\nA continuaci\u00f3n, nuestro asistente confirma la reserva y le informa de los detalles. Tenga en cuenta que puede haber peque\u00f1os cambios en su pedido. Por ejemplo, la hora de inicio o la hora de traslado al hotel. Las actividades deportivas est\u00e1n sujetas a cambios de \u00faltima hora, \u00a1aseg\u00farese de estar atento al tel\u00e9fono facilitado en la reserva!<br \/>\nSi tiene alg\u00fan problema con la reserva o el pago, p\u00f3ngase en contacto con nuestro asistente en el chat en l\u00ednea. El enlace est\u00e1 en la esquina inferior derecha de la p\u00e1gina. En el pie de p\u00e1gina encontrar\u00e1 m\u00e1s opciones de contacto.<\/p>","protected":false},"excerpt":{"rendered":"<p>Lea la descripci\u00f3n antes de reservar.<\/p>\n<p>Estos precios s\u00f3lo est\u00e1n disponibles al reservar en l\u00ednea.<\/p>","protected":false},"featured_media":2666,"template":"","meta":[],"product_cat":[28],"product_tag":[44,47,41,33],"aioseo_notices":[],"_links":{"self":[{"href":"https:\/\/divespot.es\/es\/wp-json\/wp\/v2\/product\/960"}],"collection":[{"href":"https:\/\/divespot.es\/es\/wp-json\/wp\/v2\/product"}],"about":[{"href":"https:\/\/divespot.es\/es\/wp-json\/wp\/v2\/types\/product"}],"wp:featuredmedia":[{"embeddable":true,"href":"https:\/\/divespot.es\/es\/wp-json\/wp\/v2\/media\/2666"}],"wp:attachment":[{"href":"https:\/\/divespot.es\/es\/wp-json\/wp\/v2\/media?parent=960"}],"wp:term":[{"taxonomy":"product_cat","embeddable":true,"href":"https:\/\/divespot.es\/es\/wp-json\/wp\/v2\/product_cat?post=960"},{"taxonomy":"product_tag","embeddable":true,"href":"https:\/\/divespot.es\/es\/wp-json\/wp\/v2\/product_tag?post=960"}],"curies":[{"name":"wp","href":"https:\/\/api.w.org\/{rel}","templated":true}]}}