{"id":952,"date":"2022-03-12T15:30:34","date_gmt":"2022-03-12T15:30:34","guid":{"rendered":"https:\/\/divespot.es\/?post_type=product&#038;p=952"},"modified":"2024-08-09T11:34:02","modified_gmt":"2024-08-09T11:34:02","slug":"advanced-adventurer-course","status":"publish","type":"product","link":"https:\/\/divespot.es\/es\/producto\/advanced-adventurer-course\/","title":{"rendered":"Avance Avanzado"},"content":{"rendered":"<h4>\u00bfQu\u00e9 es el curso de Aventurero Avanzado?<\/h4>\n<p>Durante este <span style=\"font-weight: 400;\">Curso de Aventurero Avanzado,<\/span>\u00a0participar\u00e1s en cinco inmersiones de aventura, cada una de ellas centrada en una habilidad espec\u00edfica. Estas inmersiones incluyen buceo profundo, navegaci\u00f3n submarina, buceo nocturno y mucho m\u00e1s. Nuestros experimentados instructores te ense\u00f1ar\u00e1n las t\u00e9cnicas necesarias para dominar cada inmersi\u00f3n, proporcion\u00e1ndote los conocimientos y la experiencia necesarios para convertirte en un buceador seguro y competente.<\/p>\n<p>Nuestra <span style=\"font-weight: 400;\">Aventurero avanzado<\/span> est\u00e1 certificado por SSI, la organizaci\u00f3n de certificaci\u00f3n m\u00e1s respetada en la industria del buceo. Al completar con \u00e9xito el curso, recibir\u00e1 una certificaci\u00f3n reconocida internacionalmente que le permitir\u00e1 bucear hasta una profundidad de 30 metros.<\/p>\n<p>Con nuestros experimentados instructores y nuestra impresionante ubicaci\u00f3n, nuestro <span style=\"font-weight: 400;\">Aventurero avanzado<\/span> en Tenerife es la manera perfecta de llevar tus habilidades de buceo al siguiente nivel. \u00a1\u00danete a nosotros hoy y comienza tu aventura submarina!<\/p>\n<h4>\u00bfQui\u00e9n puede inscribirse en el curso de Aventurero Avanzado?<\/h4>\n<p>Para inscribirse en un <span style=\"font-weight: 400;\">Aventurero avanzado<\/span> para realizar el curso, debes haber completado la certificaci\u00f3n Open Water Diver (OWD) o una certificaci\u00f3n equivalente de otra organizaci\u00f3n de buceo. Este prerrequisito asegura que usted tiene las habilidades y conocimientos necesarios para construir durante el curso. <span style=\"font-weight: 400;\">Aventurero avanzado<\/span> curso.<\/p>\n<p>Tambi\u00e9n se recomienda tener experiencia reciente de buceo antes de empezar el <span style=\"font-weight: 400;\">Aventurero avanzado<\/span> curso. Esto te ayudar\u00e1 a sentirte m\u00e1s c\u00f3modo y seguro en el agua, permiti\u00e9ndote centrarte en desarrollar tus habilidades y conocimientos durante el curso.<\/p>\n<h4>Organizaciones de buceo SSI.<\/h4>\n<p>En nuestro centro de buceo Dive Spot en Tenerife, ofrecemos formaci\u00f3n de la mayor organizaci\u00f3n de buceo en el mundo SSI - Scuba Schools International. Los certificados emitidos por esta organizaci\u00f3n son aceptados en todo el mundo.<br \/>\n<img decoding=\"async\" loading=\"lazy\" class=\"alignnone size-medium wp-image-1478\" src=\"https:\/\/divespot.es\/wp-content\/uploads\/2022\/03\/ssi-300x71.png\" alt=\"logo ssi\" width=\"300\" height=\"71\" srcset=\"https:\/\/divespot.es\/wp-content\/uploads\/2022\/03\/ssi-300x71.png 300w, https:\/\/divespot.es\/wp-content\/uploads\/2022\/03\/ssi-1024x244.png 1024w, https:\/\/divespot.es\/wp-content\/uploads\/2022\/03\/ssi-768x183.png 768w, https:\/\/divespot.es\/wp-content\/uploads\/2022\/03\/ssi-1536x365.png 1536w, https:\/\/divespot.es\/wp-content\/uploads\/2022\/03\/ssi-2048x487.png 2048w, https:\/\/divespot.es\/wp-content\/uploads\/2022\/03\/ssi-600x143.png 600w\" sizes=\"(max-width: 300px) 100vw, 300px\" \/><\/p>\n<h4>E-Learning - Su formaci\u00f3n en l\u00ednea<\/h4>\n<p>\u00a1No pierdas el tiempo! En nuestro centro de buceo, puedes completar la formaci\u00f3n de buceo en l\u00ednea para todos los niveles. Puedes hacerlo en cualquier momento, incluso por la tarde, en tu propia casa. Despu\u00e9s de reservar, recibir\u00e1s de nosotros un acceso a la formaci\u00f3n en l\u00ednea. S\u00f3lo tendr\u00e1s que realizar habilidades subacu\u00e1ticas y bucear cuando vengas a vernos.<\/p>\n<h4>\u00bfA\u00fan tiene dudas? \u00bfPor qu\u00e9 reservar un curso de buceo con Dive Spot?<\/h4>\n<ul>\n<li>En cualquier programa de clases de buceo en Tenerife que elijas, recibir\u00e1s una atenci\u00f3n personalizada por parte de nuestro equipo de profesionales.<\/li>\n<li>Puede estar seguro de que con nosotros obtendr\u00e1 <a href=\"https:\/\/divespot.es\/en\/best-price-policy\/\">los mejores precios para bucear en Tenerife<\/a>.<\/li>\n<li>Para ahorrar tiempo, las clases te\u00f3ricas se imparten a trav\u00e9s de e-learning.<\/li>\n<li>Te sumergir\u00e1s en <a href=\"https:\/\/divespot.es\/en\/article-2\/\">Bah\u00eda de Ray<\/a>Uno de los puntos de inmersi\u00f3n m\u00e1s espectaculares de Tenerife.<\/li>\n<li>Formar\u00e1s parte de una enorme comunidad de buceadores que te ofrecer\u00e1 muchos amigos en todo el mundo.<\/li>\n<li>Le llevaremos a trav\u00e9s de una aventura submarina llena de adrenalina y diversi\u00f3n.<\/li>\n<\/ul>\n<h4>\u00bfC\u00f3mo hacer una reserva?<\/h4>\n<p>Antes de empezar, lea nuestro <a href=\"https:\/\/divespot.es\/es\/terms-and-conditions\/\" target=\"_blank\" rel=\"noopener\">Condiciones generales<\/a>, <a href=\"https:\/\/divespot.es\/es\/privacy-policy\/\" target=\"_blank\" rel=\"noopener\">Pol\u00edtica de privacidad<\/a> y <a href=\"https:\/\/divespot.es\/es\/cancelling-and-refunding-policy\/\" target=\"_blank\" rel=\"noopener\">Pol\u00edtica de cancelaci\u00f3n y reembolso<\/a>. Para hacer una reserva, necesitar\u00e1 una tarjeta bancaria para pagar un peque\u00f1o dep\u00f3sito. Si no tiene tarjeta o tiene problemas con el pago en l\u00ednea, por favor <a href=\"https:\/\/divespot.es\/es\/contact\/\">Contacto<\/a>y acordaremos otra forma de pago. Recuerda que los precios promocionales solo son v\u00e1lidos para reservas online realizadas al menos un d\u00eda antes de la inmersi\u00f3n.<\/p>\n<p>Encontrar\u00e1 las preguntas y respuestas m\u00e1s frecuentes en <a href=\"https:\/\/divespot.es\/es\/questions-answers\/\">nuestra p\u00e1gina de preguntas y respuestas<\/a>o puede solicitar m\u00e1s informaci\u00f3n en <a href=\"https:\/\/divespot.es\/es\/contact\/\">nuestra p\u00e1gina de contacto<\/a>.<\/p>\n<h6>Lee los siguientes consejos y explicaciones:<\/h6>\n<p>La ventana de reserva se encuentra en la parte superior derecha de esta p\u00e1gina.<br \/>\n<b>Seleccione el curso de buceo<\/b> que desea realizar. Introduzca el n\u00famero de participantes para la opci\u00f3n adecuada.<\/p>\n<p><img decoding=\"async\" loading=\"lazy\" class=\"alignnone size-medium wp-image-3753\" src=\"https:\/\/divespot.es\/wp-content\/uploads\/2022\/03\/aad-300x56.png\" alt=\"\" width=\"300\" height=\"56\" srcset=\"https:\/\/divespot.es\/wp-content\/uploads\/2022\/03\/aad-300x56.png 300w, https:\/\/divespot.es\/wp-content\/uploads\/2022\/03\/aad-18x3.png 18w, https:\/\/divespot.es\/wp-content\/uploads\/2022\/03\/aad.png 600w\" sizes=\"(max-width: 300px) 100vw, 300px\" \/><\/p>\n<p><b>Opciones adicionales<\/b>. Marque las opciones adicionales que desee a\u00f1adir a su pedido.<\/p>\n<p><strong>El mundo submarino de noche<\/strong> es completamente diferente. Le animamos a reservar una inmersi\u00f3n nocturna como inmersi\u00f3n adicional en cualquier d\u00eda del paquete.<\/p>\n<p><img decoding=\"async\" loading=\"lazy\" class=\"alignnone  wp-image-3754\" src=\"https:\/\/divespot.es\/wp-content\/uploads\/2022\/03\/and-300x47.png\" alt=\"\" width=\"357\" height=\"56\" srcset=\"https:\/\/divespot.es\/wp-content\/uploads\/2022\/03\/and-300x47.png 300w, https:\/\/divespot.es\/wp-content\/uploads\/2022\/03\/and-18x3.png 18w, https:\/\/divespot.es\/wp-content\/uploads\/2022\/03\/and-600x94.png 600w, https:\/\/divespot.es\/wp-content\/uploads\/2022\/03\/and.png 700w\" sizes=\"(max-width: 357px) 100vw, 357px\" \/><\/p>\n<p>Muchos puntos de inmersi\u00f3n interesantes requieren un <strong>licencia de buceo hasta 40 metros de profundidad<\/strong>. Desarrolla tus cualificaciones y ap\u00fantate al curso Deep Diver con nosotros. <a href=\"https:\/\/divespot.es\/es\/producto\/deep-diver-specialty\/\">Encontrar\u00e1 m\u00e1s informaci\u00f3n aqu\u00ed.<\/a> Esta formaci\u00f3n dura 2 d\u00edas m\u00e1s.<\/p>\n<p><img decoding=\"async\" loading=\"lazy\" class=\"alignnone  wp-image-3752\" src=\"https:\/\/divespot.es\/wp-content\/uploads\/2022\/03\/ddl-300x59.png\" alt=\"\" width=\"280\" height=\"55\" srcset=\"https:\/\/divespot.es\/wp-content\/uploads\/2022\/03\/ddl-300x59.png 300w, https:\/\/divespot.es\/wp-content\/uploads\/2022\/03\/ddl-18x4.png 18w, https:\/\/divespot.es\/wp-content\/uploads\/2022\/03\/ddl.png 556w\" sizes=\"(max-width: 280px) 100vw, 280px\" \/><\/p>\n<p><b>Fotos y v\u00eddeos<\/b> de tu primera inmersi\u00f3n. Si quieres que el instructor te haga una sesi\u00f3n fotogr\u00e1fica subacu\u00e1tica, selecciona \"S\u00ed, por favor\".<\/p>\n<p><img decoding=\"async\" loading=\"lazy\" class=\"alignnone size-medium wp-image-3751\" src=\"https:\/\/divespot.es\/wp-content\/uploads\/2022\/02\/photo-300x87.png\" alt=\"\" width=\"300\" height=\"87\" srcset=\"https:\/\/divespot.es\/wp-content\/uploads\/2022\/02\/photo-300x87.png 300w, https:\/\/divespot.es\/wp-content\/uploads\/2022\/02\/photo-18x5.png 18w, https:\/\/divespot.es\/wp-content\/uploads\/2022\/02\/photo.png 530w\" sizes=\"(max-width: 300px) 100vw, 300px\" \/><\/p>\n<p><b>Transferencia<\/b>. Si necesita transporte de ida y vuelta desde su hotel, puede solicitarlo con una tarifa adicional en dos zonas tur\u00edsticas diferentes. Si su lugar de estancia no aparece en el mapa, p\u00f3ngase en contacto con nosotros. Podemos organizarle un transporte individual. <a href=\"https:\/\/divespot.es\/wp-content\/uploads\/2022\/04\/tenerife-map.jpg\" target=\"_blank\" rel=\"noopener\">Puede consultar el mapa de zonas de transporte aqu\u00ed.<\/a><\/p>\n<p><img decoding=\"async\" loading=\"lazy\" class=\"alignnone wp-image-1060\" src=\"https:\/\/divespot.es\/wp-content\/uploads\/2022\/02\/Transfer.png\" alt=\"Transfer info\" width=\"406\" height=\"113\" srcset=\"https:\/\/divespot.es\/wp-content\/uploads\/2022\/02\/Transfer.png 675w, https:\/\/divespot.es\/wp-content\/uploads\/2022\/02\/Transfer-300x84.png 300w, https:\/\/divespot.es\/wp-content\/uploads\/2022\/02\/Transfer-600x167.png 600w\" sizes=\"(max-width: 406px) 100vw, 406px\" \/><\/p>\n<p><b>Fecha<\/b>. Seleccione la fecha de su inmersi\u00f3n. Nos reservamos el derecho de cambiar la hora para una mejor organizaci\u00f3n de nuestro trabajo en el centro de buceo. Nuestro asistente le confirmar\u00e1 su reserva con informaci\u00f3n detallada.<\/p>\n<p><img decoding=\"async\" loading=\"lazy\" class=\"alignnone wp-image-1488\" src=\"https:\/\/divespot.es\/wp-content\/uploads\/2022\/03\/data-2-257x300.jpg\" alt=\"Data \" width=\"230\" height=\"268\" srcset=\"https:\/\/divespot.es\/wp-content\/uploads\/2022\/03\/data-2-257x300.jpg 257w, https:\/\/divespot.es\/wp-content\/uploads\/2022\/03\/data-2-300x351.jpg 300w, https:\/\/divespot.es\/wp-content\/uploads\/2022\/03\/data-2.jpg 558w\" sizes=\"(max-width: 230px) 100vw, 230px\" \/><\/p>\n<h4>Pedido y cesta<\/h4>\n<p>Si su pedido est\u00e1 listo, pulse \"Reservar ahora\". Se le transferir\u00e1 a la <a href=\"https:\/\/divespot.es\/es\/checkout\/\">P\u00e1gina de pago<\/a>.<br \/>\nSi desea realizar cambios en su reserva, encontrar\u00e1 la opci\u00f3n <a href=\"https:\/\/divespot.es\/es\/cart\/\">Cesta<\/a> que se encuentra en la parte superior de la p\u00e1gina, que le llevar\u00e1 a su <a href=\"https:\/\/divespot.es\/es\/cart\/\">Carrito<\/a>. Si tiene un cup\u00f3n de descuento para clientes habituales, puede aplicarlo en el carrito y proceder a la compra.<br \/>\n<b>P\u00e1gina de pago - Datos de facturaci\u00f3n<\/b>. En esta p\u00e1gina rellenar\u00e1 sus datos personales: nombre, apellidos, n\u00famero de tel\u00e9fono (no olvide el prefijo, que es el c\u00f3digo de su pa\u00eds), direcci\u00f3n de correo electr\u00f3nico (para la confirmaci\u00f3n de la reserva), el idioma que mejor habla y los idiomas adicionales en los que puede comunicarse (elija de la lista. Si conoce m\u00e1s, escr\u00edbalos en los comentarios).<\/p>\n<p><b>Punto de recogida<\/b>. Si ha solicitado un servicio de traslado de pago desde el hotel, introduzca el nombre completo exacto del hotel, incluida la ciudad. Si se aloja en un apartamento, introduzca la direcci\u00f3n exacta: calle y n\u00famero, ciudad, c\u00f3digo postal, nombre del edificio y ubicaci\u00f3n en Google, si es posible.<\/p>\n<p><b>Informaci\u00f3n adicional<\/b>. Introduzca en esta secci\u00f3n cualquier informaci\u00f3n relevante sobre la que desee informarnos.<\/p>\n<h4>Pago.<\/h4>\n<p>Introduzca los datos de su tarjeta bancaria y pague el dep\u00f3sito. Recibir\u00e1 una confirmaci\u00f3n autom\u00e1tica a su correo electr\u00f3nico sobre el pago y el estado del proceso pendiente.<br \/>\nA continuaci\u00f3n, nuestro asistente confirmar\u00e1 la reserva y le informar\u00e1 de los detalles. Tenga en cuenta que <b>puede haber peque\u00f1os cambios en su pedido<\/b>como la hora de inicio o la hora de recogida en el hotel. Las actividades deportivas est\u00e1n sujetas a cambios de \u00faltima hora, as\u00ed que aseg\u00farese de <b>tenga el tel\u00e9fono a mano<\/b> en caso de que necesitemos ponernos en contacto con usted. Si tiene alg\u00fan problema con la reserva o el pago, por favor <a href=\"https:\/\/divespot.es\/es\/contact\/\">Contacto<\/a>.<\/p>","protected":false},"excerpt":{"rendered":"<p>Lea la descripci\u00f3n antes de reservar.<\/p>\n<p>Estos precios s\u00f3lo est\u00e1n disponibles al reservar en l\u00ednea.<\/p>\n<p><a href=\"https:\/\/divespot.es\/wp-content\/uploads\/2022\/04\/tenerife-map.jpg\">MAPA DE ZONAS DE TRANSPORTE<\/a><\/p>","protected":false},"featured_media":2667,"template":"","meta":[],"product_cat":[28],"product_tag":[46,44,33],"aioseo_notices":[],"_links":{"self":[{"href":"https:\/\/divespot.es\/es\/wp-json\/wp\/v2\/product\/952"}],"collection":[{"href":"https:\/\/divespot.es\/es\/wp-json\/wp\/v2\/product"}],"about":[{"href":"https:\/\/divespot.es\/es\/wp-json\/wp\/v2\/types\/product"}],"wp:featuredmedia":[{"embeddable":true,"href":"https:\/\/divespot.es\/es\/wp-json\/wp\/v2\/media\/2667"}],"wp:attachment":[{"href":"https:\/\/divespot.es\/es\/wp-json\/wp\/v2\/media?parent=952"}],"wp:term":[{"taxonomy":"product_cat","embeddable":true,"href":"https:\/\/divespot.es\/es\/wp-json\/wp\/v2\/product_cat?post=952"},{"taxonomy":"product_tag","embeddable":true,"href":"https:\/\/divespot.es\/es\/wp-json\/wp\/v2\/product_tag?post=952"}],"curies":[{"name":"wp","href":"https:\/\/api.w.org\/{rel}","templated":true}]}}