{"id":827,"date":"2022-03-10T20:45:43","date_gmt":"2022-03-10T20:45:43","guid":{"rendered":"https:\/\/divespot.es\/?post_type=product&#038;p=827"},"modified":"2022-12-28T14:30:12","modified_gmt":"2022-12-28T14:30:12","slug":"two-days","status":"publish","type":"product","link":"https:\/\/divespot.es\/es\/producto\/two-days\/","title":{"rendered":"Dos d\u00edas de buceo"},"content":{"rendered":"<h4>Paquete de dos d\u00edas con cuatro inmersiones.<\/h4>\n<p>Elige los d\u00edas y \u00fanete a nuestras inmersiones. Si quieres saber m\u00e1s sobre las especificaciones de buceo de Tenerife, vuelve al <a href=\"https:\/\/divespot.es\/es\/categoria-producto\/dive-package\/\">Paquetes de buceo<\/a> descripci\u00f3n. Acerca de los puntos de inmersi\u00f3n <a href=\"https:\/\/divespot.es\/es\/best-dive-spots-in-tenerife\/\">Aqu\u00ed<\/a>. Y si desea obtener conocimientos m\u00e1s detallados, visite nuestro blog - <a href=\"https:\/\/divespot.es\/es\/this-is-interesting\/\">Esto es interesante<\/a>.<\/p>\n<div>\n<h4>\u00bfC\u00f3mo hacer una reserva?<\/h4>\n<p>Antes de empezar, lea nuestro <a href=\"https:\/\/divespot.es\/es\/terms-and-conditions\/\" target=\"_blank\" rel=\"noopener\">Condiciones generales<\/a>, <a href=\"https:\/\/divespot.es\/es\/privacy-policy\/\" target=\"_blank\" rel=\"noopener\">Pol\u00edtica de privacidad<\/a> y <a href=\"https:\/\/divespot.es\/es\/cancelling-and-refunding-policy\/\" target=\"_blank\" rel=\"noopener\">Pol\u00edtica de cancelaci\u00f3n y reembolso<\/a>. Para hacer una reserva necesitar\u00e1 una tarjeta bancaria para pagar un peque\u00f1o dep\u00f3sito. Si no tiene tarjeta o tiene problemas con el pago en l\u00ednea, por favor <a href=\"https:\/\/divespot.es\/es\/contact\/\">Contacto<\/a> y acordaremos otra forma de pago. Recuerda que los precios promocionales solo son v\u00e1lidos para reservas online realizadas al menos un d\u00eda antes de la inmersi\u00f3n.<\/p>\n<p>Encontrar\u00e1 las preguntas y respuestas m\u00e1s frecuentes <a href=\"https:\/\/divespot.es\/es\/questions-answers\/\">AQU\u00cd<\/a>. Tambi\u00e9n puede hacer preguntas en el chat en l\u00ednea a nuestro asistente.<\/p>\n<\/div>\n<h4>Lee los siguientes consejos y explicaciones:<\/h4>\n<p>La ventana de reserva se encuentra en la parte superior derecha de esta p\u00e1gina.<\/p>\n<p><strong>Introduzca el n\u00famero<\/strong> de participantes. Si est\u00e1 solo, elija 1. Si es un grupo, elija el n\u00famero de buceadores.<\/p>\n<p><img decoding=\"async\" loading=\"lazy\" class=\"alignnone wp-image-1533\" src=\"https:\/\/divespot.es\/wp-content\/uploads\/2022\/03\/2-days.jpg\" alt=\"Two days\" width=\"595\" height=\"50\" srcset=\"https:\/\/divespot.es\/wp-content\/uploads\/2022\/03\/2-days.jpg 774w, https:\/\/divespot.es\/wp-content\/uploads\/2022\/03\/2-days-300x25.jpg 300w, https:\/\/divespot.es\/wp-content\/uploads\/2022\/03\/2-days-768x64.jpg 768w, https:\/\/divespot.es\/wp-content\/uploads\/2022\/03\/2-days-600x50.jpg 600w\" sizes=\"(max-width: 595px) 100vw, 595px\" \/><\/p>\n<p><strong>Opciones adicionales<\/strong>. Marque las opciones adicionales que desee a\u00f1adir a su pedido.<\/p>\n<p><strong>El mundo submarino de noche<\/strong> es completamente diferente. Le animamos a reservar una inmersi\u00f3n nocturna como inmersi\u00f3n adicional en cualquier d\u00eda del paquete.<\/p>\n<p><img decoding=\"async\" loading=\"lazy\" class=\"alignnone wp-image-1521\" src=\"https:\/\/divespot.es\/wp-content\/uploads\/2022\/03\/ad-night-dive.jpg\" alt=\"Night dive\" width=\"595\" height=\"50\" srcset=\"https:\/\/divespot.es\/wp-content\/uploads\/2022\/03\/ad-night-dive.jpg 774w, https:\/\/divespot.es\/wp-content\/uploads\/2022\/03\/ad-night-dive-300x25.jpg 300w, https:\/\/divespot.es\/wp-content\/uploads\/2022\/03\/ad-night-dive-768x64.jpg 768w, https:\/\/divespot.es\/wp-content\/uploads\/2022\/03\/ad-night-dive-600x50.jpg 600w\" sizes=\"(max-width: 595px) 100vw, 595px\" \/><\/p>\n<p><strong>Bucear desde el barco<\/strong>. Cobramos un suplemento por bucear desde una embarcaci\u00f3n semirr\u00edgida. Tenga en cuenta que el grado de dificultad es mayor. No recomendamos esta opci\u00f3n para buceadores sin experiencia. Si lo desea, elija cu\u00e1ntos d\u00edas de su paquete le gustar\u00eda hacer buceo desde barco.<\/p>\n<p><img decoding=\"async\" loading=\"lazy\" class=\"alignnone wp-image-1526\" src=\"https:\/\/divespot.es\/wp-content\/uploads\/2022\/03\/Boat.jpg\" alt=\"Bout dive\" width=\"595\" height=\"50\" srcset=\"https:\/\/divespot.es\/wp-content\/uploads\/2022\/03\/Boat.jpg 774w, https:\/\/divespot.es\/wp-content\/uploads\/2022\/03\/Boat-300x25.jpg 300w, https:\/\/divespot.es\/wp-content\/uploads\/2022\/03\/Boat-768x64.jpg 768w, https:\/\/divespot.es\/wp-content\/uploads\/2022\/03\/Boat-600x50.jpg 600w\" sizes=\"(max-width: 595px) 100vw, 595px\" \/><\/p>\n<p>&nbsp;<\/p>\n<p><strong>Revista de submarinismo<\/strong>. Si un buceador lleva dos a\u00f1os o m\u00e1s sin bucear, debe refrescar sus conocimientos de buceo. Durante el programa Scuba Review, el buceador actualiza sus conocimientos b\u00e1sicos y sus habilidades subacu\u00e1ticas. Esta formaci\u00f3n se realiza en la primera inmersi\u00f3n.<\/p>\n<p><img decoding=\"async\" loading=\"lazy\" class=\"alignnone wp-image-1522\" src=\"https:\/\/divespot.es\/wp-content\/uploads\/2022\/03\/Scuba-review.jpg\" alt=\"Scuba review\" width=\"694\" height=\"69\" srcset=\"https:\/\/divespot.es\/wp-content\/uploads\/2022\/03\/Scuba-review.jpg 774w, https:\/\/divespot.es\/wp-content\/uploads\/2022\/03\/Scuba-review-300x30.jpg 300w, https:\/\/divespot.es\/wp-content\/uploads\/2022\/03\/Scuba-review-768x76.jpg 768w, https:\/\/divespot.es\/wp-content\/uploads\/2022\/03\/Scuba-review-600x60.jpg 600w\" sizes=\"(max-width: 694px) 100vw, 694px\" \/><\/p>\n<p><strong>Alquiler de equipos.<\/strong> Muchos buceadores viajan con su propio equipo de buceo. Si no dispone de \u00e9l, puede alquilarnos el equipo completo. El precio incluye todo el paquete.<\/p>\n<p><img decoding=\"async\" loading=\"lazy\" class=\"alignnone wp-image-1523\" src=\"https:\/\/divespot.es\/wp-content\/uploads\/2022\/03\/Equipmant.jpg\" alt=\"Renting equipmant\" width=\"671\" height=\"117\" srcset=\"https:\/\/divespot.es\/wp-content\/uploads\/2022\/03\/Equipmant.jpg 774w, https:\/\/divespot.es\/wp-content\/uploads\/2022\/03\/Equipmant-300x52.jpg 300w, https:\/\/divespot.es\/wp-content\/uploads\/2022\/03\/Equipmant-768x134.jpg 768w, https:\/\/divespot.es\/wp-content\/uploads\/2022\/03\/Equipmant-600x105.jpg 600w\" sizes=\"(max-width: 671px) 100vw, 671px\" \/><\/p>\n<p><strong>Fotos y v\u00eddeos<\/strong> de tu primera inmersi\u00f3n. Si quieres que el instructor te haga un reportaje fotogr\u00e1fico subacu\u00e1tico, marca: S\u00ed, por favor.<\/p>\n<p><img decoding=\"async\" loading=\"lazy\" class=\"alignnone wp-image-1059\" src=\"https:\/\/divespot.es\/wp-content\/uploads\/2022\/02\/foto.png\" alt=\"foto video\" width=\"408\" height=\"64\" srcset=\"https:\/\/divespot.es\/wp-content\/uploads\/2022\/02\/foto.png 675w, https:\/\/divespot.es\/wp-content\/uploads\/2022\/02\/foto-300x47.png 300w, https:\/\/divespot.es\/wp-content\/uploads\/2022\/02\/foto-600x94.png 600w\" sizes=\"(max-width: 408px) 100vw, 408px\" \/><\/p>\n<p><strong>Seguro de buceo<\/strong> es obligatorio en Espa\u00f1a. Cada buceador debe tener su propio seguro individual. Si no dispone de uno, puede contratarlo con nosotros.<\/p>\n<p><img decoding=\"async\" loading=\"lazy\" class=\"alignnone wp-image-1529\" src=\"https:\/\/divespot.es\/wp-content\/uploads\/2022\/03\/insurance.jpg\" alt=\"scuba insurance\" width=\"308\" height=\"243\" srcset=\"https:\/\/divespot.es\/wp-content\/uploads\/2022\/03\/insurance.jpg 376w, https:\/\/divespot.es\/wp-content\/uploads\/2022\/03\/insurance-300x236.jpg 300w\" sizes=\"(max-width: 308px) 100vw, 308px\" \/><\/p>\n<p><strong>Transferencia<\/strong>. Si necesita transporte de ida y vuelta desde el hotel, puede solicitarlo con cargo adicional en dos zonas tur\u00edsticas diferentes. Si el mapa no cubre su lugar de estancia, p\u00f3ngase en contacto con nosotros, es posible organizar el transporte individual. <a href=\"https:\/\/divespot.es\/wp-content\/uploads\/2022\/04\/tenerife-map.jpg\" target=\"_blank\" rel=\"noopener\">MAPA DE TENERIFE<\/a><\/p>\n<p><img decoding=\"async\" loading=\"lazy\" class=\"alignnone wp-image-1060\" src=\"https:\/\/divespot.es\/wp-content\/uploads\/2022\/02\/Transfer.png\" alt=\"Transfer info\" width=\"406\" height=\"113\" srcset=\"https:\/\/divespot.es\/wp-content\/uploads\/2022\/02\/Transfer.png 675w, https:\/\/divespot.es\/wp-content\/uploads\/2022\/02\/Transfer-300x84.png 300w, https:\/\/divespot.es\/wp-content\/uploads\/2022\/02\/Transfer-600x167.png 600w\" sizes=\"(max-width: 406px) 100vw, 406px\" \/><\/p>\n<p><strong>Fecha<\/strong>. Seleccione las fechas de inmersi\u00f3n para cada d\u00eda por separado. La hora de encuentro en el Centro de Buceo est\u00e1 prevista para las 9.30 h. Para las inmersiones desde barco puede cambiarse.<\/p>\n<p><img decoding=\"async\" loading=\"lazy\" class=\"alignnone wp-image-1488\" src=\"https:\/\/divespot.es\/wp-content\/uploads\/2022\/03\/data-2-257x300.jpg\" alt=\"Data \" width=\"230\" height=\"268\" srcset=\"https:\/\/divespot.es\/wp-content\/uploads\/2022\/03\/data-2-257x300.jpg 257w, https:\/\/divespot.es\/wp-content\/uploads\/2022\/03\/data-2-300x351.jpg 300w, https:\/\/divespot.es\/wp-content\/uploads\/2022\/03\/data-2.jpg 558w\" sizes=\"(max-width: 230px) 100vw, 230px\" \/><\/p>\n<p><strong>Nivel de formaci\u00f3n<\/strong>. Introduzca aqu\u00ed el nombre de su organizaci\u00f3n de buceo y el tipo de licencia. Esta informaci\u00f3n es necesaria para determinar la profundidad m\u00e1xima permitida.<\/p>\n<p><img decoding=\"async\" loading=\"lazy\" class=\"alignnone wp-image-1530\" src=\"https:\/\/divespot.es\/wp-content\/uploads\/2022\/03\/licence.jpg\" alt=\"Dive level\" width=\"503\" height=\"64\" srcset=\"https:\/\/divespot.es\/wp-content\/uploads\/2022\/03\/licence.jpg 762w, https:\/\/divespot.es\/wp-content\/uploads\/2022\/03\/licence-300x38.jpg 300w, https:\/\/divespot.es\/wp-content\/uploads\/2022\/03\/licence-600x76.jpg 600w\" sizes=\"(max-width: 503px) 100vw, 503px\" \/><\/p>\n<p><strong>Inmersiones registradas<\/strong>. En el primer campo, introduce cu\u00e1ntas inmersiones has hecho hasta ahora. En el segundo, escribe cu\u00e1ndo buceaste por \u00faltima vez: hace cu\u00e1ntos meses o a\u00f1os.<\/p>\n<p><img decoding=\"async\" loading=\"lazy\" class=\"alignnone wp-image-1531\" src=\"https:\/\/divespot.es\/wp-content\/uploads\/2022\/03\/loged-dives.jpg\" alt=\"amount of dives\" width=\"544\" height=\"73\" srcset=\"https:\/\/divespot.es\/wp-content\/uploads\/2022\/03\/loged-dives.jpg 768w, https:\/\/divespot.es\/wp-content\/uploads\/2022\/03\/loged-dives-300x40.jpg 300w, https:\/\/divespot.es\/wp-content\/uploads\/2022\/03\/loged-dives-600x80.jpg 600w\" sizes=\"(max-width: 544px) 100vw, 544px\" \/><\/p>\n<h4>Pedido y cesta<\/h4>\n<p>Si su pedido est\u00e1 listo, pulse - Reservar ahora.<br \/>\nSe le transferir\u00e1 al <a href=\"https:\/\/divespot.es\/es\/checkout\/\">P\u00e1gina de pago<\/a>.<br \/>\nSi desea realizar cambios en su reserva, en la parte superior de la p\u00e1gina encontrar\u00e1 la opci\u00f3n <a href=\"https:\/\/divespot.es\/es\/cart\/\">Cesta<\/a> que le llevar\u00e1 a la p\u00e1gina <a href=\"https:\/\/divespot.es\/es\/cart\/\">P\u00e1gina de la cesta<\/a>. Si tiene un cup\u00f3n de descuento para clientes habituales, puede aplicarlo en el carrito y proceder a la compra.<\/p>\n<p><strong>P\u00e1gina de pago - Datos de facturaci\u00f3n<\/strong>. En esta p\u00e1gina rellenar\u00e1 sus datos personales:<br \/>\nNombre, apellido,<br \/>\nn\u00famero de tel\u00e9fono (no olvides el prefijo: el c\u00f3digo de tu pa\u00eds),<br \/>\ndirecci\u00f3n de correo electr\u00f3nico (para confirmar la reserva),<br \/>\nLa lengua que mejor domines y otras lenguas en las que puedas comunicarte (las que figuran en la lista; si sabes m\u00e1s, escribe en los comentarios),<\/p>\n<p><strong>Punto de recogida<\/strong> (si solicita un servicio de traslado de pago al hotel) escriba el nombre completo exacto del hotel junto con la ciudad. Si te alojas en un apartamento, escribe la direcci\u00f3n exacta: calle y n\u00famero, ciudad, c\u00f3digo postal, nombre del edificio y localizaci\u00f3n en Google si es posible. <a href=\"https:\/\/divespot.es\/wp-content\/uploads\/2022\/04\/tenerife-map.jpg\" target=\"_blank\" rel=\"noopener\">Mapa<\/a><\/p>\n<p><strong>Informaci\u00f3n adicional<\/strong>. Indique aqu\u00ed cualquier informaci\u00f3n que considere relevante y desee comunicarnos.<\/p>\n<h4>Pago.<\/h4>\n<p>Introduzca los datos de su tarjeta bancaria y pague el dep\u00f3sito.<br \/>\nRecibir\u00e1 una confirmaci\u00f3n autom\u00e1tica a su correo electr\u00f3nico sobre el pago y el estado del proceso PENDIENTE.<br \/>\nA continuaci\u00f3n, nuestro asistente confirma la reserva y le informa de los detalles. Tenga en cuenta que puede haber peque\u00f1os cambios en su pedido. Por ejemplo, la hora de inicio o la hora de traslado al hotel. Las actividades deportivas est\u00e1n sujetas a cambios de \u00faltima hora, \u00a1aseg\u00farese de estar atento al tel\u00e9fono facilitado en la reserva!<br \/>\nSi tiene alg\u00fan problema con la reserva o el pago, p\u00f3ngase en contacto con nuestro asistente en el chat en l\u00ednea. El enlace est\u00e1 en la esquina inferior derecha de la p\u00e1gina. En el pie de p\u00e1gina encontrar\u00e1 m\u00e1s opciones de contacto.<\/p>","protected":false},"excerpt":{"rendered":"<p>Lea la descripci\u00f3n antes de reservar.<\/p>\n<p>Estos precios s\u00f3lo est\u00e1n disponibles al reservar en l\u00ednea.<\/p>","protected":false},"featured_media":2671,"template":"","meta":[],"product_cat":[30],"product_tag":[38,41,33],"aioseo_notices":[],"_links":{"self":[{"href":"https:\/\/divespot.es\/es\/wp-json\/wp\/v2\/product\/827"}],"collection":[{"href":"https:\/\/divespot.es\/es\/wp-json\/wp\/v2\/product"}],"about":[{"href":"https:\/\/divespot.es\/es\/wp-json\/wp\/v2\/types\/product"}],"wp:featuredmedia":[{"embeddable":true,"href":"https:\/\/divespot.es\/es\/wp-json\/wp\/v2\/media\/2671"}],"wp:attachment":[{"href":"https:\/\/divespot.es\/es\/wp-json\/wp\/v2\/media?parent=827"}],"wp:term":[{"taxonomy":"product_cat","embeddable":true,"href":"https:\/\/divespot.es\/es\/wp-json\/wp\/v2\/product_cat?post=827"},{"taxonomy":"product_tag","embeddable":true,"href":"https:\/\/divespot.es\/es\/wp-json\/wp\/v2\/product_tag?post=827"}],"curies":[{"name":"wp","href":"https:\/\/api.w.org\/{rel}","templated":true}]}}