{"id":477,"date":"2022-02-23T10:27:46","date_gmt":"2022-02-23T10:27:46","guid":{"rendered":"https:\/\/divespot.es\/?post_type=product&#038;p=477"},"modified":"2024-08-08T16:05:19","modified_gmt":"2024-08-08T16:05:19","slug":"trial-dive-for-beginner","status":"publish","type":"product","link":"https:\/\/divespot.es\/es\/producto\/trial-dive-for-beginner\/","title":{"rendered":"Inmersi\u00f3n de prueba - Para principiantes"},"content":{"rendered":"<h4>\u00bfQu\u00e9 es un programa de inmersi\u00f3n de prueba y para qui\u00e9n se ofrece?<\/h4>\n<p>A <strong>Inmersi\u00f3n de prueba<\/strong> en el <em>Centro de buceo Dive Spot<\/em> es un programa de buceo con aqualung (equipo para respirar bajo el agua) para personas que no tienen licencia de buceador. Este programa tambi\u00e9n se conoce como: <em>Introducci\u00f3n al buceo, Introducci\u00f3n al buceo, Buceador b\u00e1sico, Prueba de buceo, etc.<\/em><br \/>\nLa profundidad media de una inmersi\u00f3n de este tipo es de 6-8 metros. Vemos el arrecife volc\u00e1nico local rico en vida submarina. Muchas especies de peces, cangrejos, pulpos y rayas.<\/p>\n<h4>\u00bfQu\u00e9 tiene de diferente la inmersi\u00f3n de prueba en nuestro centro de buceo y por qu\u00e9 es la mejor?<\/h4>\n<p>Para mayor comodidad de nuestros clientes en el Dive Spot, las inmersiones de prueba se organizan en grupos de 1-2 personas, con un instructor, y se puede elegir bucear desde la orilla o desde el hielo. Utilizamos equipos nuevos y fiables.<\/p>\n<h4>\u00bfC\u00f3mo prepararse y cu\u00e1les son los requisitos?<\/h4>\n<p>No es necesario tener experiencia previa ni saber nadar. Basta con tener 8 a\u00f1os y no tener miedo a mojarse. S\u00f3lo necesitas traer un ba\u00f1ador y una toalla, nosotros ponemos el resto.<\/p>\n<h4>\u00bfC\u00f3mo hacer una reserva?<\/h4>\n<p>Antes de empezar, lea nuestro <a href=\"https:\/\/divespot.es\/es\/terms-and-conditions\/\">Condiciones generales<\/a>, <a href=\"https:\/\/divespot.es\/es\/privacy-policy\/\">Pol\u00edtica de privacidad<\/a> y <a href=\"https:\/\/divespot.es\/es\/cancelling-and-refunding-policy\/\">Pol\u00edtica de cancelaci\u00f3n y reembolso<\/a>. Para hacer una reserva necesitar\u00e1 una tarjeta bancaria para pagar un peque\u00f1o dep\u00f3sito. Si no tiene tarjeta o tiene problemas con el pago en l\u00ednea, por favor <a href=\"https:\/\/divespot.es\/es\/contact\/\">Contacto<\/a> y acordaremos otra forma de pago. Recuerda que los precios promocionales solo son v\u00e1lidos para reservas online realizadas al menos un d\u00eda antes de la inmersi\u00f3n.<\/p>\n<p>Encontrar\u00e1 las preguntas y respuestas m\u00e1s frecuentes <a href=\"https:\/\/divespot.es\/es\/questions-answers\/\">AQU\u00cd<\/a>.<\/p>\n<h4>Lee los siguientes consejos y explicaciones:<\/h4>\n<p>La ventana de reserva se encuentra en la parte superior derecha de esta p\u00e1gina.<\/p>\n<p><strong>Elija la duraci\u00f3n de su inmersi\u00f3n<\/strong> 20 o 40 minutos y <strong>el tipo de inmersi\u00f3n<\/strong> desde la costa o desde un barco. El tiempo de diversi\u00f3n pasa muy deprisa, por eso hemos creado la opci\u00f3n de inmersi\u00f3n de 40 minutos para que disponga de m\u00e1s tiempo para disfrutar. Introduzca el n\u00famero de participantes para la opci\u00f3n adecuada.<\/p>\n<p><img decoding=\"async\" loading=\"lazy\" class=\"alignnone size-medium wp-image-3750\" src=\"https:\/\/divespot.es\/wp-content\/uploads\/2022\/02\/trial-300x249.png\" alt=\"\" width=\"300\" height=\"249\" srcset=\"https:\/\/divespot.es\/wp-content\/uploads\/2022\/02\/trial-300x249.png 300w, https:\/\/divespot.es\/wp-content\/uploads\/2022\/02\/trial-14x12.png 14w, https:\/\/divespot.es\/wp-content\/uploads\/2022\/02\/trial-600x498.png 600w, https:\/\/divespot.es\/wp-content\/uploads\/2022\/02\/trial.png 656w\" sizes=\"(max-width: 300px) 100vw, 300px\" \/><\/p>\n<p><strong>Opciones adicionales<\/strong>. Marque las opciones adicionales que desee a\u00f1adir a su pedido.<br \/>\n<strong>Fotos y v\u00eddeos<\/strong> de tu primera inmersi\u00f3n. Si quieres que el instructor te haga un reportaje fotogr\u00e1fico subacu\u00e1tico, marca: S\u00ed, por favor.<\/p>\n<p><img decoding=\"async\" loading=\"lazy\" class=\"alignnone size-medium wp-image-3751\" src=\"https:\/\/divespot.es\/wp-content\/uploads\/2022\/02\/photo-300x87.png\" alt=\"\" width=\"300\" height=\"87\" srcset=\"https:\/\/divespot.es\/wp-content\/uploads\/2022\/02\/photo-300x87.png 300w, https:\/\/divespot.es\/wp-content\/uploads\/2022\/02\/photo-18x5.png 18w, https:\/\/divespot.es\/wp-content\/uploads\/2022\/02\/photo.png 530w\" sizes=\"(max-width: 300px) 100vw, 300px\" \/><\/p>\n<p><strong>Transferencia<\/strong>. Si necesita transporte de ida y vuelta desde el hotel, puede solicitarlo con cargo adicional en dos zonas tur\u00edsticas diferentes. Si el mapa no cubre su lugar de estancia, p\u00f3ngase en contacto con nosotros, es posible organizar el transporte individual. <a href=\"https:\/\/divespot.es\/wp-content\/uploads\/2022\/04\/tenerife-map.jpg\" target=\"_blank\" rel=\"noopener\">MAPA DE TENERIFE<\/a><\/p>\n<p><img decoding=\"async\" loading=\"lazy\" class=\"alignnone wp-image-1060\" src=\"https:\/\/divespot.es\/wp-content\/uploads\/2022\/02\/Transfer.png\" alt=\"Transfer info\" width=\"400\" height=\"111\" srcset=\"https:\/\/divespot.es\/wp-content\/uploads\/2022\/02\/Transfer.png 675w, https:\/\/divespot.es\/wp-content\/uploads\/2022\/02\/Transfer-300x84.png 300w, https:\/\/divespot.es\/wp-content\/uploads\/2022\/02\/Transfer-600x167.png 600w\" sizes=\"(max-width: 400px) 100vw, 400px\" \/><\/p>\n<p><strong>Fecha<\/strong>. Seleccione la fecha de su inmersi\u00f3n. Seleccione una hora de inicio disponible. Nos reservamos el derecho de cambiar la hora para una mejor organizaci\u00f3n de nuestro trabajo en el centro de buceo. Nuestro asistente le confirmar\u00e1 su reserva con informaci\u00f3n detallada.<\/p>\n<p><img decoding=\"async\" loading=\"lazy\" class=\"alignnone wp-image-1488\" src=\"https:\/\/divespot.es\/wp-content\/uploads\/2022\/03\/data-2-257x300.jpg\" alt=\"Data\" width=\"234\" height=\"273\" srcset=\"https:\/\/divespot.es\/wp-content\/uploads\/2022\/03\/data-2-257x300.jpg 257w, https:\/\/divespot.es\/wp-content\/uploads\/2022\/03\/data-2-300x351.jpg 300w, https:\/\/divespot.es\/wp-content\/uploads\/2022\/03\/data-2.jpg 558w\" sizes=\"(max-width: 234px) 100vw, 234px\" \/>\u00a0 \u00a0 \u00a0 \u00a0 \u00a0 \u00a0 \u00a0 \u00a0 \u00a0 \u00a0 \u00a0 \u00a0 <img decoding=\"async\" loading=\"lazy\" class=\"alignnone wp-image-1063\" src=\"https:\/\/divespot.es\/wp-content\/uploads\/2022\/02\/Start-time.png\" alt=\"Time\" width=\"354\" height=\"159\" srcset=\"https:\/\/divespot.es\/wp-content\/uploads\/2022\/02\/Start-time.png 675w, https:\/\/divespot.es\/wp-content\/uploads\/2022\/02\/Start-time-300x135.png 300w, https:\/\/divespot.es\/wp-content\/uploads\/2022\/02\/Start-time-600x270.png 600w\" sizes=\"(max-width: 354px) 100vw, 354px\" \/><\/p>\n<h4>Pedido y cesta<\/h4>\n<p>Si su pedido est\u00e1 listo, pulse - Reservar ahora.<br \/>\nSe le transferir\u00e1 al <a href=\"https:\/\/divespot.es\/es\/checkout\/\">P\u00e1gina de pago<\/a>.<br \/>\nSi desea realizar cambios en su reserva, en la parte superior de la p\u00e1gina encontrar\u00e1 la opci\u00f3n <a href=\"https:\/\/divespot.es\/es\/cart\/\">Cesta<\/a> que le llevar\u00e1 a la p\u00e1gina <a href=\"https:\/\/divespot.es\/es\/cart\/\">P\u00e1gina de la cesta<\/a>. Si tiene un cup\u00f3n de descuento para clientes habituales, puede aplicarlo en el carrito y proceder a la compra.<\/p>\n<p><strong>P\u00e1gina de pago - Datos de facturaci\u00f3n<\/strong>. En esta p\u00e1gina rellenar\u00e1 sus datos personales:<br \/>\nNombre, Apellido,<br \/>\nn\u00famero de tel\u00e9fono (no olvides el prefijo: el c\u00f3digo de tu pa\u00eds),<br \/>\ndirecci\u00f3n de correo electr\u00f3nico (para confirmar la reserva),<br \/>\nLa lengua que mejor dominas y otras lenguas en las que puedes comunicarte (las que figuran en la lista; si sabes m\u00e1s, escribe en los comentarios),<\/p>\n<p><strong>Punto de recogida<\/strong> (si solicita un servicio de traslado de pago al hotel) introduzca el nombre completo exacto del hotel junto con la ciudad. Si te alojas en un apartamento, introduce la direcci\u00f3n exacta: calle y n\u00famero, ciudad, c\u00f3digo postal, nombre del edificio y localizaci\u00f3n en Google si es posible. <a href=\"https:\/\/divespot.es\/wp-content\/uploads\/2022\/04\/tenerife-map.jpg\" target=\"_blank\" rel=\"noopener\">Mapa<\/a><\/p>\n<p><strong>Informaci\u00f3n adicional<\/strong>. Introduzca aqu\u00ed la informaci\u00f3n que considere relevante y desee comunicarnos.<\/p>\n<h4>Pago.<\/h4>\n<p>Introduzca los datos de su tarjeta bancaria y pague el dep\u00f3sito.<br \/>\nRecibir\u00e1 una confirmaci\u00f3n autom\u00e1tica a su correo electr\u00f3nico sobre el pago y el estado del proceso PENDIENTE.<br \/>\nA continuaci\u00f3n, nuestro asistente confirma la reserva y le informa de los detalles. Tenga en cuenta que puede haber peque\u00f1os cambios en su pedido. Por ejemplo, la hora de inicio o la hora de traslado al hotel. Las actividades deportivas est\u00e1n sujetas a cambios de \u00faltima hora, \u00a1aseg\u00farese de estar atento al tel\u00e9fono facilitado en la reserva!<br \/>\nSi tiene alg\u00fan problema con la reserva o el pago, p\u00f3ngase en contacto con nuestro asistente en el chat en l\u00ednea. El enlace est\u00e1 en la esquina inferior derecha de la p\u00e1gina. En el pie de p\u00e1gina encontrar\u00e1 m\u00e1s opciones de contacto.<\/p>\n<p>&nbsp;<\/p>","protected":false},"excerpt":{"rendered":"<p>Lea la descripci\u00f3n antes de reservar.<br \/>\nEstos precios s\u00f3lo est\u00e1n disponibles al reservar en l\u00ednea.<\/p>\n<p><a href=\"https:\/\/divespot.es\/wp-content\/uploads\/2022\/04\/tenerife-map.jpg\">MAPA DE ZONAS DE TRANSPORTE<\/a><\/p>\n<p style=\"text-align: center;\"><strong>-10% descuento en l\u00ednea<\/strong><\/p>","protected":false},"featured_media":2677,"template":"","meta":[],"product_cat":[29],"product_tag":[34,35,37,56,54,57,36],"aioseo_notices":[],"_links":{"self":[{"href":"https:\/\/divespot.es\/es\/wp-json\/wp\/v2\/product\/477"}],"collection":[{"href":"https:\/\/divespot.es\/es\/wp-json\/wp\/v2\/product"}],"about":[{"href":"https:\/\/divespot.es\/es\/wp-json\/wp\/v2\/types\/product"}],"wp:featuredmedia":[{"embeddable":true,"href":"https:\/\/divespot.es\/es\/wp-json\/wp\/v2\/media\/2677"}],"wp:attachment":[{"href":"https:\/\/divespot.es\/es\/wp-json\/wp\/v2\/media?parent=477"}],"wp:term":[{"taxonomy":"product_cat","embeddable":true,"href":"https:\/\/divespot.es\/es\/wp-json\/wp\/v2\/product_cat?post=477"},{"taxonomy":"product_tag","embeddable":true,"href":"https:\/\/divespot.es\/es\/wp-json\/wp\/v2\/product_tag?post=477"}],"curies":[{"name":"wp","href":"https:\/\/api.w.org\/{rel}","templated":true}]}}