{"id":1015,"date":"2022-03-13T15:10:52","date_gmt":"2022-03-13T15:10:52","guid":{"rendered":"https:\/\/divespot.es\/?post_type=product&#038;p=1015"},"modified":"2025-07-02T10:45:14","modified_gmt":"2025-07-02T10:45:14","slug":"snorkeling-in-ray-bay","status":"publish","type":"product","link":"https:\/\/divespot.es\/es\/producto\/snorkeling-in-ray-bay\/","title":{"rendered":"Esn\u00f3rquel en la bah\u00eda de Rays"},"content":{"rendered":"<h4>\u00bfPor qu\u00e9 bucear en la bah\u00eda de Rays?<\/h4>\n<p>Rays Bay es una joya oculta en Tenerife, conocida por su vibrante vida marina y sus aguas cristalinas. El lugar de inmersi\u00f3n se caracteriza por un arrecife volc\u00e1nico rico en vida submarina, la m\u00e1s caracter\u00edstica de las cuales son las diversas especies de rayas. Si busca una experiencia de buceo inolvidable, no busque m\u00e1s.<\/p>\n<p>En Dive Spot ofrecemos excursiones guiadas de buceo con tubo en la bah\u00eda de Rays, dirigidas por instructores experimentados y bien informados. Con nuestras excursiones, tendr\u00e1 la oportunidad de explorar el mundo submarino y presenciar de cerca la belleza de la vida marina. Nuestros instructores le llevar\u00e1n a los mejores lugares de la bah\u00eda, donde podr\u00e1 observar bancos de peces de colores, tortugas marinas y otros animales marinos en su h\u00e1bitat natural.<\/p>\n<p>Se proporciona todo el equipo de snorkel, para que pueda centrarse en disfrutar de la experiencia. Tanto si eres principiante como si ya tienes experiencia, nuestros instructores se asegurar\u00e1n de que disfrutes de una experiencia segura y divertida.<\/p>\n<p>Con nuestros experimentados instructores, nuestro equipo de alta calidad y nuestro compromiso con la seguridad, le proporcionaremos una experiencia de snorkel realmente inolvidable. Reserve su excursi\u00f3n hoy mismo y sum\u00e9rjase en la belleza del mundo submarino de Tenerife.<\/p>\n<h4>Explicaci\u00f3n de los paquetes de servicios<\/h4>\n<h6>Esn\u00f3rquel<\/h6>\n<p>Este es el paquete est\u00e1ndar de snorkel, para aquellos que buscan una aventura submarina divertida y emocionante. Con este paquete, tendr\u00e1 la oportunidad de explorar la vibrante vida marina de Rays Bay con la gu\u00eda de un instructor profesional. Se requiere un m\u00ednimo de 2 personas para hacer la reserva.<\/p>\n<h6>Kayak y buceo<\/h6>\n<p>El paquete de kayak y snorkel de Dive Spot es la combinaci\u00f3n definitiva de dos actividades incre\u00edbles. Este paquete incluye un viaje guiado en kayak a lo largo de la impresionante costa de Tenerife, as\u00ed como una breve experiencia de snorkel en medio del viaje. Nuestro gu\u00eda profesional le llevar\u00e1 a algunos de los mejores lugares para practicar snorkel, donde tendr\u00e1 la oportunidad de explorar las aguas cristalinas y observar la abundante vida marina.<\/p>\n<p>Este paquete es perfecto para quienes deseen disfrutar de una aventura en kayak y de buceo con tubo. Durante la parte en kayak, tendr\u00e1 la oportunidad de remar a lo largo de la escarpada costa de la isla y contemplar el impresionante paisaje. Luego, durante la parte de snorkel, tendr\u00e1 la oportunidad de sumergirse en el mundo submarino y contemplar de cerca la belleza de la vida marina.<\/p>\n<h6>Inmersiones de prueba<\/h6>\n<p>Este paquete es perfecto para aquellos que siempre han querido probar el submarinismo, pero nunca han tenido la oportunidad. Con nuestros paquetes de buceo de prueba, tendr\u00e1 la oportunidad de explorar el mundo submarino de Rays Bay con un instructor de buceo profesional a su lado.<\/p>\n<p>Nuestros instructores tienen experiencia y conocimientos, y le proporcionar\u00e1n todo el equipo y la formaci\u00f3n necesarios. Comenzar\u00e1 con una breve lecci\u00f3n sobre los conceptos b\u00e1sicos del buceo, incluyendo c\u00f3mo utilizar el equipo y c\u00f3mo comunicarse bajo el agua. A continuaci\u00f3n, estar\u00e1 listo para lanzarse al agua y experimentar la emoci\u00f3n de bucear en la bah\u00eda de Rays.<\/p>\n<p>Reserve hoy mismo su paquete de inmersiones de prueba con Dive Spot y d\u00e9 el primer paso hacia toda una vida de aventuras submarinas.<\/p>","protected":false},"excerpt":{"rendered":"<p>Lea la descripci\u00f3n antes de reservar.<\/p>\n<p>Estos precios s\u00f3lo est\u00e1n disponibles al reservar en l\u00ednea.<\/p>","protected":false},"featured_media":2681,"template":"","meta":[],"product_cat":[31],"product_tag":[172,57],"aioseo_notices":[],"_links":{"self":[{"href":"https:\/\/divespot.es\/es\/wp-json\/wp\/v2\/product\/1015"}],"collection":[{"href":"https:\/\/divespot.es\/es\/wp-json\/wp\/v2\/product"}],"about":[{"href":"https:\/\/divespot.es\/es\/wp-json\/wp\/v2\/types\/product"}],"wp:featuredmedia":[{"embeddable":true,"href":"https:\/\/divespot.es\/es\/wp-json\/wp\/v2\/media\/2681"}],"wp:attachment":[{"href":"https:\/\/divespot.es\/es\/wp-json\/wp\/v2\/media?parent=1015"}],"wp:term":[{"taxonomy":"product_cat","embeddable":true,"href":"https:\/\/divespot.es\/es\/wp-json\/wp\/v2\/product_cat?post=1015"},{"taxonomy":"product_tag","embeddable":true,"href":"https:\/\/divespot.es\/es\/wp-json\/wp\/v2\/product_tag?post=1015"}],"curies":[{"name":"wp","href":"https:\/\/api.w.org\/{rel}","templated":true}]}}