{"id":1002,"date":"2022-03-13T12:06:03","date_gmt":"2022-03-13T12:06:03","guid":{"rendered":"https:\/\/divespot.es\/?post_type=product&#038;p=1002"},"modified":"2023-03-17T17:14:28","modified_gmt":"2023-03-17T17:14:28","slug":"kayaking","status":"publish","type":"product","link":"https:\/\/divespot.es\/es\/producto\/kayaking\/","title":{"rendered":"Kayak"},"content":{"rendered":"<h4>\u00bfPor qu\u00e9 elegir el kayak con nosotros?<\/h4>\n<p>Dive Spot es su compa\u00f1ero de aventuras definitivo en Tenerife. Nuestras excursiones guiadas en kayak est\u00e1n dise\u00f1adas para ofrecerle una experiencia inolvidable y aprovechar al m\u00e1ximo su tiempo en la isla. Nuestros gu\u00edas profesionales son expertos en kayak y tienen un profundo amor y pasi\u00f3n por este deporte. Con su conocimiento y experiencia, le llevar\u00e1n a los lugares m\u00e1s impresionantes, lejos de las zonas tur\u00edsticas m\u00e1s concurridas, para que pueda sumergirse plenamente en la belleza de Tenerife, haciendo de su viaje en kayak una aventura enriquecedora.<\/p>\n<p>Utilizamos equipos de alta calidad y nos aseguramos de que todas nuestras excursiones se adapten a su nivel de experiencia. Tanto si es un principiante como un kayakista experimentado, se sentir\u00e1 c\u00f3modo y seguro durante su viaje. Nuestros gu\u00edas le proporcionar\u00e1n toda la formaci\u00f3n necesaria, y estar\u00e1n a su disposici\u00f3n para ayudarle durante todo el viaje, asegur\u00e1ndose de que tenga una experiencia memorable y agradable.<\/p>\n<p>As\u00ed que, si est\u00e1 buscando una forma \u00fanica y emocionante de conocer Tenerife, reserve hoy mismo su excursi\u00f3n en kayak con Dive Spot. Tanto si viajas solo, con amigos o en familia, nuestras excursiones guiadas en kayak son perfectas para todas las edades y niveles de habilidad. Con un paisaje impresionante, una experiencia educativa y la orientaci\u00f3n de expertos, su viaje en kayak con nosotros ser\u00e1 un punto culminante de su estancia en Tenerife. Reserve ahora y \u00fanase a nosotros en una aventura inolvidable.<\/p>\n<h4>\u00bfQui\u00e9n puede hacer una excursi\u00f3n en kayak?<\/h4>\n<p>Kayak con Dive Spot es adecuado para personas y familias de todas las edades y niveles de experiencia. Nuestras excursiones guiadas est\u00e1n dise\u00f1adas para que las disfruten tanto adultos como ni\u00f1os a partir de 4 a\u00f1os. No es necesario tener experiencia previa, ya que nuestros gu\u00edas profesionales le proporcionar\u00e1n toda la formaci\u00f3n y el equipo necesarios. Tanto si es un principiante como un kayakista experimentado, tendr\u00e1 la oportunidad de remar a su propio ritmo y disfrutar de los impresionantes paisajes de Tenerife. As\u00ed que, tanto si viaja solo, con amigos o en familia, \u00a1nuestras excursiones guiadas en kayak son perfectas para usted!<\/p>\n<h4>\u00bfC\u00f3mo preparar el viaje?<\/h4>\n<p>Si est\u00e1s planeando un viaje en kayak con Dive Spot, hay algunas cosas que puedes hacer para prepararte:<\/p>\n<ol>\n<li>Ropa: Llevar\u00e1s un traje de neopreno, proporcionado por nosotros. Si puedes, trae una gorra, gafas de sol y ponte crema solar para proteger tu piel del sol.<\/li>\n<li>Hidr\u00e1tate: Es importante mantenerse hidratado, especialmente durante una actividad f\u00edsica como el pirag\u00fcismo. Aseg\u00farate de beber mucha agua antes, durante y despu\u00e9s de la traves\u00eda.<\/li>\n<li>Objetos personales: Puedes llevar lo que necesites, pero ten en cuenta que podr\u00edas dejarlo caer y perderlo en el oc\u00e9ano. Tambi\u00e9n puede llevar un peque\u00f1o recipiente impermeable para proteger sus pertenencias de la humedad.<\/li>\n<li>Ten en cuenta tus limitaciones f\u00edsicas: El kayak es una actividad f\u00edsica, por lo que es importante que tengas en cuenta tus limitaciones f\u00edsicas. Si tienes alg\u00fan problema m\u00e9dico, comun\u00edcaselo al instructor antes de la salida.<\/li>\n<li>Sigue las instrucciones: Durante el viaje, es importante seguir las instrucciones del instructor y las directrices de seguridad proporcionadas. Presta atenci\u00f3n a las instrucciones y permanece con el grupo en todo momento.<\/li>\n<\/ol>\n<p>Tenga en cuenta que todo el equipo y la formaci\u00f3n ser\u00e1n proporcionados por el instructor experimentado, por lo que puede relajarse y disfrutar de la experiencia sin preocuparse por los detalles. Ven preparado para divertirte y crear recuerdos.<\/p>\n<h4>Explicaci\u00f3n de los paquetes de servicios<\/h4>\n<h6>Excursi\u00f3n en kayak<\/h6>\n<p>El paquete de excursiones en kayak de Dive Spot es una excursi\u00f3n guiada en kayak por la impresionante costa de Tenerife. Este paquete ofrece una experiencia de inmersi\u00f3n en la que tendr\u00e1 la oportunidad de remar a lo largo de la escarpada costa y disfrutar de los impresionantes paisajes de Tenerife. Nuestro gu\u00eda profesional le llevar\u00e1 en un viaje a lo largo de la costa, d\u00e1ndole la oportunidad de disfrutar del impresionante paisaje.<\/p>\n<p>Se le proporcionar\u00e1 todo el equipo y la formaci\u00f3n, para que pueda centrarse en disfrutar de la experiencia. Con este paquete, tendr\u00e1s la oportunidad de salir al agua y explorar la belleza de Tenerife desde una perspectiva diferente.<\/p>\n<h6>Kayak y snorkel<\/h6>\n<p>El paquete de kayak y snorkel de Dive Spot es la combinaci\u00f3n definitiva de dos actividades incre\u00edbles. Este paquete incluye un viaje guiado en kayak a lo largo de la impresionante costa de Tenerife, as\u00ed como una breve experiencia de snorkel en medio del viaje. Nuestro gu\u00eda profesional le llevar\u00e1 a algunos de los mejores lugares para practicar snorkel, donde tendr\u00e1 la oportunidad de explorar las aguas cristalinas y observar la abundante vida marina.<\/p>\n<p>Este paquete es perfecto para quienes deseen disfrutar de una aventura en kayak y de buceo con tubo. Durante la parte en kayak, tendr\u00e1 la oportunidad de remar a lo largo de la escarpada costa de la isla y contemplar el impresionante paisaje. Luego, durante la parte de snorkel, tendr\u00e1 la oportunidad de sumergirse en el mundo submarino y contemplar de cerca la belleza de la vida marina.<\/p>\n<h6>Fotos por kayak<\/h6>\n<p>En Dive Spot, entendemos que los recuerdos son preciosos, y queremos ayudarle a capturarlos de la mejor manera posible. Por eso ofrecemos un paquete fotogr\u00e1fico opcional para nuestras excursiones en kayak.<\/p>\n<p>Por s\u00f3lo 15 euros por kayak (con capacidad para dos personas), puede encargar fotos de su excursi\u00f3n en kayak. Nuestros gu\u00edas tomar\u00e1n fotos de alta calidad durante su viaje, capturando la belleza de la costa, el impresionante paisaje y sus momentos memorables.<\/p>\n<h4>\u00bfA\u00fan tiene dudas? \u00bfPor qu\u00e9 reservar un curso de buceo con Dive Spot?<\/h4>\n<ul>\n<li>En cualquier programa de clases de buceo en Tenerife que elijas, recibir\u00e1s una atenci\u00f3n personalizada por parte de nuestro equipo de profesionales.<\/li>\n<li>Puede estar seguro de que con nosotros obtendr\u00e1 <a href=\"https:\/\/divespot.es\/en\/best-price-policy\/\">los mejores precios para bucear en Tenerife<\/a>.<\/li>\n<li>Para ahorrar tiempo, las clases te\u00f3ricas se imparten a trav\u00e9s de e-learning.<\/li>\n<li>Puede elegir entre las dos federaciones de buceo m\u00e1s importantes del mundo.<\/li>\n<li>Te sumergir\u00e1s en <a href=\"https:\/\/divespot.es\/en\/article-2\/\">Bah\u00eda de Ray<\/a>Uno de los puntos de inmersi\u00f3n m\u00e1s espectaculares de Tenerife.<\/li>\n<li>Formar\u00e1s parte de una enorme comunidad de buceadores que te ofrecer\u00e1 muchos amigos en todo el mundo.<\/li>\n<li>Le llevaremos a trav\u00e9s de una aventura submarina llena de adrenalina y diversi\u00f3n.<\/li>\n<\/ul>\n<h4>\u00bfC\u00f3mo hacer una reserva?<\/h4>\n<p>Antes de empezar, lea nuestro <a href=\"https:\/\/divespot.es\/es\/terms-and-conditions\/\" target=\"_blank\" rel=\"noopener\">Condiciones generales<\/a>, <a href=\"https:\/\/divespot.es\/es\/privacy-policy\/\" target=\"_blank\" rel=\"noopener\">Pol\u00edtica de privacidad<\/a> y <a href=\"https:\/\/divespot.es\/es\/cancelling-and-refunding-policy\/\" target=\"_blank\" rel=\"noopener\">Pol\u00edtica de cancelaci\u00f3n y reembolso<\/a>. Para hacer una reserva, necesitar\u00e1 una tarjeta bancaria para pagar un peque\u00f1o dep\u00f3sito. Si no tiene tarjeta o tiene problemas con el pago en l\u00ednea, por favor <a href=\"https:\/\/divespot.es\/es\/contact\/\">Contacto<\/a>y acordaremos otra forma de pago. Recuerda que los precios promocionales solo son v\u00e1lidos para reservas online realizadas al menos un d\u00eda antes de la inmersi\u00f3n.<\/p>\n<p>Encontrar\u00e1 las preguntas y respuestas m\u00e1s frecuentes en <a href=\"https:\/\/divespot.es\/es\/questions-answers\/\">nuestra p\u00e1gina de preguntas y respuestas<\/a>o puede solicitar m\u00e1s informaci\u00f3n en <a href=\"https:\/\/divespot.es\/es\/contact\/\">nuestra p\u00e1gina de contacto<\/a>.<\/p>\n<h6>Lee los siguientes consejos y explicaciones:<\/h6>\n<p>La ventana de reserva se encuentra en la parte superior derecha de esta p\u00e1gina.<\/p>\n<p><b>Seleccione el recorrido<\/b> que desea realizar. Introduzca el n\u00famero de participantes para la opci\u00f3n adecuada.<\/p>\n<p><img decoding=\"async\" loading=\"lazy\" class=\"alignnone  wp-image-3088\" src=\"https:\/\/divespot.es\/wp-content\/uploads\/2022\/03\/1679072804-300x26.png\" alt=\"\" width=\"577\" height=\"50\" srcset=\"https:\/\/divespot.es\/wp-content\/uploads\/2022\/03\/1679072804-300x26.png 300w, https:\/\/divespot.es\/wp-content\/uploads\/2022\/03\/1679072804-600x52.png 600w, https:\/\/divespot.es\/wp-content\/uploads\/2022\/03\/1679072804.png 622w\" sizes=\"(max-width: 577px) 100vw, 577px\" \/><\/p>\n<p><strong>Esn\u00f3rquel<\/strong> es una gran oportunidad para descansar del kayak y observar el mundo submarino desde la superficie por un coste adicional muy peque\u00f1o. Proporcionamos m\u00e1scaras con tubo.<\/p>\n<p><img decoding=\"async\" loading=\"lazy\" class=\"alignnone  wp-image-3089\" src=\"https:\/\/divespot.es\/wp-content\/uploads\/2022\/03\/1679073032-300x28.png\" alt=\"\" width=\"578\" height=\"54\" srcset=\"https:\/\/divespot.es\/wp-content\/uploads\/2022\/03\/1679073032-300x28.png 300w, https:\/\/divespot.es\/wp-content\/uploads\/2022\/03\/1679073032-600x55.png 600w, https:\/\/divespot.es\/wp-content\/uploads\/2022\/03\/1679073032.png 628w\" sizes=\"(max-width: 578px) 100vw, 578px\" \/><\/p>\n<p><strong>Fotos<\/strong>. Capture su aventura con nuestro servicio de fotos en kayak. El gu\u00eda os har\u00e1 fotos a ti y a tu pareja mientras naveg\u00e1is en kayak, para que teng\u00e1is un recuerdo imborrable de vuestra experiencia juntos. El precio es por kayak, en el que caben dos personas.<\/p>\n<p><img decoding=\"async\" loading=\"lazy\" class=\"alignnone  wp-image-3090\" src=\"https:\/\/divespot.es\/wp-content\/uploads\/2022\/03\/1679073222-300x27.png\" alt=\"\" width=\"578\" height=\"52\" srcset=\"https:\/\/divespot.es\/wp-content\/uploads\/2022\/03\/1679073222-300x27.png 300w, https:\/\/divespot.es\/wp-content\/uploads\/2022\/03\/1679073222-600x54.png 600w, https:\/\/divespot.es\/wp-content\/uploads\/2022\/03\/1679073222.png 628w\" sizes=\"(max-width: 578px) 100vw, 578px\" \/><\/p>\n<p><b>Transferencia<\/b>. Si necesita transporte de ida y vuelta desde su hotel, puede solicitarlo con una tarifa adicional en dos zonas tur\u00edsticas diferentes. Si su lugar de estancia no aparece en el mapa, p\u00f3ngase en contacto con nosotros. Podemos organizarle un transporte individual. <a href=\"https:\/\/divespot.es\/wp-content\/uploads\/2022\/04\/tenerife-map.jpg\" target=\"_blank\" rel=\"noopener\">Puede consultar el mapa de zonas de transporte aqu\u00ed.<\/a><\/p>\n<p><img decoding=\"async\" loading=\"lazy\" class=\"alignnone wp-image-1060\" src=\"https:\/\/divespot.es\/wp-content\/uploads\/2022\/02\/Transfer.png\" alt=\"Transfer info\" width=\"406\" height=\"113\" srcset=\"https:\/\/divespot.es\/wp-content\/uploads\/2022\/02\/Transfer.png 675w, https:\/\/divespot.es\/wp-content\/uploads\/2022\/02\/Transfer-300x84.png 300w, https:\/\/divespot.es\/wp-content\/uploads\/2022\/02\/Transfer-600x167.png 600w\" sizes=\"(max-width: 406px) 100vw, 406px\" \/><\/p>\n<p><b>Fecha<\/b>. Seleccione la fecha de su inmersi\u00f3n. Nos reservamos el derecho de cambiar la hora para una mejor organizaci\u00f3n de nuestro trabajo en el centro de buceo. Nuestro asistente le confirmar\u00e1 su reserva con informaci\u00f3n detallada.<\/p>\n<p><img decoding=\"async\" loading=\"lazy\" class=\"alignnone wp-image-1488\" src=\"https:\/\/divespot.es\/wp-content\/uploads\/2022\/03\/data-2-257x300.jpg\" alt=\"Data \" width=\"230\" height=\"268\" srcset=\"https:\/\/divespot.es\/wp-content\/uploads\/2022\/03\/data-2-257x300.jpg 257w, https:\/\/divespot.es\/wp-content\/uploads\/2022\/03\/data-2-300x351.jpg 300w, https:\/\/divespot.es\/wp-content\/uploads\/2022\/03\/data-2.jpg 558w\" sizes=\"(max-width: 230px) 100vw, 230px\" \/><\/p>\n<h4>Pedido y cesta<\/h4>\n<p>Si su pedido est\u00e1 listo, pulse \"Reservar ahora\". Se le transferir\u00e1 a la <a href=\"https:\/\/divespot.es\/es\/checkout\/\">P\u00e1gina de pago<\/a>.<br \/>\nSi desea realizar cambios en su reserva, encontrar\u00e1 la opci\u00f3n <a href=\"https:\/\/divespot.es\/es\/cart\/\">Cesta<\/a> que se encuentra en la parte superior de la p\u00e1gina, que le llevar\u00e1 a su <a href=\"https:\/\/divespot.es\/es\/cart\/\">Carrito<\/a>. Si tiene un cup\u00f3n de descuento para clientes habituales, puede aplicarlo en el carrito y proceder a la compra.<br \/>\n<b>P\u00e1gina de pago - Datos de facturaci\u00f3n<\/b>. En esta p\u00e1gina rellenar\u00e1 sus datos personales: nombre, apellidos, n\u00famero de tel\u00e9fono (no olvide el prefijo, que es el c\u00f3digo de su pa\u00eds), direcci\u00f3n de correo electr\u00f3nico (para la confirmaci\u00f3n de la reserva), el idioma que mejor habla y los idiomas adicionales en los que puede comunicarse (elija de la lista. Si conoce m\u00e1s, escr\u00edbalos en los comentarios).<\/p>\n<p><b>Punto de recogida<\/b>. Si ha solicitado un servicio de traslado de pago desde el hotel, introduzca el nombre completo exacto del hotel, incluida la ciudad. Si se aloja en un apartamento, introduzca la direcci\u00f3n exacta: calle y n\u00famero, ciudad, c\u00f3digo postal, nombre del edificio y ubicaci\u00f3n en Google, si es posible.<\/p>\n<p><b>Informaci\u00f3n adicional<\/b>. Introduzca en esta secci\u00f3n cualquier informaci\u00f3n relevante sobre la que desee informarnos.<\/p>\n<h4>Pago.<\/h4>\n<p>Introduzca los datos de su tarjeta bancaria y pague el dep\u00f3sito. Recibir\u00e1 una confirmaci\u00f3n autom\u00e1tica a su correo electr\u00f3nico sobre el pago y el estado del proceso pendiente.<br \/>\nA continuaci\u00f3n, nuestro asistente confirmar\u00e1 la reserva y le informar\u00e1 de los detalles. Tenga en cuenta que <b>puede haber peque\u00f1os cambios en su pedido<\/b>como la hora de inicio o la hora de recogida en el hotel. Las actividades deportivas est\u00e1n sujetas a cambios de \u00faltima hora, as\u00ed que aseg\u00farese de <b>tenga el tel\u00e9fono a mano<\/b> en caso de que necesitemos ponernos en contacto con usted. Si tiene alg\u00fan problema con la reserva o el pago, por favor <a href=\"https:\/\/divespot.es\/es\/contact\/\">Contacto<\/a>.<\/p>","protected":false},"excerpt":{"rendered":"<p>Lea la descripci\u00f3n antes de reservar.<\/p>\n<p>Estos precios s\u00f3lo est\u00e1n disponibles al reservar en l\u00ednea.<\/p>\n<p><a href=\"https:\/\/divespot.es\/wp-content\/uploads\/2022\/04\/tenerife-map.jpg\">MAPA DE ZONAS DE TRANSPORTE<\/a><\/p>","protected":false},"featured_media":2661,"template":"","meta":[],"product_cat":[31],"product_tag":[55,54,53],"aioseo_notices":[],"_links":{"self":[{"href":"https:\/\/divespot.es\/es\/wp-json\/wp\/v2\/product\/1002"}],"collection":[{"href":"https:\/\/divespot.es\/es\/wp-json\/wp\/v2\/product"}],"about":[{"href":"https:\/\/divespot.es\/es\/wp-json\/wp\/v2\/types\/product"}],"wp:featuredmedia":[{"embeddable":true,"href":"https:\/\/divespot.es\/es\/wp-json\/wp\/v2\/media\/2661"}],"wp:attachment":[{"href":"https:\/\/divespot.es\/es\/wp-json\/wp\/v2\/media?parent=1002"}],"wp:term":[{"taxonomy":"product_cat","embeddable":true,"href":"https:\/\/divespot.es\/es\/wp-json\/wp\/v2\/product_cat?post=1002"},{"taxonomy":"product_tag","embeddable":true,"href":"https:\/\/divespot.es\/es\/wp-json\/wp\/v2\/product_tag?post=1002"}],"curies":[{"name":"wp","href":"https:\/\/api.w.org\/{rel}","templated":true}]}}