{"id":507,"date":"2022-02-25T20:52:19","date_gmt":"2022-02-25T20:52:19","guid":{"rendered":"https:\/\/divespot.es\/?page_id=507"},"modified":"2023-06-21T17:01:13","modified_gmt":"2023-06-21T17:01:13","slug":"terms-and-conditions","status":"publish","type":"page","link":"https:\/\/divespot.es\/es\/terms-and-conditions\/","title":{"rendered":"Condiciones generales"},"content":{"rendered":"<div data-elementor-type=\"wp-page\" data-elementor-id=\"507\" class=\"elementor elementor-507\">\n\t\t\t\t\t\t\t\t\t<section class=\"has_eae_slider elementor-section elementor-top-section elementor-element elementor-element-ed67000 elementor-section-boxed elementor-section-height-default elementor-section-height-default\" data-id=\"ed67000\" data-element_type=\"section\">\n\t\t\t\t\t\t<div class=\"elementor-container elementor-column-gap-default\">\n\t\t\t\t\t<div class=\"has_eae_slider elementor-column elementor-col-100 elementor-top-column elementor-element elementor-element-99961b0\" data-id=\"99961b0\" data-element_type=\"column\">\n\t\t\t<div class=\"elementor-widget-wrap elementor-element-populated\">\n\t\t\t\t\t\t\t\t<div class=\"elementor-element elementor-element-00a2ace elementor-widget elementor-widget-text-editor\" data-id=\"00a2ace\" data-element_type=\"widget\" data-widget_type=\"text-editor.default\">\n\t\t\t\t<div class=\"elementor-widget-container\">\n\t\t\t<style>\/*! elementor - v3.15.0 - 09-08-2023 *\/\n.elementor-widget-text-editor.elementor-drop-cap-view-stacked .elementor-drop-cap{background-color:#69727d;color:#fff}.elementor-widget-text-editor.elementor-drop-cap-view-framed .elementor-drop-cap{color:#69727d;border:3px solid;background-color:transparent}.elementor-widget-text-editor:not(.elementor-drop-cap-view-default) .elementor-drop-cap{margin-top:8px}.elementor-widget-text-editor:not(.elementor-drop-cap-view-default) .elementor-drop-cap-letter{width:1em;height:1em}.elementor-widget-text-editor .elementor-drop-cap{float:left;text-align:center;line-height:1;font-size:50px}.elementor-widget-text-editor .elementor-drop-cap-letter{display:inline-block}<\/style>\t\t\t\t<p><strong>Condiciones generales<\/strong><\/p><p>Bienvenido al centro de buceo Dive Spot<\/p><p>Estos t\u00e9rminos y condiciones describen las normas y reglamentos de uso del sitio web de Dive Spot &amp; Atlantis, ubicado en divespot.es.<\/p><p>Al acceder a este sitio web asumimos que acepta estos t\u00e9rminos y condiciones. No contin\u00fae utilizando Dive Spot Dive Center si no est\u00e1 de acuerdo en aceptar todos los t\u00e9rminos y condiciones establecidos en esta p\u00e1gina.<\/p><p>La siguiente terminolog\u00eda se aplica a estos T\u00e9rminos y Condiciones, Declaraci\u00f3n de Privacidad y Aviso de Descargo de Responsabilidad y todos los Acuerdos: \"Cliente\", \"Usted\" y \"Su\" se refiere a usted, la persona que se registra en este sitio web y cumple con los t\u00e9rminos y condiciones de la Compa\u00f1\u00eda. \"La Compa\u00f1\u00eda\", \"Nosotros\", \"Nosotros\", \"Nuestro\" y \"Nosotros\", se refiere a nuestra Compa\u00f1\u00eda. \"Parte\", \"Partes\" o \"Nosotros\", se refiere tanto al Cliente como a nosotros mismos. Todos los t\u00e9rminos se refieren a la oferta, aceptaci\u00f3n y contraprestaci\u00f3n de pago necesaria para llevar a cabo el proceso de nuestra asistencia al Cliente de la manera m\u00e1s adecuada con el prop\u00f3sito expreso de satisfacer las necesidades del Cliente con respecto a la prestaci\u00f3n de los servicios indicados de la Empresa, de conformidad con y con sujeci\u00f3n a la legislaci\u00f3n vigente de los Pa\u00edses Bajos. Cualquier uso de la terminolog\u00eda anterior u otras palabras en singular, plural, may\u00fasculas y\/o \u00e9l\/ella o ellos, se consideran intercambiables y, por tanto, se refieren a lo mismo.<\/p><p><strong>Cookies<\/strong><\/p><p>Utilizamos cookies. Al acceder al centro de buceo Dive Spot, acepta el uso de cookies de acuerdo con la pol\u00edtica de privacidad de Dive Spot &amp; Atlantis.<\/p><p>La mayor\u00eda de los sitios web interactivos utilizan cookies que nos permiten recuperar los datos del usuario en cada visita. Nuestro sitio web utiliza cookies para permitir la funcionalidad de determinadas \u00e1reas y facilitar as\u00ed la visita a nuestro sitio web. Algunos de nuestros socios afiliados\/publicitarios tambi\u00e9n pueden utilizar cookies.<\/p><p><strong>Licencia<\/strong><\/p><p>A menos que se indique lo contrario, Dive Spot &amp; Atlantis y\/o sus licenciadores poseen los derechos de propiedad intelectual de todo el material del Centro de Buceo Dive Spot. Todos los derechos de propiedad intelectual est\u00e1n reservados. Puede acceder a este material desde Dive Spot Dive Center para su uso personal sujeto a las restricciones establecidas en estos t\u00e9rminos y condiciones.<\/p><p>No debes hacerlo:<\/p><ul><li>Volver a publicar material del centro de buceo Dive Spot<\/li><li>Vender, alquilar o sublicenciar material del Centro de Buceo Dive Spot<\/li><li>Reproducir, duplicar o copiar material del Centro de Buceo Dive Spot<\/li><li>Redistribuir contenidos del centro de buceo Dive Spot<\/li><\/ul><p>El presente Acuerdo entrar\u00e1 en vigor en la fecha del mismo. Nuestros T\u00e9rminos y Condiciones fueron creados con la ayuda de la Plantilla de T\u00e9rminos y Condiciones.<\/p><p>Algunas partes de este sitio web ofrecen a los usuarios la oportunidad de publicar e intercambiar opiniones e informaci\u00f3n en determinadas \u00e1reas del sitio web. Dive Spot &amp; Atlantis no filtra, edita, publica o revisa los Comentarios antes de su presencia en el sitio web. Los comentarios no reflejan los puntos de vista y opiniones de Dive Spot &amp; Atlantis, sus agentes y\/o afiliados. Los comentarios reflejan los puntos de vista y opiniones de la persona que los publica. En la medida permitida por la legislaci\u00f3n aplicable, Dive Spot &amp; Atlantis no ser\u00e1 responsable de los Comentarios ni de ninguna responsabilidad, da\u00f1os o gastos causados y\/o sufridos como resultado de cualquier uso y\/o publicaci\u00f3n y\/o aparici\u00f3n de los Comentarios en este sitio web.<\/p><p>Dive Spot &amp; Atlantis se reserva el derecho a supervisar todos los Comentarios y a eliminar cualquier Comentario que pueda considerarse inapropiado, ofensivo o que infrinja estos T\u00e9rminos y Condiciones.<\/p><p>Usted garantiza y declara que:<\/p><ul><li>Usted tiene derecho a publicar los Comentarios en nuestro sitio web y dispone de todas las licencias y consentimientos necesarios para hacerlo.<\/li><li>Los Comentarios no invaden ning\u00fan derecho de propiedad intelectual, incluidos, entre otros, derechos de autor, patentes o marcas registradas de terceros.<\/li><li>Los Comentarios no contienen ning\u00fan material difamatorio, calumnioso, ofensivo, indecente o il\u00edcito que suponga una invasi\u00f3n de la intimidad.<\/li><li>Los Comentarios no se utilizar\u00e1n para solicitar o promocionar negocios o costumbres ni para presentar actividades comerciales o il\u00edcitas.<\/li><\/ul><p>Por la presente, concede a Dive Spot &amp; Atlantis una licencia no exclusiva para utilizar, reproducir, editar y autorizar a otros a utilizar, reproducir y editar cualquiera de sus Comentarios en todas y cada una de las formas, formatos o medios.<\/p><p><strong>Hiperv\u00ednculos a nuestro contenido<\/strong><\/p><p>Las siguientes organizaciones pueden enlazar con nuestro sitio web sin autorizaci\u00f3n previa por escrito:<\/p><ul><li>Organismos p\u00fablicos<\/li><li>Motores de b\u00fasqueda<\/li><li>Organizaciones de noticias<\/li><li>Los distribuidores de directorios en l\u00ednea pueden enlazar con nuestro sitio web de la misma manera que lo hacen con los sitios web de otras empresas incluidas en la lista.<\/li><li>Empresas acreditadas en todo el sistema, excepto organizaciones sin \u00e1nimo de lucro, centros comerciales ben\u00e9ficos y grupos de recaudaci\u00f3n de fondos ben\u00e9ficos que no pueden establecer hiperenlaces con nuestro sitio web.<\/li><\/ul><p>Estas organizaciones pueden enlazar a nuestra p\u00e1gina de inicio, a publicaciones o a otra informaci\u00f3n del sitio web siempre que el enlace:<\/p><ul><li>(a) no sea en modo alguno enga\u00f1osa;<\/li><li>(b) no implique falsamente el patrocinio, respaldo o aprobaci\u00f3n de la parte enlazante y sus productos y\/o servicios; y<\/li><li>(c) se ajuste al contexto del sitio de la parte enlazante.<\/li><\/ul><p>Podemos considerar y aprobar otras solicitudes de enlaces de los siguientes tipos de organizaciones:<\/p><ul><li>fuentes de informaci\u00f3n com\u00fanmente conocidas por consumidores y\/o empresas;<\/li><li>sitios de la comunidad punto.com;<\/li><li>asociaciones u otros grupos que representen a organizaciones ben\u00e9ficas;<\/li><li>distribuidores de directorios en l\u00ednea;<\/li><li>portales de internet;<\/li><li>empresas de contabilidad, abogac\u00eda y consultor\u00eda; y<\/li><li>instituciones educativas y asociaciones comerciales.<\/li><\/ul><p>Aprobaremos las solicitudes de enlace de estas organizaciones si as\u00ed lo decidimos:<\/p><ul><li>(a) el enlace no nos har\u00eda quedar mal con nosotros mismos o con nuestras empresas acreditadas;<\/li><li>(b) la organizaci\u00f3n no tiene ning\u00fan registro negativo con nosotros;<\/li><li>(c) el beneficio para nosotros de la visibilidad del hiperv\u00ednculo compensa la ausencia de Dive Spot &amp; Atlantis; y<\/li><li>(d) el enlace se encuentra en el contexto de la informaci\u00f3n general sobre recursos.<\/li><\/ul><p>Estas organizaciones pueden enlazar con nuestra p\u00e1gina de inicio siempre que el enlace:<\/p><ul><li>(a) no sea en modo alguno enga\u00f1osa;<\/li><li>(b) no implique falsamente el patrocinio, respaldo o aprobaci\u00f3n de la parte enlazante y sus productos o servicios; y<\/li><li>(c) se ajuste al contexto del sitio de la parte enlazante.<\/li><\/ul><p>Si usted es una de las organizaciones enumeradas en el apartado 2 anterior y est\u00e1 interesado en establecer un enlace con nuestro sitio web, debe informarnos enviando un correo electr\u00f3nico a Dive Spot &amp; Atlantis. Por favor, incluya su nombre, el nombre de su organizaci\u00f3n, informaci\u00f3n de contacto, as\u00ed como la URL de su sitio, una lista de las URL desde las que pretende enlazar a nuestro sitio web y una lista de las URL de nuestro sitio a las que le gustar\u00eda enlazar. Espere 2-3 semanas a recibir una respuesta.<\/p><p>Las organizaciones autorizadas pueden establecer hiperenlaces con nuestro sitio web de la siguiente manera:<\/p><ul><li>Mediante el uso de nuestro nombre corporativo; o<\/li><li>Mediante el uso del localizador uniforme de recursos al que se enlaza; o<\/li><li>Mediante el uso de cualquier otra descripci\u00f3n de nuestro Sitio Web al que se enlaza que tenga sentido dentro del contexto y el formato del contenido del sitio de la parte que realiza el enlace.<\/li><\/ul><p>No se permitir\u00e1 el uso del logotipo de Dive Spot &amp; Atlantis ni de otras ilustraciones para establecer enlaces sin un acuerdo de licencia de marca comercial.<\/p><p><strong>iFrames<\/strong><\/p><p>Sin previa aprobaci\u00f3n y autorizaci\u00f3n por escrito, no podr\u00e1 crear marcos alrededor de nuestras P\u00e1ginas Web que alteren en modo alguno la presentaci\u00f3n visual o el aspecto de nuestro Sitio Web.<\/p><p><strong>Responsabilidad por contenidos<\/strong><\/p><p>No seremos responsables de ning\u00fan contenido que aparezca en su Sitio Web. Usted se compromete a protegernos y defendernos de todas las reclamaciones que surjan en su Sitio Web. No deben aparecer enlaces en ning\u00fan sitio web que puedan interpretarse como difamatorios, obscenos o delictivos, o que infrinjan, violen de otro modo o propugnen la infracci\u00f3n u otra violaci\u00f3n de los derechos de terceros.<\/p><p><strong>Su intimidad<\/strong><\/p><p>Lea nuestra Pol\u00edtica de privacidad.<\/p><p><strong>Reserva de derechos<\/strong><\/p><p>Nos reservamos el derecho a solicitarle que elimine todos los enlaces o cualquier enlace concreto a nuestro Sitio Web. Usted se compromete a eliminar inmediatamente todos los enlaces a nuestro Sitio Web cuando as\u00ed se le solicite. Tambi\u00e9n nos reservamos el derecho a modificar estas condiciones y su pol\u00edtica de enlaces en cualquier momento. Al enlazar de forma continuada a nuestro sitio web, usted acepta quedar vinculado por estas condiciones de enlace y cumplirlas.<\/p><p><strong>Eliminaci\u00f3n de enlaces de nuestro sitio web<\/strong><\/p><p>Si encuentra alg\u00fan enlace en nuestro Sitio Web que le resulte ofensivo por cualquier motivo, puede ponerse en contacto con nosotros e informarnos en cualquier momento. Estudiaremos las solicitudes de eliminaci\u00f3n de enlaces, pero no estamos obligados a hacerlo ni a responderle directamente.<\/p><p>No aseguramos que la informaci\u00f3n de este sitio web sea correcta; no garantizamos su integridad o exactitud, ni prometemos asegurar que el sitio web siga estando disponible o que el material del sitio web se mantenga actualizado.<\/p><p><strong>Descargo de responsabilidad<\/strong><\/p><p>En la medida m\u00e1xima permitida por la ley aplicable, excluimos todas las representaciones, garant\u00edas y condiciones relacionadas con nuestro sitio web y el uso de este sitio web. Nada de lo contenido en esta cl\u00e1usula de exenci\u00f3n de responsabilidad:<\/p><ul><li>limitar o excluir nuestra responsabilidad o la suya en caso de fallecimiento o da\u00f1os personales;<\/li><li>limitar o excluir nuestra responsabilidad o la suya por fraude o tergiversaci\u00f3n fraudulenta;<\/li><li>limitar cualquiera de nuestras responsabilidades o las suyas de cualquier forma que no est\u00e9 permitida por la legislaci\u00f3n aplicable; o<\/li><li>excluir cualquiera de nuestras responsabilidades o de las suyas que no puedan excluirse en virtud de la legislaci\u00f3n aplicable.<\/li><\/ul><p>Las limitaciones y prohibiciones de responsabilidad establecidas en esta Secci\u00f3n y en otras partes de esta cl\u00e1usula de exenci\u00f3n de responsabilidad:<\/p><ul><li>(a) est\u00e9n sujetas a lo dispuesto en el apartado anterior; y<\/li><li>(b) regir\u00e1n todas las responsabilidades derivadas del descargo de responsabilidad, incluidas las responsabilidades contractuales, extracontractuales y por incumplimiento de obligaciones legales.<\/li><\/ul><p>En la medida en que el sitio web y la informaci\u00f3n y los servicios que en \u00e9l se ofrecen son gratuitos, no seremos responsables de ninguna p\u00e9rdida o da\u00f1o de cualquier naturaleza.<\/p>\t\t\t\t\t\t<\/div>\n\t\t\t\t<\/div>\n\t\t\t\t\t<\/div>\n\t\t<\/div>\n\t\t\t\t\t\t\t<\/div>\n\t\t<\/section>\n\t\t\t\t\t\t\t<\/div>","protected":false},"excerpt":{"rendered":"<p>T\u00e9rminos y condiciones \u00a1Bienvenido al centro de buceo Dive Spot! Estos t\u00e9rminos y condiciones describen las normas y reglamentos de uso del sitio web de Dive Spot &amp; Atlantis, ubicado en divespot.es. Al acceder a este sitio web asumimos que acepta estos t\u00e9rminos y condiciones. No contin\u00fae utilizando Dive Spot Dive Center si no [...]<\/p>","protected":false},"author":1,"featured_media":0,"parent":0,"menu_order":0,"comment_status":"closed","ping_status":"closed","template":"","meta":{"footnotes":""},"blocksy_meta":{"styles_descriptor":{"styles":{"desktop":"","tablet":"","mobile":""},"google_fonts":[],"version":4}},"aioseo_notices":[],"_links":{"self":[{"href":"https:\/\/divespot.es\/es\/wp-json\/wp\/v2\/pages\/507"}],"collection":[{"href":"https:\/\/divespot.es\/es\/wp-json\/wp\/v2\/pages"}],"about":[{"href":"https:\/\/divespot.es\/es\/wp-json\/wp\/v2\/types\/page"}],"author":[{"embeddable":true,"href":"https:\/\/divespot.es\/es\/wp-json\/wp\/v2\/users\/1"}],"replies":[{"embeddable":true,"href":"https:\/\/divespot.es\/es\/wp-json\/wp\/v2\/comments?post=507"}],"version-history":[{"count":0,"href":"https:\/\/divespot.es\/es\/wp-json\/wp\/v2\/pages\/507\/revisions"}],"wp:attachment":[{"href":"https:\/\/divespot.es\/es\/wp-json\/wp\/v2\/media?parent=507"}],"curies":[{"name":"wp","href":"https:\/\/api.w.org\/{rel}","templated":true}]}}