{"id":963,"date":"2022-03-12T16:35:42","date_gmt":"2022-03-12T16:35:42","guid":{"rendered":"https:\/\/divespot.es\/?post_type=product&#038;p=963"},"modified":"2024-07-18T15:13:29","modified_gmt":"2024-07-18T15:13:29","slug":"nitrox-diver-course-ean","status":"publish","type":"product","link":"https:\/\/divespot.es\/de\/produkt\/nitrox-diver-course-ean\/","title":{"rendered":"Nitrox-Taucher Spezialit\u00e4t (EAN)"},"content":{"rendered":"<h4>Was ist der Nitrox-Taucher-Spezialkurs?<\/h4>\n<p>Willst du deine Tauchabenteuer auf die n\u00e4chste Stufe bringen? Machen Sie den Spezialkurs Nitrox-Taucher (EAN) und erleben Sie eine neue Stufe des Tauchens! Mit Enriched Air Nitrox verl\u00e4ngern Sie Ihre Grundzeit und verk\u00fcrzen Ihre Oberfl\u00e4chenintervalle, so dass Sie mehr von der Unterwasserwelt entdecken k\u00f6nnen.<\/p>\n<p>W\u00e4hrend des Nitrox-Tauchkurses lernst du alles \u00fcber das Tauchen mit angereicherter Luft (Nitrox), einschlie\u00dflich der Analyse des Sauerstoffgehalts deiner Flasche, der Planung deines Tauchgangs unter Ber\u00fccksichtigung der Tiefen- und Zeitgrenzen des Gasgemischs und der Verwendung spezieller Ausr\u00fcstung, um deine Sicherheit zu gew\u00e4hrleisten. Du lernst auch, wie du deine Nitroxflaschen richtig beschriftest und handhabst und wie du deinen Tauchcomputer auf die verschiedenen Gasgemische einstellst.<\/p>\n<p>Dieser Spezialkurs ist eine gute Option f\u00fcr Taucher, die ihre Grundzeit verl\u00e4ngern und ihre Oberfl\u00e4chenintervalle verk\u00fcrzen m\u00f6chten. Du lernst auch die potenziellen Vorteile und Risiken des Tauchens mit angereichertem Nitrox kennen und erf\u00e4hrst, wie du mit diesem Gasgemisch sicher tauchen kannst. Nach Abschluss des Kurses sind Sie au\u00dferdem zertifiziert, mit angereichertem Luft-Nitrox bis zu 40% Sauerstoff zu tauchen!<\/p>\n<h4>Wer kann sich f\u00fcr den Nitrox-Tauchkurs anmelden?<\/h4>\n<p>Um sich f\u00fcr den Nitrox-Tauchkurs anzumelden, m\u00fcssen Sie folgende Voraussetzungen erf\u00fcllen <strong>mindestens 12 Jahre alt<\/strong> und <strong>ein g\u00fcltiges Open Water Diver Brevet besitzen<\/strong>. Der Kurs besteht aus Unterricht und praktischen \u00dcbungen, einschlie\u00dflich zweier Freiwassertauchg\u00e4nge. Sie lernen, Nitroxflaschen zu analysieren und zu kennzeichnen, Nitrox-Tauchg\u00e4nge zu planen und durchzuf\u00fchren und Nitrox-spezifische Tauchausr\u00fcstung sicher zu benutzen. Am Ende des Kurses legen Sie eine schriftliche Pr\u00fcfung ab und stellen Ihre F\u00e4higkeiten im Wasser unter Beweis.<\/p>\n<h4>SSI-Tauch-Organisationen.<\/h4>\n<p>In unserer Tauchbasis Dive Spot auf Teneriffa bieten wir Ausbildungen von der gr\u00f6\u00dften Tauchorganisation der Welt SSI - Scuba Schools International - an. Die von dieser Organisation ausgestellten Zertifikate werden auf der ganzen Welt anerkannt.<br \/>\n<img decoding=\"async\" loading=\"lazy\" class=\"alignnone size-medium wp-image-1478\" src=\"https:\/\/divespot.es\/wp-content\/uploads\/2022\/03\/ssi-300x71.png\" alt=\"logo ssi\" width=\"300\" height=\"71\" srcset=\"https:\/\/divespot.es\/wp-content\/uploads\/2022\/03\/ssi-300x71.png 300w, https:\/\/divespot.es\/wp-content\/uploads\/2022\/03\/ssi-1024x244.png 1024w, https:\/\/divespot.es\/wp-content\/uploads\/2022\/03\/ssi-768x183.png 768w, https:\/\/divespot.es\/wp-content\/uploads\/2022\/03\/ssi-1536x365.png 1536w, https:\/\/divespot.es\/wp-content\/uploads\/2022\/03\/ssi-2048x487.png 2048w, https:\/\/divespot.es\/wp-content\/uploads\/2022\/03\/ssi-600x143.png 600w\" sizes=\"(max-width: 300px) 100vw, 300px\" \/><\/p>\n<h4>E-Learning - Ihre Ausbildung online<\/h4>\n<p>Verschwenden Sie keine Zeit! In unserem Tauchzentrum k\u00f6nnen Sie eine Online-Tauchausbildung f\u00fcr alle Stufen absolvieren. Sie k\u00f6nnen dies zu jeder beliebigen Zeit tun, auch abends, bei Ihnen zu Hause. Nach der Buchung erhalten Sie von uns einen E-Learning-Zugang. Sie m\u00fcssen nur die Unterwasserfertigkeiten und das Tauchen durchf\u00fchren, wenn Sie zu uns kommen.<\/p>\n<h4>Haben Sie noch Zweifel? Warum einen Tauchkurs bei Dive Spot buchen?<\/h4>\n<ul>\n<li>In jedem Programm von Tauchkursen auf Teneriffa, das du w\u00e4hlst, bekommst du pers\u00f6nliche Aufmerksamkeit von unserem professionellen Team.<\/li>\n<li>Sie k\u00f6nnen sicher sein, dass Sie bei uns Folgendes bekommen <a href=\"https:\/\/divespot.es\/en\/best-price-policy\/\">die besten Preise f\u00fcr das Tauchen auf Teneriffa<\/a>.<\/li>\n<li>Um Zeit zu sparen, wird der theoretische Unterricht per E-Learning durchgef\u00fchrt.<\/li>\n<li>Sie haben die Wahl zwischen den beiden gr\u00f6\u00dften Tauchverb\u00e4nden der Welt.<\/li>\n<li>Sie werden eintauchen <a href=\"https:\/\/divespot.es\/en\/article-2\/\">Rochenbucht<\/a>einer der spektakul\u00e4rsten Tauchpl\u00e4tze auf Teneriffa.<\/li>\n<li>Sie werden Teil einer gro\u00dfen Gemeinschaft von Tauchern, die Ihnen viele Freunde auf der ganzen Welt bieten wird.<\/li>\n<li>Wir nehmen Sie mit auf ein Unterwasserabenteuer voller Adrenalin und Vergn\u00fcgen.<\/li>\n<\/ul>\n<h4>Wie kann man reservieren?<\/h4>\n<p>Bevor Sie beginnen, lesen Sie bitte unsere <a href=\"https:\/\/divespot.es\/de\/terms-and-conditions\/\" target=\"_blank\" rel=\"noopener\">Bedingungen und Konditionen<\/a>, <a href=\"https:\/\/divespot.es\/de\/privacy-policy\/\" target=\"_blank\" rel=\"noopener\">Datenschutzbestimmungen<\/a> und <a href=\"https:\/\/divespot.es\/de\/cancelling-and-refunding-policy\/\" target=\"_blank\" rel=\"noopener\">Stornierung und R\u00fcckerstattung<\/a>. Um eine Reservierung vorzunehmen, ben\u00f6tigen Sie eine Bankkarte, um eine kleine Anzahlung zu leisten. Wenn Sie keine Karte haben oder Probleme mit der Online-Zahlung haben, wenden Sie sich bitte an <a href=\"https:\/\/divespot.es\/de\/contact\/\">kontaktieren Sie uns<\/a>und wir werden eine andere Zahlungsmethode vereinbaren. Denken Sie daran, dass die Sonderpreise nur f\u00fcr Online-Buchungen g\u00fcltig sind, die mindestens einen Tag vor dem Tauchgang erfolgen.<\/p>\n<p>Die h\u00e4ufigsten Fragen und Antworten finden Sie unter <a href=\"https:\/\/divespot.es\/de\/questions-answers\/\">unsere Q&amp;A Seite<\/a>oder Sie k\u00f6nnen weitere Informationen anfordern unter <a href=\"https:\/\/divespot.es\/de\/contact\/\">unsere Kontaktseite<\/a>.<\/p>\n<h6>Lesen Sie die folgenden Tipps und Erkl\u00e4rungen:<\/h6>\n<p>Das Buchungsfenster befindet sich oben rechts auf dieser Seite.<br \/>\n<b>W\u00e4hlen Sie den Tauchkurs<\/b> die Sie durchf\u00fchren m\u00f6chten. Geben Sie die Anzahl der Teilnehmer f\u00fcr die entsprechende Option ein.<\/p>\n<p><img decoding=\"async\" loading=\"lazy\" class=\"alignnone wp-image-1794\" src=\"https:\/\/divespot.es\/wp-content\/uploads\/2022\/03\/Nitrox.jpg\" alt=\"Nitrox\" width=\"605\" height=\"50\" srcset=\"https:\/\/divespot.es\/wp-content\/uploads\/2022\/03\/Nitrox.jpg 774w, https:\/\/divespot.es\/wp-content\/uploads\/2022\/03\/Nitrox-300x25.jpg 300w, https:\/\/divespot.es\/wp-content\/uploads\/2022\/03\/Nitrox-768x64.jpg 768w, https:\/\/divespot.es\/wp-content\/uploads\/2022\/03\/Nitrox-600x50.jpg 600w\" sizes=\"(max-width: 605px) 100vw, 605px\" \/><\/p>\n<p><b>Zus\u00e4tzliche Optionen<\/b>. Markieren Sie zus\u00e4tzliche Optionen, die Sie zu Ihrer Bestellung hinzuf\u00fcgen m\u00f6chten.<\/p>\n<p><strong>Die Unterwasserwelt bei Nacht<\/strong> ist v\u00f6llig anders. Wir ermutigen Sie, einen Nachttauchgang als zus\u00e4tzlichen Tauchgang an einem beliebigen Tag des Pakets zu buchen.<\/p>\n<p><img decoding=\"async\" loading=\"lazy\" class=\"alignnone wp-image-1521\" src=\"https:\/\/divespot.es\/wp-content\/uploads\/2022\/03\/ad-night-dive.jpg\" alt=\"Night dive\" width=\"605\" height=\"51\" srcset=\"https:\/\/divespot.es\/wp-content\/uploads\/2022\/03\/ad-night-dive.jpg 774w, https:\/\/divespot.es\/wp-content\/uploads\/2022\/03\/ad-night-dive-300x25.jpg 300w, https:\/\/divespot.es\/wp-content\/uploads\/2022\/03\/ad-night-dive-768x64.jpg 768w, https:\/\/divespot.es\/wp-content\/uploads\/2022\/03\/ad-night-dive-600x50.jpg 600w\" sizes=\"(max-width: 605px) 100vw, 605px\" \/><\/p>\n<p><b>Fotos und Videos<\/b> deines ersten Tauchgangs. Wenn Sie m\u00f6chten, dass der Tauchlehrer ein Unterwasser-Fotoshooting f\u00fcr Sie macht, w\u00e4hlen Sie \"Ja, bitte\".<br \/>\n<img decoding=\"async\" loading=\"lazy\" class=\"alignnone wp-image-1059\" src=\"https:\/\/divespot.es\/wp-content\/uploads\/2022\/02\/foto.png\" alt=\"foto video\" width=\"408\" height=\"64\" srcset=\"https:\/\/divespot.es\/wp-content\/uploads\/2022\/02\/foto.png 675w, https:\/\/divespot.es\/wp-content\/uploads\/2022\/02\/foto-300x47.png 300w, https:\/\/divespot.es\/wp-content\/uploads\/2022\/02\/foto-600x94.png 600w\" sizes=\"(max-width: 408px) 100vw, 408px\" \/><\/p>\n<p><b>\u00dcbertragung<\/b>. Wenn Sie einen Transport von Ihrem Hotel und zur\u00fcck ben\u00f6tigen, k\u00f6nnen Sie diesen gegen eine zus\u00e4tzliche Geb\u00fchr in zwei verschiedenen Touristengebieten bestellen. Wenn Ihr Aufenthaltsort nicht auf der Karte verzeichnet ist, kontaktieren Sie uns bitte. Wir k\u00f6nnen einen individuellen Transport f\u00fcr Sie organisieren. <a href=\"https:\/\/divespot.es\/wp-content\/uploads\/2022\/04\/tenerife-map.jpg\" target=\"_blank\" rel=\"noopener\">Die Karte der Verkehrszonen k\u00f6nnen Sie hier einsehen.<\/a><br \/>\n<img decoding=\"async\" loading=\"lazy\" class=\"alignnone wp-image-1060\" src=\"https:\/\/divespot.es\/wp-content\/uploads\/2022\/02\/Transfer.png\" alt=\"Transfer info\" width=\"406\" height=\"113\" srcset=\"https:\/\/divespot.es\/wp-content\/uploads\/2022\/02\/Transfer.png 675w, https:\/\/divespot.es\/wp-content\/uploads\/2022\/02\/Transfer-300x84.png 300w, https:\/\/divespot.es\/wp-content\/uploads\/2022\/02\/Transfer-600x167.png 600w\" sizes=\"(max-width: 406px) 100vw, 406px\" \/><\/p>\n<p><b>Datum<\/b>. W\u00e4hlen Sie das Datum f\u00fcr Ihren Tauchgang. Wir behalten uns das Recht vor, die Zeit f\u00fcr eine bessere Organisation unserer Arbeit in der Tauchbasis zu \u00e4ndern. Unser Assistent wird Ihre Buchung mit detaillierten Informationen best\u00e4tigen.<br \/>\n<img decoding=\"async\" loading=\"lazy\" class=\"alignnone wp-image-1488\" src=\"https:\/\/divespot.es\/wp-content\/uploads\/2022\/03\/data-2-257x300.jpg\" alt=\"Data \" width=\"230\" height=\"268\" srcset=\"https:\/\/divespot.es\/wp-content\/uploads\/2022\/03\/data-2-257x300.jpg 257w, https:\/\/divespot.es\/wp-content\/uploads\/2022\/03\/data-2-300x351.jpg 300w, https:\/\/divespot.es\/wp-content\/uploads\/2022\/03\/data-2.jpg 558w\" sizes=\"(max-width: 230px) 100vw, 230px\" \/><\/p>\n<h4>Kasse und Warenkorb<\/h4>\n<p>Wenn Ihre Bestellung fertig ist, dr\u00fccken Sie auf \"Jetzt buchen\". Sie werden dann zum <a href=\"https:\/\/divespot.es\/de\/checkout\/\">Checkout-Seite<\/a>.<br \/>\nWenn Sie \u00c4nderungen an Ihrer Buchung vornehmen m\u00f6chten, finden Sie die <a href=\"https:\/\/divespot.es\/de\/cart\/\">Korb<\/a> Symbol oben auf der Seite, das Sie zu Ihrem <a href=\"https:\/\/divespot.es\/de\/cart\/\">Wagen<\/a>. Wenn Sie einen Rabatt-Coupon f\u00fcr Stammkunden haben, k\u00f6nnen Sie ihn im Warenkorb anwenden und zur Kasse gehen.<br \/>\n<b>Seite \"Kasse\" - Rechnungsdetails<\/b>. Auf dieser Seite geben Sie Ihre pers\u00f6nlichen Daten ein: Vorname, Nachname, Telefonnummer (vergessen Sie nicht die Vorwahl, die Ihre Landesvorwahl ist), E-Mail-Adresse (f\u00fcr die Buchungsbest\u00e4tigung), die Sprache, die Sie am besten sprechen, und zus\u00e4tzliche Sprachen, in denen Sie kommunizieren k\u00f6nnen (w\u00e4hlen Sie aus der Liste. Wenn Sie mehr wissen, schreiben Sie sie bitte in die Kommentare).<\/p>\n<p><b>Abholstelle<\/b>. Wenn Sie einen kostenpflichtigen Transferservice vom Hotel bestellt haben, geben Sie bitte den genauen Namen des Hotels einschlie\u00dflich der Stadt an. Wenn Sie in einem Apartment wohnen, geben Sie bitte die genaue Adresse an: Stra\u00dfe und Hausnummer, Ort, Postleitzahl, Name des Geb\u00e4udes und Google-Standort, wenn m\u00f6glich.<\/p>\n<p><b>Zus\u00e4tzliche Informationen<\/b>. Geben Sie in diesem Abschnitt alle relevanten Informationen ein, die Sie uns mitteilen m\u00f6chten.<\/p>\n<h4>Bezahlung.<\/h4>\n<p>Geben Sie die Daten Ihrer Bankkarte ein und bezahlen Sie die Einzahlung. Sie erhalten eine automatische Best\u00e4tigung per E-Mail \u00fcber die Zahlung und den Status des laufenden Prozesses.<br \/>\nUnser Assistent wird dann die Reservierung best\u00e4tigen und Sie \u00fcber die Einzelheiten informieren. Bitte beachten Sie, dass <b>es kann zu geringf\u00fcgigen \u00c4nderungen an Ihrer Bestellung kommen<\/b>wie z. B. die Startzeit oder die Zeit der Abholung vom Hotel. Sportliche Aktivit\u00e4ten k\u00f6nnen in letzter Minute ge\u00e4ndert werden, daher sollten Sie sich vergewissern <b>Halten Sie Ihr Telefon griffbereit<\/b> f\u00fcr den Fall, dass wir Sie kontaktieren m\u00fcssen. Wenn Sie Probleme mit der Buchung oder Zahlung haben, wenden Sie sich bitte an <a href=\"https:\/\/divespot.es\/de\/contact\/\">kontaktieren Sie uns<\/a>.<\/p>\n<p>&nbsp;<\/p>","protected":false},"excerpt":{"rendered":"<p>Bitte lesen Sie die Beschreibung unten, bevor Sie buchen!<\/p>\n<p>Diese Preise sind nur bei Online-Buchung verf\u00fcgbar!<\/p>\n<p><a href=\"https:\/\/divespot.es\/wp-content\/uploads\/2022\/04\/tenerife-map.jpg\">VERKEHRSZONENPLAN<\/a><\/p>","protected":false},"featured_media":2679,"template":"","meta":[],"product_cat":[28],"product_tag":[44,41,48,33],"aioseo_notices":[],"_links":{"self":[{"href":"https:\/\/divespot.es\/de\/wp-json\/wp\/v2\/product\/963"}],"collection":[{"href":"https:\/\/divespot.es\/de\/wp-json\/wp\/v2\/product"}],"about":[{"href":"https:\/\/divespot.es\/de\/wp-json\/wp\/v2\/types\/product"}],"wp:featuredmedia":[{"embeddable":true,"href":"https:\/\/divespot.es\/de\/wp-json\/wp\/v2\/media\/2679"}],"wp:attachment":[{"href":"https:\/\/divespot.es\/de\/wp-json\/wp\/v2\/media?parent=963"}],"wp:term":[{"taxonomy":"product_cat","embeddable":true,"href":"https:\/\/divespot.es\/de\/wp-json\/wp\/v2\/product_cat?post=963"},{"taxonomy":"product_tag","embeddable":true,"href":"https:\/\/divespot.es\/de\/wp-json\/wp\/v2\/product_tag?post=963"}],"curies":[{"name":"wp","href":"https:\/\/api.w.org\/{rel}","templated":true}]}}