{"id":960,"date":"2022-03-12T16:07:04","date_gmt":"2022-03-12T16:07:04","guid":{"rendered":"https:\/\/divespot.es\/?post_type=product&#038;p=960"},"modified":"2024-08-12T15:05:04","modified_gmt":"2024-08-12T15:05:04","slug":"divemaster-course","status":"publish","type":"product","link":"https:\/\/divespot.es\/de\/produkt\/divemaster-course\/","title":{"rendered":"Divemaster-Kurs"},"content":{"rendered":"<h4>Was ist der Divemaster-Kurs?<\/h4>\n<p>Entdecken Sie die Wunder der Unterwasserwelt von Teneriffa mit unserem umfassenden Divemaster-Tauchkurs. Dieser Kurs wird Sie in eine au\u00dfergew\u00f6hnliche Reise der Entwicklung von F\u00e4higkeiten und der Erforschung des Ozeans eintauchen lassen.<\/p>\n<p>W\u00e4hrend des gesamten Kurses werden Sie von unseren erfahrenen Tauchlehrern fachkundig angeleitet, die Ihnen grundlegende Tauchtechniken, Sicherheitsprotokolle und Praktiken zum Schutz der Umwelt vermitteln. Tauchen Sie ein in spannende praktische \u00dcbungen und theoretischen Unterricht, der Tauchgangsplanung, Ausr\u00fcstungsmanagement und Rettungsfertigkeiten behandelt. Verschaffen Sie sich ein umfassendes Wissen \u00fcber das Meeresleben und die \u00d6kosysteme, um ein verantwortungsvoller und informierter Taucher zu werden.<\/p>\n<p>Nach erfolgreichem Abschluss des Kurses erlangen Sie das angesehene Divemaster-Zertifikat, das ein Sprungbrett zum professionellen Taucher ist. Als lizenzierter Divemaster k\u00f6nnen Sie Taucheins\u00e4tze leiten und unterst\u00fctzen, andere Taucher anleiten und beaufsichtigen und sogar weltweit in der Tauchbranche arbeiten.<\/p>\n<h4>Wer kann sich f\u00fcr den Divemaster-Kurs anmelden?<\/h4>\n<p>Um sich f\u00fcr den Divemaster Scuba Diving Kurs anzumelden, m\u00fcssen Sie die folgenden Voraussetzungen erf\u00fcllen:<\/p>\n<ol>\n<li>Sie m\u00fcssen mindestens 18 Jahre alt sein.<\/li>\n<li>Besitz eines g\u00fcltigen Diver Stress&amp;Rescue-Zertifikats (oder eines gleichwertigen Zertifikats) einer anerkannten Tauchorganisation.<\/li>\n<li>Besitz einer aktuellen React Right-Zertifizierung (oder einer gleichwertigen Zertifizierung) innerhalb der letzten 24 Monate.<\/li>\n<li>Mindestens 40 geloggte Tauchg\u00e4nge vor Beginn des Kurses und 60 geloggte Tauchg\u00e4nge nach Abschluss des Kurses.<\/li>\n<\/ol>\n<p><strong>Preisliche Optionen:<\/strong><\/p>\n<ul>\n<li>Kursgeb\u00fchr (SSI): 765 Euro (erm\u00e4\u00dfigt von 850)<\/li>\n<\/ul>\n<h4>SSI-Tauch-Organisationen.<\/h4>\n<p>In unserer Tauchbasis Dive Spot auf Teneriffa bieten wir Ausbildungen von der gr\u00f6\u00dften Tauchorganisation der Welt SSI - Scuba Schools International - an. Die von dieser Organisation ausgestellten Zertifikate werden auf der ganzen Welt anerkannt.<\/p>\n<p><img decoding=\"async\" loading=\"lazy\" class=\"alignnone size-medium wp-image-1478\" src=\"https:\/\/divespot.es\/wp-content\/uploads\/2022\/03\/ssi-300x71.png\" alt=\"logo ssi\" width=\"300\" height=\"71\" srcset=\"https:\/\/divespot.es\/wp-content\/uploads\/2022\/03\/ssi-300x71.png 300w, https:\/\/divespot.es\/wp-content\/uploads\/2022\/03\/ssi-1024x244.png 1024w, https:\/\/divespot.es\/wp-content\/uploads\/2022\/03\/ssi-768x183.png 768w, https:\/\/divespot.es\/wp-content\/uploads\/2022\/03\/ssi-1536x365.png 1536w, https:\/\/divespot.es\/wp-content\/uploads\/2022\/03\/ssi-2048x487.png 2048w, https:\/\/divespot.es\/wp-content\/uploads\/2022\/03\/ssi-600x143.png 600w\" sizes=\"(max-width: 300px) 100vw, 300px\" \/><\/p>\n<h4>E-Learning - Ihre Ausbildung online.<\/h4>\n<p>Verschwenden Sie keine Zeit. In unserem Diving Center k\u00f6nnen Sie eine Online-Tauchausbildung f\u00fcr alle Stufen absolvieren. Sie k\u00f6nnen es zu jeder beliebigen Zeit machen, sogar abends bei Ihnen zu Hause. Nachdem Sie zu uns gekommen sind, werden Sie nur Unterwasserfertigkeiten und Tauchen durchf\u00fchren. Nach der Buchung erhalten Sie von uns einen E-Learning-Zugang.<\/p>\n<p>&nbsp;<\/p>\n<h4>Haben Sie noch Zweifel? Warum buchen Sie einen Tauchkurs bei Dive Spot?<\/h4>\n<div><\/div>\n<div>\n<div>- In jedem Programm von Tauchkursen auf Teneriffa, das du w\u00e4hlst, bekommst du pers\u00f6nliche Aufmerksamkeit von unserem professionellen Team.<\/div>\n<div>- Um Zeit zu sparen, wird der theoretische Unterricht per E-Learning durchgef\u00fchrt.<\/div>\n<div>- Sie werden an einem der spektakul\u00e4rsten Tauchpl\u00e4tze Teneriffas tauchen, der Rays Bay.<br \/>\n- Du wirst in eine riesige Gemeinschaft von Tauchern eintreten, die dir viele Freunde auf der ganzen Welt bieten wird.<\/div>\n<div>- Wir bringen Sie durch ein Unterwasserabenteuer voller Adrenalin und Vergn\u00fcgen<\/div>\n<\/div>\n<div><\/div>\n<div>\n<h4>Wie kann man reservieren?<\/h4>\n<p>Bevor Sie beginnen, lesen Sie bitte unsere <a href=\"https:\/\/divespot.es\/de\/terms-and-conditions\/\" target=\"_blank\" rel=\"noopener\">Bedingungen und Konditionen<\/a>, <a href=\"https:\/\/divespot.es\/de\/privacy-policy\/\" target=\"_blank\" rel=\"noopener\">Datenschutzbestimmungen<\/a> und <a href=\"https:\/\/divespot.es\/de\/cancelling-and-refunding-policy\/\" target=\"_blank\" rel=\"noopener\">Stornierung und R\u00fcckerstattung<\/a>. Um eine Reservierung vorzunehmen, ben\u00f6tigen Sie eine Bankkarte, um eine kleine Anzahlung zu leisten. Wenn Sie keine Karte haben oder Probleme mit der Online-Zahlung haben, wenden Sie sich bitte an <a href=\"https:\/\/divespot.es\/de\/contact\/\">kontaktieren Sie uns<\/a> und wir werden eine andere Zahlungsmethode vereinbaren. Denken Sie daran, dass die Sonderpreise nur f\u00fcr Online-Buchungen g\u00fcltig sind, die mindestens einen Tag vor dem Tauchgang erfolgen.<\/p>\n<p>Die h\u00e4ufigsten Fragen und Antworten finden Sie hier <a href=\"https:\/\/divespot.es\/de\/questions-answers\/\">HIER<\/a>. Sie k\u00f6nnen auch Fragen im Online-Chat an unseren Assistenten stellen.<\/p>\n<\/div>\n<h4>Lesen Sie die folgenden Tipps und Erkl\u00e4rungen:<\/h4>\n<p>Das Buchungsfenster befindet sich oben rechts auf dieser Seite.<\/p>\n<p><strong>W\u00e4hlen Sie den Tauchkurs<\/strong> die Sie durchf\u00fchren m\u00f6chten. Geben Sie die Anzahl der Teilnehmer f\u00fcr die entsprechende Option ein.<\/p>\n<p><img decoding=\"async\" loading=\"lazy\" class=\"alignnone wp-image-3765\" src=\"https:\/\/divespot.es\/wp-content\/uploads\/2022\/03\/dlm-300x49.png\" alt=\"\" width=\"356\" height=\"58\" srcset=\"https:\/\/divespot.es\/wp-content\/uploads\/2022\/03\/dlm-300x49.png 300w, https:\/\/divespot.es\/wp-content\/uploads\/2022\/03\/dlm-18x3.png 18w, https:\/\/divespot.es\/wp-content\/uploads\/2022\/03\/dlm-600x99.png 600w, https:\/\/divespot.es\/wp-content\/uploads\/2022\/03\/dlm.png 682w\" sizes=\"(max-width: 356px) 100vw, 356px\" \/><\/p>\n<p><strong>Zus\u00e4tzliche Optionen<\/strong>. Markieren Sie zus\u00e4tzliche Optionen, die Sie zu Ihrer Bestellung hinzuf\u00fcgen m\u00f6chten.<\/p>\n<p>Viele interessante Tauchpl\u00e4tze erfordern eine <strong>Tauchschein bis zu einer Tiefe von 40 Metern<\/strong>. Erweitern Sie Ihre Qualifikationen und nehmen Sie an einem Tieftaucherkurs bei uns teil. Die Ausbildung dauert 2 zus\u00e4tzliche Tage.<\/p>\n<p><img decoding=\"async\" loading=\"lazy\" class=\"alignnone size-medium wp-image-3752\" src=\"https:\/\/divespot.es\/wp-content\/uploads\/2022\/03\/ddl-300x59.png\" alt=\"\" width=\"300\" height=\"59\" srcset=\"https:\/\/divespot.es\/wp-content\/uploads\/2022\/03\/ddl-300x59.png 300w, https:\/\/divespot.es\/wp-content\/uploads\/2022\/03\/ddl-18x4.png 18w, https:\/\/divespot.es\/wp-content\/uploads\/2022\/03\/ddl.png 556w\" sizes=\"(max-width: 300px) 100vw, 300px\" \/><\/p>\n<p><strong>Nitrox \/ EAN \/ Angereicherte Luft<\/strong> erm\u00f6glicht es Tauchern, l\u00e4nger unter Wasser zu bleiben und die Dekompressionsgrenzen zu verl\u00e4ngern.<\/p>\n<p><img decoding=\"async\" loading=\"lazy\" class=\"alignnone wp-image-3764\" src=\"https:\/\/divespot.es\/wp-content\/uploads\/2022\/03\/ndl-300x67.png\" alt=\"\" width=\"273\" height=\"61\" srcset=\"https:\/\/divespot.es\/wp-content\/uploads\/2022\/03\/ndl-300x67.png 300w, https:\/\/divespot.es\/wp-content\/uploads\/2022\/03\/ndl-18x4.png 18w, https:\/\/divespot.es\/wp-content\/uploads\/2022\/03\/ndl.png 508w\" sizes=\"(max-width: 273px) 100vw, 273px\" \/><\/p>\n<p><strong>Fotos und Videos<\/strong> deines ersten Tauchgangs. Wenn Sie m\u00f6chten, dass der Tauchlehrer ein Unterwasser-Fotoshooting f\u00fcr Sie macht, markieren Sie: Ja, bitte.<\/p>\n<p><img decoding=\"async\" loading=\"lazy\" class=\"alignnone size-medium wp-image-3751\" src=\"https:\/\/divespot.es\/wp-content\/uploads\/2022\/02\/photo-300x87.png\" alt=\"\" width=\"300\" height=\"87\" srcset=\"https:\/\/divespot.es\/wp-content\/uploads\/2022\/02\/photo-300x87.png 300w, https:\/\/divespot.es\/wp-content\/uploads\/2022\/02\/photo-18x5.png 18w, https:\/\/divespot.es\/wp-content\/uploads\/2022\/02\/photo.png 530w\" sizes=\"(max-width: 300px) 100vw, 300px\" \/><\/p>\n<p><strong>\u00dcbertragung<\/strong>. Wenn Sie Transport vom Hotel und zur\u00fcck ben\u00f6tigen, k\u00f6nnen Sie es mit zus\u00e4tzlichen Geb\u00fchren in zwei verschiedenen touristischen Gebieten bestellen. Wenn die Karte nicht Ihren Aufenthaltsort abdeckt, kontaktieren Sie uns bitte, es ist m\u00f6glich, einen individuellen Transport zu organisieren. <a href=\"https:\/\/divespot.es\/wp-content\/uploads\/2022\/04\/tenerife-map.jpg\" target=\"_blank\" rel=\"noopener\">TENERIFE-KARTE<\/a><\/p>\n<p><img decoding=\"async\" loading=\"lazy\" class=\"alignnone wp-image-1060\" src=\"https:\/\/divespot.es\/wp-content\/uploads\/2022\/02\/Transfer.png\" alt=\"Transfer info\" width=\"406\" height=\"113\" srcset=\"https:\/\/divespot.es\/wp-content\/uploads\/2022\/02\/Transfer.png 675w, https:\/\/divespot.es\/wp-content\/uploads\/2022\/02\/Transfer-300x84.png 300w, https:\/\/divespot.es\/wp-content\/uploads\/2022\/02\/Transfer-600x167.png 600w\" sizes=\"(max-width: 406px) 100vw, 406px\" \/><\/p>\n<p><strong>Datum<\/strong>. W\u00e4hlen Sie das Datum f\u00fcr Ihren Tauchgang. Wir behalten uns das Recht vor, die Zeit f\u00fcr eine bessere Organisation unserer Arbeit in der Tauchbasis zu \u00e4ndern. Unser Assistent wird Ihre Buchung mit detaillierten Informationen best\u00e4tigen.<\/p>\n<p><img decoding=\"async\" loading=\"lazy\" class=\"alignnone wp-image-1488\" src=\"https:\/\/divespot.es\/wp-content\/uploads\/2022\/03\/data-2-257x300.jpg\" alt=\"Data \" width=\"230\" height=\"268\" srcset=\"https:\/\/divespot.es\/wp-content\/uploads\/2022\/03\/data-2-257x300.jpg 257w, https:\/\/divespot.es\/wp-content\/uploads\/2022\/03\/data-2-300x351.jpg 300w, https:\/\/divespot.es\/wp-content\/uploads\/2022\/03\/data-2.jpg 558w\" sizes=\"(max-width: 230px) 100vw, 230px\" \/><\/p>\n<h4>Kasse und Warenkorb<\/h4>\n<p>Wenn Ihre Bestellung fertig ist, dr\u00fccken Sie auf - Jetzt buchen.<br \/>\nSie werden zum <a href=\"https:\/\/divespot.es\/de\/checkout\/\">Checkout-Seite<\/a>.<br \/>\nWenn Sie \u00c4nderungen an Ihrer Buchung vornehmen m\u00f6chten, finden Sie oben auf der Seite das <a href=\"https:\/\/divespot.es\/de\/cart\/\">Korb<\/a> Symbol, das Sie zur Seite <a href=\"https:\/\/divespot.es\/de\/cart\/\">Wagen Seite<\/a>. Wenn Sie einen Rabatt-Coupon f\u00fcr Stammkunden haben, k\u00f6nnen Sie ihn im Warenkorb anwenden und zur Kasse gehen.<\/p>\n<p><strong>Seite \"Kasse\" - Rechnungsdetails<\/strong>. Auf dieser Seite geben Sie Ihre pers\u00f6nlichen Daten ein:<br \/>\nVorname, Nachname,<br \/>\nTelefonnummer (vergessen Sie nicht die Vorwahl - Ihre Landesvorwahl),<br \/>\nE-Mail Adresse (f\u00fcr die Buchungsbest\u00e4tigung),<br \/>\ndie Sprache, die Sie am besten beherrschen, und weitere Sprachen, in denen Sie sich verst\u00e4ndigen k\u00f6nnen (auf der Liste angegeben; wenn Sie mehr wissen, schreiben Sie in die Kommentare),<\/p>\n<p><strong>Abholstelle<\/strong> (wenn Sie einen kostenpflichtigen Transferservice vom Hotel bestellen) geben Sie den genauen vollst\u00e4ndigen Namen des Hotels zusammen mit der Stadt an. Wenn Sie in einem Apartment wohnen, geben Sie die genaue Adresse an: Stra\u00dfe und Hausnummer, Ort, Postleitzahl, Name des Geb\u00e4udes und Google-Standort, wenn m\u00f6glich. <a href=\"https:\/\/divespot.es\/wp-content\/uploads\/2022\/04\/tenerife-map.jpg\" target=\"_blank\" rel=\"noopener\">Karte<\/a><\/p>\n<p><strong>Zus\u00e4tzliche Informationen<\/strong>. Geben Sie hier die Informationen ein, die Sie f\u00fcr relevant halten und uns mitteilen m\u00f6chten.<\/p>\n<h4>Bezahlung.<\/h4>\n<p>Geben Sie die Daten Ihrer Bankkarte ein und zahlen Sie die Kaution.<br \/>\nSie erhalten eine automatische E-Mail-Best\u00e4tigung \u00fcber den Status der Zahlung und des laufenden Prozesses (PENDING).<br \/>\nUnser Assistent best\u00e4tigt dann die Reservierung und informiert Sie \u00fcber die Details. Bitte beachten Sie, dass es zu geringf\u00fcgigen \u00c4nderungen an Ihrer Bestellung kommen kann! Z.B. die Startzeit oder die Transferzeit zum Hotel. Sportliche Aktivit\u00e4ten k\u00f6nnen in letzter Minute ge\u00e4ndert werden, achten Sie darauf, dass Sie das bei der Buchung angegebene Telefon benutzen!<br \/>\nWenn Sie ein Problem mit der Buchung oder Zahlung haben, kontaktieren Sie unseren Assistenten im Online-Chat. Der Link befindet sich in der unteren rechten Ecke der Seite. In der Fu\u00dfzeile der Seite finden Sie weitere Kontaktm\u00f6glichkeiten.<\/p>","protected":false},"excerpt":{"rendered":"<p>Bitte lesen Sie die Beschreibung unten, bevor Sie buchen!<\/p>\n<p>Diese Preise sind nur bei Online-Buchung verf\u00fcgbar!<\/p>","protected":false},"featured_media":2666,"template":"","meta":[],"product_cat":[28],"product_tag":[44,47,41,33],"aioseo_notices":[],"_links":{"self":[{"href":"https:\/\/divespot.es\/de\/wp-json\/wp\/v2\/product\/960"}],"collection":[{"href":"https:\/\/divespot.es\/de\/wp-json\/wp\/v2\/product"}],"about":[{"href":"https:\/\/divespot.es\/de\/wp-json\/wp\/v2\/types\/product"}],"wp:featuredmedia":[{"embeddable":true,"href":"https:\/\/divespot.es\/de\/wp-json\/wp\/v2\/media\/2666"}],"wp:attachment":[{"href":"https:\/\/divespot.es\/de\/wp-json\/wp\/v2\/media?parent=960"}],"wp:term":[{"taxonomy":"product_cat","embeddable":true,"href":"https:\/\/divespot.es\/de\/wp-json\/wp\/v2\/product_cat?post=960"},{"taxonomy":"product_tag","embeddable":true,"href":"https:\/\/divespot.es\/de\/wp-json\/wp\/v2\/product_tag?post=960"}],"curies":[{"name":"wp","href":"https:\/\/api.w.org\/{rel}","templated":true}]}}