{"id":821,"date":"2022-03-10T16:27:31","date_gmt":"2022-03-10T16:27:31","guid":{"rendered":"https:\/\/divespot.es\/?post_type=product&#038;p=821"},"modified":"2022-12-28T14:33:12","modified_gmt":"2022-12-28T14:33:12","slug":"one-dive","status":"publish","type":"product","link":"https:\/\/divespot.es\/de\/produkt\/one-dive\/","title":{"rendered":"Ein Tauchgang"},"content":{"rendered":"<h4>Ein Tauchgang in Rays Bay.<\/h4>\n<p>Wenn Sie sich f\u00fcr einen Tauchgang entschieden haben, machen wir ihn an einem der interessantesten Orte. Es gibt viele Arten von Unterwassertieren in <a href=\"https:\/\/divespot.es\/de\/best-dive-spots-in-tenerife\/reys-bay\/\">Rochenbucht Los Cristianos<\/a>. Die gr\u00f6\u00dfte Attraktion sind die vier Arten von gro\u00dfen Rochen, die hier zu finden sind. Keine Sorge, sie sind nicht gef\u00e4hrlich, sondern sehr freundlich und sch\u00f6n. Erfahren Sie mehr \u00fcber dieses <a href=\"https:\/\/divespot.es\/de\/best-dive-spots-in-tenerife\/reys-bay\/\">Tauchplatz<\/a>.<\/p>\n<p>Aufgrund der gro\u00dfen Entfernungen bieten wir keine Tauchausfl\u00fcge f\u00fcr Einzeltauchg\u00e4nge an. Wir f\u00fchren auch keine Einzeltauchg\u00e4nge vom Boot aus durch. Nat\u00fcrlich k\u00f6nnen Sie einen kompletten Tauchgang buchen. <a href=\"https:\/\/divespot.es\/de\/produkt\/one-day\/\">Tagestauchpaket<\/a> mit zwei Tauchg\u00e4ngen, sondern machen einen.<\/p>\n<div>\n<h4>Wie kann man reservieren?<\/h4>\n<p>Bevor Sie beginnen, lesen Sie bitte unsere <a href=\"https:\/\/divespot.es\/de\/terms-and-conditions\/\" target=\"_blank\" rel=\"noopener\">Bedingungen und Konditionen<\/a>, <a href=\"https:\/\/divespot.es\/de\/privacy-policy\/\" target=\"_blank\" rel=\"noopener\">Datenschutzbestimmungen<\/a> und <a href=\"https:\/\/divespot.es\/de\/cancelling-and-refunding-policy\/\" target=\"_blank\" rel=\"noopener\">Stornierung und R\u00fcckerstattung<\/a>. Um eine Reservierung vorzunehmen, ben\u00f6tigen Sie eine Bankkarte, um eine kleine Anzahlung zu leisten. Wenn Sie keine Karte haben oder Probleme mit der Online-Zahlung haben, wenden Sie sich bitte an <a href=\"https:\/\/divespot.es\/de\/contact\/\">kontaktieren Sie uns<\/a> und wir werden eine andere Zahlungsmethode vereinbaren. Denken Sie daran, dass die Sonderpreise nur f\u00fcr Online-Buchungen g\u00fcltig sind, die mindestens einen Tag vor dem Tauchgang erfolgen.<\/p>\n<p>Die h\u00e4ufigsten Fragen und Antworten finden Sie hier <a href=\"https:\/\/divespot.es\/de\/questions-answers\/\">HIER<\/a>. Sie k\u00f6nnen auch Fragen im Online-Chat an unseren Assistenten stellen.<\/p>\n<\/div>\n<h4>Lesen Sie die folgenden Tipps und Erkl\u00e4rungen:<\/h4>\n<p>Das Buchungsfenster befindet sich oben rechts auf dieser Seite.<\/p>\n<p><strong>Geben Sie die Nummer<\/strong> der Teilnehmer. Wenn Sie allein sind, w\u00e4hlen Sie 1. Wenn Sie eine Gruppe sind, w\u00e4hlen Sie die Anzahl der Taucher.<\/p>\n<p><img decoding=\"async\" loading=\"lazy\" class=\"alignnone wp-image-1520\" src=\"https:\/\/divespot.es\/wp-content\/uploads\/2022\/03\/1-dive.jpg\" alt=\"One dive\" width=\"605\" height=\"50\" srcset=\"https:\/\/divespot.es\/wp-content\/uploads\/2022\/03\/1-dive.jpg 774w, https:\/\/divespot.es\/wp-content\/uploads\/2022\/03\/1-dive-300x25.jpg 300w, https:\/\/divespot.es\/wp-content\/uploads\/2022\/03\/1-dive-768x64.jpg 768w, https:\/\/divespot.es\/wp-content\/uploads\/2022\/03\/1-dive-600x50.jpg 600w\" sizes=\"(max-width: 605px) 100vw, 605px\" \/><\/p>\n<p><strong>Zus\u00e4tzliche Optionen<\/strong>. Markieren Sie zus\u00e4tzliche Optionen, die Sie zu Ihrer Bestellung hinzuf\u00fcgen m\u00f6chten.<\/p>\n<p><strong>Die Unterwasserwelt bei Nacht<\/strong> ist v\u00f6llig anders. Wir ermutigen Sie, einen Nachttauchgang als zus\u00e4tzlichen Tauchgang an einem beliebigen Tag zu buchen.<\/p>\n<p><img decoding=\"async\" loading=\"lazy\" class=\"alignnone wp-image-1521\" src=\"https:\/\/divespot.es\/wp-content\/uploads\/2022\/03\/ad-night-dive.jpg\" alt=\"Night dive\" width=\"595\" height=\"50\" srcset=\"https:\/\/divespot.es\/wp-content\/uploads\/2022\/03\/ad-night-dive.jpg 774w, https:\/\/divespot.es\/wp-content\/uploads\/2022\/03\/ad-night-dive-300x25.jpg 300w, https:\/\/divespot.es\/wp-content\/uploads\/2022\/03\/ad-night-dive-768x64.jpg 768w, https:\/\/divespot.es\/wp-content\/uploads\/2022\/03\/ad-night-dive-600x50.jpg 600w\" sizes=\"(max-width: 595px) 100vw, 595px\" \/><\/p>\n<p><strong>Scuba R\u00fcckblick<\/strong>. Wenn ein Taucher zwei Jahre oder l\u00e4nger nicht getaucht hat, sollte er\/sie seine\/ihre Tauchkenntnisse auffrischen. W\u00e4hrend des Scuba Review Programms aktualisiert der Taucher seine Grundkenntnisse und Unterwasserf\u00e4higkeiten.<\/p>\n<p><img decoding=\"async\" loading=\"lazy\" class=\"alignnone wp-image-1522\" src=\"https:\/\/divespot.es\/wp-content\/uploads\/2022\/03\/Scuba-review.jpg\" alt=\"Scuba review\" width=\"694\" height=\"69\" srcset=\"https:\/\/divespot.es\/wp-content\/uploads\/2022\/03\/Scuba-review.jpg 774w, https:\/\/divespot.es\/wp-content\/uploads\/2022\/03\/Scuba-review-300x30.jpg 300w, https:\/\/divespot.es\/wp-content\/uploads\/2022\/03\/Scuba-review-768x76.jpg 768w, https:\/\/divespot.es\/wp-content\/uploads\/2022\/03\/Scuba-review-600x60.jpg 600w\" sizes=\"(max-width: 694px) 100vw, 694px\" \/><\/p>\n<p><strong>Vermietung von Ausr\u00fcstung.<\/strong> Viele Taucher reisen mit ihrer eigenen Tauchausr\u00fcstung. Wenn Sie die Ausr\u00fcstung nicht haben, k\u00f6nnen Sie das gesamte Set bei uns mieten.<\/p>\n<p><img decoding=\"async\" loading=\"lazy\" class=\"alignnone wp-image-1523\" src=\"https:\/\/divespot.es\/wp-content\/uploads\/2022\/03\/Equipmant.jpg\" alt=\"Renting equipmant\" width=\"688\" height=\"120\" srcset=\"https:\/\/divespot.es\/wp-content\/uploads\/2022\/03\/Equipmant.jpg 774w, https:\/\/divespot.es\/wp-content\/uploads\/2022\/03\/Equipmant-300x52.jpg 300w, https:\/\/divespot.es\/wp-content\/uploads\/2022\/03\/Equipmant-768x134.jpg 768w, https:\/\/divespot.es\/wp-content\/uploads\/2022\/03\/Equipmant-600x105.jpg 600w\" sizes=\"(max-width: 688px) 100vw, 688px\" \/><\/p>\n<p><strong>Fotos und Videos<\/strong> deines ersten Tauchgangs. Wenn Sie m\u00f6chten, dass der Tauchlehrer ein Unterwasser-Fotoshooting f\u00fcr Sie macht, markieren Sie: Ja, bitte.<\/p>\n<p><img decoding=\"async\" loading=\"lazy\" class=\"alignnone wp-image-1059\" src=\"https:\/\/divespot.es\/wp-content\/uploads\/2022\/02\/foto.png\" alt=\"foto video\" width=\"408\" height=\"64\" srcset=\"https:\/\/divespot.es\/wp-content\/uploads\/2022\/02\/foto.png 675w, https:\/\/divespot.es\/wp-content\/uploads\/2022\/02\/foto-300x47.png 300w, https:\/\/divespot.es\/wp-content\/uploads\/2022\/02\/foto-600x94.png 600w\" sizes=\"(max-width: 408px) 100vw, 408px\" \/><\/p>\n<p><strong>Versicherung f\u00fcr Taucher<\/strong> ist in Spanien obligatorisch. Jeder Taucher muss seine eigene Versicherung haben. Wenn Sie noch keine haben, k\u00f6nnen Sie sie bei uns abschlie\u00dfen.<\/p>\n<p><img decoding=\"async\" loading=\"lazy\" class=\"alignnone wp-image-1529\" src=\"https:\/\/divespot.es\/wp-content\/uploads\/2022\/03\/insurance.jpg\" alt=\"scuba insurance\" width=\"308\" height=\"243\" srcset=\"https:\/\/divespot.es\/wp-content\/uploads\/2022\/03\/insurance.jpg 376w, https:\/\/divespot.es\/wp-content\/uploads\/2022\/03\/insurance-300x236.jpg 300w\" sizes=\"(max-width: 308px) 100vw, 308px\" \/><\/p>\n<p><strong>\u00dcbertragung<\/strong>. Wenn Sie Transport vom Hotel und zur\u00fcck ben\u00f6tigen, k\u00f6nnen Sie es mit zus\u00e4tzlichen Geb\u00fchren in zwei verschiedenen touristischen Gebieten bestellen. Wenn die Karte nicht Ihren Aufenthaltsort abdeckt, kontaktieren Sie uns bitte, es ist m\u00f6glich, einen individuellen Transport zu organisieren. <a href=\"https:\/\/divespot.es\/wp-content\/uploads\/2022\/04\/tenerife-map.jpg\" target=\"_blank\" rel=\"noopener\">TENERIFE-KARTE<\/a><\/p>\n<p><img decoding=\"async\" loading=\"lazy\" class=\"alignnone wp-image-1060\" src=\"https:\/\/divespot.es\/wp-content\/uploads\/2022\/02\/Transfer.png\" alt=\"Transfer info\" width=\"406\" height=\"113\" srcset=\"https:\/\/divespot.es\/wp-content\/uploads\/2022\/02\/Transfer.png 675w, https:\/\/divespot.es\/wp-content\/uploads\/2022\/02\/Transfer-300x84.png 300w, https:\/\/divespot.es\/wp-content\/uploads\/2022\/02\/Transfer-600x167.png 600w\" sizes=\"(max-width: 406px) 100vw, 406px\" \/><\/p>\n<p><strong>Datum<\/strong>. W\u00e4hlen Sie das Datum f\u00fcr Ihren Tauchgang. Das Treffen im Diving Center ist f\u00fcr 9.30 Uhr geplant.<\/p>\n<p><img decoding=\"async\" loading=\"lazy\" class=\"alignnone wp-image-1488\" src=\"https:\/\/divespot.es\/wp-content\/uploads\/2022\/03\/data-2-257x300.jpg\" alt=\"Data \" width=\"230\" height=\"268\" srcset=\"https:\/\/divespot.es\/wp-content\/uploads\/2022\/03\/data-2-257x300.jpg 257w, https:\/\/divespot.es\/wp-content\/uploads\/2022\/03\/data-2-300x351.jpg 300w, https:\/\/divespot.es\/wp-content\/uploads\/2022\/03\/data-2.jpg 558w\" sizes=\"(max-width: 230px) 100vw, 230px\" \/><\/p>\n<p><strong>Ausbildungsniveau<\/strong>. Bitte geben Sie hier den Namen Ihrer Tauchorganisation und die Art der Lizenz an. Diese Informationen werden ben\u00f6tigt, um die maximal zul\u00e4ssige Tiefe zu bestimmen.<\/p>\n<p><img decoding=\"async\" loading=\"lazy\" class=\"alignnone wp-image-1530\" src=\"https:\/\/divespot.es\/wp-content\/uploads\/2022\/03\/licence.jpg\" alt=\"Dive level\" width=\"503\" height=\"64\" srcset=\"https:\/\/divespot.es\/wp-content\/uploads\/2022\/03\/licence.jpg 762w, https:\/\/divespot.es\/wp-content\/uploads\/2022\/03\/licence-300x38.jpg 300w, https:\/\/divespot.es\/wp-content\/uploads\/2022\/03\/licence-600x76.jpg 600w\" sizes=\"(max-width: 503px) 100vw, 503px\" \/><\/p>\n<p><strong>Geloggte Tauchg\u00e4nge<\/strong>. Geben Sie in das erste Feld ein, wie viele Tauchg\u00e4nge Sie bisher gemacht haben. Im zweiten Feld geben Sie an, wann Sie das letzte Mal getaucht sind: vor wie vielen Monaten oder Jahren.<\/p>\n<p><img decoding=\"async\" loading=\"lazy\" class=\"alignnone wp-image-1531\" src=\"https:\/\/divespot.es\/wp-content\/uploads\/2022\/03\/loged-dives.jpg\" alt=\"amount of dives\" width=\"544\" height=\"73\" srcset=\"https:\/\/divespot.es\/wp-content\/uploads\/2022\/03\/loged-dives.jpg 768w, https:\/\/divespot.es\/wp-content\/uploads\/2022\/03\/loged-dives-300x40.jpg 300w, https:\/\/divespot.es\/wp-content\/uploads\/2022\/03\/loged-dives-600x80.jpg 600w\" sizes=\"(max-width: 544px) 100vw, 544px\" \/><\/p>\n<h4>Kasse und Warenkorb<\/h4>\n<p>Wenn Ihre Bestellung fertig ist, dr\u00fccken Sie auf - Jetzt buchen.<br \/>\nSie werden zum <a href=\"https:\/\/divespot.es\/de\/checkout\/\">Checkout-Seite<\/a>.<br \/>\nWenn Sie \u00c4nderungen an Ihrer Buchung vornehmen m\u00f6chten, finden Sie oben auf der Seite das <a href=\"https:\/\/divespot.es\/de\/cart\/\">Korb<\/a> Symbol, das Sie zur Seite <a href=\"https:\/\/divespot.es\/de\/cart\/\">Wagen Seite<\/a>. Wenn Sie einen Rabatt-Coupon f\u00fcr Stammkunden haben, k\u00f6nnen Sie ihn im Warenkorb anwenden und zur Kasse gehen.<\/p>\n<p><strong>Seite \"Kasse\" - Rechnungsdetails<\/strong>. Auf dieser Seite geben Sie Ihre pers\u00f6nlichen Daten ein:<br \/>\nVorname, Nachname,<br \/>\nTelefonnummer (vergessen Sie nicht die Vorwahl - Ihre Landesvorwahl),<br \/>\nE-Mail Adresse (f\u00fcr die Buchungsbest\u00e4tigung),<br \/>\ndie Sprache, die Sie am besten sprechen, und weitere Sprachen, in denen Sie sich verst\u00e4ndigen k\u00f6nnen (auf der Liste angegeben; wenn Sie mehr wissen, schreiben Sie in die Kommentare),<\/p>\n<p><strong>Abholstelle<\/strong> (wenn Sie einen kostenpflichtigen Transferservice vom Hotel bestellen) geben Sie den genauen Namen des Hotels und die Stadt an. Wenn Sie in einem Apartment wohnen, geben Sie die genaue Adresse an: Stra\u00dfe und Hausnummer, Ort, Postleitzahl, Name des Geb\u00e4udes und wenn m\u00f6glich Google-Standort. <a href=\"https:\/\/divespot.es\/wp-content\/uploads\/2022\/04\/tenerife-map.jpg\" target=\"_blank\" rel=\"noopener\">Karte<\/a><\/p>\n<p><strong>Zus\u00e4tzliche Informationen<\/strong>. Geben Sie hier alle Informationen an, die Sie f\u00fcr wichtig halten und die Sie uns mitteilen m\u00f6chten.<\/p>\n<h4>Bezahlung.<\/h4>\n<p>Geben Sie die Daten Ihrer Bankkarte ein und zahlen Sie die Kaution.<br \/>\nSie erhalten eine automatische E-Mail-Best\u00e4tigung \u00fcber den Status der Zahlung und des laufenden Prozesses (PENDING).<br \/>\nUnser Assistent best\u00e4tigt dann die Reservierung und informiert Sie \u00fcber die Details. Bitte beachten Sie, dass es zu geringf\u00fcgigen \u00c4nderungen an Ihrer Bestellung kommen kann! Z.B. die Startzeit oder die Transferzeit zum Hotel. Sportliche Aktivit\u00e4ten k\u00f6nnen in letzter Minute ge\u00e4ndert werden, achten Sie darauf, dass Sie das bei der Buchung angegebene Telefon benutzen!<br \/>\nWenn Sie ein Problem mit der Buchung oder Zahlung haben, kontaktieren Sie unseren Assistenten im Online-Chat. Der Link befindet sich in der unteren rechten Ecke der Seite. In der Fu\u00dfzeile der Seite finden Sie weitere Kontaktm\u00f6glichkeiten.<\/p>","protected":false},"excerpt":{"rendered":"<p>Bitte lesen Sie die Beschreibung unten, bevor Sie buchen!<\/p>\n<p>Diese Preise sind nur bei Online-Buchung verf\u00fcgbar!<\/p>","protected":false},"featured_media":2675,"template":"","meta":[],"product_cat":[30],"product_tag":[41,40,33],"aioseo_notices":[],"_links":{"self":[{"href":"https:\/\/divespot.es\/de\/wp-json\/wp\/v2\/product\/821"}],"collection":[{"href":"https:\/\/divespot.es\/de\/wp-json\/wp\/v2\/product"}],"about":[{"href":"https:\/\/divespot.es\/de\/wp-json\/wp\/v2\/types\/product"}],"wp:featuredmedia":[{"embeddable":true,"href":"https:\/\/divespot.es\/de\/wp-json\/wp\/v2\/media\/2675"}],"wp:attachment":[{"href":"https:\/\/divespot.es\/de\/wp-json\/wp\/v2\/media?parent=821"}],"wp:term":[{"taxonomy":"product_cat","embeddable":true,"href":"https:\/\/divespot.es\/de\/wp-json\/wp\/v2\/product_cat?post=821"},{"taxonomy":"product_tag","embeddable":true,"href":"https:\/\/divespot.es\/de\/wp-json\/wp\/v2\/product_tag?post=821"}],"curies":[{"name":"wp","href":"https:\/\/api.w.org\/{rel}","templated":true}]}}