{"id":784,"date":"2022-03-09T18:48:17","date_gmt":"2022-03-09T18:48:17","guid":{"rendered":"https:\/\/divespot.es\/?post_type=product&#038;p=784"},"modified":"2024-08-12T14:50:49","modified_gmt":"2024-08-12T14:50:49","slug":"diving-course-for-beginner","status":"publish","type":"product","link":"https:\/\/divespot.es\/de\/produkt\/diving-course-for-beginner\/","title":{"rendered":"Tauchkurs f\u00fcr Anf\u00e4nger"},"content":{"rendered":"<h4>Wer kann sich f\u00fcr einen Tauchkurs anmelden und welchen Kurs sollte man w\u00e4hlen?<\/h4>\n<p>M\u00f6chten Sie unter Wasser gehen und diesen wunderbaren Sport erlernen? Dann erf\u00fcllst du die wichtigsten Voraussetzungen, um mit dem Tauchen zu beginnen! Jeder, der \u00e4lter als 10 Jahre ist, kann sich zu einem Kurs anmelden und einen Tauchschein machen. Unter den Programmen f\u00fcr Anf\u00e4nger ist das empfehlenswerteste das <b>Open Water Diver (OWD) Kurs<\/b>. Mit nur <b>2-3 Tage Ausbildung<\/b>werden Sie bereit sein, selbst\u00e4ndig zu tauchen, um <b>18 Meter<\/b>. Sie erlernen die Grundkenntnisse des Tauchens und die f\u00fcr einen sicheren Tauchgang erforderlichen Fertigkeiten. Wenn Sie sich aus irgendeinem Grund nicht f\u00fcr diesen Kurs anmelden k\u00f6nnen, k\u00f6nnen Sie den <b>Scuba Diver Kurs<\/b> die andauert <b>nur einen Tag<\/b> und erm\u00f6glicht es Ihnen, bis zu folgenden Punkten abzutauchen <b>12 Meter<\/b>. F\u00fcr diejenigen, die das Tauchen erleben m\u00f6chten, ohne einen Tauchschein zu machen, bieten wir ein Programm namens <b>Tauchen ausprobieren<\/b>und in nur <b>ein halber Tag<\/b>k\u00f6nnen Sie ein Diplom erhalten, das Ihre Tauchleistung best\u00e4tigt.<br \/>\nIm Gegenteil, wenn Sie bereit sind, nicht bei der ersten Stufe stehen zu bleiben, sollten Sie die <b>Sonderangebot von OWD + Advanced Adventurer<\/b>\u00a0und zwei Kurse hintereinander zu absolvieren, die eine Tiefe von <b>30 Meter<\/b> im zweiten Kurs.<\/p>\n<h4>Worin besteht der Unterschied zwischen den genannten Optionen?<\/h4>\n<p>Im Grunde genommen m\u00fcssen Sie entscheiden, wie weit (oder in diesem Fall wie tief) Sie gehen wollen.<\/p>\n<p><img decoding=\"async\" loading=\"lazy\" class=\"alignnone wp-image-3761\" src=\"https:\/\/divespot.es\/wp-content\/uploads\/2022\/03\/table-300x38.jpg\" alt=\"\" width=\"1026\" height=\"130\" srcset=\"https:\/\/divespot.es\/wp-content\/uploads\/2022\/03\/table-300x38.jpg 300w, https:\/\/divespot.es\/wp-content\/uploads\/2022\/03\/table-1024x130.jpg 1024w, https:\/\/divespot.es\/wp-content\/uploads\/2022\/03\/table-768x97.jpg 768w, https:\/\/divespot.es\/wp-content\/uploads\/2022\/03\/table-1536x195.jpg 1536w, https:\/\/divespot.es\/wp-content\/uploads\/2022\/03\/table-18x2.jpg 18w, https:\/\/divespot.es\/wp-content\/uploads\/2022\/03\/table-600x76.jpg 600w, https:\/\/divespot.es\/wp-content\/uploads\/2022\/03\/table.jpg 2003w\" sizes=\"(max-width: 1026px) 100vw, 1026px\" \/><\/p>\n<h4>SSI-Tauchorganisation.<\/h4>\n<p>In unserer Tauchbasis Dive Spot auf Teneriffa bieten wir Ausbildungen von der gr\u00f6\u00dften Tauchorganisation der Welt SSI - Scuba Schools International - an. Die von dieser Organisation ausgestellten Zertifikate werden auf der ganzen Welt anerkannt.<br \/>\n<img decoding=\"async\" loading=\"lazy\" class=\"alignnone size-medium wp-image-1478\" src=\"https:\/\/divespot.es\/wp-content\/uploads\/2022\/03\/ssi-300x71.png\" alt=\"logo ssi\" width=\"300\" height=\"71\" srcset=\"https:\/\/divespot.es\/wp-content\/uploads\/2022\/03\/ssi-300x71.png 300w, https:\/\/divespot.es\/wp-content\/uploads\/2022\/03\/ssi-1024x244.png 1024w, https:\/\/divespot.es\/wp-content\/uploads\/2022\/03\/ssi-768x183.png 768w, https:\/\/divespot.es\/wp-content\/uploads\/2022\/03\/ssi-1536x365.png 1536w, https:\/\/divespot.es\/wp-content\/uploads\/2022\/03\/ssi-2048x487.png 2048w, https:\/\/divespot.es\/wp-content\/uploads\/2022\/03\/ssi-600x143.png 600w\" sizes=\"(max-width: 300px) 100vw, 300px\" \/><\/p>\n<h4><\/h4>\n<h4>E-Learning - Ihre Ausbildung online<\/h4>\n<p>Verschwenden Sie keine Zeit! In unserem Tauchzentrum k\u00f6nnen Sie eine Online-Tauchausbildung f\u00fcr alle Stufen absolvieren. Sie k\u00f6nnen dies zu jeder beliebigen Zeit tun, auch abends, bei Ihnen zu Hause. Nach der Buchung erhalten Sie von uns einen E-Learning-Zugang. Sie m\u00fcssen nur die Unterwasserfertigkeiten und das Tauchen durchf\u00fchren, wenn Sie zu uns kommen.<\/p>\n<h4>Haben Sie noch Zweifel? Warum einen Tauchkurs bei Dive Spot buchen?<\/h4>\n<ul>\n<li>In jedem Programm von Tauchkursen auf Teneriffa, das du w\u00e4hlst, bekommst du pers\u00f6nliche Aufmerksamkeit von unserem professionellen Team.<\/li>\n<li>Um Zeit zu sparen, wird der theoretische Unterricht per E-Learning durchgef\u00fchrt.<\/li>\n<li>Sie werden eintauchen <a href=\"https:\/\/divespot.es\/en\/article-2\/\">Rochenbucht<\/a>einer der spektakul\u00e4rsten Tauchpl\u00e4tze auf Teneriffa.<\/li>\n<li>Sie werden Teil einer gro\u00dfen Gemeinschaft von Tauchern, die Ihnen viele Freunde auf der ganzen Welt bieten wird.<\/li>\n<li>Wir nehmen Sie mit auf ein Unterwasserabenteuer voller Adrenalin und Vergn\u00fcgen.<\/li>\n<\/ul>\n<h4>Wie man eine Reservierung vornimmt<\/h4>\n<p>Bevor Sie beginnen, lesen Sie bitte unsere <a href=\"https:\/\/divespot.es\/de\/terms-and-conditions\/\" target=\"_blank\" rel=\"noopener\">Bedingungen und Konditionen<\/a>, <a href=\"https:\/\/divespot.es\/de\/privacy-policy\/\" target=\"_blank\" rel=\"noopener\">Datenschutzbestimmungen<\/a> und <a href=\"https:\/\/divespot.es\/de\/cancelling-and-refunding-policy\/\" target=\"_blank\" rel=\"noopener\">Stornierung und R\u00fcckerstattung<\/a>. Um eine Reservierung vorzunehmen, ben\u00f6tigen Sie eine Bankkarte, um eine kleine Anzahlung zu leisten. Wenn Sie keine Karte haben oder Probleme mit der Online-Zahlung haben, wenden Sie sich bitte an <a href=\"https:\/\/divespot.es\/de\/contact\/\">kontaktieren Sie uns<\/a>und wir werden eine andere Zahlungsmethode vereinbaren. Denken Sie daran, dass die Sonderpreise nur f\u00fcr Online-Buchungen g\u00fcltig sind, die mindestens einen Tag vor dem Tauchgang erfolgen.<\/p>\n<p>Die h\u00e4ufigsten Fragen und Antworten finden Sie unter <a href=\"https:\/\/divespot.es\/de\/questions-answers\/\">unsere Q&amp;A Seite<\/a>oder Sie k\u00f6nnen weitere Informationen anfordern unter <a href=\"https:\/\/divespot.es\/de\/contact\/\">unsere Kontaktseite<\/a>.<\/p>\n<h6>Lesen Sie die folgenden Tipps und Erkl\u00e4rungen:<\/h6>\n<p>Das Buchungsfenster befindet sich oben rechts auf dieser Seite.<br \/>\n<b>W\u00e4hlen Sie den Tauchkurs<\/b> die Sie durchf\u00fchren m\u00f6chten. Geben Sie die Anzahl der Teilnehmer f\u00fcr die entsprechende Option ein.<\/p>\n<p><img decoding=\"async\" loading=\"lazy\" class=\"alignnone wp-image-3779\" src=\"https:\/\/divespot.es\/wp-content\/uploads\/2022\/03\/dcfb-300x149.png\" alt=\"\" width=\"489\" height=\"243\" srcset=\"https:\/\/divespot.es\/wp-content\/uploads\/2022\/03\/dcfb-300x149.png 300w, https:\/\/divespot.es\/wp-content\/uploads\/2022\/03\/dcfb-1024x510.png 1024w, https:\/\/divespot.es\/wp-content\/uploads\/2022\/03\/dcfb-768x383.png 768w, https:\/\/divespot.es\/wp-content\/uploads\/2022\/03\/dcfb-18x9.png 18w, https:\/\/divespot.es\/wp-content\/uploads\/2022\/03\/dcfb-600x299.png 600w, https:\/\/divespot.es\/wp-content\/uploads\/2022\/03\/dcfb.png 1028w\" sizes=\"(max-width: 489px) 100vw, 489px\" \/><\/p>\n<p><b>Zus\u00e4tzliche Optionen<\/b>. Markieren Sie zus\u00e4tzliche Optionen, die Sie zu Ihrer Bestellung hinzuf\u00fcgen m\u00f6chten.<\/p>\n<p><b>Fotos und Videos<\/b> deines ersten Tauchgangs. Wenn Sie m\u00f6chten, dass der Tauchlehrer ein Unterwasser-Fotoshooting f\u00fcr Sie macht, w\u00e4hlen Sie \"Ja, bitte\".<\/p>\n<p><img decoding=\"async\" loading=\"lazy\" class=\"alignnone size-medium wp-image-3751\" src=\"https:\/\/divespot.es\/wp-content\/uploads\/2022\/02\/photo-300x87.png\" alt=\"\" width=\"300\" height=\"87\" srcset=\"https:\/\/divespot.es\/wp-content\/uploads\/2022\/02\/photo-300x87.png 300w, https:\/\/divespot.es\/wp-content\/uploads\/2022\/02\/photo-18x5.png 18w, https:\/\/divespot.es\/wp-content\/uploads\/2022\/02\/photo.png 530w\" sizes=\"(max-width: 300px) 100vw, 300px\" \/><\/p>\n<p><b>\u00dcbertragung<\/b>. Wenn Sie einen Transport von Ihrem Hotel und zur\u00fcck ben\u00f6tigen, k\u00f6nnen Sie diesen gegen eine zus\u00e4tzliche Geb\u00fchr in zwei verschiedenen Touristengebieten bestellen. Wenn Ihr Aufenthaltsort nicht auf der Karte verzeichnet ist, kontaktieren Sie uns bitte. Wir k\u00f6nnen einen individuellen Transport f\u00fcr Sie organisieren. <a href=\"https:\/\/divespot.es\/wp-content\/uploads\/2022\/04\/tenerife-map.jpg\" target=\"_blank\" rel=\"noopener\">Die Karte der Verkehrszonen k\u00f6nnen Sie hier einsehen.<\/a><br \/>\n<img decoding=\"async\" loading=\"lazy\" class=\"alignnone wp-image-1060\" src=\"https:\/\/divespot.es\/wp-content\/uploads\/2022\/02\/Transfer.png\" alt=\"Transfer info\" width=\"406\" height=\"113\" srcset=\"https:\/\/divespot.es\/wp-content\/uploads\/2022\/02\/Transfer.png 675w, https:\/\/divespot.es\/wp-content\/uploads\/2022\/02\/Transfer-300x84.png 300w, https:\/\/divespot.es\/wp-content\/uploads\/2022\/02\/Transfer-600x167.png 600w\" sizes=\"(max-width: 406px) 100vw, 406px\" \/><\/p>\n<p><b>Datum<\/b>. W\u00e4hlen Sie das Datum f\u00fcr Ihren Tauchgang. Wir behalten uns das Recht vor, die Zeit f\u00fcr eine bessere Organisation unserer Arbeit in der Tauchbasis zu \u00e4ndern. Unser Assistent wird Ihre Buchung mit detaillierten Informationen best\u00e4tigen.<br \/>\n<img decoding=\"async\" loading=\"lazy\" class=\"alignnone wp-image-1488\" src=\"https:\/\/divespot.es\/wp-content\/uploads\/2022\/03\/data-2-257x300.jpg\" alt=\"Data \" width=\"230\" height=\"268\" srcset=\"https:\/\/divespot.es\/wp-content\/uploads\/2022\/03\/data-2-257x300.jpg 257w, https:\/\/divespot.es\/wp-content\/uploads\/2022\/03\/data-2-300x351.jpg 300w, https:\/\/divespot.es\/wp-content\/uploads\/2022\/03\/data-2.jpg 558w\" sizes=\"(max-width: 230px) 100vw, 230px\" \/><\/p>\n<h4>Kasse und Warenkorb<\/h4>\n<p>Wenn Ihre Bestellung fertig ist, dr\u00fccken Sie auf \"Jetzt buchen\". Sie werden dann zum <a href=\"https:\/\/divespot.es\/de\/checkout\/\">Checkout-Seite<\/a>.<br \/>\nWenn Sie \u00c4nderungen an Ihrer Buchung vornehmen m\u00f6chten, finden Sie die <a href=\"https:\/\/divespot.es\/de\/cart\/\">Korb<\/a> Symbol oben auf der Seite, das Sie zu Ihrem <a href=\"https:\/\/divespot.es\/de\/cart\/\">Wagen<\/a>. Wenn Sie einen Rabatt-Coupon f\u00fcr Stammkunden haben, k\u00f6nnen Sie ihn im Warenkorb anwenden und zur Kasse gehen.<br \/>\n<b>Seite \"Kasse\" - Rechnungsdetails<\/b>. Auf dieser Seite geben Sie Ihre pers\u00f6nlichen Daten ein: Vorname, Nachname, Telefonnummer (vergessen Sie nicht die Vorwahl, die Ihre Landesvorwahl ist), E-Mail-Adresse (f\u00fcr die Buchungsbest\u00e4tigung), die Sprache, die Sie am besten sprechen, und zus\u00e4tzliche Sprachen, in denen Sie kommunizieren k\u00f6nnen (w\u00e4hlen Sie aus der Liste. Wenn Sie mehr wissen, schreiben Sie sie bitte in die Kommentare).<\/p>\n<p><b>Abholstelle<\/b>. Wenn Sie einen kostenpflichtigen Transferservice vom Hotel bestellt haben, geben Sie bitte den genauen Namen des Hotels einschlie\u00dflich der Stadt an. Wenn Sie in einem Apartment wohnen, geben Sie bitte die genaue Adresse an: Stra\u00dfe und Hausnummer, Ort, Postleitzahl, Name des Geb\u00e4udes und Google-Standort, wenn m\u00f6glich.<\/p>\n<p><b>Zus\u00e4tzliche Informationen<\/b>. Geben Sie in diesem Abschnitt alle relevanten Informationen ein, die Sie uns mitteilen m\u00f6chten.<\/p>\n<h4>Bezahlung.<\/h4>\n<p>Geben Sie die Daten Ihrer Bankkarte ein und bezahlen Sie die Einzahlung. Sie erhalten eine automatische Best\u00e4tigung per E-Mail \u00fcber die Zahlung und den Status des laufenden Prozesses.<br \/>\nUnser Assistent wird dann die Reservierung best\u00e4tigen und Sie \u00fcber die Einzelheiten informieren. Bitte beachten Sie, dass <b>es kann zu geringf\u00fcgigen \u00c4nderungen an Ihrer Bestellung kommen<\/b>wie z. B. die Startzeit oder die Zeit der Abholung vom Hotel. Sportliche Aktivit\u00e4ten k\u00f6nnen in letzter Minute ge\u00e4ndert werden, daher sollten Sie sich vergewissern <b>Halten Sie Ihr Telefon griffbereit<\/b> f\u00fcr den Fall, dass wir Sie kontaktieren m\u00fcssen. Wenn Sie Probleme mit der Buchung oder Zahlung haben, wenden Sie sich bitte an <a href=\"https:\/\/divespot.es\/de\/contact\/\">kontaktieren Sie uns<\/a>.<\/p>","protected":false},"excerpt":{"rendered":"<p>Bitte lesen Sie die Beschreibung unten, bevor Sie buchen!<\/p>\n<p>Diese Preise sind nur bei Online-Buchung verf\u00fcgbar!<\/p>\n<p><a href=\"https:\/\/divespot.es\/wp-content\/uploads\/2022\/04\/tenerife-map.jpg\">VERKEHRSZONENPLAN<\/a><\/p>\n<p style=\"text-align: center;\"><span style=\"color: #000000;\"><strong>-10% Rabatt online<\/strong><\/span><\/p>","protected":false},"featured_media":2676,"template":"","meta":[],"product_cat":[27],"product_tag":[34,35,33],"aioseo_notices":[],"_links":{"self":[{"href":"https:\/\/divespot.es\/de\/wp-json\/wp\/v2\/product\/784"}],"collection":[{"href":"https:\/\/divespot.es\/de\/wp-json\/wp\/v2\/product"}],"about":[{"href":"https:\/\/divespot.es\/de\/wp-json\/wp\/v2\/types\/product"}],"wp:featuredmedia":[{"embeddable":true,"href":"https:\/\/divespot.es\/de\/wp-json\/wp\/v2\/media\/2676"}],"wp:attachment":[{"href":"https:\/\/divespot.es\/de\/wp-json\/wp\/v2\/media?parent=784"}],"wp:term":[{"taxonomy":"product_cat","embeddable":true,"href":"https:\/\/divespot.es\/de\/wp-json\/wp\/v2\/product_cat?post=784"},{"taxonomy":"product_tag","embeddable":true,"href":"https:\/\/divespot.es\/de\/wp-json\/wp\/v2\/product_tag?post=784"}],"curies":[{"name":"wp","href":"https:\/\/api.w.org\/{rel}","templated":true}]}}