{"id":477,"date":"2022-02-23T10:27:46","date_gmt":"2022-02-23T10:27:46","guid":{"rendered":"https:\/\/divespot.es\/?post_type=product&#038;p=477"},"modified":"2024-08-08T16:05:19","modified_gmt":"2024-08-08T16:05:19","slug":"trial-dive-for-beginner","status":"publish","type":"product","link":"https:\/\/divespot.es\/de\/produkt\/trial-dive-for-beginner\/","title":{"rendered":"Schnuppertauchen - f\u00fcr Anf\u00e4nger"},"content":{"rendered":"<h4>Was ist ein Schnuppertauchprogramm und f\u00fcr wen wird es angeboten?<\/h4>\n<p>A <strong>Schnuppertauchen<\/strong> am <em>Dive Spot Tauchzentrum<\/em> ist ein Tauchprogramm mit Aqualung (Ausr\u00fcstung zum Atmen unter Wasser) f\u00fcr Personen, die keinen Tauchschein haben. Dieses Programm ist auch bekannt als: <em>Einf\u00fchrung in das Tauchen, Schnuppertauchen, Basic Diver, Schnuppertauchen etc.<\/em><br \/>\nDie durchschnittliche Tiefe eines solchen Tauchgangs betr\u00e4gt 6-8 Meter. Wir sehen das lokale vulkanische Riff reich an Unterwasserleben. Viele Arten von Fischen, Krabben, Tintenfische und Rochen.<\/p>\n<h4>Was ist das Besondere am Schnuppertauchen in unserem Tauchcenter und warum ist es das Beste?<\/h4>\n<p>F\u00fcr den Komfort unserer Kunden am Dive Spot werden Schnuppertauchg\u00e4nge in Gruppen von 1-2 Personen mit einem Tauchlehrer organisiert, und Sie k\u00f6nnen w\u00e4hlen, ob Sie vom Ufer oder vom Eis aus tauchen m\u00f6chten. Wir verwenden neue, zuverl\u00e4ssige Ausr\u00fcstung.<\/p>\n<h4>Wie kann man sich vorbereiten und welche Anforderungen gibt es?<\/h4>\n<p>Du brauchst keine Vorkenntnisse und musst nicht schwimmen k\u00f6nnen! Es reicht, wenn du 8 Jahre alt bist und keine Angst hast, nass zu werden. Ihr m\u00fcsst nur einen Badeanzug und ein Handtuch mitbringen, den Rest besorgen wir.<\/p>\n<h4>Wie kann man reservieren?<\/h4>\n<p>Bevor Sie beginnen, lesen Sie bitte unsere <a href=\"https:\/\/divespot.es\/de\/terms-and-conditions\/\">Bedingungen und Konditionen<\/a>, <a href=\"https:\/\/divespot.es\/de\/privacy-policy\/\">Datenschutzbestimmungen<\/a> und <a href=\"https:\/\/divespot.es\/de\/cancelling-and-refunding-policy\/\">Stornierung und R\u00fcckerstattung<\/a>. Um eine Reservierung vorzunehmen, ben\u00f6tigen Sie eine Bankkarte, um eine kleine Anzahlung zu leisten. Wenn Sie keine Karte haben oder Probleme mit der Online-Zahlung haben, wenden Sie sich bitte an <a href=\"https:\/\/divespot.es\/de\/contact\/\">kontaktieren Sie uns<\/a> und wir werden eine andere Zahlungsmethode vereinbaren. Denken Sie daran, dass die Sonderpreise nur f\u00fcr Online-Buchungen g\u00fcltig sind, die mindestens einen Tag vor dem Tauchgang erfolgen.<\/p>\n<p>Die h\u00e4ufigsten Fragen und Antworten finden Sie hier <a href=\"https:\/\/divespot.es\/de\/questions-answers\/\">HIER<\/a>.<\/p>\n<h4>Lesen Sie die folgenden Tipps und Erkl\u00e4rungen:<\/h4>\n<p>Das Buchungsfenster befindet sich oben rechts auf dieser Seite.<\/p>\n<p><strong>W\u00e4hle die L\u00e4nge deines Tauchgangs<\/strong> 20 oder 40 Minuten und <strong>die Art des Tauchgangs<\/strong> von der K\u00fcste oder von einem Boot aus. Die Zeit des Spa\u00dfes vergeht sehr schnell, deshalb haben wir die 40-Minuten-Tauchoption geschaffen, damit Sie mehr Zeit zum Genie\u00dfen haben. Geben Sie die Anzahl der Teilnehmer f\u00fcr die entsprechende Option ein.<\/p>\n<p><img decoding=\"async\" loading=\"lazy\" class=\"alignnone size-medium wp-image-3750\" src=\"https:\/\/divespot.es\/wp-content\/uploads\/2022\/02\/trial-300x249.png\" alt=\"\" width=\"300\" height=\"249\" srcset=\"https:\/\/divespot.es\/wp-content\/uploads\/2022\/02\/trial-300x249.png 300w, https:\/\/divespot.es\/wp-content\/uploads\/2022\/02\/trial-14x12.png 14w, https:\/\/divespot.es\/wp-content\/uploads\/2022\/02\/trial-600x498.png 600w, https:\/\/divespot.es\/wp-content\/uploads\/2022\/02\/trial.png 656w\" sizes=\"(max-width: 300px) 100vw, 300px\" \/><\/p>\n<p><strong>Zus\u00e4tzliche Optionen<\/strong>. Markieren Sie zus\u00e4tzliche Optionen, die Sie zu Ihrer Bestellung hinzuf\u00fcgen m\u00f6chten.<br \/>\n<strong>Fotos und Videos<\/strong> deines ersten Tauchgangs. Wenn Sie m\u00f6chten, dass der Tauchlehrer ein Unterwasser-Fotoshooting f\u00fcr Sie macht, markieren Sie: Ja, bitte.<\/p>\n<p><img decoding=\"async\" loading=\"lazy\" class=\"alignnone size-medium wp-image-3751\" src=\"https:\/\/divespot.es\/wp-content\/uploads\/2022\/02\/photo-300x87.png\" alt=\"\" width=\"300\" height=\"87\" srcset=\"https:\/\/divespot.es\/wp-content\/uploads\/2022\/02\/photo-300x87.png 300w, https:\/\/divespot.es\/wp-content\/uploads\/2022\/02\/photo-18x5.png 18w, https:\/\/divespot.es\/wp-content\/uploads\/2022\/02\/photo.png 530w\" sizes=\"(max-width: 300px) 100vw, 300px\" \/><\/p>\n<p><strong>\u00dcbertragung<\/strong>. Wenn Sie Transport vom Hotel und zur\u00fcck ben\u00f6tigen, k\u00f6nnen Sie es mit zus\u00e4tzlichen Geb\u00fchren in zwei verschiedenen touristischen Gebieten bestellen. Wenn die Karte nicht Ihren Aufenthaltsort abdeckt, kontaktieren Sie uns bitte, es ist m\u00f6glich, einen individuellen Transport zu organisieren. <a href=\"https:\/\/divespot.es\/wp-content\/uploads\/2022\/04\/tenerife-map.jpg\" target=\"_blank\" rel=\"noopener\">TENERIFE-KARTE<\/a><\/p>\n<p><img decoding=\"async\" loading=\"lazy\" class=\"alignnone wp-image-1060\" src=\"https:\/\/divespot.es\/wp-content\/uploads\/2022\/02\/Transfer.png\" alt=\"Transfer info\" width=\"400\" height=\"111\" srcset=\"https:\/\/divespot.es\/wp-content\/uploads\/2022\/02\/Transfer.png 675w, https:\/\/divespot.es\/wp-content\/uploads\/2022\/02\/Transfer-300x84.png 300w, https:\/\/divespot.es\/wp-content\/uploads\/2022\/02\/Transfer-600x167.png 600w\" sizes=\"(max-width: 400px) 100vw, 400px\" \/><\/p>\n<p><strong>Datum<\/strong>. W\u00e4hlen Sie das Datum f\u00fcr Ihren Tauchgang. W\u00e4hlen Sie eine verf\u00fcgbare Startzeit. Wir behalten uns das Recht vor, die Zeit f\u00fcr eine bessere Organisation unserer Arbeit in der Tauchbasis zu \u00e4ndern. Unser Assistent wird Ihre Buchung mit detaillierten Informationen best\u00e4tigen.<\/p>\n<p><img decoding=\"async\" loading=\"lazy\" class=\"alignnone wp-image-1488\" src=\"https:\/\/divespot.es\/wp-content\/uploads\/2022\/03\/data-2-257x300.jpg\" alt=\"Data\" width=\"234\" height=\"273\" srcset=\"https:\/\/divespot.es\/wp-content\/uploads\/2022\/03\/data-2-257x300.jpg 257w, https:\/\/divespot.es\/wp-content\/uploads\/2022\/03\/data-2-300x351.jpg 300w, https:\/\/divespot.es\/wp-content\/uploads\/2022\/03\/data-2.jpg 558w\" sizes=\"(max-width: 234px) 100vw, 234px\" \/>\u00a0 \u00a0 \u00a0 \u00a0 \u00a0 \u00a0 \u00a0 \u00a0 \u00a0 \u00a0 \u00a0 \u00a0 <img decoding=\"async\" loading=\"lazy\" class=\"alignnone wp-image-1063\" src=\"https:\/\/divespot.es\/wp-content\/uploads\/2022\/02\/Start-time.png\" alt=\"Time\" width=\"354\" height=\"159\" srcset=\"https:\/\/divespot.es\/wp-content\/uploads\/2022\/02\/Start-time.png 675w, https:\/\/divespot.es\/wp-content\/uploads\/2022\/02\/Start-time-300x135.png 300w, https:\/\/divespot.es\/wp-content\/uploads\/2022\/02\/Start-time-600x270.png 600w\" sizes=\"(max-width: 354px) 100vw, 354px\" \/><\/p>\n<h4>Kasse und Warenkorb<\/h4>\n<p>Wenn Ihre Bestellung fertig ist, dr\u00fccken Sie auf - Jetzt buchen.<br \/>\nSie werden zum <a href=\"https:\/\/divespot.es\/de\/checkout\/\">Checkout-Seite<\/a>.<br \/>\nWenn Sie \u00c4nderungen an Ihrer Buchung vornehmen m\u00f6chten, finden Sie oben auf der Seite das <a href=\"https:\/\/divespot.es\/de\/cart\/\">Korb<\/a> Symbol, das Sie zur Seite <a href=\"https:\/\/divespot.es\/de\/cart\/\">Wagen Seite<\/a>. Wenn Sie einen Rabatt-Coupon f\u00fcr Stammkunden haben, k\u00f6nnen Sie ihn im Warenkorb anwenden und zur Kasse gehen.<\/p>\n<p><strong>Checkout-Seite - Rechnungsdetails<\/strong>. Auf dieser Seite geben Sie Ihre pers\u00f6nlichen Daten ein:<br \/>\nVorname, Nachname,<br \/>\nTelefonnummer (vergessen Sie nicht die Vorwahl - Ihre Landesvorwahl),<br \/>\nE-Mail Adresse (f\u00fcr die Buchungsbest\u00e4tigung),<br \/>\ndie Sprache, die Sie am besten beherrschen, und weitere Sprachen, in denen Sie sich verst\u00e4ndigen k\u00f6nnen (auf der Liste angegeben; wenn Sie mehr wissen, schreiben Sie in die Kommentare),<\/p>\n<p><strong>Abholstelle<\/strong> (wenn Sie einen kostenpflichtigen Transferservice vom Hotel bestellen) geben Sie den genauen vollst\u00e4ndigen Namen des Hotels zusammen mit der Stadt an. Wenn Sie in einem Apartment wohnen, geben Sie die genaue Adresse an: Stra\u00dfe und Hausnummer, Ort, Postleitzahl, Name des Geb\u00e4udes und Google-Standort, wenn m\u00f6glich. <a href=\"https:\/\/divespot.es\/wp-content\/uploads\/2022\/04\/tenerife-map.jpg\" target=\"_blank\" rel=\"noopener\">Karte<\/a><\/p>\n<p><strong>Zus\u00e4tzliche Informationen<\/strong>. Geben Sie hier die Informationen ein, die Sie f\u00fcr relevant halten und uns mitteilen m\u00f6chten.<\/p>\n<h4>Bezahlung.<\/h4>\n<p>Geben Sie die Daten Ihrer Bankkarte ein und zahlen Sie die Kaution.<br \/>\nSie erhalten eine automatische E-Mail-Best\u00e4tigung \u00fcber den Status der Zahlung und des laufenden Prozesses (PENDING).<br \/>\nUnser Assistent best\u00e4tigt dann die Reservierung und informiert Sie \u00fcber die Details. Bitte beachten Sie, dass es zu geringf\u00fcgigen \u00c4nderungen an Ihrer Bestellung kommen kann! Z.B. die Startzeit oder die Transferzeit zum Hotel. Sportliche Aktivit\u00e4ten k\u00f6nnen in letzter Minute ge\u00e4ndert werden, achten Sie darauf, dass Sie das bei der Buchung angegebene Telefon benutzen!<br \/>\nWenn Sie ein Problem mit der Buchung oder Zahlung haben, kontaktieren Sie unseren Assistenten im Online-Chat. Der Link befindet sich in der unteren rechten Ecke der Seite. In der Fu\u00dfzeile der Seite finden Sie weitere Kontaktm\u00f6glichkeiten.<\/p>\n<p>&nbsp;<\/p>","protected":false},"excerpt":{"rendered":"<p>Bitte lesen Sie die Beschreibung unten, bevor Sie buchen!<br \/>\nDiese Preise sind nur bei Online-Buchung verf\u00fcgbar!<\/p>\n<p><a href=\"https:\/\/divespot.es\/wp-content\/uploads\/2022\/04\/tenerife-map.jpg\">VERKEHRSZONENPLAN<\/a><\/p>\n<p style=\"text-align: center;\"><strong>-10% Rabatt online<\/strong><\/p>","protected":false},"featured_media":2677,"template":"","meta":[],"product_cat":[29],"product_tag":[34,35,37,56,54,57,36],"aioseo_notices":[],"_links":{"self":[{"href":"https:\/\/divespot.es\/de\/wp-json\/wp\/v2\/product\/477"}],"collection":[{"href":"https:\/\/divespot.es\/de\/wp-json\/wp\/v2\/product"}],"about":[{"href":"https:\/\/divespot.es\/de\/wp-json\/wp\/v2\/types\/product"}],"wp:featuredmedia":[{"embeddable":true,"href":"https:\/\/divespot.es\/de\/wp-json\/wp\/v2\/media\/2677"}],"wp:attachment":[{"href":"https:\/\/divespot.es\/de\/wp-json\/wp\/v2\/media?parent=477"}],"wp:term":[{"taxonomy":"product_cat","embeddable":true,"href":"https:\/\/divespot.es\/de\/wp-json\/wp\/v2\/product_cat?post=477"},{"taxonomy":"product_tag","embeddable":true,"href":"https:\/\/divespot.es\/de\/wp-json\/wp\/v2\/product_tag?post=477"}],"curies":[{"name":"wp","href":"https:\/\/api.w.org\/{rel}","templated":true}]}}