{"id":1015,"date":"2022-03-13T15:10:52","date_gmt":"2022-03-13T15:10:52","guid":{"rendered":"https:\/\/divespot.es\/?post_type=product&#038;p=1015"},"modified":"2025-07-02T10:45:14","modified_gmt":"2025-07-02T10:45:14","slug":"snorkeling-in-ray-bay","status":"publish","type":"product","link":"https:\/\/divespot.es\/de\/produkt\/snorkeling-in-ray-bay\/","title":{"rendered":"Schnorcheln in der Rochenbucht"},"content":{"rendered":"<h4>Warum sollte man in der Rays Bay schnorcheln?<\/h4>\n<p>Die Rochenbucht ist ein verstecktes Juwel auf Teneriffa, das f\u00fcr seine lebhafte Unterwasserwelt und sein kristallklares Wasser bekannt ist. Der Tauchplatz zeichnet sich durch ein vulkanisches Riff aus, das reich an Unterwasserlebewesen ist, von denen die verschiedenen Arten von Rochen am charakteristischsten sind. Wenn Sie auf der Suche nach einem unvergesslichen Schnorchelerlebnis sind, sind Sie hier genau richtig.<\/p>\n<p>Bei Dive Spot bieten wir gef\u00fchrte Schnorcheltouren in der Rays Bay an, die von erfahrenen und sachkundigen Tauchlehrern geleitet werden. Bei unseren Touren haben Sie die M\u00f6glichkeit, die Unterwasserwelt zu erkunden und die Sch\u00f6nheit der Meeresbewohner aus n\u00e4chster N\u00e4he zu erleben. Unsere Tauchlehrer f\u00fchren Sie zu den besten Pl\u00e4tzen in der Bucht, wo Sie Schw\u00e4rme von bunten Fischen, Meeresschildkr\u00f6ten und andere Meerestiere in ihrem nat\u00fcrlichen Lebensraum beobachten k\u00f6nnen.<\/p>\n<p>Die gesamte Schnorchelausr\u00fcstung wird gestellt, so dass Sie sich ganz auf das Erlebnis konzentrieren k\u00f6nnen. Egal, ob Sie ein Anf\u00e4nger oder ein erfahrener Schnorchler sind, unsere Tauchlehrer sorgen daf\u00fcr, dass Sie ein sicheres und angenehmes Erlebnis haben.<\/p>\n<p>Mit unseren erfahrenen Tauchlehrern, unserer hochwertigen Ausr\u00fcstung und unserem Engagement f\u00fcr Sicherheit bieten wir Ihnen ein unvergessliches Schnorchelerlebnis. Buchen Sie noch heute Ihre Tour und tauchen Sie ein in die Sch\u00f6nheit der Unterwasserwelt Teneriffas.<\/p>\n<h4>Servicepakete erkl\u00e4rt<\/h4>\n<h6>Schnorcheln<\/h6>\n<p>Dies ist das Standard-Schnorchelpaket f\u00fcr alle, die ein lustiges und aufregendes Unterwasserabenteuer suchen. Mit diesem Paket haben Sie die M\u00f6glichkeit, die pulsierende Unterwasserwelt der Rays Bay unter der Anleitung eines professionellen Tauchlehrers zu erkunden. F\u00fcr die Buchung ist eine Mindestteilnehmerzahl von 2 Personen erforderlich.<\/p>\n<h6>Kajakfahren &amp; Schnorcheln<\/h6>\n<p>Das Kajak- und Schnorchelpaket von Dive Spot ist die ultimative Kombination aus zwei fantastischen Aktivit\u00e4ten. Dieses Paket beinhaltet eine gef\u00fchrte Kajaktour entlang der atemberaubenden K\u00fcste Teneriffas sowie ein kurzes Schnorchelerlebnis in der Mitte der Tour. Unser professioneller Guide wird Sie zu einigen der besten Schnorchelpl\u00e4tze f\u00fchren, wo Sie die M\u00f6glichkeit haben, das kristallklare Wasser zu erkunden und das reiche Meeresleben zu beobachten.<\/p>\n<p>Dieses Paket ist perfekt f\u00fcr diejenigen, die Kajakfahren und Schnorcheln in einem Abenteuer erleben m\u00f6chten. Beim Kajakfahren haben Sie die M\u00f6glichkeit, entlang der zerkl\u00fcfteten K\u00fcste der Insel zu paddeln und die atemberaubende Landschaft zu genie\u00dfen. Beim Schnorcheln haben Sie dann die Gelegenheit, in die Unterwasserwelt einzutauchen und die Sch\u00f6nheit der Unterwasserwelt aus n\u00e4chster N\u00e4he zu erleben.<\/p>\n<h6>Schnuppertauchen<\/h6>\n<p>Dieses Paket ist perfekt f\u00fcr alle, die schon immer einmal tauchen wollten, aber nie die Gelegenheit dazu hatten. Mit unseren Schnuppertauchpaketen haben Sie die M\u00f6glichkeit, die Unterwasserwelt der Rays Bay mit einem professionellen Tauchlehrer an Ihrer Seite zu erkunden.<\/p>\n<p>Unsere Tauchlehrer sind erfahren und sachkundig und stellen die erforderliche Ausr\u00fcstung und Ausbildung zur Verf\u00fcgung. Sie beginnen mit einer kurzen Lektion \u00fcber die Grundlagen des Tauchens, einschlie\u00dflich der Verwendung der Ausr\u00fcstung und der Kommunikation unter Wasser. Dann sind Sie bereit, ins Wasser zu gehen und den Nervenkitzel des Tauchens in der Rays Bay zu erleben.<\/p>\n<p>Buchen Sie noch heute Ihr Schnuppertauchpaket bei Dive Spot und machen Sie den ersten Schritt zu einem lebenslangen Unterwasserabenteuer!<\/p>","protected":false},"excerpt":{"rendered":"<p>Bitte lesen Sie die Beschreibung unten, bevor Sie buchen!<\/p>\n<p>Diese Preise sind nur bei Online-Buchung verf\u00fcgbar!<\/p>","protected":false},"featured_media":2681,"template":"","meta":[],"product_cat":[31],"product_tag":[172,57],"aioseo_notices":[],"_links":{"self":[{"href":"https:\/\/divespot.es\/de\/wp-json\/wp\/v2\/product\/1015"}],"collection":[{"href":"https:\/\/divespot.es\/de\/wp-json\/wp\/v2\/product"}],"about":[{"href":"https:\/\/divespot.es\/de\/wp-json\/wp\/v2\/types\/product"}],"wp:featuredmedia":[{"embeddable":true,"href":"https:\/\/divespot.es\/de\/wp-json\/wp\/v2\/media\/2681"}],"wp:attachment":[{"href":"https:\/\/divespot.es\/de\/wp-json\/wp\/v2\/media?parent=1015"}],"wp:term":[{"taxonomy":"product_cat","embeddable":true,"href":"https:\/\/divespot.es\/de\/wp-json\/wp\/v2\/product_cat?post=1015"},{"taxonomy":"product_tag","embeddable":true,"href":"https:\/\/divespot.es\/de\/wp-json\/wp\/v2\/product_tag?post=1015"}],"curies":[{"name":"wp","href":"https:\/\/api.w.org\/{rel}","templated":true}]}}