{"id":1002,"date":"2022-03-13T12:06:03","date_gmt":"2022-03-13T12:06:03","guid":{"rendered":"https:\/\/divespot.es\/?post_type=product&#038;p=1002"},"modified":"2023-03-17T17:14:28","modified_gmt":"2023-03-17T17:14:28","slug":"kayaking","status":"publish","type":"product","link":"https:\/\/divespot.es\/de\/produkt\/kayaking\/","title":{"rendered":"Kajakfahren"},"content":{"rendered":"<h4>Warum sollten Sie sich f\u00fcr eine Kajaktour mit uns entscheiden?<\/h4>\n<p>Dive Spot ist Ihr ultimativer Abenteuerpartner auf Teneriffa. Unsere gef\u00fchrten Kajaktouren sind darauf ausgerichtet, Ihnen ein unvergessliches Erlebnis zu bieten und das Beste aus Ihrer Zeit auf der Insel zu machen. Unsere professionellen F\u00fchrer sind Experten im Kajakfahren und haben eine tiefe Liebe und Leidenschaft f\u00fcr diesen Sport. Mit ihrem Wissen und ihrer Erfahrung f\u00fchren sie Sie zu den atemberaubendsten Pl\u00e4tzen, abseits der \u00fcberf\u00fcllten Touristengebiete, damit Sie die Sch\u00f6nheit Teneriffas voll und ganz genie\u00dfen k\u00f6nnen und Ihre Kajaktour zu einem bereichernden Abenteuer wird.<\/p>\n<p>Wir verwenden hochwertige Ausr\u00fcstung und stellen sicher, dass alle unsere Touren auf Ihr Erfahrungsniveau zugeschnitten sind. Egal ob Sie Anf\u00e4nger oder erfahrener Kajakfahrer sind, Sie werden sich w\u00e4hrend Ihrer Reise wohl und sicher f\u00fchlen. Unsere Guides geben Ihnen die n\u00f6tige Einweisung und stehen Ihnen w\u00e4hrend der gesamten Fahrt zur Seite, damit Sie ein unvergessliches und angenehmes Erlebnis haben.<\/p>\n<p>Wenn Sie also auf der Suche nach einer einzigartigen und aufregenden Art sind, Teneriffa zu erleben, buchen Sie noch heute Ihre Kajaktour mit Dive Spot. Egal, ob Sie alleine, mit Freunden oder der Familie unterwegs sind, unsere gef\u00fchrten Kajaktouren sind perfekt f\u00fcr alle Altersgruppen und K\u00f6nnensstufen. Die atemberaubende Landschaft, die lehrreiche Erfahrung und die fachkundige F\u00fchrung machen Ihre Kajaktour mit uns zu einem H\u00f6hepunkt Ihres Aufenthalts auf Teneriffa. Buchen Sie jetzt und erleben Sie mit uns ein unvergessliches Abenteuer!<\/p>\n<h4>Wer kann an einer Kajaktour teilnehmen?<\/h4>\n<p>Kajakfahren mit Dive Spot ist f\u00fcr Einzelpersonen und Familien aller Altersgruppen und Erfahrungsstufen geeignet. Unsere gef\u00fchrten Ausfl\u00fcge sind sowohl f\u00fcr Erwachsene als auch f\u00fcr Kinder ab 4 Jahren geeignet. Es sind keine Vorkenntnisse erforderlich, da unsere professionellen Guides alle notwendigen Schulungen und Ausr\u00fcstungen zur Verf\u00fcgung stellen. Egal ob Sie Anf\u00e4nger oder erfahrener Kajakfahrer sind, Sie haben die M\u00f6glichkeit, in Ihrem eigenen Tempo zu paddeln und die atemberaubende Landschaft Teneriffas zu genie\u00dfen. Egal, ob Sie alleine, mit Freunden oder mit der Familie unterwegs sind, unsere gef\u00fchrten Kajaktouren sind perfekt f\u00fcr Sie!<\/p>\n<h4>Wie kann man sich auf die Reise vorbereiten?<\/h4>\n<p>Wenn du eine Kajaktour mit Dive Spot planst, gibt es einige Dinge, die du zur Vorbereitung tun kannst:<\/p>\n<ol>\n<li>Kleidung: Sie werden einen Neoprenanzug tragen, der von uns gestellt wird. Wenn Sie k\u00f6nnen, bringen Sie einen Hut, eine Sonnenbrille und Sonnenschutzmittel mit, um Ihre Haut vor der Sonne zu sch\u00fctzen.<\/li>\n<li>Hydratisieren: Es ist wichtig, dass Sie viel Fl\u00fcssigkeit zu sich nehmen, besonders bei einer k\u00f6rperlichen Aktivit\u00e4t wie dem Kajakfahren. Achten Sie darauf, vor, w\u00e4hrend und nach Ihrer Tour viel Wasser zu trinken.<\/li>\n<li>Pers\u00f6nliche Gegenst\u00e4nde: Sie k\u00f6nnen alles mitnehmen, was Sie brauchen, aber denken Sie daran, dass Sie es im Meer fallen lassen und verlieren k\u00f6nnten. Vielleicht m\u00f6chten Sie auch einen kleinen wasserdichten Beh\u00e4lter mitnehmen, um Ihre Sachen vor N\u00e4sse zu sch\u00fctzen.<\/li>\n<li>Achten Sie auf Ihre k\u00f6rperlichen Grenzen: Kajakfahren ist eine k\u00f6rperliche Aktivit\u00e4t, daher ist es wichtig, dass Sie auf Ihre k\u00f6rperlichen Einschr\u00e4nkungen achten. Wenn Sie gesundheitliche Probleme oder Bedenken haben, informieren Sie den Lehrer vor der Tour.<\/li>\n<li>Befolgen Sie die Anweisungen: W\u00e4hrend der Fahrt ist es wichtig, den Anweisungen des Instruktors und den Sicherheitsrichtlinien zu folgen. Achten Sie auf die Anweisungen und bleiben Sie immer bei der Gruppe.<\/li>\n<\/ol>\n<p>Denken Sie daran, dass die gesamte Ausr\u00fcstung und das Training von einem erfahrenen Instruktor bereitgestellt werden, so dass Sie sich entspannen und das Erlebnis genie\u00dfen k\u00f6nnen, ohne sich um die Details zu k\u00fcmmern. Komm einfach, um Spa\u00df zu haben und Erinnerungen zu schaffen!<\/p>\n<h4>Servicepakete erkl\u00e4rt<\/h4>\n<h6>Kajak-Tour<\/h6>\n<p>Das Kajaktour-Paket von Dive Spot ist eine gef\u00fchrte Kajaktour entlang der atemberaubenden K\u00fcste Teneriffas. Dieses Paket bietet ein intensives Erlebnis, bei dem Sie die Gelegenheit haben, entlang der zerkl\u00fcfteten K\u00fcste zu paddeln und die atemberaubende Landschaft Teneriffas zu genie\u00dfen. Unser professioneller F\u00fchrer wird Sie auf einer Reise entlang der K\u00fcste f\u00fchren und Ihnen die M\u00f6glichkeit geben, die atemberaubende Landschaft zu genie\u00dfen.<\/p>\n<p>Die gesamte Ausr\u00fcstung und Schulung wird gestellt, sodass Sie sich ganz auf das Erlebnis konzentrieren k\u00f6nnen. Mit diesem Paket haben Sie die M\u00f6glichkeit, aufs Wasser zu gehen und die Sch\u00f6nheit Teneriffas aus einer anderen Perspektive zu entdecken.<\/p>\n<h6>Kajak &amp; Schnorcheln<\/h6>\n<p>Das Kajak- und Schnorchelpaket von Dive Spot ist die ultimative Kombination aus zwei fantastischen Aktivit\u00e4ten. Dieses Paket beinhaltet eine gef\u00fchrte Kajaktour entlang der atemberaubenden K\u00fcste Teneriffas sowie ein kurzes Schnorchelerlebnis in der Mitte der Tour. Unser professioneller Guide wird Sie zu einigen der besten Schnorchelpl\u00e4tze f\u00fchren, wo Sie die Gelegenheit haben, das kristallklare Wasser zu erkunden und das reiche Meeresleben zu beobachten.<\/p>\n<p>Dieses Paket ist perfekt f\u00fcr diejenigen, die Kajakfahren und Schnorcheln in einem Abenteuer erleben m\u00f6chten. Beim Kajakfahren haben Sie die M\u00f6glichkeit, entlang der zerkl\u00fcfteten K\u00fcste der Insel zu paddeln und die atemberaubende Landschaft zu genie\u00dfen. Beim Schnorcheln haben Sie dann die Gelegenheit, in die Unterwasserwelt einzutauchen und die Sch\u00f6nheit der Unterwasserwelt aus n\u00e4chster N\u00e4he zu erleben.<\/p>\n<h6>Fotos pro Kajak<\/h6>\n<p>Wir bei Dive Spot wissen, dass Erinnerungen kostbar sind, und wir m\u00f6chten Ihnen helfen, sie auf die bestm\u00f6gliche Weise festzuhalten. Aus diesem Grund bieten wir ein optionales Fotopaket f\u00fcr unsere Kajaktouren an.<\/p>\n<p>F\u00fcr nur 15 Euro pro Kajak (mit Platz f\u00fcr zwei Personen) k\u00f6nnen Sie Fotos von Ihrer Kajaktour bestellen. Unsere Guides machen w\u00e4hrend Ihrer Tour hochwertige Fotos, die die Sch\u00f6nheit der K\u00fcste, die atemberaubende Landschaft und Ihre unvergesslichen Momente festhalten.<\/p>\n<h4>Haben Sie noch Zweifel? Warum einen Tauchkurs bei Dive Spot buchen?<\/h4>\n<ul>\n<li>In jedem Programm von Tauchkursen auf Teneriffa, das du w\u00e4hlst, bekommst du pers\u00f6nliche Aufmerksamkeit von unserem professionellen Team.<\/li>\n<li>Sie k\u00f6nnen sicher sein, dass Sie bei uns Folgendes bekommen <a href=\"https:\/\/divespot.es\/en\/best-price-policy\/\">die besten Preise f\u00fcr das Tauchen auf Teneriffa<\/a>.<\/li>\n<li>Um Zeit zu sparen, wird der theoretische Unterricht per E-Learning durchgef\u00fchrt.<\/li>\n<li>Sie haben die Wahl zwischen den beiden gr\u00f6\u00dften Tauchverb\u00e4nden der Welt.<\/li>\n<li>Sie werden eintauchen <a href=\"https:\/\/divespot.es\/en\/article-2\/\">Rochenbucht<\/a>einer der spektakul\u00e4rsten Tauchpl\u00e4tze auf Teneriffa.<\/li>\n<li>Sie werden Teil einer gro\u00dfen Gemeinschaft von Tauchern, die Ihnen viele Freunde auf der ganzen Welt bieten wird.<\/li>\n<li>Wir nehmen Sie mit auf ein Unterwasserabenteuer voller Adrenalin und Vergn\u00fcgen.<\/li>\n<\/ul>\n<h4>Wie kann man reservieren?<\/h4>\n<p>Bevor Sie beginnen, lesen Sie bitte unsere <a href=\"https:\/\/divespot.es\/de\/terms-and-conditions\/\" target=\"_blank\" rel=\"noopener\">Bedingungen und Konditionen<\/a>, <a href=\"https:\/\/divespot.es\/de\/privacy-policy\/\" target=\"_blank\" rel=\"noopener\">Datenschutzbestimmungen<\/a> und <a href=\"https:\/\/divespot.es\/de\/cancelling-and-refunding-policy\/\" target=\"_blank\" rel=\"noopener\">Stornierung und R\u00fcckerstattung<\/a>. Um eine Reservierung vorzunehmen, ben\u00f6tigen Sie eine Bankkarte, um eine kleine Anzahlung zu leisten. Wenn Sie keine Karte haben oder Probleme mit der Online-Zahlung haben, wenden Sie sich bitte an <a href=\"https:\/\/divespot.es\/de\/contact\/\">kontaktieren Sie uns<\/a>und wir werden eine andere Zahlungsmethode vereinbaren. Denken Sie daran, dass die Sonderpreise nur f\u00fcr Online-Buchungen g\u00fcltig sind, die mindestens einen Tag vor dem Tauchgang erfolgen.<\/p>\n<p>Die h\u00e4ufigsten Fragen und Antworten finden Sie unter <a href=\"https:\/\/divespot.es\/de\/questions-answers\/\">unsere Q&amp;A Seite<\/a>oder Sie k\u00f6nnen weitere Informationen anfordern unter <a href=\"https:\/\/divespot.es\/de\/contact\/\">unsere Kontaktseite<\/a>.<\/p>\n<h6>Lesen Sie die folgenden Tipps und Erkl\u00e4rungen:<\/h6>\n<p>Das Buchungsfenster befindet sich oben rechts auf dieser Seite.<\/p>\n<p><b>W\u00e4hlen Sie die Tour<\/b> die Sie durchf\u00fchren m\u00f6chten. Geben Sie die Anzahl der Teilnehmer f\u00fcr die entsprechende Option ein.<\/p>\n<p><img decoding=\"async\" loading=\"lazy\" class=\"alignnone  wp-image-3088\" src=\"https:\/\/divespot.es\/wp-content\/uploads\/2022\/03\/1679072804-300x26.png\" alt=\"\" width=\"577\" height=\"50\" srcset=\"https:\/\/divespot.es\/wp-content\/uploads\/2022\/03\/1679072804-300x26.png 300w, https:\/\/divespot.es\/wp-content\/uploads\/2022\/03\/1679072804-600x52.png 600w, https:\/\/divespot.es\/wp-content\/uploads\/2022\/03\/1679072804.png 622w\" sizes=\"(max-width: 577px) 100vw, 577px\" \/><\/p>\n<p><strong>Schnorcheln<\/strong> ist eine gro\u00dfartige Gelegenheit, eine Pause vom Kajak zu machen und die Unterwasserwelt von der Oberfl\u00e4che aus zu beobachten - gegen einen geringen Aufpreis. Wir stellen Masken und Schnorchel zur Verf\u00fcgung.<\/p>\n<p><img decoding=\"async\" loading=\"lazy\" class=\"alignnone  wp-image-3089\" src=\"https:\/\/divespot.es\/wp-content\/uploads\/2022\/03\/1679073032-300x28.png\" alt=\"\" width=\"578\" height=\"54\" srcset=\"https:\/\/divespot.es\/wp-content\/uploads\/2022\/03\/1679073032-300x28.png 300w, https:\/\/divespot.es\/wp-content\/uploads\/2022\/03\/1679073032-600x55.png 600w, https:\/\/divespot.es\/wp-content\/uploads\/2022\/03\/1679073032.png 628w\" sizes=\"(max-width: 578px) 100vw, 578px\" \/><\/p>\n<p><strong>Fotos<\/strong>. Halten Sie Ihr Abenteuer mit unserem Kajak-Fotoservice fest. Ihr Reiseleiter macht Fotos von Ihnen und Ihrem Partner, w\u00e4hrend Sie Kajak fahren, damit Sie eine bleibende Erinnerung an Ihr gemeinsames Erlebnis haben. Der Preis gilt pro Kajak, das f\u00fcr zwei Personen geeignet ist.<\/p>\n<p><img decoding=\"async\" loading=\"lazy\" class=\"alignnone  wp-image-3090\" src=\"https:\/\/divespot.es\/wp-content\/uploads\/2022\/03\/1679073222-300x27.png\" alt=\"\" width=\"578\" height=\"52\" srcset=\"https:\/\/divespot.es\/wp-content\/uploads\/2022\/03\/1679073222-300x27.png 300w, https:\/\/divespot.es\/wp-content\/uploads\/2022\/03\/1679073222-600x54.png 600w, https:\/\/divespot.es\/wp-content\/uploads\/2022\/03\/1679073222.png 628w\" sizes=\"(max-width: 578px) 100vw, 578px\" \/><\/p>\n<p><b>\u00dcbertragung<\/b>. Wenn Sie einen Transport von Ihrem Hotel und zur\u00fcck ben\u00f6tigen, k\u00f6nnen Sie diesen gegen eine zus\u00e4tzliche Geb\u00fchr in zwei verschiedenen Touristengebieten bestellen. Wenn Ihr Aufenthaltsort nicht auf der Karte verzeichnet ist, kontaktieren Sie uns bitte. Wir k\u00f6nnen einen individuellen Transport f\u00fcr Sie organisieren. <a href=\"https:\/\/divespot.es\/wp-content\/uploads\/2022\/04\/tenerife-map.jpg\" target=\"_blank\" rel=\"noopener\">Die Karte der Verkehrszonen k\u00f6nnen Sie hier einsehen.<\/a><\/p>\n<p><img decoding=\"async\" loading=\"lazy\" class=\"alignnone wp-image-1060\" src=\"https:\/\/divespot.es\/wp-content\/uploads\/2022\/02\/Transfer.png\" alt=\"Transfer info\" width=\"406\" height=\"113\" srcset=\"https:\/\/divespot.es\/wp-content\/uploads\/2022\/02\/Transfer.png 675w, https:\/\/divespot.es\/wp-content\/uploads\/2022\/02\/Transfer-300x84.png 300w, https:\/\/divespot.es\/wp-content\/uploads\/2022\/02\/Transfer-600x167.png 600w\" sizes=\"(max-width: 406px) 100vw, 406px\" \/><\/p>\n<p><b>Datum<\/b>. W\u00e4hlen Sie das Datum f\u00fcr Ihren Tauchgang. Wir behalten uns das Recht vor, die Zeit f\u00fcr eine bessere Organisation unserer Arbeit in der Tauchbasis zu \u00e4ndern. Unser Assistent wird Ihre Buchung mit detaillierten Informationen best\u00e4tigen.<\/p>\n<p><img decoding=\"async\" loading=\"lazy\" class=\"alignnone wp-image-1488\" src=\"https:\/\/divespot.es\/wp-content\/uploads\/2022\/03\/data-2-257x300.jpg\" alt=\"Data \" width=\"230\" height=\"268\" srcset=\"https:\/\/divespot.es\/wp-content\/uploads\/2022\/03\/data-2-257x300.jpg 257w, https:\/\/divespot.es\/wp-content\/uploads\/2022\/03\/data-2-300x351.jpg 300w, https:\/\/divespot.es\/wp-content\/uploads\/2022\/03\/data-2.jpg 558w\" sizes=\"(max-width: 230px) 100vw, 230px\" \/><\/p>\n<h4>Kasse und Warenkorb<\/h4>\n<p>Wenn Ihre Bestellung fertig ist, dr\u00fccken Sie auf \"Jetzt buchen\". Sie werden dann zum <a href=\"https:\/\/divespot.es\/de\/checkout\/\">Checkout-Seite<\/a>.<br \/>\nWenn Sie \u00c4nderungen an Ihrer Buchung vornehmen m\u00f6chten, finden Sie die <a href=\"https:\/\/divespot.es\/de\/cart\/\">Korb<\/a> Symbol oben auf der Seite, das Sie zu Ihrem <a href=\"https:\/\/divespot.es\/de\/cart\/\">Wagen<\/a>. Wenn Sie einen Rabatt-Coupon f\u00fcr Stammkunden haben, k\u00f6nnen Sie ihn im Warenkorb anwenden und zur Kasse gehen.<br \/>\n<b>Seite \"Kasse\" - Rechnungsdetails<\/b>. Auf dieser Seite geben Sie Ihre pers\u00f6nlichen Daten ein: Vorname, Nachname, Telefonnummer (vergessen Sie nicht die Vorwahl, die Ihre Landesvorwahl ist), E-Mail-Adresse (f\u00fcr die Buchungsbest\u00e4tigung), die Sprache, die Sie am besten sprechen, und zus\u00e4tzliche Sprachen, in denen Sie kommunizieren k\u00f6nnen (w\u00e4hlen Sie aus der Liste. Wenn Sie mehr wissen, schreiben Sie sie bitte in die Kommentare).<\/p>\n<p><b>Abholstelle<\/b>. Wenn Sie einen kostenpflichtigen Transferservice vom Hotel bestellt haben, geben Sie bitte den genauen Namen des Hotels einschlie\u00dflich der Stadt an. Wenn Sie in einem Apartment wohnen, geben Sie bitte die genaue Adresse an: Stra\u00dfe und Hausnummer, Ort, Postleitzahl, Name des Geb\u00e4udes und Google-Standort, wenn m\u00f6glich.<\/p>\n<p><b>Zus\u00e4tzliche Informationen<\/b>. Geben Sie in diesem Abschnitt alle relevanten Informationen ein, die Sie uns mitteilen m\u00f6chten.<\/p>\n<h4>Bezahlung.<\/h4>\n<p>Geben Sie die Daten Ihrer Bankkarte ein und bezahlen Sie die Einzahlung. Sie erhalten eine automatische Best\u00e4tigung per E-Mail \u00fcber die Zahlung und den Status des laufenden Prozesses.<br \/>\nUnser Assistent wird dann die Reservierung best\u00e4tigen und Sie \u00fcber die Einzelheiten informieren. Bitte beachten Sie, dass <b>es kann zu geringf\u00fcgigen \u00c4nderungen an Ihrer Bestellung kommen<\/b>wie z. B. die Startzeit oder die Zeit der Abholung vom Hotel. Sportliche Aktivit\u00e4ten k\u00f6nnen in letzter Minute ge\u00e4ndert werden, daher sollten Sie sich vergewissern <b>Halten Sie Ihr Telefon griffbereit<\/b> f\u00fcr den Fall, dass wir Sie kontaktieren m\u00fcssen. Wenn Sie Probleme mit der Buchung oder Zahlung haben, wenden Sie sich bitte an <a href=\"https:\/\/divespot.es\/de\/contact\/\">kontaktieren Sie uns<\/a>.<\/p>","protected":false},"excerpt":{"rendered":"<p>Bitte lesen Sie die Beschreibung unten, bevor Sie buchen!<\/p>\n<p>Diese Preise sind nur bei Online-Buchung verf\u00fcgbar!<\/p>\n<p><a href=\"https:\/\/divespot.es\/wp-content\/uploads\/2022\/04\/tenerife-map.jpg\">VERKEHRSZONENPLAN<\/a><\/p>","protected":false},"featured_media":2661,"template":"","meta":[],"product_cat":[31],"product_tag":[55,54,53],"aioseo_notices":[],"_links":{"self":[{"href":"https:\/\/divespot.es\/de\/wp-json\/wp\/v2\/product\/1002"}],"collection":[{"href":"https:\/\/divespot.es\/de\/wp-json\/wp\/v2\/product"}],"about":[{"href":"https:\/\/divespot.es\/de\/wp-json\/wp\/v2\/types\/product"}],"wp:featuredmedia":[{"embeddable":true,"href":"https:\/\/divespot.es\/de\/wp-json\/wp\/v2\/media\/2661"}],"wp:attachment":[{"href":"https:\/\/divespot.es\/de\/wp-json\/wp\/v2\/media?parent=1002"}],"wp:term":[{"taxonomy":"product_cat","embeddable":true,"href":"https:\/\/divespot.es\/de\/wp-json\/wp\/v2\/product_cat?post=1002"},{"taxonomy":"product_tag","embeddable":true,"href":"https:\/\/divespot.es\/de\/wp-json\/wp\/v2\/product_tag?post=1002"}],"curies":[{"name":"wp","href":"https:\/\/api.w.org\/{rel}","templated":true}]}}