{"id":507,"date":"2022-02-25T20:52:19","date_gmt":"2022-02-25T20:52:19","guid":{"rendered":"https:\/\/divespot.es\/?page_id=507"},"modified":"2023-06-21T17:01:13","modified_gmt":"2023-06-21T17:01:13","slug":"terms-and-conditions","status":"publish","type":"page","link":"https:\/\/divespot.es\/de\/terms-and-conditions\/","title":{"rendered":"Bedingungen und Konditionen"},"content":{"rendered":"<div data-elementor-type=\"wp-page\" data-elementor-id=\"507\" class=\"elementor elementor-507\">\n\t\t\t\t\t\t\t\t\t<section class=\"has_eae_slider elementor-section elementor-top-section elementor-element elementor-element-ed67000 elementor-section-boxed elementor-section-height-default elementor-section-height-default\" data-id=\"ed67000\" data-element_type=\"section\">\n\t\t\t\t\t\t<div class=\"elementor-container elementor-column-gap-default\">\n\t\t\t\t\t<div class=\"has_eae_slider elementor-column elementor-col-100 elementor-top-column elementor-element elementor-element-99961b0\" data-id=\"99961b0\" data-element_type=\"column\">\n\t\t\t<div class=\"elementor-widget-wrap elementor-element-populated\">\n\t\t\t\t\t\t\t\t<div class=\"elementor-element elementor-element-00a2ace elementor-widget elementor-widget-text-editor\" data-id=\"00a2ace\" data-element_type=\"widget\" data-widget_type=\"text-editor.default\">\n\t\t\t\t<div class=\"elementor-widget-container\">\n\t\t\t<style>\/*! elementor - v3.15.0 - 09-08-2023 *\/\n.elementor-widget-text-editor.elementor-drop-cap-view-stacked .elementor-drop-cap{background-color:#69727d;color:#fff}.elementor-widget-text-editor.elementor-drop-cap-view-framed .elementor-drop-cap{color:#69727d;border:3px solid;background-color:transparent}.elementor-widget-text-editor:not(.elementor-drop-cap-view-default) .elementor-drop-cap{margin-top:8px}.elementor-widget-text-editor:not(.elementor-drop-cap-view-default) .elementor-drop-cap-letter{width:1em;height:1em}.elementor-widget-text-editor .elementor-drop-cap{float:left;text-align:center;line-height:1;font-size:50px}.elementor-widget-text-editor .elementor-drop-cap-letter{display:inline-block}<\/style>\t\t\t\t<p><strong>Bedingungen und Konditionen<\/strong><\/p><p>Willkommen bei Dive Spot Dive Center!<\/p><p>Diese Bedingungen und Konditionen umrei\u00dfen die Regeln und Vorschriften f\u00fcr die Nutzung der Dive Spot &amp; Atlantis Website, die sich unter divespot.es befindet.<\/p><p>Durch den Zugriff auf diese Website gehen wir davon aus, dass Sie diese Bedingungen akzeptieren. Fahren Sie nicht fort, Dive Spot Dive Center zu benutzen, wenn Sie nicht damit einverstanden sind, alle auf dieser Seite genannten Bedingungen zu akzeptieren.<\/p><p>Die folgende Terminologie gilt f\u00fcr diese Allgemeinen Gesch\u00e4ftsbedingungen, die Datenschutzerkl\u00e4rung und den Haftungsausschluss sowie alle Vereinbarungen: \"Kunde\", \"Sie\" und \"Ihr\" bezieht sich auf Sie, die Person, die sich auf dieser Website anmeldet und den Bedingungen des Unternehmens zustimmt. \"Das Unternehmen\", \"Wir\", \"Wir\", \"Unser\" und \"Uns\", bezieht sich auf unser Unternehmen. \"Partei\", \"Parteien\" oder \"uns\" bezieht sich sowohl auf den Kunden als auch auf uns. Alle Begriffe beziehen sich auf das Angebot, die Annahme und die Gegenleistung, die erforderlich sind, um den Prozess unserer Unterst\u00fctzung f\u00fcr den Kunden in der am besten geeigneten Art und Weise durchzuf\u00fchren, mit dem ausdr\u00fccklichen Ziel, die Bed\u00fcrfnisse des Kunden in Bezug auf die Bereitstellung der angegebenen Dienstleistungen des Unternehmens zu erf\u00fcllen, in \u00dcbereinstimmung mit und vorbehaltlich des geltenden niederl\u00e4ndischen Rechts. Jegliche Verwendung der obigen Terminologie oder anderer W\u00f6rter in der Einzahl, Mehrzahl, Gro\u00dfschreibung und\/oder er\/sie oder sie, werden als austauschbar angesehen und beziehen sich daher auf dasselbe.<\/p><p><strong>Cookies<\/strong><\/p><p>Wir verwenden Cookies. Durch die Nutzung von Dive Spot Dive Center erkl\u00e4ren Sie sich mit der Verwendung von Cookies in \u00dcbereinstimmung mit den Datenschutzbestimmungen von Dive Spot &amp; Atlantis einverstanden.<\/p><p>Die meisten interaktiven Websites verwenden Cookies, damit wir bei jedem Besuch die Daten des Nutzers abrufen k\u00f6nnen. Cookies werden von unserer Website verwendet, um die Funktionalit\u00e4t bestimmter Bereiche zu erm\u00f6glichen und den Besuchern unserer Website den Zugang zu erleichtern. Einige unserer Tochtergesellschaften\/Werbepartner k\u00f6nnen ebenfalls Cookies verwenden.<\/p><p><strong>Lizenz<\/strong><\/p><p>Sofern nicht anders angegeben, sind Dive Spot &amp; Atlantis und\/oder seine Lizenzgeber Eigent\u00fcmer der geistigen Eigentumsrechte f\u00fcr das gesamte Material auf Dive Spot Dive Center. Alle geistigen Eigentumsrechte sind vorbehalten. Sie k\u00f6nnen auf dieses Material von Dive Spot Dive Center f\u00fcr Ihren pers\u00f6nlichen Gebrauch zugreifen, vorbehaltlich der Beschr\u00e4nkungen, die in diesen Bedingungen und Konditionen festgelegt sind.<\/p><p>Das d\u00fcrfen Sie nicht:<\/p><ul><li>Wiederver\u00f6ffentlichung von Material von Dive Spot Dive Center<\/li><li>Verkauf, Vermietung oder Unterlizenzierung von Material von Dive Spot Dive Center<\/li><li>Reproduzieren, vervielf\u00e4ltigen oder kopieren von Material von Dive Spot Dive Center<\/li><li>Inhalte von Dive Spot Dive Center weiterverteilen<\/li><\/ul><p>Diese Vereinbarung beginnt mit dem Datum dieser Vereinbarung. Unsere Allgemeinen Gesch\u00e4ftsbedingungen wurden mit Hilfe des Terms And Conditions Template erstellt.<\/p><p>Teile dieser Website bieten Nutzern die M\u00f6glichkeit, in bestimmten Bereichen der Website Meinungen und Informationen zu ver\u00f6ffentlichen und auszutauschen. Dive Spot &amp; Atlantis filtert, bearbeitet, ver\u00f6ffentlicht oder \u00fcberpr\u00fcft Kommentare nicht, bevor sie auf der Website ver\u00f6ffentlicht werden. Die Kommentare spiegeln nicht die Ansichten und Meinungen von Dive Spot &amp; Atlantis, seinen Vertretern und\/oder Partnern wider. Kommentare spiegeln die Ansichten und Meinungen der Person wider, die ihre Ansichten und Meinungen postet. Dive Spot &amp; Atlantis haftet nicht f\u00fcr die Kommentare oder f\u00fcr jegliche Haftung, Sch\u00e4den oder Ausgaben, die durch die Nutzung und\/oder Ver\u00f6ffentlichung und\/oder das Erscheinen der Kommentare auf dieser Website verursacht und\/oder erlitten werden, soweit dies nach geltendem Recht zul\u00e4ssig ist.<\/p><p>Dive Spot &amp; Atlantis beh\u00e4lt sich das Recht vor, alle Kommentare zu \u00fcberwachen und alle Kommentare zu entfernen, die als unangemessen oder beleidigend angesehen werden k\u00f6nnen oder die gegen die vorliegenden Bedingungen versto\u00dfen.<\/p><p>Sie garantieren und sichern zu, dass:<\/p><ul><li>Sie sind berechtigt, die Kommentare auf unserer Website zu ver\u00f6ffentlichen und verf\u00fcgen \u00fcber alle erforderlichen Lizenzen und Genehmigungen, um dies zu tun.<\/li><li>Die Kommentare verletzen keine Rechte an geistigem Eigentum, einschlie\u00dflich, aber nicht beschr\u00e4nkt auf Urheberrechte, Patente oder Marken Dritter.<\/li><li>Die Kommentare enthalten kein verleumderisches, beleidigendes, anst\u00f6\u00dfiges, unanst\u00e4ndiges oder anderweitig rechtswidriges Material, das eine Verletzung der Privatsph\u00e4re darstellt.<\/li><li>Die Kommentare werden nicht verwendet, um f\u00fcr Gesch\u00e4fte oder Gewohnheiten zu werben oder kommerzielle Aktivit\u00e4ten oder ungesetzliche Aktivit\u00e4ten darzustellen.<\/li><\/ul><p>Sie gew\u00e4hren Dive Spot &amp; Atlantis hiermit eine nicht-exklusive Lizenz zur Nutzung, Reproduktion, Bearbeitung und Autorisierung anderer zur Nutzung, Reproduktion und Bearbeitung Ihrer Kommentare in allen Formen, Formaten oder Medien.<\/p><p><strong>Verlinkung zu unserem Inhalt<\/strong><\/p><p>Die folgenden Organisationen d\u00fcrfen ohne vorherige schriftliche Genehmigung auf unsere Website verlinken:<\/p><ul><li>Staatliche Stellen<\/li><li>Suchmaschine<\/li><li>Nachrichtenorganisationen<\/li><li>Anbieter von Online-Verzeichnissen k\u00f6nnen auf unsere Website in der gleichen Weise verlinken, wie sie auf die Websites der anderen aufgef\u00fchrten Unternehmen verlinken.<\/li><li>Systemweit zugelassene Unternehmen mit Ausnahme von gemeinn\u00fctzigen Organisationen, Wohlt\u00e4tigkeits-Einkaufszentren und Wohlt\u00e4tigkeits-Fundraising-Gruppen, die keine Hyperlinks zu unserer Website setzen d\u00fcrfen<\/li><\/ul><p>Diese Organisationen k\u00f6nnen einen Link zu unserer Homepage, zu Ver\u00f6ffentlichungen oder zu anderen Informationen auf der Website einrichten, solange der Link besteht:<\/p><ul><li>(a) in keiner Weise irref\u00fchrend ist;<\/li><li>(b) nicht f\u00e4lschlicherweise den Eindruck erweckt, dass die verlinkende Partei und ihre Produkte und\/oder Dienstleistungen gesponsert, gebilligt oder genehmigt werden; und<\/li><li>(c) in den Kontext der Website der verlinkenden Partei passt.<\/li><\/ul><p>Wir k\u00f6nnen andere Linkanfragen von den folgenden Arten von Organisationen ber\u00fccksichtigen und genehmigen:<\/p><ul><li>allgemein bekannte Informationsquellen f\u00fcr Verbraucher und\/oder Unternehmen;<\/li><li>dot.com-Gemeinschaftsseiten;<\/li><li>Verb\u00e4nde oder andere Gruppen, die Wohlt\u00e4tigkeitsorganisationen vertreten;<\/li><li>Online-Verzeichnisse f\u00fcr H\u00e4ndler;<\/li><li>Internetportale;<\/li><li>Wirtschaftspr\u00fcfungs-, Anwalts- und Beratungsunternehmen und<\/li><li>Bildungseinrichtungen und Berufsverb\u00e4nde.<\/li><\/ul><p>Wir werden Linkanfragen von diesen Organisationen genehmigen, wenn wir dies beschlie\u00dfen:<\/p><ul><li>(a) die Verkn\u00fcpfung w\u00fcrde uns nicht in ein schlechtes Licht r\u00fccken, weder f\u00fcr uns noch f\u00fcr unsere akkreditierten Unternehmen;<\/li><li>(b) die Organisation keine negativen Eintr\u00e4ge bei uns hat;<\/li><li>(c) der Nutzen, den wir aus der Sichtbarkeit des Hyperlinks ziehen, kompensiert das Fehlen von Dive Spot &amp; Atlantis; und<\/li><li>(d) der Link steht im Zusammenhang mit allgemeinen Ressourceninformationen.<\/li><\/ul><p>Diese Organisationen d\u00fcrfen auf unsere Homepage verlinken, solange der Link besteht:<\/p><ul><li>(a) in keiner Weise irref\u00fchrend ist;<\/li><li>(b) nicht f\u00e4lschlicherweise den Eindruck erweckt, dass die verlinkende Partei und ihre Produkte oder Dienstleistungen gesponsert, gebilligt oder genehmigt werden; und<\/li><li>(c) in den Kontext der Website der verlinkenden Partei passt.<\/li><\/ul><p>Wenn Sie eine der in Absatz 2 aufgef\u00fchrten Organisationen sind und an einer Verlinkung zu unserer Website interessiert sind, m\u00fcssen Sie uns dies per E-Mail an Dive Spot &amp; Atlantis mitteilen. Bitte f\u00fcgen Sie Ihren Namen, den Namen Ihrer Organisation, Kontaktinformationen sowie die URL Ihrer Website, eine Liste aller URLs, von denen Sie auf unsere Website verlinken m\u00f6chten, und eine Liste der URLs auf unserer Website, zu denen Sie verlinken m\u00f6chten, bei. Warten Sie 2-3 Wochen auf eine Antwort.<\/p><p>Zugelassene Organisationen d\u00fcrfen Hyperlinks zu unserer Website wie folgt setzen:<\/p><ul><li>durch Verwendung unseres Firmennamens; oder<\/li><li>durch Verwendung des Uniform Resource Locator, auf den verlinkt wird; oder<\/li><li>Durch die Verwendung einer anderen Beschreibung unserer Website, auf die verlinkt wird, die im Kontext und im Format des Inhalts der Website der verlinkenden Partei sinnvoll ist.<\/li><\/ul><p>Die Verwendung des Logos von Dive Spot &amp; Atlantis oder anderer Grafiken f\u00fcr die Verlinkung ist ohne eine Markenlizenzvereinbarung nicht gestattet.<\/p><p><strong>iFrames<\/strong><\/p><p>Ohne vorherige Genehmigung und schriftliche Zustimmung d\u00fcrfen Sie keine Frames um unsere Webseiten herum erstellen, die die visuelle Pr\u00e4sentation oder das Aussehen unserer Website in irgendeiner Weise ver\u00e4ndern.<\/p><p><strong>Inhaltliche Haftung<\/strong><\/p><p>Wir sind nicht f\u00fcr Inhalte verantwortlich, die auf Ihrer Website erscheinen. Sie verpflichten sich, uns gegen alle Anspr\u00fcche zu sch\u00fctzen und zu verteidigen, die auf Ihrer Website erhoben werden. Es d\u00fcrfen keine Links auf einer Website erscheinen, die als verleumderisch, obsz\u00f6n oder kriminell ausgelegt werden k\u00f6nnen oder die Rechte Dritter verletzen, anderweitig verletzen oder die Verletzung oder sonstige Verletzung von Rechten Dritter bef\u00fcrworten.<\/p><p><strong>Ihr Datenschutz<\/strong><\/p><p>Bitte lesen Sie unsere Datenschutzrichtlinie.<\/p><p><strong>Vorbehalt der Rechte<\/strong><\/p><p>Wir behalten uns das Recht vor, Sie aufzufordern, alle Links oder einen bestimmten Link zu unserer Website zu entfernen. Sie verpflichten sich, alle Links zu unserer Website auf Verlangen unverz\u00fcglich zu entfernen. Wir behalten uns au\u00dferdem das Recht vor, diese Bedingungen und die Linkpolitik jederzeit zu \u00e4ndern. Durch die kontinuierliche Verkn\u00fcpfung mit unserer Website erkl\u00e4ren Sie sich damit einverstanden, an diese Verkn\u00fcpfungsbedingungen gebunden zu sein und diese zu befolgen.<\/p><p><strong>Entfernung von Links von unserer Website<\/strong><\/p><p>Wenn Sie einen Link auf unserer Website finden, der aus irgendeinem Grund anst\u00f6\u00dfig ist, k\u00f6nnen Sie uns jederzeit kontaktieren und informieren. Wir werden Anfragen zur Entfernung von Links pr\u00fcfen, sind aber nicht verpflichtet, dies zu tun oder Ihnen direkt zu antworten.<\/p><p>Wir gew\u00e4hrleisten nicht, dass die Informationen auf dieser Website korrekt sind; wir garantieren nicht f\u00fcr ihre Vollst\u00e4ndigkeit oder Richtigkeit und wir versprechen auch nicht, dass die Website verf\u00fcgbar bleibt oder dass das Material auf der Website auf dem neuesten Stand gehalten wird.<\/p><p><strong>Haftungsausschluss<\/strong><\/p><p>Soweit es das geltende Recht zul\u00e4sst, schlie\u00dfen wir alle Zusicherungen, Gew\u00e4hrleistungen und Bedingungen in Bezug auf unsere Website und die Nutzung dieser Website aus. Nichts in diesem Haftungsausschluss wird:<\/p><ul><li>unsere oder Ihre Haftung f\u00fcr Tod oder K\u00f6rperverletzung zu begrenzen oder auszuschlie\u00dfen;<\/li><li>unsere oder Ihre Haftung f\u00fcr Betrug oder arglistige T\u00e4uschung zu begrenzen oder auszuschlie\u00dfen;<\/li><li>unsere oder Ihre Haftung in einer Weise zu beschr\u00e4nken, die nach geltendem Recht nicht zul\u00e4ssig ist; oder<\/li><li>unsere oder Ihre Haftung auszuschlie\u00dfen, die nach geltendem Recht nicht ausgeschlossen werden kann.<\/li><\/ul><p>Die in diesem Abschnitt und an anderen Stellen dieses Haftungsausschlusses festgelegten Haftungsbeschr\u00e4nkungen und -verbote:<\/p><ul><li>(a) unter den vorstehenden Absatz fallen und<\/li><li>(b) regeln alle Haftungen, die sich aus dem Haftungsausschluss ergeben, einschlie\u00dflich der Haftung aus Vertrag, unerlaubter Handlung und Verletzung gesetzlicher Pflichten.<\/li><\/ul><p>Solange die Website sowie die Informationen und Dienstleistungen auf der Website kostenlos zur Verf\u00fcgung gestellt werden, haften wir nicht f\u00fcr Verluste oder Sch\u00e4den jeglicher Art.<\/p>\t\t\t\t\t\t<\/div>\n\t\t\t\t<\/div>\n\t\t\t\t\t<\/div>\n\t\t<\/div>\n\t\t\t\t\t\t\t<\/div>\n\t\t<\/section>\n\t\t\t\t\t\t\t<\/div>","protected":false},"excerpt":{"rendered":"<p>Allgemeine Gesch\u00e4ftsbedingungen Willkommen bei Dive Spot Dive Center! Diese Gesch\u00e4ftsbedingungen umrei\u00dfen die Regeln und Vorschriften f\u00fcr die Nutzung der Website von Dive Spot &amp; Atlantis, die sich unter divespot.es befindet. Durch den Zugriff auf diese Website gehen wir davon aus, dass Sie diese Bedingungen und Konditionen akzeptieren. Fahren Sie nicht fort, Dive Spot Dive Center zu benutzen, wenn Sie nicht [...]<\/p>","protected":false},"author":1,"featured_media":0,"parent":0,"menu_order":0,"comment_status":"closed","ping_status":"closed","template":"","meta":{"footnotes":""},"blocksy_meta":{"styles_descriptor":{"styles":{"desktop":"","tablet":"","mobile":""},"google_fonts":[],"version":4}},"aioseo_notices":[],"_links":{"self":[{"href":"https:\/\/divespot.es\/de\/wp-json\/wp\/v2\/pages\/507"}],"collection":[{"href":"https:\/\/divespot.es\/de\/wp-json\/wp\/v2\/pages"}],"about":[{"href":"https:\/\/divespot.es\/de\/wp-json\/wp\/v2\/types\/page"}],"author":[{"embeddable":true,"href":"https:\/\/divespot.es\/de\/wp-json\/wp\/v2\/users\/1"}],"replies":[{"embeddable":true,"href":"https:\/\/divespot.es\/de\/wp-json\/wp\/v2\/comments?post=507"}],"version-history":[{"count":0,"href":"https:\/\/divespot.es\/de\/wp-json\/wp\/v2\/pages\/507\/revisions"}],"wp:attachment":[{"href":"https:\/\/divespot.es\/de\/wp-json\/wp\/v2\/media?parent=507"}],"curies":[{"name":"wp","href":"https:\/\/api.w.org\/{rel}","templated":true}]}}