{"id":1953,"date":"2022-02-26T22:00:48","date_gmt":"2022-02-26T22:00:48","guid":{"rendered":"https:\/\/divespot.es\/?page_id=552"},"modified":"2022-02-26T22:00:48","modified_gmt":"2022-02-26T22:00:48","slug":"blog-4","status":"publish","type":"page","link":"https:\/\/divespot.es\/de\/blog-4\/","title":{"rendered":"Blog"},"content":{"rendered":"<div class=\"pt-cv-wrapper\"><div class=\"pt-cv-view pt-cv-grid pt-cv-colsys\" id=\"pt-cv-view-acae04eaci\"><div data-id=\"pt-cv-page-1\" class=\"pt-cv-page\" data-cvc=\"3\"><div class=\"col-md-4 col-sm-4 col-xs-6 pt-cv-content-item pt-cv-1-col\" ><div class='pt-cv-ifield'><a href=\"https:\/\/divespot.es\/de\/10-reasons-to-do-a-divemaster-internship-with-us\/\" class=\"_self pt-cv-href-thumbnail pt-cv-thumb-default\" target=\"_self\" ><img width=\"300\" height=\"300\" src=\"https:\/\/divespot.es\/wp-content\/uploads\/2022\/12\/3-300x300.jpg\" class=\"pt-cv-thumbnail\" alt=\"\" decoding=\"async\" loading=\"lazy\" srcset=\"https:\/\/divespot.es\/wp-content\/uploads\/2022\/12\/3-300x300.jpg 300w, https:\/\/divespot.es\/wp-content\/uploads\/2022\/12\/3-150x150.jpg 150w, https:\/\/divespot.es\/wp-content\/uploads\/2022\/12\/3-100x100.jpg 100w, https:\/\/divespot.es\/wp-content\/uploads\/2022\/12\/3.jpg 375w\" sizes=\"(max-width: 300px) 100vw, 300px\" \/><\/a>\n<h4 class=\"pt-cv-title\"><a href=\"https:\/\/divespot.es\/de\/10-reasons-to-do-a-divemaster-internship-with-us\/\" class=\"_self\" target=\"_self\" >10 Gr\u00fcnde f\u00fcr ein Divemaster-Praktikum<\/a><\/h4>\n<div class=\"pt-cv-content\">Machen Sie Ihr B\u00fcro zu einem sonnigen Strand! Wir sind Divespot, Teil der Atlantis Gruppe, mit Sitz in Los Cristianos, im S\u00fcden von ...<br \/><div class=\"pt-cv-rmwrap\"><a href=\"https:\/\/divespot.es\/de\/10-reasons-to-do-a-divemaster-internship-with-us\/\" class=\"_self pt-cv-readmore btn btn-success\" target=\"_self\">Weiterlesen<\/a><\/div><\/div><\/div><\/div>\n<div class=\"col-md-4 col-sm-4 col-xs-6 pt-cv-content-item pt-cv-1-col\" ><div class='pt-cv-ifield'><a href=\"https:\/\/divespot.es\/de\/article-4\/\" class=\"_self pt-cv-href-thumbnail pt-cv-thumb-default\" target=\"_self\" ><img width=\"300\" height=\"300\" src=\"https:\/\/divespot.es\/wp-content\/uploads\/2022\/12\/4-300x300.jpg\" class=\"pt-cv-thumbnail\" alt=\"\" decoding=\"async\" loading=\"lazy\" srcset=\"https:\/\/divespot.es\/wp-content\/uploads\/2022\/12\/4-300x300.jpg 300w, https:\/\/divespot.es\/wp-content\/uploads\/2022\/12\/4-150x150.jpg 150w, https:\/\/divespot.es\/wp-content\/uploads\/2022\/12\/4-100x100.jpg 100w, https:\/\/divespot.es\/wp-content\/uploads\/2022\/12\/4.jpg 375w\" sizes=\"(max-width: 300px) 100vw, 300px\" \/><\/a>\n<h4 class=\"pt-cv-title\"><a href=\"https:\/\/divespot.es\/de\/article-4\/\" class=\"_self\" target=\"_self\" >Divemaster werden mit Diving Atlantis<\/a><\/h4>\n<div class=\"pt-cv-content\">Als Teil der Atlantis-Gruppe arbeitet Divespot eng mit Diving Atlantis zusammen, einer Tauchbasis in Los Cristianos, Teneriffa. Wir ...<br \/><div class=\"pt-cv-rmwrap\"><a href=\"https:\/\/divespot.es\/de\/article-4\/\" class=\"_self pt-cv-readmore btn btn-success\" target=\"_self\">Weiterlesen<\/a><\/div><\/div><\/div><\/div>\n<div class=\"col-md-4 col-sm-4 col-xs-6 pt-cv-content-item pt-cv-1-col\" ><div class='pt-cv-ifield'><a href=\"https:\/\/divespot.es\/de\/article-3\/\" class=\"_self pt-cv-href-thumbnail pt-cv-thumb-default\" target=\"_self\" ><img width=\"300\" height=\"300\" src=\"https:\/\/divespot.es\/wp-content\/uploads\/2022\/12\/2-300x300.jpg\" class=\"pt-cv-thumbnail\" alt=\"\" decoding=\"async\" loading=\"lazy\" srcset=\"https:\/\/divespot.es\/wp-content\/uploads\/2022\/12\/2-300x300.jpg 300w, https:\/\/divespot.es\/wp-content\/uploads\/2022\/12\/2-150x150.jpg 150w, https:\/\/divespot.es\/wp-content\/uploads\/2022\/12\/2-100x100.jpg 100w, https:\/\/divespot.es\/wp-content\/uploads\/2022\/12\/2.jpg 375w\" sizes=\"(max-width: 300px) 100vw, 300px\" \/><\/a>\n<h4 class=\"pt-cv-title\"><a href=\"https:\/\/divespot.es\/de\/article-3\/\" class=\"_self\" target=\"_self\" >Die Rochen von Teneriffa<\/a><\/h4>\n<div class=\"pt-cv-content\">Welche Arten von Rochen gibt es auf der Insel? Auf Teneriffa gibt es 6 verschiedene Arten von Rochen: Die ...<br \/><div class=\"pt-cv-rmwrap\"><a href=\"https:\/\/divespot.es\/de\/article-3\/\" class=\"_self pt-cv-readmore btn btn-success\" target=\"_self\">Weiterlesen<\/a><\/div><\/div><\/div><\/div>\n<div class=\"col-md-4 col-sm-4 col-xs-6 pt-cv-content-item pt-cv-1-col\" ><div class='pt-cv-ifield'><a href=\"https:\/\/divespot.es\/de\/ray-bay\/\" class=\"_self pt-cv-href-thumbnail pt-cv-thumb-default\" target=\"_self\" ><img width=\"300\" height=\"300\" src=\"https:\/\/divespot.es\/wp-content\/uploads\/2022\/12\/1-300x300.jpg\" class=\"pt-cv-thumbnail\" alt=\"\" decoding=\"async\" loading=\"lazy\" srcset=\"https:\/\/divespot.es\/wp-content\/uploads\/2022\/12\/1-300x300.jpg 300w, https:\/\/divespot.es\/wp-content\/uploads\/2022\/12\/1-150x150.jpg 150w, https:\/\/divespot.es\/wp-content\/uploads\/2022\/12\/1-100x100.jpg 100w, https:\/\/divespot.es\/wp-content\/uploads\/2022\/12\/1.jpg 375w\" sizes=\"(max-width: 300px) 100vw, 300px\" \/><\/a>\n<h4 class=\"pt-cv-title\"><a href=\"https:\/\/divespot.es\/de\/ray-bay\/\" class=\"_self\" target=\"_self\" >Die Rochenbucht von Los Cristianos<\/a><\/h4>\n<div class=\"pt-cv-content\">Der Strand von Los Tarajales, auch bekannt als Ray Bay, ist ein kleiner felsiger Strand in der Stadt Los Cristianos, ...<br \/><div class=\"pt-cv-rmwrap\"><a href=\"https:\/\/divespot.es\/de\/ray-bay\/\" class=\"_self pt-cv-readmore btn btn-success\" target=\"_self\">Weiterlesen<\/a><\/div><\/div><\/div><\/div>\n<div class=\"col-md-4 col-sm-4 col-xs-6 pt-cv-content-item pt-cv-1-col\" ><div class='pt-cv-ifield'><a href=\"https:\/\/divespot.es\/de\/unforgettable-diving\/\" class=\"_self pt-cv-href-thumbnail pt-cv-thumb-default\" target=\"_self\" ><img width=\"300\" height=\"300\" src=\"https:\/\/divespot.es\/wp-content\/uploads\/2022\/12\/5-300x300.jpg\" class=\"pt-cv-thumbnail\" alt=\"\" decoding=\"async\" loading=\"lazy\" srcset=\"https:\/\/divespot.es\/wp-content\/uploads\/2022\/12\/5-300x300.jpg 300w, https:\/\/divespot.es\/wp-content\/uploads\/2022\/12\/5-150x150.jpg 150w, https:\/\/divespot.es\/wp-content\/uploads\/2022\/12\/5-100x100.jpg 100w, https:\/\/divespot.es\/wp-content\/uploads\/2022\/12\/5.jpg 375w\" sizes=\"(max-width: 300px) 100vw, 300px\" \/><\/a>\n<h4 class=\"pt-cv-title\"><a href=\"https:\/\/divespot.es\/de\/unforgettable-diving\/\" class=\"_self\" target=\"_self\" >Unvergessliches Tauchen auf Teneriffa<\/a><\/h4>\n<div class=\"pt-cv-content\">John Doe Diving Atlantis Intern Diese Insel bietet zahlreiche Tauchpl\u00e4tze, an denen Sie ein unvergessliches Erlebnis genie\u00dfen k\u00f6nnen. Wenn ...<br \/><div class=\"pt-cv-rmwrap\"><a href=\"https:\/\/divespot.es\/de\/unforgettable-diving\/\" class=\"_self pt-cv-readmore btn btn-success\" target=\"_self\">Weiterlesen<\/a><\/div><\/div><\/div><\/div><\/div><\/div><\/div>\n<div class=\"pt-cv-wrapper\"><div class=\"pt-cv-view pt-cv-collapsible\" id=\"pt-cv-view-51418ffs5z\"><div data-id=\"pt-cv-page-1\" class=\"pt-cv-page\" data-cvc=\"1\"><div class=\"panel-group\" id=\"7014f33r2b\"><div class=\"panel panel-default pt-cv-content-item pt-cv-1-col\" >\r\n<div class=\"panel-heading pt-cv-title\">\r\n    <a class=\"panel-title\" data-toggle=\"cvcollapse\" data-parent=\"#7014f33r2b\" data-target=\"#ce72520amo\" href='https:\/\/divespot.es\/de\/10-reasons-to-do-a-divemaster-internship-with-us\/' onclick='event.preventDefault()'>\r\n\t\t10 Gr\u00fcnde f\u00fcr ein Divemaster-Praktikum\t<\/a>\r\n\t<\/div>\r\n<div id=\"ce72520amo\" class=\"panel-collapse collapse\">\r\n\t<div class=\"panel-body\">\r\n\t\t<a href=\"https:\/\/divespot.es\/de\/10-reasons-to-do-a-divemaster-internship-with-us\/\" class=\"_self pt-cv-href-thumbnail pt-cv-thumb-default\" target=\"_self\" ><img width=\"300\" height=\"300\" src=\"https:\/\/divespot.es\/wp-content\/uploads\/2022\/12\/3-300x300.jpg\" class=\"pt-cv-thumbnail\" alt=\"\" decoding=\"async\" loading=\"lazy\" srcset=\"https:\/\/divespot.es\/wp-content\/uploads\/2022\/12\/3-300x300.jpg 300w, https:\/\/divespot.es\/wp-content\/uploads\/2022\/12\/3-150x150.jpg 150w, https:\/\/divespot.es\/wp-content\/uploads\/2022\/12\/3-100x100.jpg 100w, https:\/\/divespot.es\/wp-content\/uploads\/2022\/12\/3.jpg 375w\" sizes=\"(max-width: 300px) 100vw, 300px\" \/><\/a>\n<div class=\"pt-cv-content\">Machen Sie Ihr B\u00fcro zu einem sonnigen Strand! Wir sind Divespot, Teil der Atlantis Gruppe, mit Sitz in Los Cristianos, im S\u00fcden von ...<br \/><div class=\"pt-cv-rmwrap\"><a href=\"https:\/\/divespot.es\/de\/10-reasons-to-do-a-divemaster-internship-with-us\/\" class=\"_self pt-cv-readmore btn btn-success\" target=\"_self\">Weiterlesen<\/a><\/div><\/div>\t<\/div>\r\n<\/div><\/div>\n<div class=\"panel panel-default pt-cv-content-item pt-cv-1-col\" >\r\n<div class=\"panel-heading pt-cv-title\">\r\n    <a class=\"panel-title\" data-toggle=\"cvcollapse\" data-parent=\"#7014f33r2b\" data-target=\"#e084146c0r\" href='https:\/\/divespot.es\/de\/article-4\/' onclick='event.preventDefault()'>\r\n\t\tDivemaster werden mit Diving Atlantis\t<\/a>\r\n\t<\/div>\r\n<div id=\"e084146c0r\" class=\"panel-collapse collapse\">\r\n\t<div class=\"panel-body\">\r\n\t\t<a href=\"https:\/\/divespot.es\/de\/article-4\/\" class=\"_self pt-cv-href-thumbnail pt-cv-thumb-default\" target=\"_self\" ><img width=\"300\" height=\"300\" src=\"https:\/\/divespot.es\/wp-content\/uploads\/2022\/12\/4-300x300.jpg\" class=\"pt-cv-thumbnail\" alt=\"\" decoding=\"async\" loading=\"lazy\" srcset=\"https:\/\/divespot.es\/wp-content\/uploads\/2022\/12\/4-300x300.jpg 300w, https:\/\/divespot.es\/wp-content\/uploads\/2022\/12\/4-150x150.jpg 150w, https:\/\/divespot.es\/wp-content\/uploads\/2022\/12\/4-100x100.jpg 100w, https:\/\/divespot.es\/wp-content\/uploads\/2022\/12\/4.jpg 375w\" sizes=\"(max-width: 300px) 100vw, 300px\" \/><\/a>\n<div class=\"pt-cv-content\">Als Teil der Atlantis-Gruppe arbeitet Divespot eng mit Diving Atlantis zusammen, einer Tauchbasis in Los Cristianos, Teneriffa. Wir ...<br \/><div class=\"pt-cv-rmwrap\"><a href=\"https:\/\/divespot.es\/de\/article-4\/\" class=\"_self pt-cv-readmore btn btn-success\" target=\"_self\">Weiterlesen<\/a><\/div><\/div>\t<\/div>\r\n<\/div><\/div>\n<div class=\"panel panel-default pt-cv-content-item pt-cv-1-col\" >\r\n<div class=\"panel-heading pt-cv-title\">\r\n    <a class=\"panel-title\" data-toggle=\"cvcollapse\" data-parent=\"#7014f33r2b\" data-target=\"#f644574zux\" href='https:\/\/divespot.es\/de\/article-3\/' onclick='event.preventDefault()'>\r\n\t\tDie Rochen von Teneriffa\t<\/a>\r\n\t<\/div>\r\n<div id=\"f644574zux\" class=\"panel-collapse collapse\">\r\n\t<div class=\"panel-body\">\r\n\t\t<a href=\"https:\/\/divespot.es\/de\/article-3\/\" class=\"_self pt-cv-href-thumbnail pt-cv-thumb-default\" target=\"_self\" ><img width=\"300\" height=\"300\" src=\"https:\/\/divespot.es\/wp-content\/uploads\/2022\/12\/2-300x300.jpg\" class=\"pt-cv-thumbnail\" alt=\"\" decoding=\"async\" loading=\"lazy\" srcset=\"https:\/\/divespot.es\/wp-content\/uploads\/2022\/12\/2-300x300.jpg 300w, https:\/\/divespot.es\/wp-content\/uploads\/2022\/12\/2-150x150.jpg 150w, https:\/\/divespot.es\/wp-content\/uploads\/2022\/12\/2-100x100.jpg 100w, https:\/\/divespot.es\/wp-content\/uploads\/2022\/12\/2.jpg 375w\" sizes=\"(max-width: 300px) 100vw, 300px\" \/><\/a>\n<div class=\"pt-cv-content\">Welche Arten von Rochen gibt es auf der Insel? Auf Teneriffa gibt es 6 verschiedene Arten von Rochen: Die ...<br \/><div class=\"pt-cv-rmwrap\"><a href=\"https:\/\/divespot.es\/de\/article-3\/\" class=\"_self pt-cv-readmore btn btn-success\" target=\"_self\">Weiterlesen<\/a><\/div><\/div>\t<\/div>\r\n<\/div><\/div>\n<div class=\"panel panel-default pt-cv-content-item pt-cv-1-col\" >\r\n<div class=\"panel-heading pt-cv-title\">\r\n    <a class=\"panel-title\" data-toggle=\"cvcollapse\" data-parent=\"#7014f33r2b\" data-target=\"#8e248623am\" href='https:\/\/divespot.es\/de\/ray-bay\/' onclick='event.preventDefault()'>\r\n\t\tDie Rochenbucht von Los Cristianos\t<\/a>\r\n\t<\/div>\r\n<div id=\"8e248623am\" class=\"panel-collapse collapse\">\r\n\t<div class=\"panel-body\">\r\n\t\t<a href=\"https:\/\/divespot.es\/de\/ray-bay\/\" class=\"_self pt-cv-href-thumbnail pt-cv-thumb-default\" target=\"_self\" ><img width=\"300\" height=\"300\" src=\"https:\/\/divespot.es\/wp-content\/uploads\/2022\/12\/1-300x300.jpg\" class=\"pt-cv-thumbnail\" alt=\"\" decoding=\"async\" loading=\"lazy\" srcset=\"https:\/\/divespot.es\/wp-content\/uploads\/2022\/12\/1-300x300.jpg 300w, https:\/\/divespot.es\/wp-content\/uploads\/2022\/12\/1-150x150.jpg 150w, https:\/\/divespot.es\/wp-content\/uploads\/2022\/12\/1-100x100.jpg 100w, https:\/\/divespot.es\/wp-content\/uploads\/2022\/12\/1.jpg 375w\" sizes=\"(max-width: 300px) 100vw, 300px\" \/><\/a>\n<div class=\"pt-cv-content\">Der Strand von Los Tarajales, auch bekannt als Ray Bay, ist ein kleiner felsiger Strand in der Stadt Los Cristianos, ...<br \/><div class=\"pt-cv-rmwrap\"><a href=\"https:\/\/divespot.es\/de\/ray-bay\/\" class=\"_self pt-cv-readmore btn btn-success\" target=\"_self\">Weiterlesen<\/a><\/div><\/div>\t<\/div>\r\n<\/div><\/div>\n<div class=\"panel panel-default pt-cv-content-item pt-cv-1-col\" >\r\n<div class=\"panel-heading pt-cv-title\">\r\n    <a class=\"panel-title\" data-toggle=\"cvcollapse\" data-parent=\"#7014f33r2b\" data-target=\"#b8c2b23ya3\" href='https:\/\/divespot.es\/de\/unforgettable-diving\/' onclick='event.preventDefault()'>\r\n\t\tUnvergessliches Tauchen auf Teneriffa\t<\/a>\r\n\t<\/div>\r\n<div id=\"b8c2b23ya3\" class=\"panel-collapse collapse\">\r\n\t<div class=\"panel-body\">\r\n\t\t<a href=\"https:\/\/divespot.es\/de\/unforgettable-diving\/\" class=\"_self pt-cv-href-thumbnail pt-cv-thumb-default\" target=\"_self\" ><img width=\"300\" height=\"300\" src=\"https:\/\/divespot.es\/wp-content\/uploads\/2022\/12\/5-300x300.jpg\" class=\"pt-cv-thumbnail\" alt=\"\" decoding=\"async\" loading=\"lazy\" srcset=\"https:\/\/divespot.es\/wp-content\/uploads\/2022\/12\/5-300x300.jpg 300w, https:\/\/divespot.es\/wp-content\/uploads\/2022\/12\/5-150x150.jpg 150w, https:\/\/divespot.es\/wp-content\/uploads\/2022\/12\/5-100x100.jpg 100w, https:\/\/divespot.es\/wp-content\/uploads\/2022\/12\/5.jpg 375w\" sizes=\"(max-width: 300px) 100vw, 300px\" \/><\/a>\n<div class=\"pt-cv-content\">John Doe Diving Atlantis Intern Diese Insel bietet zahlreiche Tauchpl\u00e4tze, an denen Sie ein unvergessliches Erlebnis genie\u00dfen k\u00f6nnen. Wenn ...<br \/><div class=\"pt-cv-rmwrap\"><a href=\"https:\/\/divespot.es\/de\/unforgettable-diving\/\" class=\"_self pt-cv-readmore btn btn-success\" target=\"_self\">Weiterlesen<\/a><\/div><\/div>\t<\/div>\r\n<\/div><\/div><\/div><\/div><\/div><\/div>","protected":false},"excerpt":{"rendered":"","protected":false},"author":1,"featured_media":0,"parent":0,"menu_order":0,"comment_status":"closed","ping_status":"closed","template":"","meta":{"footnotes":""},"blocksy_meta":{"styles_descriptor":{"styles":{"desktop":"","tablet":"","mobile":""},"google_fonts":[],"version":4}},"aioseo_notices":[],"_links":{"self":[{"href":"https:\/\/divespot.es\/de\/wp-json\/wp\/v2\/pages\/1953"}],"collection":[{"href":"https:\/\/divespot.es\/de\/wp-json\/wp\/v2\/pages"}],"about":[{"href":"https:\/\/divespot.es\/de\/wp-json\/wp\/v2\/types\/page"}],"author":[{"embeddable":true,"href":"https:\/\/divespot.es\/de\/wp-json\/wp\/v2\/users\/1"}],"replies":[{"embeddable":true,"href":"https:\/\/divespot.es\/de\/wp-json\/wp\/v2\/comments?post=1953"}],"version-history":[{"count":0,"href":"https:\/\/divespot.es\/de\/wp-json\/wp\/v2\/pages\/1953\/revisions"}],"wp:attachment":[{"href":"https:\/\/divespot.es\/de\/wp-json\/wp\/v2\/media?parent=1953"}],"curies":[{"name":"wp","href":"https:\/\/api.w.org\/{rel}","templated":true}]}}